{"id":123295,"date":"2025-02-15T16:58:36","date_gmt":"2025-02-15T16:58:36","guid":{"rendered":"https:\/\/kinamihealth.com\/product\/teosyal-rha2\/"},"modified":"2026-04-02T13:54:32","modified_gmt":"2026-04-02T13:54:32","slug":"teosyal-rha2","status":"publish","type":"product","link":"https:\/\/kinamihealth.com\/pt-pt\/produto\/teosyal-rha2\/","title":{"rendered":"TEOSYAL\u00ae RHA2"},"content":{"rendered":"<p><span style=\"font-weight: 400;\">O TEOSYAL RHA2 faz parte da <\/span><b>gama Resilient Hyaluronic Acid (RHA), <\/b><span style=\"font-weight: 400;\">concebida para preservar as caracter\u00edsticas naturais das mol\u00e9culas de \u00e1cido hialur\u00f3nico (HA), oferecendo um realce muito natural com movimentos naturais nas express\u00f5es faciais. <\/span><b>Melhora a textura da pele, suaviza as rugas finas e melhora a hidrata\u00e7\u00e3o<\/b><span style=\"font-weight: 400;\">, tornando-o uma excelente escolha para \u00e1reas delicadas.<\/span><\/p>\n","protected":false},"excerpt":{"rendered":"<p>O TEOSYAL RHA2 faz parte da gama Resilient Hyaluronic Acid (RHA), concebida para preservar as caracter\u00edsticas naturais das mol\u00e9culas de \u00e1cido hialur\u00f3nico (HA), oferecendo um realce muito natural com movimentos naturais nas express\u00f5es faciais. Melhora a textura da pele, suaviza as rugas finas e melhora a hidrata\u00e7\u00e3o, tornando-o uma excelente escolha para \u00e1reas delicadas.<\/p>\n","protected":false},"featured_media":123296,"comment_status":"closed","ping_status":"closed","template":"","meta":{"_acf_changed":false,"inline_featured_image":false},"product_brand":[4075],"product_cat":[4082,4083],"product_tag":[4084],"class_list":{"0":"post-123295","1":"product","2":"type-product","3":"status-publish","4":"has-post-thumbnail","6":"product_brand-teosyal","7":"product_cat-dermal-fillers-pt-pt","8":"product_cat-ha-dermal-fillers-pt-pt","9":"product_tag-medical-devices-pt-pt","11":"first","12":"instock","13":"taxable","14":"shipping-taxable","15":"purchasable","16":"product-type-simple","17":"add-to-wishlist-before_image"},"acf":[],"yoast_head":"<!-- This site is optimized with the Yoast SEO plugin v27.1.1 - https:\/\/yoast.com\/product\/yoast-seo-wordpress\/ -->\n<title>Compre Teosyal RH2 online - Preenchimento de \u00e1cido hialur\u00f3nico para Rugas Din\u00e2micas.<\/title>\n<meta name=\"description\" content=\"Compre Teosyal RHA2 online para suavizar rugas moderadas e melhorar o volume facial. Concebido para \u00e1reas de express\u00e3o, garantindo movimento e elasticidade naturais.\" \/>\n<meta name=\"robots\" content=\"index, follow, max-snippet:-1, max-image-preview:large, max-video-preview:-1\" \/>\n<link rel=\"canonical\" href=\"https:\/\/kinamihealth.com\/pt-pt\/wp-json\/wp\/v2\/product\/123295\" \/>\n<meta property=\"og:locale\" content=\"pt_PT\" \/>\n<meta property=\"og:type\" content=\"article\" \/>\n<meta property=\"og:title\" content=\"Compre Teosyal RH2 online - Preenchimento de \u00e1cido hialur\u00f3nico para Rugas Din\u00e2micas.\" \/>\n<meta property=\"og:description\" content=\"Compre Teosyal RHA2 online para suavizar rugas moderadas e melhorar o volume facial. Concebido para \u00e1reas de express\u00e3o, garantindo movimento e elasticidade naturais.\" \/>\n<meta property=\"og:url\" content=\"https:\/\/kinamihealth.com\/pt-pt\/produto\/teosyal-rha2\/\" \/>\n<meta property=\"og:site_name\" content=\"Kinami Health\" \/>\n<meta property=\"article:modified_time\" content=\"2026-04-02T13:54:32+00:00\" \/>\n<meta property=\"og:image\" content=\"https:\/\/kinamihealth.com\/wp-content\/uploads\/2025\/02\/TEOXANE-TEOSYAL-RHA2-01.jpg\" \/>\n\t<meta property=\"og:image:width\" content=\"800\" \/>\n\t<meta property=\"og:image:height\" content=\"800\" \/>\n\t<meta property=\"og:image:type\" content=\"image\/jpeg\" \/>\n<meta name=\"twitter:card\" content=\"summary_large_image\" \/>\n<meta name=\"twitter:label1\" content=\"Tempo estimado de leitura\" \/>\n\t<meta name=\"twitter:data1\" content=\"1 minuto\" \/>\n<!-- \/ Yoast SEO plugin. -->","yoast_head_json":{"title":"Compre Teosyal RH2 online - Preenchimento de \u00e1cido hialur\u00f3nico para Rugas Din\u00e2micas.","description":"Compre Teosyal RHA2 online para suavizar rugas moderadas e melhorar o volume facial. Concebido para \u00e1reas de express\u00e3o, garantindo movimento e elasticidade naturais.","robots":{"index":"index","follow":"follow","max-snippet":"max-snippet:-1","max-image-preview":"max-image-preview:large","max-video-preview":"max-video-preview:-1"},"canonical":"https:\/\/kinamihealth.com\/pt-pt\/wp-json\/wp\/v2\/product\/123295","og_locale":"pt_PT","og_type":"article","og_title":"Compre Teosyal RH2 online - Preenchimento de \u00e1cido hialur\u00f3nico para Rugas Din\u00e2micas.","og_description":"Compre Teosyal RHA2 online para suavizar rugas moderadas e melhorar o volume facial. Concebido para \u00e1reas de express\u00e3o, garantindo movimento e elasticidade naturais.","og_url":"https:\/\/kinamihealth.com\/pt-pt\/produto\/teosyal-rha2\/","og_site_name":"Kinami Health","article_modified_time":"2026-04-02T13:54:32+00:00","og_image":[{"width":800,"height":800,"url":"https:\/\/kinamihealth.com\/wp-content\/uploads\/2025\/02\/TEOXANE-TEOSYAL-RHA2-01.jpg","type":"image\/jpeg"}],"twitter_card":"summary_large_image","twitter_misc":{"Tempo estimado de leitura":"1 minuto"},"schema":{"@context":"https:\/\/schema.org","@graph":[{"@type":"WebPage","@id":"https:\/\/kinamihealth.com\/pt-pt\/produto\/teosyal-rha2\/","url":"https:\/\/kinamihealth.com\/pt-pt\/produto\/teosyal-rha2\/","name":"Compre Teosyal RH2 online - Preenchimento de \u00e1cido hialur\u00f3nico para Rugas Din\u00e2micas.","isPartOf":{"@id":"https:\/\/kinamihealth.com\/#website"},"primaryImageOfPage":{"@id":"https:\/\/kinamihealth.com\/pt-pt\/produto\/teosyal-rha2\/#primaryimage"},"image":{"@id":"https:\/\/kinamihealth.com\/pt-pt\/produto\/teosyal-rha2\/#primaryimage"},"thumbnailUrl":"https:\/\/kinamihealth.com\/wp-content\/uploads\/2025\/02\/TEOXANE-TEOSYAL-RHA2-01.jpg","datePublished":"2025-02-15T16:58:36+00:00","dateModified":"2026-04-02T13:54:32+00:00","description":"Compre Teosyal RHA2 online para suavizar rugas moderadas e melhorar o volume facial. Concebido para \u00e1reas de express\u00e3o, garantindo movimento e elasticidade naturais.","breadcrumb":{"@id":"https:\/\/kinamihealth.com\/pt-pt\/produto\/teosyal-rha2\/#breadcrumb"},"inLanguage":"pt-PT","potentialAction":[{"@type":"ReadAction","target":["https:\/\/kinamihealth.com\/pt-pt\/produto\/teosyal-rha2\/"]}]},{"@type":"ImageObject","inLanguage":"pt-PT","@id":"https:\/\/kinamihealth.com\/pt-pt\/produto\/teosyal-rha2\/#primaryimage","url":"https:\/\/kinamihealth.com\/wp-content\/uploads\/2025\/02\/TEOXANE-TEOSYAL-RHA2-01.jpg","contentUrl":"https:\/\/kinamihealth.com\/wp-content\/uploads\/2025\/02\/TEOXANE-TEOSYAL-RHA2-01.jpg","width":800,"height":800},{"@type":"BreadcrumbList","@id":"https:\/\/kinamihealth.com\/pt-pt\/produto\/teosyal-rha2\/#breadcrumb","itemListElement":[{"@type":"ListItem","position":1,"name":"In\u00edcio","item":"https:\/\/kinamihealth.com\/"},{"@type":"ListItem","position":2,"name":"Loja","item":"https:\/\/kinamihealth.com\/shop\/"},{"@type":"ListItem","position":3,"name":"TEOSYAL\u00ae RHA2"}]},{"@type":"WebSite","@id":"https:\/\/kinamihealth.com\/#website","url":"https:\/\/kinamihealth.com\/","name":"Kinami Health","description":"","publisher":{"@id":"https:\/\/kinamihealth.com\/#organization"},"potentialAction":[{"@type":"SearchAction","target":{"@type":"EntryPoint","urlTemplate":"https:\/\/kinamihealth.com\/?s={search_term_string}"},"query-input":{"@type":"PropertyValueSpecification","valueRequired":true,"valueName":"search_term_string"}}],"inLanguage":"pt-PT"},{"@type":"Organization","@id":"https:\/\/kinamihealth.com\/#organization","name":"Kinami Health","url":"https:\/\/kinamihealth.com\/","logo":{"@type":"ImageObject","inLanguage":"pt-PT","@id":"https:\/\/kinamihealth.com\/#\/schema\/logo\/image\/","url":"https:\/\/kinamihealth.com\/wp-content\/uploads\/2025\/01\/KH_logo_black_2-1.png","contentUrl":"https:\/\/kinamihealth.com\/wp-content\/uploads\/2025\/01\/KH_logo_black_2-1.png","width":339,"height":34,"caption":"Kinami Health"},"image":{"@id":"https:\/\/kinamihealth.com\/#\/schema\/logo\/image\/"}}]}},"_links":{"self":[{"href":"https:\/\/kinamihealth.com\/pt-pt\/wp-json\/wp\/v2\/product\/123295","targetHints":{"allow":["GET"]}}],"collection":[{"href":"https:\/\/kinamihealth.com\/pt-pt\/wp-json\/wp\/v2\/product"}],"about":[{"href":"https:\/\/kinamihealth.com\/pt-pt\/wp-json\/wp\/v2\/types\/product"}],"replies":[{"embeddable":true,"href":"https:\/\/kinamihealth.com\/pt-pt\/wp-json\/wp\/v2\/comments?post=123295"}],"version-history":[{"count":1,"href":"https:\/\/kinamihealth.com\/pt-pt\/wp-json\/wp\/v2\/product\/123295\/revisions"}],"predecessor-version":[{"id":134276,"href":"https:\/\/kinamihealth.com\/pt-pt\/wp-json\/wp\/v2\/product\/123295\/revisions\/134276"}],"wp:featuredmedia":[{"embeddable":true,"href":"https:\/\/kinamihealth.com\/pt-pt\/wp-json\/wp\/v2\/media\/123296"}],"wp:attachment":[{"href":"https:\/\/kinamihealth.com\/pt-pt\/wp-json\/wp\/v2\/media?parent=123295"}],"wp:term":[{"taxonomy":"product_brand","embeddable":true,"href":"https:\/\/kinamihealth.com\/pt-pt\/wp-json\/wp\/v2\/product_brand?post=123295"},{"taxonomy":"product_cat","embeddable":true,"href":"https:\/\/kinamihealth.com\/pt-pt\/wp-json\/wp\/v2\/product_cat?post=123295"},{"taxonomy":"product_tag","embeddable":true,"href":"https:\/\/kinamihealth.com\/pt-pt\/wp-json\/wp\/v2\/product_tag?post=123295"}],"curies":[{"name":"wp","href":"https:\/\/api.w.org\/{rel}","templated":true}]}}