{"id":123289,"date":"2025-02-15T16:58:34","date_gmt":"2025-02-15T16:58:34","guid":{"rendered":"https:\/\/kinamihealth.com\/product\/teosyal-puresense-ultra-deep-2x1-2ml\/"},"modified":"2025-11-26T15:50:11","modified_gmt":"2025-11-26T15:50:11","slug":"teosyal-puresense-ultra-deep-2x1-2ml","status":"publish","type":"product","link":"https:\/\/kinamihealth.com\/pt-pt\/produto\/teosyal-puresense-ultra-deep-2x1-2ml\/","title":{"rendered":"TEOSYAL\u00ae PURESENSE ULTRA DEEP (2&#215;1.2ml)"},"content":{"rendered":"<p><span style=\"font-weight: 400;\">Teosyal Puresense Ultra Deep (2 x 1,2 ml) \u00e9 um <\/span><b><i>preenchimento d\u00e9rmico premium<\/i><\/b><span style=\"font-weight: 400;\">, concebido para tratar a perda significativa de volume facial e rugas profundas. <\/span><span style=\"font-weight: 400;\">Formulado com <\/span><b>\u00e1cido hialur\u00f3nico reticulado<\/b><span style=\"font-weight: 400;\">, oferece uma solu\u00e7\u00e3o n\u00e3o cir\u00fargica para melhorar os contornos faciais e restaurar o volume jovem. O produto <\/span><b>inclui lidoca\u00edna <\/b><span style=\"font-weight: 400;\">para garantir uma experi\u00eancia de tratamento confort\u00e1vel e um procedimento indolor.<\/span><\/p>\n","protected":false},"excerpt":{"rendered":"<p>Teosyal Puresense Ultra Deep (2 x 1,2 ml) \u00e9 um preenchimento d\u00e9rmico premium, concebido para tratar a perda significativa de volume facial e rugas profundas. Formulado com \u00e1cido hialur\u00f3nico reticulado, oferece uma solu\u00e7\u00e3o n\u00e3o cir\u00fargica para melhorar os contornos faciais e restaurar o volume jovem. O produto inclui lidoca\u00edna para garantir uma experi\u00eancia de tratamento [&hellip;]<\/p>\n","protected":false},"featured_media":123290,"comment_status":"closed","ping_status":"closed","template":"","meta":{"_acf_changed":false,"inline_featured_image":false},"product_brand":[4075],"product_cat":[4082,4083],"product_tag":[4084],"class_list":{"0":"post-123289","1":"product","2":"type-product","3":"status-publish","4":"has-post-thumbnail","6":"product_brand-teosyal","7":"product_cat-dermal-fillers-pt-pt","8":"product_cat-ha-dermal-fillers-pt-pt","9":"product_tag-medical-devices-pt-pt","11":"first","12":"instock","13":"taxable","14":"shipping-taxable","15":"purchasable","16":"product-type-simple","17":"add-to-wishlist-before_image"},"acf":[],"yoast_head":"<!-- This site is optimized with the Yoast SEO plugin v27.3 - https:\/\/yoast.com\/product\/yoast-seo-wordpress\/ -->\n<title>Comprar Teosyal Puresense Ultra Deep (2 x 1,2 ml) online<\/title>\n<meta name=\"description\" content=\"Compre Teosyal Puresense Ultra Deep (2 x 1,2 ml) online, um preenchimento d\u00e9rmico de primeira linha para melhorar o volume facial e rugas profundas.\" \/>\n<meta name=\"robots\" content=\"index, follow, max-snippet:-1, max-image-preview:large, max-video-preview:-1\" \/>\n<link rel=\"canonical\" href=\"https:\/\/kinamihealth.com\/pt-pt\/wp-json\/wp\/v2\/product\/123289\" \/>\n<meta property=\"og:locale\" content=\"pt_PT\" \/>\n<meta property=\"og:type\" content=\"article\" \/>\n<meta property=\"og:title\" content=\"Comprar Teosyal Puresense Ultra Deep (2 x 1,2 ml) online\" \/>\n<meta property=\"og:description\" content=\"Compre Teosyal Puresense Ultra Deep (2 x 1,2 ml) online, um preenchimento d\u00e9rmico de primeira linha para melhorar o volume facial e rugas profundas.\" \/>\n<meta property=\"og:url\" content=\"https:\/\/kinamihealth.com\/pt-pt\/produto\/teosyal-puresense-ultra-deep-2x1-2ml\/\" \/>\n<meta property=\"og:site_name\" content=\"Kinami Health\" \/>\n<meta property=\"article:modified_time\" content=\"2025-11-26T15:50:11+00:00\" \/>\n<meta property=\"og:image\" content=\"https:\/\/kinamihealth.com\/wp-content\/uploads\/2025\/02\/TEOXANE-TEOSYAL-ULTRADEEP-PURESENSE-2X1-01.jpg\" \/>\n\t<meta property=\"og:image:width\" content=\"800\" \/>\n\t<meta property=\"og:image:height\" content=\"800\" \/>\n\t<meta property=\"og:image:type\" content=\"image\/jpeg\" \/>\n<meta name=\"twitter:card\" content=\"summary_large_image\" \/>\n<meta name=\"twitter:label1\" content=\"Tempo estimado de leitura\" \/>\n\t<meta name=\"twitter:data1\" content=\"1 minuto\" \/>\n<!-- \/ Yoast SEO plugin. -->","yoast_head_json":{"title":"Comprar Teosyal Puresense Ultra Deep (2 x 1,2 ml) online","description":"Compre Teosyal Puresense Ultra Deep (2 x 1,2 ml) online, um preenchimento d\u00e9rmico de primeira linha para melhorar o volume facial e rugas profundas.","robots":{"index":"index","follow":"follow","max-snippet":"max-snippet:-1","max-image-preview":"max-image-preview:large","max-video-preview":"max-video-preview:-1"},"canonical":"https:\/\/kinamihealth.com\/pt-pt\/wp-json\/wp\/v2\/product\/123289","og_locale":"pt_PT","og_type":"article","og_title":"Comprar Teosyal Puresense Ultra Deep (2 x 1,2 ml) online","og_description":"Compre Teosyal Puresense Ultra Deep (2 x 1,2 ml) online, um preenchimento d\u00e9rmico de primeira linha para melhorar o volume facial e rugas profundas.","og_url":"https:\/\/kinamihealth.com\/pt-pt\/produto\/teosyal-puresense-ultra-deep-2x1-2ml\/","og_site_name":"Kinami Health","article_modified_time":"2025-11-26T15:50:11+00:00","og_image":[{"width":800,"height":800,"url":"https:\/\/kinamihealth.com\/wp-content\/uploads\/2025\/02\/TEOXANE-TEOSYAL-ULTRADEEP-PURESENSE-2X1-01.jpg","type":"image\/jpeg"}],"twitter_card":"summary_large_image","twitter_misc":{"Tempo estimado de leitura":"1 minuto"},"schema":{"@context":"https:\/\/schema.org","@graph":[{"@type":"WebPage","@id":"https:\/\/kinamihealth.com\/pt-pt\/produto\/teosyal-puresense-ultra-deep-2x1-2ml\/","url":"https:\/\/kinamihealth.com\/pt-pt\/produto\/teosyal-puresense-ultra-deep-2x1-2ml\/","name":"Comprar Teosyal Puresense Ultra Deep (2 x 1,2 ml) online","isPartOf":{"@id":"https:\/\/kinamihealth.com\/#website"},"primaryImageOfPage":{"@id":"https:\/\/kinamihealth.com\/pt-pt\/produto\/teosyal-puresense-ultra-deep-2x1-2ml\/#primaryimage"},"image":{"@id":"https:\/\/kinamihealth.com\/pt-pt\/produto\/teosyal-puresense-ultra-deep-2x1-2ml\/#primaryimage"},"thumbnailUrl":"https:\/\/kinamihealth.com\/wp-content\/uploads\/2025\/02\/TEOXANE-TEOSYAL-ULTRADEEP-PURESENSE-2X1-01.jpg","datePublished":"2025-02-15T16:58:34+00:00","dateModified":"2025-11-26T15:50:11+00:00","description":"Compre Teosyal Puresense Ultra Deep (2 x 1,2 ml) online, um preenchimento d\u00e9rmico de primeira linha para melhorar o volume facial e rugas profundas.","breadcrumb":{"@id":"https:\/\/kinamihealth.com\/pt-pt\/produto\/teosyal-puresense-ultra-deep-2x1-2ml\/#breadcrumb"},"inLanguage":"pt-PT","potentialAction":[{"@type":"ReadAction","target":["https:\/\/kinamihealth.com\/pt-pt\/produto\/teosyal-puresense-ultra-deep-2x1-2ml\/"]}]},{"@type":"ImageObject","inLanguage":"pt-PT","@id":"https:\/\/kinamihealth.com\/pt-pt\/produto\/teosyal-puresense-ultra-deep-2x1-2ml\/#primaryimage","url":"https:\/\/kinamihealth.com\/wp-content\/uploads\/2025\/02\/TEOXANE-TEOSYAL-ULTRADEEP-PURESENSE-2X1-01.jpg","contentUrl":"https:\/\/kinamihealth.com\/wp-content\/uploads\/2025\/02\/TEOXANE-TEOSYAL-ULTRADEEP-PURESENSE-2X1-01.jpg","width":800,"height":800},{"@type":"BreadcrumbList","@id":"https:\/\/kinamihealth.com\/pt-pt\/produto\/teosyal-puresense-ultra-deep-2x1-2ml\/#breadcrumb","itemListElement":[{"@type":"ListItem","position":1,"name":"In\u00edcio","item":"https:\/\/kinamihealth.com\/"},{"@type":"ListItem","position":2,"name":"Loja","item":"https:\/\/kinamihealth.com\/shop\/"},{"@type":"ListItem","position":3,"name":"TEOSYAL\u00ae PURESENSE ULTRA DEEP (2&#215;1.2ml)"}]},{"@type":"WebSite","@id":"https:\/\/kinamihealth.com\/#website","url":"https:\/\/kinamihealth.com\/","name":"Kinami Health","description":"","publisher":{"@id":"https:\/\/kinamihealth.com\/#organization"},"potentialAction":[{"@type":"SearchAction","target":{"@type":"EntryPoint","urlTemplate":"https:\/\/kinamihealth.com\/?s={search_term_string}"},"query-input":{"@type":"PropertyValueSpecification","valueRequired":true,"valueName":"search_term_string"}}],"inLanguage":"pt-PT"},{"@type":"Organization","@id":"https:\/\/kinamihealth.com\/#organization","name":"Kinami Health","url":"https:\/\/kinamihealth.com\/","logo":{"@type":"ImageObject","inLanguage":"pt-PT","@id":"https:\/\/kinamihealth.com\/#\/schema\/logo\/image\/","url":"https:\/\/kinamihealth.com\/wp-content\/uploads\/2025\/01\/KH_logo_black_2-1.png","contentUrl":"https:\/\/kinamihealth.com\/wp-content\/uploads\/2025\/01\/KH_logo_black_2-1.png","width":339,"height":34,"caption":"Kinami Health"},"image":{"@id":"https:\/\/kinamihealth.com\/#\/schema\/logo\/image\/"}}]}},"_links":{"self":[{"href":"https:\/\/kinamihealth.com\/pt-pt\/wp-json\/wp\/v2\/product\/123289","targetHints":{"allow":["GET"]}}],"collection":[{"href":"https:\/\/kinamihealth.com\/pt-pt\/wp-json\/wp\/v2\/product"}],"about":[{"href":"https:\/\/kinamihealth.com\/pt-pt\/wp-json\/wp\/v2\/types\/product"}],"replies":[{"embeddable":true,"href":"https:\/\/kinamihealth.com\/pt-pt\/wp-json\/wp\/v2\/comments?post=123289"}],"version-history":[{"count":0,"href":"https:\/\/kinamihealth.com\/pt-pt\/wp-json\/wp\/v2\/product\/123289\/revisions"}],"wp:featuredmedia":[{"embeddable":true,"href":"https:\/\/kinamihealth.com\/pt-pt\/wp-json\/wp\/v2\/media\/123290"}],"wp:attachment":[{"href":"https:\/\/kinamihealth.com\/pt-pt\/wp-json\/wp\/v2\/media?parent=123289"}],"wp:term":[{"taxonomy":"product_brand","embeddable":true,"href":"https:\/\/kinamihealth.com\/pt-pt\/wp-json\/wp\/v2\/product_brand?post=123289"},{"taxonomy":"product_cat","embeddable":true,"href":"https:\/\/kinamihealth.com\/pt-pt\/wp-json\/wp\/v2\/product_cat?post=123289"},{"taxonomy":"product_tag","embeddable":true,"href":"https:\/\/kinamihealth.com\/pt-pt\/wp-json\/wp\/v2\/product_tag?post=123289"}],"curies":[{"name":"wp","href":"https:\/\/api.w.org\/{rel}","templated":true}]}}