{"id":123259,"date":"2025-02-15T16:58:43","date_gmt":"2025-02-15T16:58:43","guid":{"rendered":"https:\/\/kinamihealth.com\/product\/viscoderm-skinko-e-viscoderm-skinko-kit\/"},"modified":"2025-12-26T13:29:14","modified_gmt":"2025-12-26T13:29:14","slug":"viscoderm-skinko-e-viscoderm-skinko-kit","status":"publish","type":"product","link":"https:\/\/kinamihealth.com\/pt-pt\/produto\/viscoderm-skinko-e-viscoderm-skinko-kit\/","title":{"rendered":"VISCODERM\u00ae SKINK\u00d2 E + VISCODERM\u00ae SKINK\u00d2 KIT"},"content":{"rendered":"<p><span style=\"font-weight: 400;\">VISCODERM\u00ae SKINK\u00d2 E + VISCODERM\u00ae SKINK\u00d2 KIT \u00e9 um <\/span><b>tratamento profissional de mesoterapia<\/b><span style=\"font-weight: 400;\"> que fornece nutrientes essenciais e hidrata\u00e7\u00e3o \u00e0 pele. A combina\u00e7\u00e3o de VISCODERM\u00ae SKINK\u00d2 E (injet\u00e1vel) e VISCODERM\u00ae SKINK\u00d2 KIT (tratamento t\u00f3pico) atua em conjunto para rejuvenescer a pele, reduzir imperfei\u00e7\u00f5es e restaurar o brilho.<\/span><\/p>\n","protected":false},"excerpt":{"rendered":"<p>VISCODERM\u00ae SKINK\u00d2 E + VISCODERM\u00ae SKINK\u00d2 KIT \u00e9 um tratamento profissional de mesoterapia que fornece nutrientes essenciais e hidrata\u00e7\u00e3o \u00e0 pele. A combina\u00e7\u00e3o de VISCODERM\u00ae SKINK\u00d2 E (injet\u00e1vel) e VISCODERM\u00ae SKINK\u00d2 KIT (tratamento t\u00f3pico) atua em conjunto para rejuvenescer a pele, reduzir imperfei\u00e7\u00f5es e restaurar o brilho.<\/p>\n","protected":false},"featured_media":123265,"comment_status":"closed","ping_status":"closed","template":"","meta":{"_acf_changed":false,"inline_featured_image":false},"product_brand":[4076],"product_cat":[4100],"product_tag":[4084],"class_list":{"0":"post-123259","1":"product","2":"type-product","3":"status-publish","4":"has-post-thumbnail","6":"product_brand-viscoderm","7":"product_cat-mesotherapy-pt-pt","8":"product_tag-medical-devices-pt-pt","10":"first","11":"instock","12":"taxable","13":"shipping-taxable","14":"purchasable","15":"product-type-simple","16":"add-to-wishlist-before_image"},"acf":[],"yoast_head":"<!-- This site is optimized with the Yoast SEO plugin v27.1.1 - https:\/\/yoast.com\/product\/yoast-seo-wordpress\/ -->\n<title>Compre VISCODERM SKINK\u00d2 E + VISCODERM SKINK\u00d2 KIT para revitaliza\u00e7\u00e3o da pele<\/title>\n<meta name=\"description\" content=\"Compre VISCODERM\u00ae SKINK\u00d2 E + VISCODERM\u00ae SKINK\u00d2 KIT online para um sistema completo de revitaliza\u00e7\u00e3o da pele que melhora a hidrata\u00e7\u00e3o e promove uma pele saud\u00e1vel e jovem.\" \/>\n<meta name=\"robots\" content=\"index, follow, max-snippet:-1, max-image-preview:large, max-video-preview:-1\" \/>\n<link rel=\"canonical\" href=\"https:\/\/kinamihealth.com\/pt-pt\/wp-json\/wp\/v2\/product\/123259\" \/>\n<meta property=\"og:locale\" content=\"pt_PT\" \/>\n<meta property=\"og:type\" content=\"article\" \/>\n<meta property=\"og:title\" content=\"Compre VISCODERM SKINK\u00d2 E + VISCODERM SKINK\u00d2 KIT para revitaliza\u00e7\u00e3o da pele\" \/>\n<meta property=\"og:description\" content=\"Compre VISCODERM\u00ae SKINK\u00d2 E + VISCODERM\u00ae SKINK\u00d2 KIT online para um sistema completo de revitaliza\u00e7\u00e3o da pele que melhora a hidrata\u00e7\u00e3o e promove uma pele saud\u00e1vel e jovem.\" \/>\n<meta property=\"og:url\" content=\"https:\/\/kinamihealth.com\/pt-pt\/produto\/viscoderm-skinko-e-viscoderm-skinko-kit\/\" \/>\n<meta property=\"og:site_name\" content=\"Kinami Health\" \/>\n<meta property=\"article:modified_time\" content=\"2025-12-26T13:29:14+00:00\" \/>\n<meta property=\"og:image\" content=\"https:\/\/kinamihealth.com\/wp-content\/uploads\/2025\/02\/VISCODERM-SKINKO-SKINKOKIT-05.jpg\" \/>\n\t<meta property=\"og:image:width\" content=\"1000\" \/>\n\t<meta property=\"og:image:height\" content=\"1000\" \/>\n\t<meta property=\"og:image:type\" content=\"image\/jpeg\" \/>\n<meta name=\"twitter:card\" content=\"summary_large_image\" \/>\n<meta name=\"twitter:label1\" content=\"Tempo estimado de leitura\" \/>\n\t<meta name=\"twitter:data1\" content=\"1 minuto\" \/>\n<!-- \/ Yoast SEO plugin. -->","yoast_head_json":{"title":"Compre VISCODERM SKINK\u00d2 E + VISCODERM SKINK\u00d2 KIT para revitaliza\u00e7\u00e3o da pele","description":"Compre VISCODERM\u00ae SKINK\u00d2 E + VISCODERM\u00ae SKINK\u00d2 KIT online para um sistema completo de revitaliza\u00e7\u00e3o da pele que melhora a hidrata\u00e7\u00e3o e promove uma pele saud\u00e1vel e jovem.","robots":{"index":"index","follow":"follow","max-snippet":"max-snippet:-1","max-image-preview":"max-image-preview:large","max-video-preview":"max-video-preview:-1"},"canonical":"https:\/\/kinamihealth.com\/pt-pt\/wp-json\/wp\/v2\/product\/123259","og_locale":"pt_PT","og_type":"article","og_title":"Compre VISCODERM SKINK\u00d2 E + VISCODERM SKINK\u00d2 KIT para revitaliza\u00e7\u00e3o da pele","og_description":"Compre VISCODERM\u00ae SKINK\u00d2 E + VISCODERM\u00ae SKINK\u00d2 KIT online para um sistema completo de revitaliza\u00e7\u00e3o da pele que melhora a hidrata\u00e7\u00e3o e promove uma pele saud\u00e1vel e jovem.","og_url":"https:\/\/kinamihealth.com\/pt-pt\/produto\/viscoderm-skinko-e-viscoderm-skinko-kit\/","og_site_name":"Kinami Health","article_modified_time":"2025-12-26T13:29:14+00:00","og_image":[{"width":1000,"height":1000,"url":"https:\/\/kinamihealth.com\/wp-content\/uploads\/2025\/02\/VISCODERM-SKINKO-SKINKOKIT-05.jpg","type":"image\/jpeg"}],"twitter_card":"summary_large_image","twitter_misc":{"Tempo estimado de leitura":"1 minuto"},"schema":{"@context":"https:\/\/schema.org","@graph":[{"@type":"WebPage","@id":"https:\/\/kinamihealth.com\/pt-pt\/produto\/viscoderm-skinko-e-viscoderm-skinko-kit\/","url":"https:\/\/kinamihealth.com\/pt-pt\/produto\/viscoderm-skinko-e-viscoderm-skinko-kit\/","name":"Compre VISCODERM SKINK\u00d2 E + VISCODERM SKINK\u00d2 KIT para revitaliza\u00e7\u00e3o da pele","isPartOf":{"@id":"https:\/\/kinamihealth.com\/#website"},"primaryImageOfPage":{"@id":"https:\/\/kinamihealth.com\/pt-pt\/produto\/viscoderm-skinko-e-viscoderm-skinko-kit\/#primaryimage"},"image":{"@id":"https:\/\/kinamihealth.com\/pt-pt\/produto\/viscoderm-skinko-e-viscoderm-skinko-kit\/#primaryimage"},"thumbnailUrl":"https:\/\/kinamihealth.com\/wp-content\/uploads\/2025\/02\/VISCODERM-SKINKO-SKINKOKIT-05.jpg","datePublished":"2025-02-15T16:58:43+00:00","dateModified":"2025-12-26T13:29:14+00:00","description":"Compre VISCODERM\u00ae SKINK\u00d2 E + VISCODERM\u00ae SKINK\u00d2 KIT online para um sistema completo de revitaliza\u00e7\u00e3o da pele que melhora a hidrata\u00e7\u00e3o e promove uma pele saud\u00e1vel e jovem.","breadcrumb":{"@id":"https:\/\/kinamihealth.com\/pt-pt\/produto\/viscoderm-skinko-e-viscoderm-skinko-kit\/#breadcrumb"},"inLanguage":"pt-PT","potentialAction":[{"@type":"ReadAction","target":["https:\/\/kinamihealth.com\/pt-pt\/produto\/viscoderm-skinko-e-viscoderm-skinko-kit\/"]}]},{"@type":"ImageObject","inLanguage":"pt-PT","@id":"https:\/\/kinamihealth.com\/pt-pt\/produto\/viscoderm-skinko-e-viscoderm-skinko-kit\/#primaryimage","url":"https:\/\/kinamihealth.com\/wp-content\/uploads\/2025\/02\/VISCODERM-SKINKO-SKINKOKIT-05.jpg","contentUrl":"https:\/\/kinamihealth.com\/wp-content\/uploads\/2025\/02\/VISCODERM-SKINKO-SKINKOKIT-05.jpg","width":1000,"height":1000},{"@type":"BreadcrumbList","@id":"https:\/\/kinamihealth.com\/pt-pt\/produto\/viscoderm-skinko-e-viscoderm-skinko-kit\/#breadcrumb","itemListElement":[{"@type":"ListItem","position":1,"name":"In\u00edcio","item":"https:\/\/kinamihealth.com\/"},{"@type":"ListItem","position":2,"name":"Loja","item":"https:\/\/kinamihealth.com\/shop\/"},{"@type":"ListItem","position":3,"name":"VISCODERM\u00ae SKINK\u00d2 E + VISCODERM\u00ae SKINK\u00d2 KIT"}]},{"@type":"WebSite","@id":"https:\/\/kinamihealth.com\/#website","url":"https:\/\/kinamihealth.com\/","name":"Kinami Health","description":"","publisher":{"@id":"https:\/\/kinamihealth.com\/#organization"},"potentialAction":[{"@type":"SearchAction","target":{"@type":"EntryPoint","urlTemplate":"https:\/\/kinamihealth.com\/?s={search_term_string}"},"query-input":{"@type":"PropertyValueSpecification","valueRequired":true,"valueName":"search_term_string"}}],"inLanguage":"pt-PT"},{"@type":"Organization","@id":"https:\/\/kinamihealth.com\/#organization","name":"Kinami Health","url":"https:\/\/kinamihealth.com\/","logo":{"@type":"ImageObject","inLanguage":"pt-PT","@id":"https:\/\/kinamihealth.com\/#\/schema\/logo\/image\/","url":"https:\/\/kinamihealth.com\/wp-content\/uploads\/2025\/01\/KH_logo_black_2-1.png","contentUrl":"https:\/\/kinamihealth.com\/wp-content\/uploads\/2025\/01\/KH_logo_black_2-1.png","width":339,"height":34,"caption":"Kinami Health"},"image":{"@id":"https:\/\/kinamihealth.com\/#\/schema\/logo\/image\/"}}]}},"_links":{"self":[{"href":"https:\/\/kinamihealth.com\/pt-pt\/wp-json\/wp\/v2\/product\/123259","targetHints":{"allow":["GET"]}}],"collection":[{"href":"https:\/\/kinamihealth.com\/pt-pt\/wp-json\/wp\/v2\/product"}],"about":[{"href":"https:\/\/kinamihealth.com\/pt-pt\/wp-json\/wp\/v2\/types\/product"}],"replies":[{"embeddable":true,"href":"https:\/\/kinamihealth.com\/pt-pt\/wp-json\/wp\/v2\/comments?post=123259"}],"version-history":[{"count":0,"href":"https:\/\/kinamihealth.com\/pt-pt\/wp-json\/wp\/v2\/product\/123259\/revisions"}],"wp:featuredmedia":[{"embeddable":true,"href":"https:\/\/kinamihealth.com\/pt-pt\/wp-json\/wp\/v2\/media\/123265"}],"wp:attachment":[{"href":"https:\/\/kinamihealth.com\/pt-pt\/wp-json\/wp\/v2\/media?parent=123259"}],"wp:term":[{"taxonomy":"product_brand","embeddable":true,"href":"https:\/\/kinamihealth.com\/pt-pt\/wp-json\/wp\/v2\/product_brand?post=123259"},{"taxonomy":"product_cat","embeddable":true,"href":"https:\/\/kinamihealth.com\/pt-pt\/wp-json\/wp\/v2\/product_cat?post=123259"},{"taxonomy":"product_tag","embeddable":true,"href":"https:\/\/kinamihealth.com\/pt-pt\/wp-json\/wp\/v2\/product_tag?post=123259"}],"curies":[{"name":"wp","href":"https:\/\/api.w.org\/{rel}","templated":true}]}}