{"id":123252,"date":"2025-02-15T16:56:50","date_gmt":"2025-02-15T16:56:50","guid":{"rendered":"https:\/\/kinamihealth.com\/product\/wiqo-prx-t33\/"},"modified":"2025-12-26T14:09:12","modified_gmt":"2025-12-26T14:09:12","slug":"wiqo-prx-t33","status":"publish","type":"product","link":"https:\/\/kinamihealth.com\/pt-pt\/produto\/wiqo-prx-t33\/","title":{"rendered":"WiQo\u00ae PRX-T33"},"content":{"rendered":"<p><b>PRX-T33<\/b><span style=\"font-weight: 400;\"> representa um avan\u00e7o na tecnologia de regenera\u00e7\u00e3o da pele, utilizando uma mistura \u00fanica de <\/span><b>\u00e1cido tricloroac\u00e9tico (TCA), per\u00f3xido de hidrog\u00e9nio e \u00e1cido k\u00f3jico<\/b><span style=\"font-weight: 400;\">. Este tratamento n\u00e3o invasivo contorna a camada superficial da pele para atingir diretamente a derme, <\/span><b>estimulando a produ\u00e7\u00e3o de colag\u00e9nio <\/b><span style=\"font-weight: 400;\">sem o tempo de inactividade associado aos peelings tradicionais. Perfeito para <\/span><b>rosto, pesco\u00e7o, decote e m\u00e3os<\/b><span style=\"font-weight: 400;\">, trata eficazmente v\u00e1rios problemas de pele, mantendo-se suficientemente suave para ser utilizado durante todo o ano.<\/span><\/p>\n","protected":false},"excerpt":{"rendered":"<p>PRX-T33 representa um avan\u00e7o na tecnologia de regenera\u00e7\u00e3o da pele, utilizando uma mistura \u00fanica de \u00e1cido tricloroac\u00e9tico (TCA), per\u00f3xido de hidrog\u00e9nio e \u00e1cido k\u00f3jico. Este tratamento n\u00e3o invasivo contorna a camada superficial da pele para atingir diretamente a derme, estimulando a produ\u00e7\u00e3o de colag\u00e9nio sem o tempo de inactividade associado aos peelings tradicionais. Perfeito para [&hellip;]<\/p>\n","protected":false},"featured_media":123254,"comment_status":"closed","ping_status":"closed","template":"","meta":{"_acf_changed":false,"inline_featured_image":false},"product_brand":[3965],"product_cat":[4100],"product_tag":[4084],"class_list":{"0":"post-123252","1":"product","2":"type-product","3":"status-publish","4":"has-post-thumbnail","6":"product_brand-prx-t33","7":"product_cat-mesotherapy-pt-pt","8":"product_tag-medical-devices-pt-pt","10":"first","11":"instock","12":"taxable","13":"shipping-taxable","14":"purchasable","15":"product-type-simple","16":"add-to-wishlist-before_image"},"acf":[],"yoast_head":"<!-- This site is optimized with the Yoast SEO plugin v27.1.1 - https:\/\/yoast.com\/product\/yoast-seo-wordpress\/ -->\n<title>Comprar PRX-T33 online - Regenera\u00e7\u00e3o avan\u00e7ada da pele<\/title>\n<meta name=\"description\" content=\"Compre PRX-T33, o tratamento d\u00e9rmico revolucion\u00e1rio que combate problemas de pele dif\u00edceis atrav\u00e9s da tecnologia inovadora TCA.\" \/>\n<meta name=\"robots\" content=\"index, follow, max-snippet:-1, max-image-preview:large, max-video-preview:-1\" \/>\n<link rel=\"canonical\" href=\"https:\/\/kinamihealth.com\/pt-pt\/wp-json\/wp\/v2\/product\/123252\" \/>\n<meta property=\"og:locale\" content=\"pt_PT\" \/>\n<meta property=\"og:type\" content=\"article\" \/>\n<meta property=\"og:title\" content=\"Comprar PRX-T33 online - Regenera\u00e7\u00e3o avan\u00e7ada da pele\" \/>\n<meta property=\"og:description\" content=\"Compre PRX-T33, o tratamento d\u00e9rmico revolucion\u00e1rio que combate problemas de pele dif\u00edceis atrav\u00e9s da tecnologia inovadora TCA.\" \/>\n<meta property=\"og:url\" content=\"https:\/\/kinamihealth.com\/pt-pt\/produto\/wiqo-prx-t33\/\" \/>\n<meta property=\"og:site_name\" content=\"Kinami Health\" \/>\n<meta property=\"article:modified_time\" content=\"2025-12-26T14:09:12+00:00\" \/>\n<meta property=\"og:image\" content=\"https:\/\/kinamihealth.com\/wp-content\/uploads\/2025\/02\/PRX-733-WiQo-02.jpg\" \/>\n\t<meta property=\"og:image:width\" content=\"800\" \/>\n\t<meta property=\"og:image:height\" content=\"800\" \/>\n\t<meta property=\"og:image:type\" content=\"image\/jpeg\" \/>\n<meta name=\"twitter:card\" content=\"summary_large_image\" \/>\n<meta name=\"twitter:label1\" content=\"Tempo estimado de leitura\" \/>\n\t<meta name=\"twitter:data1\" content=\"1 minuto\" \/>\n<!-- \/ Yoast SEO plugin. -->","yoast_head_json":{"title":"Comprar PRX-T33 online - Regenera\u00e7\u00e3o avan\u00e7ada da pele","description":"Compre PRX-T33, o tratamento d\u00e9rmico revolucion\u00e1rio que combate problemas de pele dif\u00edceis atrav\u00e9s da tecnologia inovadora TCA.","robots":{"index":"index","follow":"follow","max-snippet":"max-snippet:-1","max-image-preview":"max-image-preview:large","max-video-preview":"max-video-preview:-1"},"canonical":"https:\/\/kinamihealth.com\/pt-pt\/wp-json\/wp\/v2\/product\/123252","og_locale":"pt_PT","og_type":"article","og_title":"Comprar PRX-T33 online - Regenera\u00e7\u00e3o avan\u00e7ada da pele","og_description":"Compre PRX-T33, o tratamento d\u00e9rmico revolucion\u00e1rio que combate problemas de pele dif\u00edceis atrav\u00e9s da tecnologia inovadora TCA.","og_url":"https:\/\/kinamihealth.com\/pt-pt\/produto\/wiqo-prx-t33\/","og_site_name":"Kinami Health","article_modified_time":"2025-12-26T14:09:12+00:00","og_image":[{"width":800,"height":800,"url":"https:\/\/kinamihealth.com\/wp-content\/uploads\/2025\/02\/PRX-733-WiQo-02.jpg","type":"image\/jpeg"}],"twitter_card":"summary_large_image","twitter_misc":{"Tempo estimado de leitura":"1 minuto"},"schema":{"@context":"https:\/\/schema.org","@graph":[{"@type":"WebPage","@id":"https:\/\/kinamihealth.com\/pt-pt\/produto\/wiqo-prx-t33\/","url":"https:\/\/kinamihealth.com\/pt-pt\/produto\/wiqo-prx-t33\/","name":"Comprar PRX-T33 online - Regenera\u00e7\u00e3o avan\u00e7ada da pele","isPartOf":{"@id":"https:\/\/kinamihealth.com\/#website"},"primaryImageOfPage":{"@id":"https:\/\/kinamihealth.com\/pt-pt\/produto\/wiqo-prx-t33\/#primaryimage"},"image":{"@id":"https:\/\/kinamihealth.com\/pt-pt\/produto\/wiqo-prx-t33\/#primaryimage"},"thumbnailUrl":"https:\/\/kinamihealth.com\/wp-content\/uploads\/2025\/02\/PRX-733-WiQo-02.jpg","datePublished":"2025-02-15T16:56:50+00:00","dateModified":"2025-12-26T14:09:12+00:00","description":"Compre PRX-T33, o tratamento d\u00e9rmico revolucion\u00e1rio que combate problemas de pele dif\u00edceis atrav\u00e9s da tecnologia inovadora TCA.","breadcrumb":{"@id":"https:\/\/kinamihealth.com\/pt-pt\/produto\/wiqo-prx-t33\/#breadcrumb"},"inLanguage":"pt-PT","potentialAction":[{"@type":"ReadAction","target":["https:\/\/kinamihealth.com\/pt-pt\/produto\/wiqo-prx-t33\/"]}]},{"@type":"ImageObject","inLanguage":"pt-PT","@id":"https:\/\/kinamihealth.com\/pt-pt\/produto\/wiqo-prx-t33\/#primaryimage","url":"https:\/\/kinamihealth.com\/wp-content\/uploads\/2025\/02\/PRX-733-WiQo-02.jpg","contentUrl":"https:\/\/kinamihealth.com\/wp-content\/uploads\/2025\/02\/PRX-733-WiQo-02.jpg","width":800,"height":800},{"@type":"BreadcrumbList","@id":"https:\/\/kinamihealth.com\/pt-pt\/produto\/wiqo-prx-t33\/#breadcrumb","itemListElement":[{"@type":"ListItem","position":1,"name":"In\u00edcio","item":"https:\/\/kinamihealth.com\/"},{"@type":"ListItem","position":2,"name":"Loja","item":"https:\/\/kinamihealth.com\/shop\/"},{"@type":"ListItem","position":3,"name":"WiQo\u00ae PRX-T33"}]},{"@type":"WebSite","@id":"https:\/\/kinamihealth.com\/#website","url":"https:\/\/kinamihealth.com\/","name":"Kinami Health","description":"","publisher":{"@id":"https:\/\/kinamihealth.com\/#organization"},"potentialAction":[{"@type":"SearchAction","target":{"@type":"EntryPoint","urlTemplate":"https:\/\/kinamihealth.com\/?s={search_term_string}"},"query-input":{"@type":"PropertyValueSpecification","valueRequired":true,"valueName":"search_term_string"}}],"inLanguage":"pt-PT"},{"@type":"Organization","@id":"https:\/\/kinamihealth.com\/#organization","name":"Kinami Health","url":"https:\/\/kinamihealth.com\/","logo":{"@type":"ImageObject","inLanguage":"pt-PT","@id":"https:\/\/kinamihealth.com\/#\/schema\/logo\/image\/","url":"https:\/\/kinamihealth.com\/wp-content\/uploads\/2025\/01\/KH_logo_black_2-1.png","contentUrl":"https:\/\/kinamihealth.com\/wp-content\/uploads\/2025\/01\/KH_logo_black_2-1.png","width":339,"height":34,"caption":"Kinami Health"},"image":{"@id":"https:\/\/kinamihealth.com\/#\/schema\/logo\/image\/"}}]}},"_links":{"self":[{"href":"https:\/\/kinamihealth.com\/pt-pt\/wp-json\/wp\/v2\/product\/123252","targetHints":{"allow":["GET"]}}],"collection":[{"href":"https:\/\/kinamihealth.com\/pt-pt\/wp-json\/wp\/v2\/product"}],"about":[{"href":"https:\/\/kinamihealth.com\/pt-pt\/wp-json\/wp\/v2\/types\/product"}],"replies":[{"embeddable":true,"href":"https:\/\/kinamihealth.com\/pt-pt\/wp-json\/wp\/v2\/comments?post=123252"}],"version-history":[{"count":0,"href":"https:\/\/kinamihealth.com\/pt-pt\/wp-json\/wp\/v2\/product\/123252\/revisions"}],"wp:featuredmedia":[{"embeddable":true,"href":"https:\/\/kinamihealth.com\/pt-pt\/wp-json\/wp\/v2\/media\/123254"}],"wp:attachment":[{"href":"https:\/\/kinamihealth.com\/pt-pt\/wp-json\/wp\/v2\/media?parent=123252"}],"wp:term":[{"taxonomy":"product_brand","embeddable":true,"href":"https:\/\/kinamihealth.com\/pt-pt\/wp-json\/wp\/v2\/product_brand?post=123252"},{"taxonomy":"product_cat","embeddable":true,"href":"https:\/\/kinamihealth.com\/pt-pt\/wp-json\/wp\/v2\/product_cat?post=123252"},{"taxonomy":"product_tag","embeddable":true,"href":"https:\/\/kinamihealth.com\/pt-pt\/wp-json\/wp\/v2\/product_tag?post=123252"}],"curies":[{"name":"wp","href":"https:\/\/api.w.org\/{rel}","templated":true}]}}