{"id":123219,"date":"2025-03-11T18:14:52","date_gmt":"2025-03-11T18:14:52","guid":{"rendered":"https:\/\/kinamihealth.com\/product\/zo-skin-complexion-clearing-masque\/"},"modified":"2025-12-24T22:18:04","modified_gmt":"2025-12-24T22:18:04","slug":"zo-skin-complexion-clearing-masque","status":"publish","type":"product","link":"https:\/\/kinamihealth.com\/pt-pt\/produto\/zo-skin-complexion-clearing-masque\/","title":{"rendered":"ZO\u00ae SKIN COMPLEXION CLEARING MASQUE"},"content":{"rendered":"<p><span style=\"font-weight: 400;\">A M\u00e1scara Clareadora ZO Skin \u00e9 um tratamento poderoso projetado para tratar o excesso de sebo e as erup\u00e7\u00f5es cut\u00e2neas. Formulada com 10% de enxofre, ajuda a clarear a acne enquanto acalma a irrita\u00e7\u00e3o. A combina\u00e7\u00e3o de argilas de caulim e bentonita absorve o sebo e desintoxica a pele, promovendo uma apar\u00eancia mais suave e saud\u00e1vel.<\/span><\/p>\n","protected":false},"excerpt":{"rendered":"<p>A M\u00e1scara Clareadora ZO Skin \u00e9 um tratamento poderoso projetado para tratar o excesso de sebo e as erup\u00e7\u00f5es cut\u00e2neas. Formulada com 10% de enxofre, ajuda a clarear a acne enquanto acalma a irrita\u00e7\u00e3o. A combina\u00e7\u00e3o de argilas de caulim e bentonita absorve o sebo e desintoxica a pele, promovendo uma apar\u00eancia mais suave e [&hellip;]<\/p>\n","protected":false},"featured_media":123220,"comment_status":"closed","ping_status":"closed","template":"","meta":{"_acf_changed":false,"inline_featured_image":false},"product_brand":[4077],"product_cat":[4132],"product_tag":[4084],"class_list":{"0":"post-123219","1":"product","2":"type-product","3":"status-publish","4":"has-post-thumbnail","6":"product_brand-zo","7":"product_cat-peels-and-masks-pt-pt","8":"product_tag-medical-devices-pt-pt","10":"first","11":"instock","12":"taxable","13":"shipping-taxable","14":"purchasable","15":"product-type-simple","16":"add-to-wishlist-before_image"},"acf":[],"yoast_head":"<!-- This site is optimized with the Yoast SEO plugin v27.1.1 - https:\/\/yoast.com\/product\/yoast-seo-wordpress\/ -->\n<title>Compre a M\u00e1scara Clareadora ZO Complexion Clearing Masque - Tratamento para o excesso de sebo.<\/title>\n<meta name=\"description\" content=\"Compre online a M\u00e1scara Clareadora ZO Complexion Clearing Masque de Zo Skin para tratar a acne, absorver o excesso de sebo e desobstruir os poros. F\u00f3rmula com enxofre e caulim para uma pele mais clara e saud\u00e1vel.\" \/>\n<meta name=\"robots\" content=\"index, follow, max-snippet:-1, max-image-preview:large, max-video-preview:-1\" \/>\n<link rel=\"canonical\" href=\"https:\/\/kinamihealth.com\/pt-pt\/wp-json\/wp\/v2\/product\/123219\" \/>\n<meta property=\"og:locale\" content=\"pt_PT\" \/>\n<meta property=\"og:type\" content=\"article\" \/>\n<meta property=\"og:title\" content=\"Compre a M\u00e1scara Clareadora ZO Complexion Clearing Masque - Tratamento para o excesso de sebo.\" \/>\n<meta property=\"og:description\" content=\"Compre online a M\u00e1scara Clareadora ZO Complexion Clearing Masque de Zo Skin para tratar a acne, absorver o excesso de sebo e desobstruir os poros. F\u00f3rmula com enxofre e caulim para uma pele mais clara e saud\u00e1vel.\" \/>\n<meta property=\"og:url\" content=\"https:\/\/kinamihealth.com\/pt-pt\/produto\/zo-skin-complexion-clearing-masque\/\" \/>\n<meta property=\"og:site_name\" content=\"Kinami Health\" \/>\n<meta property=\"article:modified_time\" content=\"2025-12-24T22:18:04+00:00\" \/>\n<meta property=\"og:image\" content=\"https:\/\/kinamihealth.com\/wp-content\/uploads\/2025\/03\/ZO\u00ae-SKIN-COMPLEXION-CLEARING-MASQUE.jpg\" \/>\n\t<meta property=\"og:image:width\" content=\"800\" \/>\n\t<meta property=\"og:image:height\" content=\"800\" \/>\n\t<meta property=\"og:image:type\" content=\"image\/jpeg\" \/>\n<meta name=\"twitter:card\" content=\"summary_large_image\" \/>\n<meta name=\"twitter:label1\" content=\"Tempo estimado de leitura\" \/>\n\t<meta name=\"twitter:data1\" content=\"1 minuto\" \/>\n<!-- \/ Yoast SEO plugin. -->","yoast_head_json":{"title":"Compre a M\u00e1scara Clareadora ZO Complexion Clearing Masque - Tratamento para o excesso de sebo.","description":"Compre online a M\u00e1scara Clareadora ZO Complexion Clearing Masque de Zo Skin para tratar a acne, absorver o excesso de sebo e desobstruir os poros. F\u00f3rmula com enxofre e caulim para uma pele mais clara e saud\u00e1vel.","robots":{"index":"index","follow":"follow","max-snippet":"max-snippet:-1","max-image-preview":"max-image-preview:large","max-video-preview":"max-video-preview:-1"},"canonical":"https:\/\/kinamihealth.com\/pt-pt\/wp-json\/wp\/v2\/product\/123219","og_locale":"pt_PT","og_type":"article","og_title":"Compre a M\u00e1scara Clareadora ZO Complexion Clearing Masque - Tratamento para o excesso de sebo.","og_description":"Compre online a M\u00e1scara Clareadora ZO Complexion Clearing Masque de Zo Skin para tratar a acne, absorver o excesso de sebo e desobstruir os poros. F\u00f3rmula com enxofre e caulim para uma pele mais clara e saud\u00e1vel.","og_url":"https:\/\/kinamihealth.com\/pt-pt\/produto\/zo-skin-complexion-clearing-masque\/","og_site_name":"Kinami Health","article_modified_time":"2025-12-24T22:18:04+00:00","og_image":[{"width":800,"height":800,"url":"https:\/\/kinamihealth.com\/wp-content\/uploads\/2025\/03\/ZO\u00ae-SKIN-COMPLEXION-CLEARING-MASQUE.jpg","type":"image\/jpeg"}],"twitter_card":"summary_large_image","twitter_misc":{"Tempo estimado de leitura":"1 minuto"},"schema":{"@context":"https:\/\/schema.org","@graph":[{"@type":"WebPage","@id":"https:\/\/kinamihealth.com\/pt-pt\/produto\/zo-skin-complexion-clearing-masque\/","url":"https:\/\/kinamihealth.com\/pt-pt\/produto\/zo-skin-complexion-clearing-masque\/","name":"Compre a M\u00e1scara Clareadora ZO Complexion Clearing Masque - Tratamento para o excesso de sebo.","isPartOf":{"@id":"https:\/\/kinamihealth.com\/#website"},"primaryImageOfPage":{"@id":"https:\/\/kinamihealth.com\/pt-pt\/produto\/zo-skin-complexion-clearing-masque\/#primaryimage"},"image":{"@id":"https:\/\/kinamihealth.com\/pt-pt\/produto\/zo-skin-complexion-clearing-masque\/#primaryimage"},"thumbnailUrl":"https:\/\/kinamihealth.com\/wp-content\/uploads\/2025\/03\/ZO\u00ae-SKIN-COMPLEXION-CLEARING-MASQUE.jpg","datePublished":"2025-03-11T18:14:52+00:00","dateModified":"2025-12-24T22:18:04+00:00","description":"Compre online a M\u00e1scara Clareadora ZO Complexion Clearing Masque de Zo Skin para tratar a acne, absorver o excesso de sebo e desobstruir os poros. F\u00f3rmula com enxofre e caulim para uma pele mais clara e saud\u00e1vel.","breadcrumb":{"@id":"https:\/\/kinamihealth.com\/pt-pt\/produto\/zo-skin-complexion-clearing-masque\/#breadcrumb"},"inLanguage":"pt-PT","potentialAction":[{"@type":"ReadAction","target":["https:\/\/kinamihealth.com\/pt-pt\/produto\/zo-skin-complexion-clearing-masque\/"]}]},{"@type":"ImageObject","inLanguage":"pt-PT","@id":"https:\/\/kinamihealth.com\/pt-pt\/produto\/zo-skin-complexion-clearing-masque\/#primaryimage","url":"https:\/\/kinamihealth.com\/wp-content\/uploads\/2025\/03\/ZO\u00ae-SKIN-COMPLEXION-CLEARING-MASQUE.jpg","contentUrl":"https:\/\/kinamihealth.com\/wp-content\/uploads\/2025\/03\/ZO\u00ae-SKIN-COMPLEXION-CLEARING-MASQUE.jpg","width":800,"height":800},{"@type":"BreadcrumbList","@id":"https:\/\/kinamihealth.com\/pt-pt\/produto\/zo-skin-complexion-clearing-masque\/#breadcrumb","itemListElement":[{"@type":"ListItem","position":1,"name":"In\u00edcio","item":"https:\/\/kinamihealth.com\/"},{"@type":"ListItem","position":2,"name":"Loja","item":"https:\/\/kinamihealth.com\/shop\/"},{"@type":"ListItem","position":3,"name":"ZO\u00ae SKIN COMPLEXION CLEARING MASQUE"}]},{"@type":"WebSite","@id":"https:\/\/kinamihealth.com\/#website","url":"https:\/\/kinamihealth.com\/","name":"Kinami Health","description":"","publisher":{"@id":"https:\/\/kinamihealth.com\/#organization"},"potentialAction":[{"@type":"SearchAction","target":{"@type":"EntryPoint","urlTemplate":"https:\/\/kinamihealth.com\/?s={search_term_string}"},"query-input":{"@type":"PropertyValueSpecification","valueRequired":true,"valueName":"search_term_string"}}],"inLanguage":"pt-PT"},{"@type":"Organization","@id":"https:\/\/kinamihealth.com\/#organization","name":"Kinami Health","url":"https:\/\/kinamihealth.com\/","logo":{"@type":"ImageObject","inLanguage":"pt-PT","@id":"https:\/\/kinamihealth.com\/#\/schema\/logo\/image\/","url":"https:\/\/kinamihealth.com\/wp-content\/uploads\/2025\/01\/KH_logo_black_2-1.png","contentUrl":"https:\/\/kinamihealth.com\/wp-content\/uploads\/2025\/01\/KH_logo_black_2-1.png","width":339,"height":34,"caption":"Kinami Health"},"image":{"@id":"https:\/\/kinamihealth.com\/#\/schema\/logo\/image\/"}}]}},"_links":{"self":[{"href":"https:\/\/kinamihealth.com\/pt-pt\/wp-json\/wp\/v2\/product\/123219","targetHints":{"allow":["GET"]}}],"collection":[{"href":"https:\/\/kinamihealth.com\/pt-pt\/wp-json\/wp\/v2\/product"}],"about":[{"href":"https:\/\/kinamihealth.com\/pt-pt\/wp-json\/wp\/v2\/types\/product"}],"replies":[{"embeddable":true,"href":"https:\/\/kinamihealth.com\/pt-pt\/wp-json\/wp\/v2\/comments?post=123219"}],"version-history":[{"count":0,"href":"https:\/\/kinamihealth.com\/pt-pt\/wp-json\/wp\/v2\/product\/123219\/revisions"}],"wp:featuredmedia":[{"embeddable":true,"href":"https:\/\/kinamihealth.com\/pt-pt\/wp-json\/wp\/v2\/media\/123220"}],"wp:attachment":[{"href":"https:\/\/kinamihealth.com\/pt-pt\/wp-json\/wp\/v2\/media?parent=123219"}],"wp:term":[{"taxonomy":"product_brand","embeddable":true,"href":"https:\/\/kinamihealth.com\/pt-pt\/wp-json\/wp\/v2\/product_brand?post=123219"},{"taxonomy":"product_cat","embeddable":true,"href":"https:\/\/kinamihealth.com\/pt-pt\/wp-json\/wp\/v2\/product_cat?post=123219"},{"taxonomy":"product_tag","embeddable":true,"href":"https:\/\/kinamihealth.com\/pt-pt\/wp-json\/wp\/v2\/product_tag?post=123219"}],"curies":[{"name":"wp","href":"https:\/\/api.w.org\/{rel}","templated":true}]}}