{"id":123210,"date":"2025-02-15T16:55:23","date_gmt":"2025-02-15T16:55:23","guid":{"rendered":"https:\/\/kinamihealth.com\/product\/hyaluronidase-1500iu-5-vials\/"},"modified":"2025-12-20T18:42:50","modified_gmt":"2025-12-20T18:42:50","slug":"hyaluronidase-1500iu-5-vials","status":"publish","type":"product","link":"https:\/\/kinamihealth.com\/pt-pt\/produto\/hyaluronidase-1500iu-5-vials\/","title":{"rendered":"HYALURONIDASE 1500iu 5 vials"},"content":{"rendered":"<p><span style=\"font-weight: 400;\">O produto \u00e9 indicado para a degrada\u00e7\u00e3o direcionada de preenchimentos d\u00e9rmicos \u00e0 base de \u00e1cido hialur\u00f3nico. Facilita a corre\u00e7\u00e3o de excesso de preenchimento, assimetria ou n\u00f3dulos resultantes de procedimentos est\u00e9ticos de preenchimento. Tamb\u00e9m \u00e9 utilizado para tratar complica\u00e7\u00f5es como oclus\u00e3o vascular e forma\u00e7\u00e3o de granulomas.<\/span><\/p>\n","protected":false},"excerpt":{"rendered":"<p>O produto \u00e9 indicado para a degrada\u00e7\u00e3o direcionada de preenchimentos d\u00e9rmicos \u00e0 base de \u00e1cido hialur\u00f3nico. Facilita a corre\u00e7\u00e3o de excesso de preenchimento, assimetria ou n\u00f3dulos resultantes de procedimentos est\u00e9ticos de preenchimento. Tamb\u00e9m \u00e9 utilizado para tratar complica\u00e7\u00f5es como oclus\u00e3o vascular e forma\u00e7\u00e3o de granulomas.<\/p>\n","protected":false},"featured_media":123211,"comment_status":"closed","ping_status":"closed","template":"","meta":{"_acf_changed":false,"inline_featured_image":false},"product_brand":[3190],"product_cat":[4100],"product_tag":[4084],"class_list":{"0":"post-123210","1":"product","2":"type-product","3":"status-publish","4":"has-post-thumbnail","6":"product_brand-bcn","7":"product_cat-mesotherapy-pt-pt","8":"product_tag-medical-devices-pt-pt","10":"first","11":"instock","12":"taxable","13":"shipping-taxable","14":"purchasable","15":"product-type-simple","16":"add-to-wishlist-before_image"},"acf":[],"yoast_head":"<!-- This site is optimized with the Yoast SEO plugin v27.1.1 - https:\/\/yoast.com\/product\/yoast-seo-wordpress\/ -->\n<title>Compre HYALURONIDASE 1500iu 5 frascos online | Loja online | Kinami Health<\/title>\n<meta name=\"description\" content=\"Compre HYALURONIDASE 1500iu 5 frascos (hyaluronidase 1500iu 5 vials) online para uma corre\u00e7\u00e3o r\u00e1pida e eficaz com \u00e1cido hialur\u00f3nico, com a confian\u00e7a dos profissionais para procedimentos est\u00e9ticos seguros.\" \/>\n<meta name=\"robots\" content=\"index, follow, max-snippet:-1, max-image-preview:large, max-video-preview:-1\" \/>\n<link rel=\"canonical\" href=\"https:\/\/kinamihealth.com\/pt-pt\/wp-json\/wp\/v2\/product\/123210\" \/>\n<meta property=\"og:locale\" content=\"pt_PT\" \/>\n<meta property=\"og:type\" content=\"article\" \/>\n<meta property=\"og:title\" content=\"Compre HYALURONIDASE 1500iu 5 frascos online | Loja online | Kinami Health\" \/>\n<meta property=\"og:description\" content=\"Compre HYALURONIDASE 1500iu 5 frascos (hyaluronidase 1500iu 5 vials) online para uma corre\u00e7\u00e3o r\u00e1pida e eficaz com \u00e1cido hialur\u00f3nico, com a confian\u00e7a dos profissionais para procedimentos est\u00e9ticos seguros.\" \/>\n<meta property=\"og:url\" content=\"https:\/\/kinamihealth.com\/pt-pt\/produto\/hyaluronidase-1500iu-5-vials\/\" \/>\n<meta property=\"og:site_name\" content=\"Kinami Health\" \/>\n<meta property=\"article:modified_time\" content=\"2025-12-20T18:42:50+00:00\" \/>\n<meta property=\"og:image\" content=\"https:\/\/kinamihealth.com\/wp-content\/uploads\/2025\/02\/BCN-HYALURONIDASE-1500-UI-01.jpg\" \/>\n\t<meta property=\"og:image:width\" content=\"800\" \/>\n\t<meta property=\"og:image:height\" content=\"800\" \/>\n\t<meta property=\"og:image:type\" content=\"image\/jpeg\" \/>\n<meta name=\"twitter:card\" content=\"summary_large_image\" \/>\n<meta name=\"twitter:label1\" content=\"Tempo estimado de leitura\" \/>\n\t<meta name=\"twitter:data1\" content=\"1 minuto\" \/>\n<!-- \/ Yoast SEO plugin. -->","yoast_head_json":{"title":"Compre HYALURONIDASE 1500iu 5 frascos online | Loja online | Kinami Health","description":"Compre HYALURONIDASE 1500iu 5 frascos (hyaluronidase 1500iu 5 vials) online para uma corre\u00e7\u00e3o r\u00e1pida e eficaz com \u00e1cido hialur\u00f3nico, com a confian\u00e7a dos profissionais para procedimentos est\u00e9ticos seguros.","robots":{"index":"index","follow":"follow","max-snippet":"max-snippet:-1","max-image-preview":"max-image-preview:large","max-video-preview":"max-video-preview:-1"},"canonical":"https:\/\/kinamihealth.com\/pt-pt\/wp-json\/wp\/v2\/product\/123210","og_locale":"pt_PT","og_type":"article","og_title":"Compre HYALURONIDASE 1500iu 5 frascos online | Loja online | Kinami Health","og_description":"Compre HYALURONIDASE 1500iu 5 frascos (hyaluronidase 1500iu 5 vials) online para uma corre\u00e7\u00e3o r\u00e1pida e eficaz com \u00e1cido hialur\u00f3nico, com a confian\u00e7a dos profissionais para procedimentos est\u00e9ticos seguros.","og_url":"https:\/\/kinamihealth.com\/pt-pt\/produto\/hyaluronidase-1500iu-5-vials\/","og_site_name":"Kinami Health","article_modified_time":"2025-12-20T18:42:50+00:00","og_image":[{"width":800,"height":800,"url":"https:\/\/kinamihealth.com\/wp-content\/uploads\/2025\/02\/BCN-HYALURONIDASE-1500-UI-01.jpg","type":"image\/jpeg"}],"twitter_card":"summary_large_image","twitter_misc":{"Tempo estimado de leitura":"1 minuto"},"schema":{"@context":"https:\/\/schema.org","@graph":[{"@type":"WebPage","@id":"https:\/\/kinamihealth.com\/pt-pt\/produto\/hyaluronidase-1500iu-5-vials\/","url":"https:\/\/kinamihealth.com\/pt-pt\/produto\/hyaluronidase-1500iu-5-vials\/","name":"Compre HYALURONIDASE 1500iu 5 frascos online | Loja online | Kinami Health","isPartOf":{"@id":"https:\/\/kinamihealth.com\/#website"},"primaryImageOfPage":{"@id":"https:\/\/kinamihealth.com\/pt-pt\/produto\/hyaluronidase-1500iu-5-vials\/#primaryimage"},"image":{"@id":"https:\/\/kinamihealth.com\/pt-pt\/produto\/hyaluronidase-1500iu-5-vials\/#primaryimage"},"thumbnailUrl":"https:\/\/kinamihealth.com\/wp-content\/uploads\/2025\/02\/BCN-HYALURONIDASE-1500-UI-01.jpg","datePublished":"2025-02-15T16:55:23+00:00","dateModified":"2025-12-20T18:42:50+00:00","description":"Compre HYALURONIDASE 1500iu 5 frascos (hyaluronidase 1500iu 5 vials) online para uma corre\u00e7\u00e3o r\u00e1pida e eficaz com \u00e1cido hialur\u00f3nico, com a confian\u00e7a dos profissionais para procedimentos est\u00e9ticos seguros.","breadcrumb":{"@id":"https:\/\/kinamihealth.com\/pt-pt\/produto\/hyaluronidase-1500iu-5-vials\/#breadcrumb"},"inLanguage":"pt-PT","potentialAction":[{"@type":"ReadAction","target":["https:\/\/kinamihealth.com\/pt-pt\/produto\/hyaluronidase-1500iu-5-vials\/"]}]},{"@type":"ImageObject","inLanguage":"pt-PT","@id":"https:\/\/kinamihealth.com\/pt-pt\/produto\/hyaluronidase-1500iu-5-vials\/#primaryimage","url":"https:\/\/kinamihealth.com\/wp-content\/uploads\/2025\/02\/BCN-HYALURONIDASE-1500-UI-01.jpg","contentUrl":"https:\/\/kinamihealth.com\/wp-content\/uploads\/2025\/02\/BCN-HYALURONIDASE-1500-UI-01.jpg","width":800,"height":800},{"@type":"BreadcrumbList","@id":"https:\/\/kinamihealth.com\/pt-pt\/produto\/hyaluronidase-1500iu-5-vials\/#breadcrumb","itemListElement":[{"@type":"ListItem","position":1,"name":"In\u00edcio","item":"https:\/\/kinamihealth.com\/"},{"@type":"ListItem","position":2,"name":"Loja","item":"https:\/\/kinamihealth.com\/shop\/"},{"@type":"ListItem","position":3,"name":"HYALURONIDASE 1500iu 5 vials"}]},{"@type":"WebSite","@id":"https:\/\/kinamihealth.com\/#website","url":"https:\/\/kinamihealth.com\/","name":"Kinami Health","description":"","publisher":{"@id":"https:\/\/kinamihealth.com\/#organization"},"potentialAction":[{"@type":"SearchAction","target":{"@type":"EntryPoint","urlTemplate":"https:\/\/kinamihealth.com\/?s={search_term_string}"},"query-input":{"@type":"PropertyValueSpecification","valueRequired":true,"valueName":"search_term_string"}}],"inLanguage":"pt-PT"},{"@type":"Organization","@id":"https:\/\/kinamihealth.com\/#organization","name":"Kinami Health","url":"https:\/\/kinamihealth.com\/","logo":{"@type":"ImageObject","inLanguage":"pt-PT","@id":"https:\/\/kinamihealth.com\/#\/schema\/logo\/image\/","url":"https:\/\/kinamihealth.com\/wp-content\/uploads\/2025\/01\/KH_logo_black_2-1.png","contentUrl":"https:\/\/kinamihealth.com\/wp-content\/uploads\/2025\/01\/KH_logo_black_2-1.png","width":339,"height":34,"caption":"Kinami Health"},"image":{"@id":"https:\/\/kinamihealth.com\/#\/schema\/logo\/image\/"}}]}},"_links":{"self":[{"href":"https:\/\/kinamihealth.com\/pt-pt\/wp-json\/wp\/v2\/product\/123210","targetHints":{"allow":["GET"]}}],"collection":[{"href":"https:\/\/kinamihealth.com\/pt-pt\/wp-json\/wp\/v2\/product"}],"about":[{"href":"https:\/\/kinamihealth.com\/pt-pt\/wp-json\/wp\/v2\/types\/product"}],"replies":[{"embeddable":true,"href":"https:\/\/kinamihealth.com\/pt-pt\/wp-json\/wp\/v2\/comments?post=123210"}],"version-history":[{"count":0,"href":"https:\/\/kinamihealth.com\/pt-pt\/wp-json\/wp\/v2\/product\/123210\/revisions"}],"wp:featuredmedia":[{"embeddable":true,"href":"https:\/\/kinamihealth.com\/pt-pt\/wp-json\/wp\/v2\/media\/123211"}],"wp:attachment":[{"href":"https:\/\/kinamihealth.com\/pt-pt\/wp-json\/wp\/v2\/media?parent=123210"}],"wp:term":[{"taxonomy":"product_brand","embeddable":true,"href":"https:\/\/kinamihealth.com\/pt-pt\/wp-json\/wp\/v2\/product_brand?post=123210"},{"taxonomy":"product_cat","embeddable":true,"href":"https:\/\/kinamihealth.com\/pt-pt\/wp-json\/wp\/v2\/product_cat?post=123210"},{"taxonomy":"product_tag","embeddable":true,"href":"https:\/\/kinamihealth.com\/pt-pt\/wp-json\/wp\/v2\/product_tag?post=123210"}],"curies":[{"name":"wp","href":"https:\/\/api.w.org\/{rel}","templated":true}]}}