{"id":123027,"date":"2025-02-15T16:58:09","date_gmt":"2025-02-15T16:58:09","guid":{"rendered":"https:\/\/kinamihealth.com\/product\/stylage-m-bi-soft-with-lidocaine\/"},"modified":"2026-03-18T09:57:29","modified_gmt":"2026-03-18T09:57:29","slug":"stylage-m-bi-soft-with-lidocaine","status":"publish","type":"product","link":"https:\/\/kinamihealth.com\/pt-pt\/produto\/stylage-m-bi-soft-with-lidocaine\/","title":{"rendered":"STYLAGE\u00ae M BI-SOFT\u00ae with Lidocaine"},"content":{"rendered":"<p><b>STYLAGE M BI-SOFT com lidoca\u00edna<\/b><span style=\"font-weight: 400;\"> \u00e9 um preenchimento d\u00e9rmico que utiliza tecnologias patenteadas <\/span><b>VIVACY<\/b><span style=\"font-weight: 400;\"> para melhorar o procedimento de inje\u00e7\u00e3o tanto para os pacientes como para os profissionais. Ajuste a viscosidade adequada do gel para a utiliza\u00e7\u00e3o especificada com a tecnologia IPN-Like e facilite o processo de administra\u00e7\u00e3o com uma seringa BI-SOFT que minimiza a press\u00e3o sobre a pele e aumenta o controlo sobre a seringa. <\/span><\/p>\n","protected":false},"excerpt":{"rendered":"<p>STYLAGE M BI-SOFT com lidoca\u00edna \u00e9 um preenchimento d\u00e9rmico que utiliza tecnologias patenteadas VIVACY para melhorar o procedimento de inje\u00e7\u00e3o tanto para os pacientes como para os profissionais. Ajuste a viscosidade adequada do gel para a utiliza\u00e7\u00e3o especificada com a tecnologia IPN-Like e facilite o processo de administra\u00e7\u00e3o com uma seringa BI-SOFT que minimiza a [&hellip;]<\/p>\n","protected":false},"featured_media":123029,"comment_status":"closed","ping_status":"closed","template":"","meta":{"_acf_changed":false,"inline_featured_image":false},"product_brand":[4072],"product_cat":[4082,4083],"product_tag":[4084],"class_list":{"0":"post-123027","1":"product","2":"type-product","3":"status-publish","4":"has-post-thumbnail","6":"product_brand-stylage","7":"product_cat-dermal-fillers-pt-pt","8":"product_cat-ha-dermal-fillers-pt-pt","9":"product_tag-medical-devices-pt-pt","11":"first","12":"instock","13":"taxable","14":"shipping-taxable","15":"purchasable","16":"product-type-simple","17":"add-to-wishlist-before_image"},"acf":[],"yoast_head":"<!-- This site is optimized with the Yoast SEO plugin v27.1.1 - https:\/\/yoast.com\/product\/yoast-seo-wordpress\/ -->\n<title>Compre STYLAGE M BI-SOFT com lidoca\u00edna online - Linhas m\u00e9dias<\/title>\n<meta name=\"description\" content=\"Compre STYLAGE\u00ae M BI-SOFT\u00ae with lidocaine online e utilize este gel de HA para melhorar rugas e linhas m\u00e9dias a profundas ao redor do rosto. Aumente os l\u00e1bios.\" \/>\n<meta name=\"robots\" content=\"index, follow, max-snippet:-1, max-image-preview:large, max-video-preview:-1\" \/>\n<link rel=\"canonical\" href=\"https:\/\/kinamihealth.com\/pt-pt\/wp-json\/wp\/v2\/product\/123027\" \/>\n<meta property=\"og:locale\" content=\"pt_PT\" \/>\n<meta property=\"og:type\" content=\"article\" \/>\n<meta property=\"og:title\" content=\"Compre STYLAGE M BI-SOFT com lidoca\u00edna online - Linhas m\u00e9dias\" \/>\n<meta property=\"og:description\" content=\"Compre STYLAGE\u00ae M BI-SOFT\u00ae with lidocaine online e utilize este gel de HA para melhorar rugas e linhas m\u00e9dias a profundas ao redor do rosto. Aumente os l\u00e1bios.\" \/>\n<meta property=\"og:url\" content=\"https:\/\/kinamihealth.com\/pt-pt\/produto\/stylage-m-bi-soft-with-lidocaine\/\" \/>\n<meta property=\"og:site_name\" content=\"Kinami Health\" \/>\n<meta property=\"article:modified_time\" content=\"2026-03-18T09:57:29+00:00\" \/>\n<meta property=\"og:image\" content=\"https:\/\/kinamihealth.com\/wp-content\/uploads\/2025\/02\/VIVACY-STYLAGE-M-LIDOCAINE-BISOFT-02.jpg\" \/>\n\t<meta property=\"og:image:width\" content=\"800\" \/>\n\t<meta property=\"og:image:height\" content=\"800\" \/>\n\t<meta property=\"og:image:type\" content=\"image\/jpeg\" \/>\n<meta name=\"twitter:card\" content=\"summary_large_image\" \/>\n<meta name=\"twitter:label1\" content=\"Tempo estimado de leitura\" \/>\n\t<meta name=\"twitter:data1\" content=\"1 minuto\" \/>\n<!-- \/ Yoast SEO plugin. -->","yoast_head_json":{"title":"Compre STYLAGE M BI-SOFT com lidoca\u00edna online - Linhas m\u00e9dias","description":"Compre STYLAGE\u00ae M BI-SOFT\u00ae with lidocaine online e utilize este gel de HA para melhorar rugas e linhas m\u00e9dias a profundas ao redor do rosto. Aumente os l\u00e1bios.","robots":{"index":"index","follow":"follow","max-snippet":"max-snippet:-1","max-image-preview":"max-image-preview:large","max-video-preview":"max-video-preview:-1"},"canonical":"https:\/\/kinamihealth.com\/pt-pt\/wp-json\/wp\/v2\/product\/123027","og_locale":"pt_PT","og_type":"article","og_title":"Compre STYLAGE M BI-SOFT com lidoca\u00edna online - Linhas m\u00e9dias","og_description":"Compre STYLAGE\u00ae M BI-SOFT\u00ae with lidocaine online e utilize este gel de HA para melhorar rugas e linhas m\u00e9dias a profundas ao redor do rosto. Aumente os l\u00e1bios.","og_url":"https:\/\/kinamihealth.com\/pt-pt\/produto\/stylage-m-bi-soft-with-lidocaine\/","og_site_name":"Kinami Health","article_modified_time":"2026-03-18T09:57:29+00:00","og_image":[{"width":800,"height":800,"url":"https:\/\/kinamihealth.com\/wp-content\/uploads\/2025\/02\/VIVACY-STYLAGE-M-LIDOCAINE-BISOFT-02.jpg","type":"image\/jpeg"}],"twitter_card":"summary_large_image","twitter_misc":{"Tempo estimado de leitura":"1 minuto"},"schema":{"@context":"https:\/\/schema.org","@graph":[{"@type":"WebPage","@id":"https:\/\/kinamihealth.com\/pt-pt\/produto\/stylage-m-bi-soft-with-lidocaine\/","url":"https:\/\/kinamihealth.com\/pt-pt\/produto\/stylage-m-bi-soft-with-lidocaine\/","name":"Compre STYLAGE M BI-SOFT com lidoca\u00edna online - Linhas m\u00e9dias","isPartOf":{"@id":"https:\/\/kinamihealth.com\/#website"},"primaryImageOfPage":{"@id":"https:\/\/kinamihealth.com\/pt-pt\/produto\/stylage-m-bi-soft-with-lidocaine\/#primaryimage"},"image":{"@id":"https:\/\/kinamihealth.com\/pt-pt\/produto\/stylage-m-bi-soft-with-lidocaine\/#primaryimage"},"thumbnailUrl":"https:\/\/kinamihealth.com\/wp-content\/uploads\/2025\/02\/VIVACY-STYLAGE-M-LIDOCAINE-BISOFT-02.jpg","datePublished":"2025-02-15T16:58:09+00:00","dateModified":"2026-03-18T09:57:29+00:00","description":"Compre STYLAGE\u00ae M BI-SOFT\u00ae with lidocaine online e utilize este gel de HA para melhorar rugas e linhas m\u00e9dias a profundas ao redor do rosto. Aumente os l\u00e1bios.","breadcrumb":{"@id":"https:\/\/kinamihealth.com\/pt-pt\/produto\/stylage-m-bi-soft-with-lidocaine\/#breadcrumb"},"inLanguage":"pt-PT","potentialAction":[{"@type":"ReadAction","target":["https:\/\/kinamihealth.com\/pt-pt\/produto\/stylage-m-bi-soft-with-lidocaine\/"]}]},{"@type":"ImageObject","inLanguage":"pt-PT","@id":"https:\/\/kinamihealth.com\/pt-pt\/produto\/stylage-m-bi-soft-with-lidocaine\/#primaryimage","url":"https:\/\/kinamihealth.com\/wp-content\/uploads\/2025\/02\/VIVACY-STYLAGE-M-LIDOCAINE-BISOFT-02.jpg","contentUrl":"https:\/\/kinamihealth.com\/wp-content\/uploads\/2025\/02\/VIVACY-STYLAGE-M-LIDOCAINE-BISOFT-02.jpg","width":800,"height":800},{"@type":"BreadcrumbList","@id":"https:\/\/kinamihealth.com\/pt-pt\/produto\/stylage-m-bi-soft-with-lidocaine\/#breadcrumb","itemListElement":[{"@type":"ListItem","position":1,"name":"In\u00edcio","item":"https:\/\/kinamihealth.com\/"},{"@type":"ListItem","position":2,"name":"Loja","item":"https:\/\/kinamihealth.com\/shop\/"},{"@type":"ListItem","position":3,"name":"STYLAGE\u00ae M BI-SOFT\u00ae with Lidocaine"}]},{"@type":"WebSite","@id":"https:\/\/kinamihealth.com\/#website","url":"https:\/\/kinamihealth.com\/","name":"Kinami Health","description":"","publisher":{"@id":"https:\/\/kinamihealth.com\/#organization"},"potentialAction":[{"@type":"SearchAction","target":{"@type":"EntryPoint","urlTemplate":"https:\/\/kinamihealth.com\/?s={search_term_string}"},"query-input":{"@type":"PropertyValueSpecification","valueRequired":true,"valueName":"search_term_string"}}],"inLanguage":"pt-PT"},{"@type":"Organization","@id":"https:\/\/kinamihealth.com\/#organization","name":"Kinami Health","url":"https:\/\/kinamihealth.com\/","logo":{"@type":"ImageObject","inLanguage":"pt-PT","@id":"https:\/\/kinamihealth.com\/#\/schema\/logo\/image\/","url":"https:\/\/kinamihealth.com\/wp-content\/uploads\/2025\/01\/KH_logo_black_2-1.png","contentUrl":"https:\/\/kinamihealth.com\/wp-content\/uploads\/2025\/01\/KH_logo_black_2-1.png","width":339,"height":34,"caption":"Kinami Health"},"image":{"@id":"https:\/\/kinamihealth.com\/#\/schema\/logo\/image\/"}}]}},"_links":{"self":[{"href":"https:\/\/kinamihealth.com\/pt-pt\/wp-json\/wp\/v2\/product\/123027","targetHints":{"allow":["GET"]}}],"collection":[{"href":"https:\/\/kinamihealth.com\/pt-pt\/wp-json\/wp\/v2\/product"}],"about":[{"href":"https:\/\/kinamihealth.com\/pt-pt\/wp-json\/wp\/v2\/types\/product"}],"replies":[{"embeddable":true,"href":"https:\/\/kinamihealth.com\/pt-pt\/wp-json\/wp\/v2\/comments?post=123027"}],"version-history":[{"count":1,"href":"https:\/\/kinamihealth.com\/pt-pt\/wp-json\/wp\/v2\/product\/123027\/revisions"}],"predecessor-version":[{"id":133915,"href":"https:\/\/kinamihealth.com\/pt-pt\/wp-json\/wp\/v2\/product\/123027\/revisions\/133915"}],"wp:featuredmedia":[{"embeddable":true,"href":"https:\/\/kinamihealth.com\/pt-pt\/wp-json\/wp\/v2\/media\/123029"}],"wp:attachment":[{"href":"https:\/\/kinamihealth.com\/pt-pt\/wp-json\/wp\/v2\/media?parent=123027"}],"wp:term":[{"taxonomy":"product_brand","embeddable":true,"href":"https:\/\/kinamihealth.com\/pt-pt\/wp-json\/wp\/v2\/product_brand?post=123027"},{"taxonomy":"product_cat","embeddable":true,"href":"https:\/\/kinamihealth.com\/pt-pt\/wp-json\/wp\/v2\/product_cat?post=123027"},{"taxonomy":"product_tag","embeddable":true,"href":"https:\/\/kinamihealth.com\/pt-pt\/wp-json\/wp\/v2\/product_tag?post=123027"}],"curies":[{"name":"wp","href":"https:\/\/api.w.org\/{rel}","templated":true}]}}