{"id":123024,"date":"2025-02-15T16:58:08","date_gmt":"2025-02-15T16:58:08","guid":{"rendered":"https:\/\/kinamihealth.com\/product\/stylage-m-bi-soft\/"},"modified":"2026-03-18T09:51:13","modified_gmt":"2026-03-18T09:51:13","slug":"stylage-m-bi-soft","status":"publish","type":"product","link":"https:\/\/kinamihealth.com\/pt-pt\/produto\/stylage-m-bi-soft\/","title":{"rendered":"STYLAGE\u00ae M BI-SOFT\u00ae"},"content":{"rendered":"<p><span style=\"font-weight: 400;\">Um preenchimento d\u00e9rmico eficaz para aumentar o volume facial e suavizar rugas, o <\/span><b>Stylage M Bi-Soft<\/b><span style=\"font-weight: 400;\"> oferece resultados superiores. Este preenchimento avan\u00e7ado com \u00e1cido hialur\u00f3nico (HA) oferece uma <\/span><b>solu\u00e7\u00e3o n\u00e3o cir\u00fargica para rugas m\u00e9dias a profundas, perda de volume e contorno facial<\/b><span style=\"font-weight: 400;\">. Foi concebido com a <\/span><b>tecnologia de inje\u00e7\u00e3o Bi-Soft<\/b><span style=\"font-weight: 400;\">, garantindo uma aplica\u00e7\u00e3o precisa e o conforto do paciente, tornando mais f\u00e1cil para os profissionais obterem resultados mais suaves e uniformes com menos esfor\u00e7o. <\/span><\/p>\n","protected":false},"excerpt":{"rendered":"<p>Um preenchimento d\u00e9rmico eficaz para aumentar o volume facial e suavizar rugas, o Stylage M Bi-Soft oferece resultados superiores. Este preenchimento avan\u00e7ado com \u00e1cido hialur\u00f3nico (HA) oferece uma solu\u00e7\u00e3o n\u00e3o cir\u00fargica para rugas m\u00e9dias a profundas, perda de volume e contorno facial. Foi concebido com a tecnologia de inje\u00e7\u00e3o Bi-Soft, garantindo uma aplica\u00e7\u00e3o precisa e [&hellip;]<\/p>\n","protected":false},"featured_media":123025,"comment_status":"closed","ping_status":"closed","template":"","meta":{"_acf_changed":false,"inline_featured_image":false},"product_brand":[4072],"product_cat":[4082,4083],"product_tag":[4084],"class_list":{"0":"post-123024","1":"product","2":"type-product","3":"status-publish","4":"has-post-thumbnail","6":"product_brand-stylage","7":"product_cat-dermal-fillers-pt-pt","8":"product_cat-ha-dermal-fillers-pt-pt","9":"product_tag-medical-devices-pt-pt","11":"first","12":"instock","13":"taxable","14":"shipping-taxable","15":"purchasable","16":"product-type-simple","17":"add-to-wishlist-before_image"},"acf":[],"yoast_head":"<!-- This site is optimized with the Yoast SEO plugin v27.3 - https:\/\/yoast.com\/product\/yoast-seo-wordpress\/ -->\n<title>Compre Stylage M Bi-Soft online para corre\u00e7\u00e3o de rugas<\/title>\n<meta name=\"description\" content=\"Compre Stylage\u00ae M Bi-Soft\u00ae online: corre\u00e7\u00e3o duradoura de rugas e contorno facial com maior conforto e efic\u00e1cia. Encomende agora!\" \/>\n<meta name=\"robots\" content=\"index, follow, max-snippet:-1, max-image-preview:large, max-video-preview:-1\" \/>\n<link rel=\"canonical\" href=\"https:\/\/kinamihealth.com\/pt-pt\/wp-json\/wp\/v2\/product\/123024\" \/>\n<meta property=\"og:locale\" content=\"pt_PT\" \/>\n<meta property=\"og:type\" content=\"article\" \/>\n<meta property=\"og:title\" content=\"Compre Stylage M Bi-Soft online para corre\u00e7\u00e3o de rugas\" \/>\n<meta property=\"og:description\" content=\"Compre Stylage\u00ae M Bi-Soft\u00ae online: corre\u00e7\u00e3o duradoura de rugas e contorno facial com maior conforto e efic\u00e1cia. Encomende agora!\" \/>\n<meta property=\"og:url\" content=\"https:\/\/kinamihealth.com\/pt-pt\/produto\/stylage-m-bi-soft\/\" \/>\n<meta property=\"og:site_name\" content=\"Kinami Health\" \/>\n<meta property=\"article:modified_time\" content=\"2026-03-18T09:51:13+00:00\" \/>\n<meta property=\"og:image\" content=\"https:\/\/kinamihealth.com\/wp-content\/uploads\/2025\/02\/VIVACY-STYLAGE-M-BISOFT-01.jpg\" \/>\n\t<meta property=\"og:image:width\" content=\"800\" \/>\n\t<meta property=\"og:image:height\" content=\"800\" \/>\n\t<meta property=\"og:image:type\" content=\"image\/jpeg\" \/>\n<meta name=\"twitter:card\" content=\"summary_large_image\" \/>\n<meta name=\"twitter:label1\" content=\"Tempo estimado de leitura\" \/>\n\t<meta name=\"twitter:data1\" content=\"1 minuto\" \/>\n<!-- \/ Yoast SEO plugin. -->","yoast_head_json":{"title":"Compre Stylage M Bi-Soft online para corre\u00e7\u00e3o de rugas","description":"Compre Stylage\u00ae M Bi-Soft\u00ae online: corre\u00e7\u00e3o duradoura de rugas e contorno facial com maior conforto e efic\u00e1cia. Encomende agora!","robots":{"index":"index","follow":"follow","max-snippet":"max-snippet:-1","max-image-preview":"max-image-preview:large","max-video-preview":"max-video-preview:-1"},"canonical":"https:\/\/kinamihealth.com\/pt-pt\/wp-json\/wp\/v2\/product\/123024","og_locale":"pt_PT","og_type":"article","og_title":"Compre Stylage M Bi-Soft online para corre\u00e7\u00e3o de rugas","og_description":"Compre Stylage\u00ae M Bi-Soft\u00ae online: corre\u00e7\u00e3o duradoura de rugas e contorno facial com maior conforto e efic\u00e1cia. Encomende agora!","og_url":"https:\/\/kinamihealth.com\/pt-pt\/produto\/stylage-m-bi-soft\/","og_site_name":"Kinami Health","article_modified_time":"2026-03-18T09:51:13+00:00","og_image":[{"width":800,"height":800,"url":"https:\/\/kinamihealth.com\/wp-content\/uploads\/2025\/02\/VIVACY-STYLAGE-M-BISOFT-01.jpg","type":"image\/jpeg"}],"twitter_card":"summary_large_image","twitter_misc":{"Tempo estimado de leitura":"1 minuto"},"schema":{"@context":"https:\/\/schema.org","@graph":[{"@type":"WebPage","@id":"https:\/\/kinamihealth.com\/pt-pt\/produto\/stylage-m-bi-soft\/","url":"https:\/\/kinamihealth.com\/pt-pt\/produto\/stylage-m-bi-soft\/","name":"Compre Stylage M Bi-Soft online para corre\u00e7\u00e3o de rugas","isPartOf":{"@id":"https:\/\/kinamihealth.com\/#website"},"primaryImageOfPage":{"@id":"https:\/\/kinamihealth.com\/pt-pt\/produto\/stylage-m-bi-soft\/#primaryimage"},"image":{"@id":"https:\/\/kinamihealth.com\/pt-pt\/produto\/stylage-m-bi-soft\/#primaryimage"},"thumbnailUrl":"https:\/\/kinamihealth.com\/wp-content\/uploads\/2025\/02\/VIVACY-STYLAGE-M-BISOFT-01.jpg","datePublished":"2025-02-15T16:58:08+00:00","dateModified":"2026-03-18T09:51:13+00:00","description":"Compre Stylage\u00ae M Bi-Soft\u00ae online: corre\u00e7\u00e3o duradoura de rugas e contorno facial com maior conforto e efic\u00e1cia. Encomende agora!","breadcrumb":{"@id":"https:\/\/kinamihealth.com\/pt-pt\/produto\/stylage-m-bi-soft\/#breadcrumb"},"inLanguage":"pt-PT","potentialAction":[{"@type":"ReadAction","target":["https:\/\/kinamihealth.com\/pt-pt\/produto\/stylage-m-bi-soft\/"]}]},{"@type":"ImageObject","inLanguage":"pt-PT","@id":"https:\/\/kinamihealth.com\/pt-pt\/produto\/stylage-m-bi-soft\/#primaryimage","url":"https:\/\/kinamihealth.com\/wp-content\/uploads\/2025\/02\/VIVACY-STYLAGE-M-BISOFT-01.jpg","contentUrl":"https:\/\/kinamihealth.com\/wp-content\/uploads\/2025\/02\/VIVACY-STYLAGE-M-BISOFT-01.jpg","width":800,"height":800},{"@type":"BreadcrumbList","@id":"https:\/\/kinamihealth.com\/pt-pt\/produto\/stylage-m-bi-soft\/#breadcrumb","itemListElement":[{"@type":"ListItem","position":1,"name":"In\u00edcio","item":"https:\/\/kinamihealth.com\/"},{"@type":"ListItem","position":2,"name":"Loja","item":"https:\/\/kinamihealth.com\/shop\/"},{"@type":"ListItem","position":3,"name":"STYLAGE\u00ae M BI-SOFT\u00ae"}]},{"@type":"WebSite","@id":"https:\/\/kinamihealth.com\/#website","url":"https:\/\/kinamihealth.com\/","name":"Kinami Health","description":"","publisher":{"@id":"https:\/\/kinamihealth.com\/#organization"},"potentialAction":[{"@type":"SearchAction","target":{"@type":"EntryPoint","urlTemplate":"https:\/\/kinamihealth.com\/?s={search_term_string}"},"query-input":{"@type":"PropertyValueSpecification","valueRequired":true,"valueName":"search_term_string"}}],"inLanguage":"pt-PT"},{"@type":"Organization","@id":"https:\/\/kinamihealth.com\/#organization","name":"Kinami Health","url":"https:\/\/kinamihealth.com\/","logo":{"@type":"ImageObject","inLanguage":"pt-PT","@id":"https:\/\/kinamihealth.com\/#\/schema\/logo\/image\/","url":"https:\/\/kinamihealth.com\/wp-content\/uploads\/2025\/01\/KH_logo_black_2-1.png","contentUrl":"https:\/\/kinamihealth.com\/wp-content\/uploads\/2025\/01\/KH_logo_black_2-1.png","width":339,"height":34,"caption":"Kinami Health"},"image":{"@id":"https:\/\/kinamihealth.com\/#\/schema\/logo\/image\/"}}]}},"_links":{"self":[{"href":"https:\/\/kinamihealth.com\/pt-pt\/wp-json\/wp\/v2\/product\/123024","targetHints":{"allow":["GET"]}}],"collection":[{"href":"https:\/\/kinamihealth.com\/pt-pt\/wp-json\/wp\/v2\/product"}],"about":[{"href":"https:\/\/kinamihealth.com\/pt-pt\/wp-json\/wp\/v2\/types\/product"}],"replies":[{"embeddable":true,"href":"https:\/\/kinamihealth.com\/pt-pt\/wp-json\/wp\/v2\/comments?post=123024"}],"version-history":[{"count":1,"href":"https:\/\/kinamihealth.com\/pt-pt\/wp-json\/wp\/v2\/product\/123024\/revisions"}],"predecessor-version":[{"id":133907,"href":"https:\/\/kinamihealth.com\/pt-pt\/wp-json\/wp\/v2\/product\/123024\/revisions\/133907"}],"wp:featuredmedia":[{"embeddable":true,"href":"https:\/\/kinamihealth.com\/pt-pt\/wp-json\/wp\/v2\/media\/123025"}],"wp:attachment":[{"href":"https:\/\/kinamihealth.com\/pt-pt\/wp-json\/wp\/v2\/media?parent=123024"}],"wp:term":[{"taxonomy":"product_brand","embeddable":true,"href":"https:\/\/kinamihealth.com\/pt-pt\/wp-json\/wp\/v2\/product_brand?post=123024"},{"taxonomy":"product_cat","embeddable":true,"href":"https:\/\/kinamihealth.com\/pt-pt\/wp-json\/wp\/v2\/product_cat?post=123024"},{"taxonomy":"product_tag","embeddable":true,"href":"https:\/\/kinamihealth.com\/pt-pt\/wp-json\/wp\/v2\/product_tag?post=123024"}],"curies":[{"name":"wp","href":"https:\/\/api.w.org\/{rel}","templated":true}]}}