{"id":122750,"date":"2025-02-15T16:57:40","date_gmt":"2025-02-15T16:57:40","guid":{"rendered":"https:\/\/kinamihealth.com\/product\/saypha-rich\/"},"modified":"2026-01-08T12:57:07","modified_gmt":"2026-01-08T12:57:07","slug":"saypha-rich","status":"publish","type":"product","link":"https:\/\/kinamihealth.com\/pt-pt\/produto\/saypha-rich\/","title":{"rendered":"SAYPHA\u00ae RICH"},"content":{"rendered":"<p><span style=\"font-weight: 400;\">Saypha Rich \u00e9 um <\/span><b>potenciador de pele de \u00faltima gera\u00e7\u00e3o<\/b><span style=\"font-weight: 400;\"> usado para rejuvenescer a pele, restaurando a <\/span><b>hidrata\u00e7\u00e3o<\/b><span style=\"font-weight: 400;\"> e melhorando a <\/span><b>elasticidade<\/b><span style=\"font-weight: 400;\">. Este tratamento injet\u00e1vel \u00e9 formulado com <\/span><b>\u00e1cido hialur\u00f3nico n\u00e3o reticulado<\/b><span style=\"font-weight: 400;\"> e <\/span><b>glicerol<\/b><span style=\"font-weight: 400;\">, proporcionando hidrata\u00e7\u00e3o profunda e suporte estrutural \u00e0 pele. Saypha Rich \u00e9 comumente usado para melhorar a textura da pele, <\/span><b>reduzir linhas finas<\/b><span style=\"font-weight: 400;\"> e promover uma <\/span><b>apar\u00eancia jovem<\/b><span style=\"font-weight: 400;\">.<\/span><\/p>\n","protected":false},"excerpt":{"rendered":"<p>Saypha Rich \u00e9 um potenciador de pele de \u00faltima gera\u00e7\u00e3o usado para rejuvenescer a pele, restaurando a hidrata\u00e7\u00e3o e melhorando a elasticidade. Este tratamento injet\u00e1vel \u00e9 formulado com \u00e1cido hialur\u00f3nico n\u00e3o reticulado e glicerol, proporcionando hidrata\u00e7\u00e3o profunda e suporte estrutural \u00e0 pele. Saypha Rich \u00e9 comumente usado para melhorar a textura da pele, reduzir linhas [&hellip;]<\/p>\n","protected":false},"featured_media":122754,"comment_status":"closed","ping_status":"closed","template":"","meta":{"_acf_changed":false,"inline_featured_image":false},"product_brand":[4049],"product_cat":[4082,4083],"product_tag":[4084],"class_list":{"0":"post-122750","1":"product","2":"type-product","3":"status-publish","4":"has-post-thumbnail","6":"product_brand-saypha","7":"product_cat-dermal-fillers-pt-pt","8":"product_cat-ha-dermal-fillers-pt-pt","9":"product_tag-medical-devices-pt-pt","11":"first","12":"instock","13":"taxable","14":"shipping-taxable","15":"purchasable","16":"product-type-simple","17":"add-to-wishlist-before_image"},"acf":[],"yoast_head":"<!-- This site is optimized with the Yoast SEO plugin v27.3 - https:\/\/yoast.com\/product\/yoast-seo-wordpress\/ -->\n<title>Compre Saypha Rich Online na Kinami Health<\/title>\n<meta name=\"description\" content=\"Compre Saypha\u00ae Rich online - um estimulante para a pele \u00e0 base de \u00e1cido hialur\u00f3nico, concebido para rejuvenescer a pele com hidrata\u00e7\u00e3o profunda, melhoria da elasticidade e redu\u00e7\u00e3o das linhas finas, para uma apar\u00eancia jovem.\" \/>\n<meta name=\"robots\" content=\"index, follow, max-snippet:-1, max-image-preview:large, max-video-preview:-1\" \/>\n<link rel=\"canonical\" href=\"https:\/\/kinamihealth.com\/pt-pt\/wp-json\/wp\/v2\/product\/122750\" \/>\n<meta property=\"og:locale\" content=\"pt_PT\" \/>\n<meta property=\"og:type\" content=\"article\" \/>\n<meta property=\"og:title\" content=\"Compre Saypha Rich Online na Kinami Health\" \/>\n<meta property=\"og:description\" content=\"Compre Saypha\u00ae Rich online - um estimulante para a pele \u00e0 base de \u00e1cido hialur\u00f3nico, concebido para rejuvenescer a pele com hidrata\u00e7\u00e3o profunda, melhoria da elasticidade e redu\u00e7\u00e3o das linhas finas, para uma apar\u00eancia jovem.\" \/>\n<meta property=\"og:url\" content=\"https:\/\/kinamihealth.com\/pt-pt\/produto\/saypha-rich\/\" \/>\n<meta property=\"og:site_name\" content=\"Kinami Health\" \/>\n<meta property=\"article:modified_time\" content=\"2026-01-08T12:57:07+00:00\" \/>\n<meta property=\"og:image\" content=\"https:\/\/kinamihealth.com\/wp-content\/uploads\/2025\/02\/CHROMA-SAYPHA-RICH-03.jpg\" \/>\n\t<meta property=\"og:image:width\" content=\"800\" \/>\n\t<meta property=\"og:image:height\" content=\"800\" \/>\n\t<meta property=\"og:image:type\" content=\"image\/jpeg\" \/>\n<meta name=\"twitter:card\" content=\"summary_large_image\" \/>\n<meta name=\"twitter:label1\" content=\"Tempo estimado de leitura\" \/>\n\t<meta name=\"twitter:data1\" content=\"1 minuto\" \/>\n<!-- \/ Yoast SEO plugin. -->","yoast_head_json":{"title":"Compre Saypha Rich Online na Kinami Health","description":"Compre Saypha\u00ae Rich online - um estimulante para a pele \u00e0 base de \u00e1cido hialur\u00f3nico, concebido para rejuvenescer a pele com hidrata\u00e7\u00e3o profunda, melhoria da elasticidade e redu\u00e7\u00e3o das linhas finas, para uma apar\u00eancia jovem.","robots":{"index":"index","follow":"follow","max-snippet":"max-snippet:-1","max-image-preview":"max-image-preview:large","max-video-preview":"max-video-preview:-1"},"canonical":"https:\/\/kinamihealth.com\/pt-pt\/wp-json\/wp\/v2\/product\/122750","og_locale":"pt_PT","og_type":"article","og_title":"Compre Saypha Rich Online na Kinami Health","og_description":"Compre Saypha\u00ae Rich online - um estimulante para a pele \u00e0 base de \u00e1cido hialur\u00f3nico, concebido para rejuvenescer a pele com hidrata\u00e7\u00e3o profunda, melhoria da elasticidade e redu\u00e7\u00e3o das linhas finas, para uma apar\u00eancia jovem.","og_url":"https:\/\/kinamihealth.com\/pt-pt\/produto\/saypha-rich\/","og_site_name":"Kinami Health","article_modified_time":"2026-01-08T12:57:07+00:00","og_image":[{"width":800,"height":800,"url":"https:\/\/kinamihealth.com\/wp-content\/uploads\/2025\/02\/CHROMA-SAYPHA-RICH-03.jpg","type":"image\/jpeg"}],"twitter_card":"summary_large_image","twitter_misc":{"Tempo estimado de leitura":"1 minuto"},"schema":{"@context":"https:\/\/schema.org","@graph":[{"@type":"WebPage","@id":"https:\/\/kinamihealth.com\/pt-pt\/produto\/saypha-rich\/","url":"https:\/\/kinamihealth.com\/pt-pt\/produto\/saypha-rich\/","name":"Compre Saypha Rich Online na Kinami Health","isPartOf":{"@id":"https:\/\/kinamihealth.com\/#website"},"primaryImageOfPage":{"@id":"https:\/\/kinamihealth.com\/pt-pt\/produto\/saypha-rich\/#primaryimage"},"image":{"@id":"https:\/\/kinamihealth.com\/pt-pt\/produto\/saypha-rich\/#primaryimage"},"thumbnailUrl":"https:\/\/kinamihealth.com\/wp-content\/uploads\/2025\/02\/CHROMA-SAYPHA-RICH-03.jpg","datePublished":"2025-02-15T16:57:40+00:00","dateModified":"2026-01-08T12:57:07+00:00","description":"Compre Saypha\u00ae Rich online - um estimulante para a pele \u00e0 base de \u00e1cido hialur\u00f3nico, concebido para rejuvenescer a pele com hidrata\u00e7\u00e3o profunda, melhoria da elasticidade e redu\u00e7\u00e3o das linhas finas, para uma apar\u00eancia jovem.","breadcrumb":{"@id":"https:\/\/kinamihealth.com\/pt-pt\/produto\/saypha-rich\/#breadcrumb"},"inLanguage":"pt-PT","potentialAction":[{"@type":"ReadAction","target":["https:\/\/kinamihealth.com\/pt-pt\/produto\/saypha-rich\/"]}]},{"@type":"ImageObject","inLanguage":"pt-PT","@id":"https:\/\/kinamihealth.com\/pt-pt\/produto\/saypha-rich\/#primaryimage","url":"https:\/\/kinamihealth.com\/wp-content\/uploads\/2025\/02\/CHROMA-SAYPHA-RICH-03.jpg","contentUrl":"https:\/\/kinamihealth.com\/wp-content\/uploads\/2025\/02\/CHROMA-SAYPHA-RICH-03.jpg","width":800,"height":800},{"@type":"BreadcrumbList","@id":"https:\/\/kinamihealth.com\/pt-pt\/produto\/saypha-rich\/#breadcrumb","itemListElement":[{"@type":"ListItem","position":1,"name":"In\u00edcio","item":"https:\/\/kinamihealth.com\/"},{"@type":"ListItem","position":2,"name":"Loja","item":"https:\/\/kinamihealth.com\/shop\/"},{"@type":"ListItem","position":3,"name":"SAYPHA\u00ae RICH"}]},{"@type":"WebSite","@id":"https:\/\/kinamihealth.com\/#website","url":"https:\/\/kinamihealth.com\/","name":"Kinami Health","description":"","publisher":{"@id":"https:\/\/kinamihealth.com\/#organization"},"potentialAction":[{"@type":"SearchAction","target":{"@type":"EntryPoint","urlTemplate":"https:\/\/kinamihealth.com\/?s={search_term_string}"},"query-input":{"@type":"PropertyValueSpecification","valueRequired":true,"valueName":"search_term_string"}}],"inLanguage":"pt-PT"},{"@type":"Organization","@id":"https:\/\/kinamihealth.com\/#organization","name":"Kinami Health","url":"https:\/\/kinamihealth.com\/","logo":{"@type":"ImageObject","inLanguage":"pt-PT","@id":"https:\/\/kinamihealth.com\/#\/schema\/logo\/image\/","url":"https:\/\/kinamihealth.com\/wp-content\/uploads\/2025\/01\/KH_logo_black_2-1.png","contentUrl":"https:\/\/kinamihealth.com\/wp-content\/uploads\/2025\/01\/KH_logo_black_2-1.png","width":339,"height":34,"caption":"Kinami Health"},"image":{"@id":"https:\/\/kinamihealth.com\/#\/schema\/logo\/image\/"}}]}},"_links":{"self":[{"href":"https:\/\/kinamihealth.com\/pt-pt\/wp-json\/wp\/v2\/product\/122750","targetHints":{"allow":["GET"]}}],"collection":[{"href":"https:\/\/kinamihealth.com\/pt-pt\/wp-json\/wp\/v2\/product"}],"about":[{"href":"https:\/\/kinamihealth.com\/pt-pt\/wp-json\/wp\/v2\/types\/product"}],"replies":[{"embeddable":true,"href":"https:\/\/kinamihealth.com\/pt-pt\/wp-json\/wp\/v2\/comments?post=122750"}],"version-history":[{"count":0,"href":"https:\/\/kinamihealth.com\/pt-pt\/wp-json\/wp\/v2\/product\/122750\/revisions"}],"wp:featuredmedia":[{"embeddable":true,"href":"https:\/\/kinamihealth.com\/pt-pt\/wp-json\/wp\/v2\/media\/122754"}],"wp:attachment":[{"href":"https:\/\/kinamihealth.com\/pt-pt\/wp-json\/wp\/v2\/media?parent=122750"}],"wp:term":[{"taxonomy":"product_brand","embeddable":true,"href":"https:\/\/kinamihealth.com\/pt-pt\/wp-json\/wp\/v2\/product_brand?post=122750"},{"taxonomy":"product_cat","embeddable":true,"href":"https:\/\/kinamihealth.com\/pt-pt\/wp-json\/wp\/v2\/product_cat?post=122750"},{"taxonomy":"product_tag","embeddable":true,"href":"https:\/\/kinamihealth.com\/pt-pt\/wp-json\/wp\/v2\/product_tag?post=122750"}],"curies":[{"name":"wp","href":"https:\/\/api.w.org\/{rel}","templated":true}]}}