{"id":122734,"date":"2025-02-15T16:54:28","date_gmt":"2025-02-15T16:54:28","guid":{"rendered":"https:\/\/kinamihealth.com\/product\/sesderma-c-vit-radiance-glowing-fluid\/"},"modified":"2026-01-09T14:01:42","modified_gmt":"2026-01-09T14:01:42","slug":"sesderma-c-vit-radiance-glowing-fluid","status":"publish","type":"product","link":"https:\/\/kinamihealth.com\/pt-pt\/produto\/sesderma-c-vit-radiance-glowing-fluid\/","title":{"rendered":"SESDERMA\u00ae C-VIT RADIANCE GLOWING FLUID"},"content":{"rendered":"<p><b>C -VIT RADIANCE GLOWING FLUID <\/b><span style=\"font-weight: 400;\">\u00e9 um <\/span><b>produto premium para cuidados com a pele <\/b><span style=\"font-weight: 400;\">da <\/span><b>Sesderma <\/b><span style=\"font-weight: 400;\">que combina as <\/span><b>capacidades hidratantes <\/b><span style=\"font-weight: 400;\">do <\/span><b>\u00e1cido hialur\u00f3nico <\/b><span style=\"font-weight: 400;\">e as <\/span><b>propriedades antioxidantes <\/b><span style=\"font-weight: 400;\">da estabilizada. Use este produto <\/span><b>diariamente <\/b><span style=\"font-weight: 400;\">de <\/span><b>manh\u00e3 <\/b><span style=\"font-weight: 400;\">e <\/span><b>\u00e0 noite <\/b><span style=\"font-weight: 400;\">para proteger a pele dos <\/span><b>radicais livres, corrigir <\/b><span style=\"font-weight: 400;\">descolora\u00e7\u00f5es cut\u00e2neas<\/span><b>, aumentar a produ\u00e7\u00e3o de colag\u00e9nio, <\/b><span style=\"font-weight: 400;\">\u00a0e <\/span><b>estimular a regenera\u00e7\u00e3o dos tecidos<\/b><span style=\"font-weight: 400;\">. <\/span><b>Compre C-VIT RADIANCE GLOWING FLUID <\/b><span style=\"font-weight: 400;\">na <\/span><b>Kinami Health <\/b><span style=\"font-weight: 400;\">e <\/span><b>adquira produtos da marca Sesderma.<\/b><\/p>\n","protected":false},"excerpt":{"rendered":"<p>C -VIT RADIANCE GLOWING FLUID \u00e9 um produto premium para cuidados com a pele da Sesderma que combina as capacidades hidratantes do \u00e1cido hialur\u00f3nico e as propriedades antioxidantes da estabilizada. Use este produto diariamente de manh\u00e3 e \u00e0 noite para proteger a pele dos radicais livres, corrigir descolora\u00e7\u00f5es cut\u00e2neas, aumentar a produ\u00e7\u00e3o de colag\u00e9nio, \u00a0e [&hellip;]<\/p>\n","protected":false},"featured_media":122735,"comment_status":"closed","ping_status":"closed","template":"","meta":{"_acf_changed":false,"inline_featured_image":false},"product_brand":[4051],"product_cat":[4299],"product_tag":[4084],"class_list":{"0":"post-122734","1":"product","2":"type-product","3":"status-publish","4":"has-post-thumbnail","6":"product_brand-sesderma","7":"product_cat-skincare-pt-pt","8":"product_tag-medical-devices-pt-pt","10":"first","11":"instock","12":"taxable","13":"shipping-taxable","14":"purchasable","15":"product-type-simple","16":"add-to-wishlist-before_image"},"acf":[],"yoast_head":"<!-- This site is optimized with the Yoast SEO plugin v27.3 - https:\/\/yoast.com\/product\/yoast-seo-wordpress\/ -->\n<title>Compre C-VIT RADIANCE GLOWING FLUID Online - Cuidados com a pele<\/title>\n<meta name=\"description\" content=\"Compre Sesderma\u00ae C-VIT radiance glowing fluid online e proporcione hidrata\u00e7\u00e3o e prote\u00e7\u00e3o contra o stress oxidativo \u00e0 pele do rosto, pesco\u00e7o e decote.\" \/>\n<meta name=\"robots\" content=\"index, follow, max-snippet:-1, max-image-preview:large, max-video-preview:-1\" \/>\n<link rel=\"canonical\" href=\"https:\/\/kinamihealth.com\/pt-pt\/wp-json\/wp\/v2\/product\/122734\" \/>\n<meta property=\"og:locale\" content=\"pt_PT\" \/>\n<meta property=\"og:type\" content=\"article\" \/>\n<meta property=\"og:title\" content=\"Compre C-VIT RADIANCE GLOWING FLUID Online - Cuidados com a pele\" \/>\n<meta property=\"og:description\" content=\"Compre Sesderma\u00ae C-VIT radiance glowing fluid online e proporcione hidrata\u00e7\u00e3o e prote\u00e7\u00e3o contra o stress oxidativo \u00e0 pele do rosto, pesco\u00e7o e decote.\" \/>\n<meta property=\"og:url\" content=\"https:\/\/kinamihealth.com\/pt-pt\/produto\/sesderma-c-vit-radiance-glowing-fluid\/\" \/>\n<meta property=\"og:site_name\" content=\"Kinami Health\" \/>\n<meta property=\"article:modified_time\" content=\"2026-01-09T14:01:42+00:00\" \/>\n<meta property=\"og:image\" content=\"https:\/\/kinamihealth.com\/wp-content\/uploads\/2025\/02\/SESDERMA-C-VIT-RADIANCE-GLOWING-FLUID-01.jpg\" \/>\n\t<meta property=\"og:image:width\" content=\"800\" \/>\n\t<meta property=\"og:image:height\" content=\"800\" \/>\n\t<meta property=\"og:image:type\" content=\"image\/jpeg\" \/>\n<meta name=\"twitter:card\" content=\"summary_large_image\" \/>\n<meta name=\"twitter:label1\" content=\"Tempo estimado de leitura\" \/>\n\t<meta name=\"twitter:data1\" content=\"1 minuto\" \/>\n<!-- \/ Yoast SEO plugin. -->","yoast_head_json":{"title":"Compre C-VIT RADIANCE GLOWING FLUID Online - Cuidados com a pele","description":"Compre Sesderma\u00ae C-VIT radiance glowing fluid online e proporcione hidrata\u00e7\u00e3o e prote\u00e7\u00e3o contra o stress oxidativo \u00e0 pele do rosto, pesco\u00e7o e decote.","robots":{"index":"index","follow":"follow","max-snippet":"max-snippet:-1","max-image-preview":"max-image-preview:large","max-video-preview":"max-video-preview:-1"},"canonical":"https:\/\/kinamihealth.com\/pt-pt\/wp-json\/wp\/v2\/product\/122734","og_locale":"pt_PT","og_type":"article","og_title":"Compre C-VIT RADIANCE GLOWING FLUID Online - Cuidados com a pele","og_description":"Compre Sesderma\u00ae C-VIT radiance glowing fluid online e proporcione hidrata\u00e7\u00e3o e prote\u00e7\u00e3o contra o stress oxidativo \u00e0 pele do rosto, pesco\u00e7o e decote.","og_url":"https:\/\/kinamihealth.com\/pt-pt\/produto\/sesderma-c-vit-radiance-glowing-fluid\/","og_site_name":"Kinami Health","article_modified_time":"2026-01-09T14:01:42+00:00","og_image":[{"width":800,"height":800,"url":"https:\/\/kinamihealth.com\/wp-content\/uploads\/2025\/02\/SESDERMA-C-VIT-RADIANCE-GLOWING-FLUID-01.jpg","type":"image\/jpeg"}],"twitter_card":"summary_large_image","twitter_misc":{"Tempo estimado de leitura":"1 minuto"},"schema":{"@context":"https:\/\/schema.org","@graph":[{"@type":"WebPage","@id":"https:\/\/kinamihealth.com\/pt-pt\/produto\/sesderma-c-vit-radiance-glowing-fluid\/","url":"https:\/\/kinamihealth.com\/pt-pt\/produto\/sesderma-c-vit-radiance-glowing-fluid\/","name":"Compre C-VIT RADIANCE GLOWING FLUID Online - Cuidados com a pele","isPartOf":{"@id":"https:\/\/kinamihealth.com\/#website"},"primaryImageOfPage":{"@id":"https:\/\/kinamihealth.com\/pt-pt\/produto\/sesderma-c-vit-radiance-glowing-fluid\/#primaryimage"},"image":{"@id":"https:\/\/kinamihealth.com\/pt-pt\/produto\/sesderma-c-vit-radiance-glowing-fluid\/#primaryimage"},"thumbnailUrl":"https:\/\/kinamihealth.com\/wp-content\/uploads\/2025\/02\/SESDERMA-C-VIT-RADIANCE-GLOWING-FLUID-01.jpg","datePublished":"2025-02-15T16:54:28+00:00","dateModified":"2026-01-09T14:01:42+00:00","description":"Compre Sesderma\u00ae C-VIT radiance glowing fluid online e proporcione hidrata\u00e7\u00e3o e prote\u00e7\u00e3o contra o stress oxidativo \u00e0 pele do rosto, pesco\u00e7o e decote.","breadcrumb":{"@id":"https:\/\/kinamihealth.com\/pt-pt\/produto\/sesderma-c-vit-radiance-glowing-fluid\/#breadcrumb"},"inLanguage":"pt-PT","potentialAction":[{"@type":"ReadAction","target":["https:\/\/kinamihealth.com\/pt-pt\/produto\/sesderma-c-vit-radiance-glowing-fluid\/"]}]},{"@type":"ImageObject","inLanguage":"pt-PT","@id":"https:\/\/kinamihealth.com\/pt-pt\/produto\/sesderma-c-vit-radiance-glowing-fluid\/#primaryimage","url":"https:\/\/kinamihealth.com\/wp-content\/uploads\/2025\/02\/SESDERMA-C-VIT-RADIANCE-GLOWING-FLUID-01.jpg","contentUrl":"https:\/\/kinamihealth.com\/wp-content\/uploads\/2025\/02\/SESDERMA-C-VIT-RADIANCE-GLOWING-FLUID-01.jpg","width":800,"height":800},{"@type":"BreadcrumbList","@id":"https:\/\/kinamihealth.com\/pt-pt\/produto\/sesderma-c-vit-radiance-glowing-fluid\/#breadcrumb","itemListElement":[{"@type":"ListItem","position":1,"name":"In\u00edcio","item":"https:\/\/kinamihealth.com\/"},{"@type":"ListItem","position":2,"name":"Loja","item":"https:\/\/kinamihealth.com\/shop\/"},{"@type":"ListItem","position":3,"name":"SESDERMA\u00ae C-VIT RADIANCE GLOWING FLUID"}]},{"@type":"WebSite","@id":"https:\/\/kinamihealth.com\/#website","url":"https:\/\/kinamihealth.com\/","name":"Kinami Health","description":"","publisher":{"@id":"https:\/\/kinamihealth.com\/#organization"},"potentialAction":[{"@type":"SearchAction","target":{"@type":"EntryPoint","urlTemplate":"https:\/\/kinamihealth.com\/?s={search_term_string}"},"query-input":{"@type":"PropertyValueSpecification","valueRequired":true,"valueName":"search_term_string"}}],"inLanguage":"pt-PT"},{"@type":"Organization","@id":"https:\/\/kinamihealth.com\/#organization","name":"Kinami Health","url":"https:\/\/kinamihealth.com\/","logo":{"@type":"ImageObject","inLanguage":"pt-PT","@id":"https:\/\/kinamihealth.com\/#\/schema\/logo\/image\/","url":"https:\/\/kinamihealth.com\/wp-content\/uploads\/2025\/01\/KH_logo_black_2-1.png","contentUrl":"https:\/\/kinamihealth.com\/wp-content\/uploads\/2025\/01\/KH_logo_black_2-1.png","width":339,"height":34,"caption":"Kinami Health"},"image":{"@id":"https:\/\/kinamihealth.com\/#\/schema\/logo\/image\/"}}]}},"_links":{"self":[{"href":"https:\/\/kinamihealth.com\/pt-pt\/wp-json\/wp\/v2\/product\/122734","targetHints":{"allow":["GET"]}}],"collection":[{"href":"https:\/\/kinamihealth.com\/pt-pt\/wp-json\/wp\/v2\/product"}],"about":[{"href":"https:\/\/kinamihealth.com\/pt-pt\/wp-json\/wp\/v2\/types\/product"}],"replies":[{"embeddable":true,"href":"https:\/\/kinamihealth.com\/pt-pt\/wp-json\/wp\/v2\/comments?post=122734"}],"version-history":[{"count":0,"href":"https:\/\/kinamihealth.com\/pt-pt\/wp-json\/wp\/v2\/product\/122734\/revisions"}],"wp:featuredmedia":[{"embeddable":true,"href":"https:\/\/kinamihealth.com\/pt-pt\/wp-json\/wp\/v2\/media\/122735"}],"wp:attachment":[{"href":"https:\/\/kinamihealth.com\/pt-pt\/wp-json\/wp\/v2\/media?parent=122734"}],"wp:term":[{"taxonomy":"product_brand","embeddable":true,"href":"https:\/\/kinamihealth.com\/pt-pt\/wp-json\/wp\/v2\/product_brand?post=122734"},{"taxonomy":"product_cat","embeddable":true,"href":"https:\/\/kinamihealth.com\/pt-pt\/wp-json\/wp\/v2\/product_cat?post=122734"},{"taxonomy":"product_tag","embeddable":true,"href":"https:\/\/kinamihealth.com\/pt-pt\/wp-json\/wp\/v2\/product_tag?post=122734"}],"curies":[{"name":"wp","href":"https:\/\/api.w.org\/{rel}","templated":true}]}}