{"id":122728,"date":"2025-02-15T16:55:13","date_gmt":"2025-02-15T16:55:13","guid":{"rendered":"https:\/\/kinamihealth.com\/product\/sesderma-hidraven-foamy-soap-free-cream\/"},"modified":"2026-01-09T14:44:11","modified_gmt":"2026-01-09T14:44:11","slug":"sesderma-hidraven-foamy-soap-free-cream","status":"publish","type":"product","link":"https:\/\/kinamihealth.com\/pt-pt\/produto\/sesderma-hidraven-foamy-soap-free-cream\/","title":{"rendered":"SESDERMA\u00ae HIDRAVEN FOAMY SOAP FREE CREAM"},"content":{"rendered":"<p><span style=\"font-weight: 400;\">Se \u00e9 um profissional m\u00e9dico certificado \u00e0 procura de um <\/span><b>produto de limpeza facial sem sab\u00e3o fi\u00e1vel<\/b><span style=\"font-weight: 400;\">, compre Hidraven Creme Espumoso Sem Sab\u00e3o online na <\/span><b>loja Kinami Health<\/b><span style=\"font-weight: 400;\">. Este produto de limpeza de alta qualidade foi especialmente formulado para <\/span><b>satisfazer as necessidades dos tipos de pele sens\u00edveis e delicadas<\/b><span style=\"font-weight: 400;\">, oferecendo cuidados e efic\u00e1cia excecionais em pr\u00e1ticas m\u00e9dicas ou est\u00e9ticas.<\/span><\/p>\n","protected":false},"excerpt":{"rendered":"<p>Se \u00e9 um profissional m\u00e9dico certificado \u00e0 procura de um produto de limpeza facial sem sab\u00e3o fi\u00e1vel, compre Hidraven Creme Espumoso Sem Sab\u00e3o online na loja Kinami Health. Este produto de limpeza de alta qualidade foi especialmente formulado para satisfazer as necessidades dos tipos de pele sens\u00edveis e delicadas, oferecendo cuidados e efic\u00e1cia excecionais em [&hellip;]<\/p>\n","protected":false},"featured_media":122729,"comment_status":"closed","ping_status":"closed","template":"","meta":{"_acf_changed":false,"inline_featured_image":false},"product_brand":[4051],"product_cat":[4299],"product_tag":[4084],"class_list":{"0":"post-122728","1":"product","2":"type-product","3":"status-publish","4":"has-post-thumbnail","6":"product_brand-sesderma","7":"product_cat-skincare-pt-pt","8":"product_tag-medical-devices-pt-pt","10":"first","11":"instock","12":"taxable","13":"shipping-taxable","14":"purchasable","15":"product-type-simple","16":"add-to-wishlist-before_image"},"acf":[],"yoast_head":"<!-- This site is optimized with the Yoast SEO plugin v27.3 - https:\/\/yoast.com\/product\/yoast-seo-wordpress\/ -->\n<title>Compre Hidraven Creme Espumante Sem Sab\u00e3o Online para Profissionais<\/title>\n<meta name=\"description\" content=\"Compre Hidraven Creme Espumante Sem Sab\u00e3o online para uma solu\u00e7\u00e3o de limpeza suave e sem sab\u00e3o, ideal para peles sens\u00edveis. Compre agora na Kinami Health!\" \/>\n<meta name=\"robots\" content=\"index, follow, max-snippet:-1, max-image-preview:large, max-video-preview:-1\" \/>\n<link rel=\"canonical\" href=\"https:\/\/kinamihealth.com\/pt-pt\/wp-json\/wp\/v2\/product\/122728\" \/>\n<meta property=\"og:locale\" content=\"pt_PT\" \/>\n<meta property=\"og:type\" content=\"article\" \/>\n<meta property=\"og:title\" content=\"Compre Hidraven Creme Espumante Sem Sab\u00e3o Online para Profissionais\" \/>\n<meta property=\"og:description\" content=\"Compre Hidraven Creme Espumante Sem Sab\u00e3o online para uma solu\u00e7\u00e3o de limpeza suave e sem sab\u00e3o, ideal para peles sens\u00edveis. Compre agora na Kinami Health!\" \/>\n<meta property=\"og:url\" content=\"https:\/\/kinamihealth.com\/pt-pt\/produto\/sesderma-hidraven-foamy-soap-free-cream\/\" \/>\n<meta property=\"og:site_name\" content=\"Kinami Health\" \/>\n<meta property=\"article:modified_time\" content=\"2026-01-09T14:44:11+00:00\" \/>\n<meta property=\"og:image\" content=\"https:\/\/kinamihealth.com\/wp-content\/uploads\/2025\/02\/SESDERMA-HIDRAVEN-FOAMY-SOAP-FREE-CREAM-01.jpg\" \/>\n\t<meta property=\"og:image:width\" content=\"800\" \/>\n\t<meta property=\"og:image:height\" content=\"800\" \/>\n\t<meta property=\"og:image:type\" content=\"image\/jpeg\" \/>\n<meta name=\"twitter:card\" content=\"summary_large_image\" \/>\n<meta name=\"twitter:label1\" content=\"Tempo estimado de leitura\" \/>\n\t<meta name=\"twitter:data1\" content=\"1 minuto\" \/>\n<!-- \/ Yoast SEO plugin. -->","yoast_head_json":{"title":"Compre Hidraven Creme Espumante Sem Sab\u00e3o Online para Profissionais","description":"Compre Hidraven Creme Espumante Sem Sab\u00e3o online para uma solu\u00e7\u00e3o de limpeza suave e sem sab\u00e3o, ideal para peles sens\u00edveis. Compre agora na Kinami Health!","robots":{"index":"index","follow":"follow","max-snippet":"max-snippet:-1","max-image-preview":"max-image-preview:large","max-video-preview":"max-video-preview:-1"},"canonical":"https:\/\/kinamihealth.com\/pt-pt\/wp-json\/wp\/v2\/product\/122728","og_locale":"pt_PT","og_type":"article","og_title":"Compre Hidraven Creme Espumante Sem Sab\u00e3o Online para Profissionais","og_description":"Compre Hidraven Creme Espumante Sem Sab\u00e3o online para uma solu\u00e7\u00e3o de limpeza suave e sem sab\u00e3o, ideal para peles sens\u00edveis. Compre agora na Kinami Health!","og_url":"https:\/\/kinamihealth.com\/pt-pt\/produto\/sesderma-hidraven-foamy-soap-free-cream\/","og_site_name":"Kinami Health","article_modified_time":"2026-01-09T14:44:11+00:00","og_image":[{"width":800,"height":800,"url":"https:\/\/kinamihealth.com\/wp-content\/uploads\/2025\/02\/SESDERMA-HIDRAVEN-FOAMY-SOAP-FREE-CREAM-01.jpg","type":"image\/jpeg"}],"twitter_card":"summary_large_image","twitter_misc":{"Tempo estimado de leitura":"1 minuto"},"schema":{"@context":"https:\/\/schema.org","@graph":[{"@type":"WebPage","@id":"https:\/\/kinamihealth.com\/pt-pt\/produto\/sesderma-hidraven-foamy-soap-free-cream\/","url":"https:\/\/kinamihealth.com\/pt-pt\/produto\/sesderma-hidraven-foamy-soap-free-cream\/","name":"Compre Hidraven Creme Espumante Sem Sab\u00e3o Online para Profissionais","isPartOf":{"@id":"https:\/\/kinamihealth.com\/#website"},"primaryImageOfPage":{"@id":"https:\/\/kinamihealth.com\/pt-pt\/produto\/sesderma-hidraven-foamy-soap-free-cream\/#primaryimage"},"image":{"@id":"https:\/\/kinamihealth.com\/pt-pt\/produto\/sesderma-hidraven-foamy-soap-free-cream\/#primaryimage"},"thumbnailUrl":"https:\/\/kinamihealth.com\/wp-content\/uploads\/2025\/02\/SESDERMA-HIDRAVEN-FOAMY-SOAP-FREE-CREAM-01.jpg","datePublished":"2025-02-15T16:55:13+00:00","dateModified":"2026-01-09T14:44:11+00:00","description":"Compre Hidraven Creme Espumante Sem Sab\u00e3o online para uma solu\u00e7\u00e3o de limpeza suave e sem sab\u00e3o, ideal para peles sens\u00edveis. Compre agora na Kinami Health!","breadcrumb":{"@id":"https:\/\/kinamihealth.com\/pt-pt\/produto\/sesderma-hidraven-foamy-soap-free-cream\/#breadcrumb"},"inLanguage":"pt-PT","potentialAction":[{"@type":"ReadAction","target":["https:\/\/kinamihealth.com\/pt-pt\/produto\/sesderma-hidraven-foamy-soap-free-cream\/"]}]},{"@type":"ImageObject","inLanguage":"pt-PT","@id":"https:\/\/kinamihealth.com\/pt-pt\/produto\/sesderma-hidraven-foamy-soap-free-cream\/#primaryimage","url":"https:\/\/kinamihealth.com\/wp-content\/uploads\/2025\/02\/SESDERMA-HIDRAVEN-FOAMY-SOAP-FREE-CREAM-01.jpg","contentUrl":"https:\/\/kinamihealth.com\/wp-content\/uploads\/2025\/02\/SESDERMA-HIDRAVEN-FOAMY-SOAP-FREE-CREAM-01.jpg","width":800,"height":800},{"@type":"BreadcrumbList","@id":"https:\/\/kinamihealth.com\/pt-pt\/produto\/sesderma-hidraven-foamy-soap-free-cream\/#breadcrumb","itemListElement":[{"@type":"ListItem","position":1,"name":"In\u00edcio","item":"https:\/\/kinamihealth.com\/"},{"@type":"ListItem","position":2,"name":"Loja","item":"https:\/\/kinamihealth.com\/shop\/"},{"@type":"ListItem","position":3,"name":"SESDERMA\u00ae HIDRAVEN FOAMY SOAP FREE CREAM"}]},{"@type":"WebSite","@id":"https:\/\/kinamihealth.com\/#website","url":"https:\/\/kinamihealth.com\/","name":"Kinami Health","description":"","publisher":{"@id":"https:\/\/kinamihealth.com\/#organization"},"potentialAction":[{"@type":"SearchAction","target":{"@type":"EntryPoint","urlTemplate":"https:\/\/kinamihealth.com\/?s={search_term_string}"},"query-input":{"@type":"PropertyValueSpecification","valueRequired":true,"valueName":"search_term_string"}}],"inLanguage":"pt-PT"},{"@type":"Organization","@id":"https:\/\/kinamihealth.com\/#organization","name":"Kinami Health","url":"https:\/\/kinamihealth.com\/","logo":{"@type":"ImageObject","inLanguage":"pt-PT","@id":"https:\/\/kinamihealth.com\/#\/schema\/logo\/image\/","url":"https:\/\/kinamihealth.com\/wp-content\/uploads\/2025\/01\/KH_logo_black_2-1.png","contentUrl":"https:\/\/kinamihealth.com\/wp-content\/uploads\/2025\/01\/KH_logo_black_2-1.png","width":339,"height":34,"caption":"Kinami Health"},"image":{"@id":"https:\/\/kinamihealth.com\/#\/schema\/logo\/image\/"}}]}},"_links":{"self":[{"href":"https:\/\/kinamihealth.com\/pt-pt\/wp-json\/wp\/v2\/product\/122728","targetHints":{"allow":["GET"]}}],"collection":[{"href":"https:\/\/kinamihealth.com\/pt-pt\/wp-json\/wp\/v2\/product"}],"about":[{"href":"https:\/\/kinamihealth.com\/pt-pt\/wp-json\/wp\/v2\/types\/product"}],"replies":[{"embeddable":true,"href":"https:\/\/kinamihealth.com\/pt-pt\/wp-json\/wp\/v2\/comments?post=122728"}],"version-history":[{"count":0,"href":"https:\/\/kinamihealth.com\/pt-pt\/wp-json\/wp\/v2\/product\/122728\/revisions"}],"wp:featuredmedia":[{"embeddable":true,"href":"https:\/\/kinamihealth.com\/pt-pt\/wp-json\/wp\/v2\/media\/122729"}],"wp:attachment":[{"href":"https:\/\/kinamihealth.com\/pt-pt\/wp-json\/wp\/v2\/media?parent=122728"}],"wp:term":[{"taxonomy":"product_brand","embeddable":true,"href":"https:\/\/kinamihealth.com\/pt-pt\/wp-json\/wp\/v2\/product_brand?post=122728"},{"taxonomy":"product_cat","embeddable":true,"href":"https:\/\/kinamihealth.com\/pt-pt\/wp-json\/wp\/v2\/product_cat?post=122728"},{"taxonomy":"product_tag","embeddable":true,"href":"https:\/\/kinamihealth.com\/pt-pt\/wp-json\/wp\/v2\/product_tag?post=122728"}],"curies":[{"name":"wp","href":"https:\/\/api.w.org\/{rel}","templated":true}]}}