{"id":122711,"date":"2025-02-15T16:57:49","date_gmt":"2025-02-15T16:57:49","guid":{"rendered":"https:\/\/kinamihealth.com\/product\/silhouette-soft-16-cones\/"},"modified":"2025-11-24T16:06:27","modified_gmt":"2025-11-24T16:06:27","slug":"silhouette-soft-16-cones","status":"publish","type":"product","link":"https:\/\/kinamihealth.com\/pt-pt\/produto\/silhouette-soft-16-cones\/","title":{"rendered":"SILHOUETTE SOFT\u00ae 16 CONES"},"content":{"rendered":"<p><span style=\"font-weight: 400;\">Silhouette Soft 16 Cones \u00e9 o <\/span><b>padr\u00e3o ouro em lifting facial n\u00e3o cir\u00fargico<\/b><span style=\"font-weight: 400;\">, oferecendo aos profissionais m\u00e9dicos uma solu\u00e7\u00e3o poderosa para o endurecimento e rejuvenescimento da pele. Concebidos para <\/span><b>lifting instant\u00e2neo e estimula\u00e7\u00e3o de colag\u00e9nio a longo prazo<\/b><span style=\"font-weight: 400;\">, estes <\/span><b><i>fios reabsorv\u00edveis de qualidade premium<\/i><\/b><span style=\"font-weight: 400;\"> redefinem os contornos faciais, suavizam as rugas e restauram a firmeza juvenil, tudo com <\/span><b>tempo de inatividade m\u00ednimo<\/b><span style=\"font-weight: 400;\">.<\/span><\/p>\n","protected":false},"excerpt":{"rendered":"<p>Silhouette Soft 16 Cones \u00e9 o padr\u00e3o ouro em lifting facial n\u00e3o cir\u00fargico, oferecendo aos profissionais m\u00e9dicos uma solu\u00e7\u00e3o poderosa para o endurecimento e rejuvenescimento da pele. Concebidos para lifting instant\u00e2neo e estimula\u00e7\u00e3o de colag\u00e9nio a longo prazo, estes fios reabsorv\u00edveis de qualidade premium redefinem os contornos faciais, suavizam as rugas e restauram a firmeza [&hellip;]<\/p>\n","protected":false},"featured_media":122713,"comment_status":"closed","ping_status":"closed","template":"","meta":{"_acf_changed":false,"inline_featured_image":false},"product_brand":[4069],"product_cat":[4457,4257],"product_tag":[4084],"class_list":{"0":"post-122711","1":"product","2":"type-product","3":"status-publish","4":"has-post-thumbnail","6":"product_brand-silhouette-soft","7":"product_cat-pla-threads-pt-pt","8":"product_cat-threads-pt-pt","9":"product_tag-medical-devices-pt-pt","11":"first","12":"instock","13":"taxable","14":"shipping-taxable","15":"purchasable","16":"product-type-simple","17":"add-to-wishlist-before_image"},"acf":[],"yoast_head":"<!-- This site is optimized with the Yoast SEO plugin v27.3 - https:\/\/yoast.com\/product\/yoast-seo-wordpress\/ -->\n<title>Compre Silhouette Soft 16 Cones Online - Fios m\u00e9dicos para lifting da pele<\/title>\n<meta name=\"description\" content=\"Compre Silhouette Soft 16 Cones online para lifting facial n\u00e3o cir\u00fargico com fios reabsorv\u00edveis avan\u00e7ados que estimulam a produ\u00e7\u00e3o de colag\u00e9nio. Encomende agora!\" \/>\n<meta name=\"robots\" content=\"index, follow, max-snippet:-1, max-image-preview:large, max-video-preview:-1\" \/>\n<link rel=\"canonical\" href=\"https:\/\/kinamihealth.com\/pt-pt\/wp-json\/wp\/v2\/product\/122711\" \/>\n<meta property=\"og:locale\" content=\"pt_PT\" \/>\n<meta property=\"og:type\" content=\"article\" \/>\n<meta property=\"og:title\" content=\"Compre Silhouette Soft 16 Cones Online - Fios m\u00e9dicos para lifting da pele\" \/>\n<meta property=\"og:description\" content=\"Compre Silhouette Soft 16 Cones online para lifting facial n\u00e3o cir\u00fargico com fios reabsorv\u00edveis avan\u00e7ados que estimulam a produ\u00e7\u00e3o de colag\u00e9nio. Encomende agora!\" \/>\n<meta property=\"og:url\" content=\"https:\/\/kinamihealth.com\/pt-pt\/produto\/silhouette-soft-16-cones\/\" \/>\n<meta property=\"og:site_name\" content=\"Kinami Health\" \/>\n<meta property=\"article:modified_time\" content=\"2025-11-24T16:06:27+00:00\" \/>\n<meta property=\"og:image\" content=\"https:\/\/kinamihealth.com\/wp-content\/uploads\/2025\/02\/SILHOUETTE-SOFT-16CONES-03.jpg\" \/>\n\t<meta property=\"og:image:width\" content=\"800\" \/>\n\t<meta property=\"og:image:height\" content=\"800\" \/>\n\t<meta property=\"og:image:type\" content=\"image\/jpeg\" \/>\n<meta name=\"twitter:card\" content=\"summary_large_image\" \/>\n<meta name=\"twitter:label1\" content=\"Tempo estimado de leitura\" \/>\n\t<meta name=\"twitter:data1\" content=\"1 minuto\" \/>\n<!-- \/ Yoast SEO plugin. -->","yoast_head_json":{"title":"Compre Silhouette Soft 16 Cones Online - Fios m\u00e9dicos para lifting da pele","description":"Compre Silhouette Soft 16 Cones online para lifting facial n\u00e3o cir\u00fargico com fios reabsorv\u00edveis avan\u00e7ados que estimulam a produ\u00e7\u00e3o de colag\u00e9nio. Encomende agora!","robots":{"index":"index","follow":"follow","max-snippet":"max-snippet:-1","max-image-preview":"max-image-preview:large","max-video-preview":"max-video-preview:-1"},"canonical":"https:\/\/kinamihealth.com\/pt-pt\/wp-json\/wp\/v2\/product\/122711","og_locale":"pt_PT","og_type":"article","og_title":"Compre Silhouette Soft 16 Cones Online - Fios m\u00e9dicos para lifting da pele","og_description":"Compre Silhouette Soft 16 Cones online para lifting facial n\u00e3o cir\u00fargico com fios reabsorv\u00edveis avan\u00e7ados que estimulam a produ\u00e7\u00e3o de colag\u00e9nio. Encomende agora!","og_url":"https:\/\/kinamihealth.com\/pt-pt\/produto\/silhouette-soft-16-cones\/","og_site_name":"Kinami Health","article_modified_time":"2025-11-24T16:06:27+00:00","og_image":[{"width":800,"height":800,"url":"https:\/\/kinamihealth.com\/wp-content\/uploads\/2025\/02\/SILHOUETTE-SOFT-16CONES-03.jpg","type":"image\/jpeg"}],"twitter_card":"summary_large_image","twitter_misc":{"Tempo estimado de leitura":"1 minuto"},"schema":{"@context":"https:\/\/schema.org","@graph":[{"@type":"WebPage","@id":"https:\/\/kinamihealth.com\/pt-pt\/produto\/silhouette-soft-16-cones\/","url":"https:\/\/kinamihealth.com\/pt-pt\/produto\/silhouette-soft-16-cones\/","name":"Compre Silhouette Soft 16 Cones Online - Fios m\u00e9dicos para lifting da pele","isPartOf":{"@id":"https:\/\/kinamihealth.com\/#website"},"primaryImageOfPage":{"@id":"https:\/\/kinamihealth.com\/pt-pt\/produto\/silhouette-soft-16-cones\/#primaryimage"},"image":{"@id":"https:\/\/kinamihealth.com\/pt-pt\/produto\/silhouette-soft-16-cones\/#primaryimage"},"thumbnailUrl":"https:\/\/kinamihealth.com\/wp-content\/uploads\/2025\/02\/SILHOUETTE-SOFT-16CONES-03.jpg","datePublished":"2025-02-15T16:57:49+00:00","dateModified":"2025-11-24T16:06:27+00:00","description":"Compre Silhouette Soft 16 Cones online para lifting facial n\u00e3o cir\u00fargico com fios reabsorv\u00edveis avan\u00e7ados que estimulam a produ\u00e7\u00e3o de colag\u00e9nio. Encomende agora!","breadcrumb":{"@id":"https:\/\/kinamihealth.com\/pt-pt\/produto\/silhouette-soft-16-cones\/#breadcrumb"},"inLanguage":"pt-PT","potentialAction":[{"@type":"ReadAction","target":["https:\/\/kinamihealth.com\/pt-pt\/produto\/silhouette-soft-16-cones\/"]}]},{"@type":"ImageObject","inLanguage":"pt-PT","@id":"https:\/\/kinamihealth.com\/pt-pt\/produto\/silhouette-soft-16-cones\/#primaryimage","url":"https:\/\/kinamihealth.com\/wp-content\/uploads\/2025\/02\/SILHOUETTE-SOFT-16CONES-03.jpg","contentUrl":"https:\/\/kinamihealth.com\/wp-content\/uploads\/2025\/02\/SILHOUETTE-SOFT-16CONES-03.jpg","width":800,"height":800},{"@type":"BreadcrumbList","@id":"https:\/\/kinamihealth.com\/pt-pt\/produto\/silhouette-soft-16-cones\/#breadcrumb","itemListElement":[{"@type":"ListItem","position":1,"name":"In\u00edcio","item":"https:\/\/kinamihealth.com\/"},{"@type":"ListItem","position":2,"name":"Loja","item":"https:\/\/kinamihealth.com\/shop\/"},{"@type":"ListItem","position":3,"name":"SILHOUETTE SOFT\u00ae 16 CONES"}]},{"@type":"WebSite","@id":"https:\/\/kinamihealth.com\/#website","url":"https:\/\/kinamihealth.com\/","name":"Kinami Health","description":"","publisher":{"@id":"https:\/\/kinamihealth.com\/#organization"},"potentialAction":[{"@type":"SearchAction","target":{"@type":"EntryPoint","urlTemplate":"https:\/\/kinamihealth.com\/?s={search_term_string}"},"query-input":{"@type":"PropertyValueSpecification","valueRequired":true,"valueName":"search_term_string"}}],"inLanguage":"pt-PT"},{"@type":"Organization","@id":"https:\/\/kinamihealth.com\/#organization","name":"Kinami Health","url":"https:\/\/kinamihealth.com\/","logo":{"@type":"ImageObject","inLanguage":"pt-PT","@id":"https:\/\/kinamihealth.com\/#\/schema\/logo\/image\/","url":"https:\/\/kinamihealth.com\/wp-content\/uploads\/2025\/01\/KH_logo_black_2-1.png","contentUrl":"https:\/\/kinamihealth.com\/wp-content\/uploads\/2025\/01\/KH_logo_black_2-1.png","width":339,"height":34,"caption":"Kinami Health"},"image":{"@id":"https:\/\/kinamihealth.com\/#\/schema\/logo\/image\/"}}]}},"_links":{"self":[{"href":"https:\/\/kinamihealth.com\/pt-pt\/wp-json\/wp\/v2\/product\/122711","targetHints":{"allow":["GET"]}}],"collection":[{"href":"https:\/\/kinamihealth.com\/pt-pt\/wp-json\/wp\/v2\/product"}],"about":[{"href":"https:\/\/kinamihealth.com\/pt-pt\/wp-json\/wp\/v2\/types\/product"}],"replies":[{"embeddable":true,"href":"https:\/\/kinamihealth.com\/pt-pt\/wp-json\/wp\/v2\/comments?post=122711"}],"version-history":[{"count":0,"href":"https:\/\/kinamihealth.com\/pt-pt\/wp-json\/wp\/v2\/product\/122711\/revisions"}],"wp:featuredmedia":[{"embeddable":true,"href":"https:\/\/kinamihealth.com\/pt-pt\/wp-json\/wp\/v2\/media\/122713"}],"wp:attachment":[{"href":"https:\/\/kinamihealth.com\/pt-pt\/wp-json\/wp\/v2\/media?parent=122711"}],"wp:term":[{"taxonomy":"product_brand","embeddable":true,"href":"https:\/\/kinamihealth.com\/pt-pt\/wp-json\/wp\/v2\/product_brand?post=122711"},{"taxonomy":"product_cat","embeddable":true,"href":"https:\/\/kinamihealth.com\/pt-pt\/wp-json\/wp\/v2\/product_cat?post=122711"},{"taxonomy":"product_tag","embeddable":true,"href":"https:\/\/kinamihealth.com\/pt-pt\/wp-json\/wp\/v2\/product_tag?post=122711"}],"curies":[{"name":"wp","href":"https:\/\/api.w.org\/{rel}","templated":true}]}}