{"id":122709,"date":"2025-02-15T16:57:51","date_gmt":"2025-02-15T16:57:51","guid":{"rendered":"https:\/\/kinamihealth.com\/product\/softfil-precision-micro-cannula-22g-40mm\/"},"modified":"2025-11-24T16:13:40","modified_gmt":"2025-11-24T16:13:40","slug":"softfil-precision-micro-cannula-22g-40mm","status":"publish","type":"product","link":"https:\/\/kinamihealth.com\/pt-pt\/produto\/softfil-precision-micro-cannula-22g-40mm\/","title":{"rendered":"SOFTFIL\u00ae PRECISION Micro-Cannula 22G\/40mm"},"content":{"rendered":"<p><b>Melhore os seus tratamentos est\u00e9ticos<\/b><span style=\"font-weight: 400;\"> com a microc\u00e2nula de precis\u00e3o Softfil 22G\/40 mm, indispens\u00e1vel para profissionais m\u00e9dicos que buscam <\/span><b>precis\u00e3o, seguran\u00e7a e conforto para o paciente<\/b><span style=\"font-weight: 400;\">. Esta <\/span><b>microc\u00e2nula de alta qualidade<\/b><span style=\"font-weight: 400;\"> foi projetada para inje\u00e7\u00f5es de preenchimento d\u00e9rmico suaves, controladas e <\/span><b>minimamente invasivas<\/b><span style=\"font-weight: 400;\">. <\/span><span style=\"font-weight: 400;\">O seu <\/span><b>design de ponta romba<\/b><span style=\"font-weight: 400;\"> e <\/span><b>constru\u00e7\u00e3o flex\u00edvel em a\u00e7o inoxid\u00e1vel<\/b><span style=\"font-weight: 400;\"> permitem deslizar sem esfor\u00e7o atrav\u00e9s do tecido, <\/span><b>reduzindo significativamente o trauma<\/b><span style=\"font-weight: 400;\">, os hematomas e o desconforto. Para comprar a Microc\u00e2nula de Precis\u00e3o Softfil 22G\/40mm online, <\/span><b>visite a loja Kinami Health <\/b><span style=\"font-weight: 400;\">e equipe o seu consult\u00f3rio com as <\/span><b>melhores ferramentas para resultados superiores para os pacientes<\/b><span style=\"font-weight: 400;\">!<\/span><\/p>\n","protected":false},"excerpt":{"rendered":"<p>Melhore os seus tratamentos est\u00e9ticos com a microc\u00e2nula de precis\u00e3o Softfil 22G\/40 mm, indispens\u00e1vel para profissionais m\u00e9dicos que buscam precis\u00e3o, seguran\u00e7a e conforto para o paciente. Esta microc\u00e2nula de alta qualidade foi projetada para inje\u00e7\u00f5es de preenchimento d\u00e9rmico suaves, controladas e minimamente invasivas. O seu design de ponta romba e constru\u00e7\u00e3o flex\u00edvel em a\u00e7o inoxid\u00e1vel [&hellip;]<\/p>\n","protected":false},"featured_media":122710,"comment_status":"closed","ping_status":"closed","template":"","meta":{"_acf_changed":false,"inline_featured_image":false},"product_brand":[4070],"product_cat":[4246],"product_tag":[4084],"class_list":{"0":"post-122709","1":"product","2":"type-product","3":"status-publish","4":"has-post-thumbnail","6":"product_brand-softfil","7":"product_cat-cannulas-and-needles-pt-pt","8":"product_tag-medical-devices-pt-pt","10":"first","11":"instock","12":"taxable","13":"shipping-taxable","14":"purchasable","15":"product-type-simple","16":"add-to-wishlist-before_image"},"acf":[],"yoast_head":"<!-- This site is optimized with the Yoast SEO plugin v27.3 - https:\/\/yoast.com\/product\/yoast-seo-wordpress\/ -->\n<title>Compre Softfil Precision Micro-Cannula 22G\/40mm online na Kinami Health<\/title>\n<meta name=\"description\" content=\"Compre Softfil Precision Micro-Cannula 22G\/40mm online para inje\u00e7\u00f5es de preenchimento precisas, suaves e minimamente invasivas, garantindo o conforto do paciente. Encomende agora!\" \/>\n<meta name=\"robots\" content=\"index, follow, max-snippet:-1, max-image-preview:large, max-video-preview:-1\" \/>\n<link rel=\"canonical\" href=\"https:\/\/kinamihealth.com\/pt-pt\/wp-json\/wp\/v2\/product\/122709\" \/>\n<meta property=\"og:locale\" content=\"pt_PT\" \/>\n<meta property=\"og:type\" content=\"article\" \/>\n<meta property=\"og:title\" content=\"Compre Softfil Precision Micro-Cannula 22G\/40mm online na Kinami Health\" \/>\n<meta property=\"og:description\" content=\"Compre Softfil Precision Micro-Cannula 22G\/40mm online para inje\u00e7\u00f5es de preenchimento precisas, suaves e minimamente invasivas, garantindo o conforto do paciente. Encomende agora!\" \/>\n<meta property=\"og:url\" content=\"https:\/\/kinamihealth.com\/pt-pt\/produto\/softfil-precision-micro-cannula-22g-40mm\/\" \/>\n<meta property=\"og:site_name\" content=\"Kinami Health\" \/>\n<meta property=\"article:modified_time\" content=\"2025-11-24T16:13:40+00:00\" \/>\n<meta property=\"og:image\" content=\"https:\/\/kinamihealth.com\/wp-content\/uploads\/2025\/02\/SOFTFILL-CANNULA-22G40MMXL-01.jpg\" \/>\n\t<meta property=\"og:image:width\" content=\"800\" \/>\n\t<meta property=\"og:image:height\" content=\"800\" \/>\n\t<meta property=\"og:image:type\" content=\"image\/jpeg\" \/>\n<meta name=\"twitter:card\" content=\"summary_large_image\" \/>\n<meta name=\"twitter:label1\" content=\"Tempo estimado de leitura\" \/>\n\t<meta name=\"twitter:data1\" content=\"1 minuto\" \/>\n<!-- \/ Yoast SEO plugin. -->","yoast_head_json":{"title":"Compre Softfil Precision Micro-Cannula 22G\/40mm online na Kinami Health","description":"Compre Softfil Precision Micro-Cannula 22G\/40mm online para inje\u00e7\u00f5es de preenchimento precisas, suaves e minimamente invasivas, garantindo o conforto do paciente. Encomende agora!","robots":{"index":"index","follow":"follow","max-snippet":"max-snippet:-1","max-image-preview":"max-image-preview:large","max-video-preview":"max-video-preview:-1"},"canonical":"https:\/\/kinamihealth.com\/pt-pt\/wp-json\/wp\/v2\/product\/122709","og_locale":"pt_PT","og_type":"article","og_title":"Compre Softfil Precision Micro-Cannula 22G\/40mm online na Kinami Health","og_description":"Compre Softfil Precision Micro-Cannula 22G\/40mm online para inje\u00e7\u00f5es de preenchimento precisas, suaves e minimamente invasivas, garantindo o conforto do paciente. Encomende agora!","og_url":"https:\/\/kinamihealth.com\/pt-pt\/produto\/softfil-precision-micro-cannula-22g-40mm\/","og_site_name":"Kinami Health","article_modified_time":"2025-11-24T16:13:40+00:00","og_image":[{"width":800,"height":800,"url":"https:\/\/kinamihealth.com\/wp-content\/uploads\/2025\/02\/SOFTFILL-CANNULA-22G40MMXL-01.jpg","type":"image\/jpeg"}],"twitter_card":"summary_large_image","twitter_misc":{"Tempo estimado de leitura":"1 minuto"},"schema":{"@context":"https:\/\/schema.org","@graph":[{"@type":"WebPage","@id":"https:\/\/kinamihealth.com\/pt-pt\/produto\/softfil-precision-micro-cannula-22g-40mm\/","url":"https:\/\/kinamihealth.com\/pt-pt\/produto\/softfil-precision-micro-cannula-22g-40mm\/","name":"Compre Softfil Precision Micro-Cannula 22G\/40mm online na Kinami Health","isPartOf":{"@id":"https:\/\/kinamihealth.com\/#website"},"primaryImageOfPage":{"@id":"https:\/\/kinamihealth.com\/pt-pt\/produto\/softfil-precision-micro-cannula-22g-40mm\/#primaryimage"},"image":{"@id":"https:\/\/kinamihealth.com\/pt-pt\/produto\/softfil-precision-micro-cannula-22g-40mm\/#primaryimage"},"thumbnailUrl":"https:\/\/kinamihealth.com\/wp-content\/uploads\/2025\/02\/SOFTFILL-CANNULA-22G40MMXL-01.jpg","datePublished":"2025-02-15T16:57:51+00:00","dateModified":"2025-11-24T16:13:40+00:00","description":"Compre Softfil Precision Micro-Cannula 22G\/40mm online para inje\u00e7\u00f5es de preenchimento precisas, suaves e minimamente invasivas, garantindo o conforto do paciente. Encomende agora!","breadcrumb":{"@id":"https:\/\/kinamihealth.com\/pt-pt\/produto\/softfil-precision-micro-cannula-22g-40mm\/#breadcrumb"},"inLanguage":"pt-PT","potentialAction":[{"@type":"ReadAction","target":["https:\/\/kinamihealth.com\/pt-pt\/produto\/softfil-precision-micro-cannula-22g-40mm\/"]}]},{"@type":"ImageObject","inLanguage":"pt-PT","@id":"https:\/\/kinamihealth.com\/pt-pt\/produto\/softfil-precision-micro-cannula-22g-40mm\/#primaryimage","url":"https:\/\/kinamihealth.com\/wp-content\/uploads\/2025\/02\/SOFTFILL-CANNULA-22G40MMXL-01.jpg","contentUrl":"https:\/\/kinamihealth.com\/wp-content\/uploads\/2025\/02\/SOFTFILL-CANNULA-22G40MMXL-01.jpg","width":800,"height":800},{"@type":"BreadcrumbList","@id":"https:\/\/kinamihealth.com\/pt-pt\/produto\/softfil-precision-micro-cannula-22g-40mm\/#breadcrumb","itemListElement":[{"@type":"ListItem","position":1,"name":"In\u00edcio","item":"https:\/\/kinamihealth.com\/"},{"@type":"ListItem","position":2,"name":"Loja","item":"https:\/\/kinamihealth.com\/shop\/"},{"@type":"ListItem","position":3,"name":"SOFTFIL\u00ae PRECISION Micro-Cannula 22G\/40mm"}]},{"@type":"WebSite","@id":"https:\/\/kinamihealth.com\/#website","url":"https:\/\/kinamihealth.com\/","name":"Kinami Health","description":"","publisher":{"@id":"https:\/\/kinamihealth.com\/#organization"},"potentialAction":[{"@type":"SearchAction","target":{"@type":"EntryPoint","urlTemplate":"https:\/\/kinamihealth.com\/?s={search_term_string}"},"query-input":{"@type":"PropertyValueSpecification","valueRequired":true,"valueName":"search_term_string"}}],"inLanguage":"pt-PT"},{"@type":"Organization","@id":"https:\/\/kinamihealth.com\/#organization","name":"Kinami Health","url":"https:\/\/kinamihealth.com\/","logo":{"@type":"ImageObject","inLanguage":"pt-PT","@id":"https:\/\/kinamihealth.com\/#\/schema\/logo\/image\/","url":"https:\/\/kinamihealth.com\/wp-content\/uploads\/2025\/01\/KH_logo_black_2-1.png","contentUrl":"https:\/\/kinamihealth.com\/wp-content\/uploads\/2025\/01\/KH_logo_black_2-1.png","width":339,"height":34,"caption":"Kinami Health"},"image":{"@id":"https:\/\/kinamihealth.com\/#\/schema\/logo\/image\/"}}]}},"_links":{"self":[{"href":"https:\/\/kinamihealth.com\/pt-pt\/wp-json\/wp\/v2\/product\/122709","targetHints":{"allow":["GET"]}}],"collection":[{"href":"https:\/\/kinamihealth.com\/pt-pt\/wp-json\/wp\/v2\/product"}],"about":[{"href":"https:\/\/kinamihealth.com\/pt-pt\/wp-json\/wp\/v2\/types\/product"}],"replies":[{"embeddable":true,"href":"https:\/\/kinamihealth.com\/pt-pt\/wp-json\/wp\/v2\/comments?post=122709"}],"version-history":[{"count":0,"href":"https:\/\/kinamihealth.com\/pt-pt\/wp-json\/wp\/v2\/product\/122709\/revisions"}],"wp:featuredmedia":[{"embeddable":true,"href":"https:\/\/kinamihealth.com\/pt-pt\/wp-json\/wp\/v2\/media\/122710"}],"wp:attachment":[{"href":"https:\/\/kinamihealth.com\/pt-pt\/wp-json\/wp\/v2\/media?parent=122709"}],"wp:term":[{"taxonomy":"product_brand","embeddable":true,"href":"https:\/\/kinamihealth.com\/pt-pt\/wp-json\/wp\/v2\/product_brand?post=122709"},{"taxonomy":"product_cat","embeddable":true,"href":"https:\/\/kinamihealth.com\/pt-pt\/wp-json\/wp\/v2\/product_cat?post=122709"},{"taxonomy":"product_tag","embeddable":true,"href":"https:\/\/kinamihealth.com\/pt-pt\/wp-json\/wp\/v2\/product_tag?post=122709"}],"curies":[{"name":"wp","href":"https:\/\/api.w.org\/{rel}","templated":true}]}}