{"id":122617,"date":"2025-02-15T16:56:51","date_gmt":"2025-02-15T16:56:51","guid":{"rendered":"https:\/\/kinamihealth.com\/product\/radiesse-1-5ml-with-lidocaine\/"},"modified":"2026-04-02T14:26:38","modified_gmt":"2026-04-02T14:26:38","slug":"radiesse-1-5ml-with-lidocaine","status":"publish","type":"product","link":"https:\/\/kinamihealth.com\/pt-pt\/produto\/radiesse-1-5ml-with-lidocaine\/","title":{"rendered":"RADIESSE\u00ae (+) 1.5ml with Lidocaine"},"content":{"rendered":"<p><b style=\"font-family: -apple-system, BlinkMacSystemFont, 'Segoe UI', Roboto, 'Helvetica Neue', Arial, 'Noto Sans', sans-serif, 'Apple Color Emoji', 'Segoe UI Emoji', 'Segoe UI Symbol', 'Noto Color Emoji';\">Radiesse Plus 1,5 ml com lidoca\u00edna<\/b><span style=\"font-weight: 400;\"> \u00e9 um <\/span><b style=\"font-family: -apple-system, BlinkMacSystemFont, 'Segoe UI', Roboto, 'Helvetica Neue', Arial, 'Noto Sans', sans-serif, 'Apple Color Emoji', 'Segoe UI Emoji', 'Segoe UI Symbol', 'Noto Color Emoji';\">preenchimento d\u00e9rmico<\/b><span style=\"font-weight: 400;\"> premium concebido para <\/span><b style=\"font-family: -apple-system, BlinkMacSystemFont, 'Segoe UI', Roboto, 'Helvetica Neue', Arial, 'Noto Sans', sans-serif, 'Apple Color Emoji', 'Segoe UI Emoji', 'Segoe UI Symbol', 'Noto Color Emoji';\">restaurar eficazmente o volume facial e reduzir rugas moderadas a graves<\/b><span style=\"font-weight: 400;\">. Esta solu\u00e7\u00e3o est\u00e9tica avan\u00e7ada combina <\/span><b style=\"font-family: -apple-system, BlinkMacSystemFont, 'Segoe UI', Roboto, 'Helvetica Neue', Arial, 'Noto Sans', sans-serif, 'Apple Color Emoji', 'Segoe UI Emoji', 'Segoe UI Symbol', 'Noto Color Emoji';\">microsferas de hidroxiapatita de c\u00e1lcio (CaHA)<\/b><span style=\"font-weight: 400;\"> num gel transportador especializado, proporcionando resultados <\/span><b style=\"font-family: -apple-system, BlinkMacSystemFont, 'Segoe UI', Roboto, 'Helvetica Neue', Arial, 'Noto Sans', sans-serif, 'Apple Color Emoji', 'Segoe UI Emoji', 'Segoe UI Symbol', 'Noto Color Emoji';\">volumizantes <\/b><span style=\"font-weight: 400;\">imediatos, ao mesmo tempo que <\/span><b style=\"font-family: -apple-system, BlinkMacSystemFont, 'Segoe UI', Roboto, 'Helvetica Neue', Arial, 'Noto Sans', sans-serif, 'Apple Color Emoji', 'Segoe UI Emoji', 'Segoe UI Symbol', 'Noto Color Emoji';\">promove a produ\u00e7\u00e3o natural de colag\u00e9nio<\/b><span style=\"font-weight: 400;\">. Melhorado com lidoca\u00edna para maior conforto do paciente durante o tratamento, este <\/span><b style=\"font-family: -apple-system, BlinkMacSystemFont, 'Segoe UI', Roboto, 'Helvetica Neue', Arial, 'Noto Sans', sans-serif, 'Apple Color Emoji', 'Segoe UI Emoji', 'Segoe UI Symbol', 'Noto Color Emoji';\">produto aprovado pela FDA<\/b><span style=\"font-weight: 400;\"> oferece aos profissionais m\u00e9dicos uma op\u00e7\u00e3o fi\u00e1vel para rejuvenescimento facial e contorno.<\/span><\/p>\n","protected":false},"excerpt":{"rendered":"<p>Radiesse Plus 1,5 ml com lidoca\u00edna \u00e9 um preenchimento d\u00e9rmico premium concebido para restaurar eficazmente o volume facial e reduzir rugas moderadas a graves. Esta solu\u00e7\u00e3o est\u00e9tica avan\u00e7ada combina microsferas de hidroxiapatita de c\u00e1lcio (CaHA) num gel transportador especializado, proporcionando resultados volumizantes imediatos, ao mesmo tempo que promove a produ\u00e7\u00e3o natural de colag\u00e9nio. Melhorado com [&hellip;]<\/p>\n","protected":false},"featured_media":122621,"comment_status":"closed","ping_status":"closed","template":"","meta":{"_acf_changed":false,"inline_featured_image":false},"product_brand":[3966],"product_cat":[4191,4082],"product_tag":[4084],"class_list":{"0":"post-122617","1":"product","2":"type-product","3":"status-publish","4":"has-post-thumbnail","6":"product_brand-radiesse","7":"product_cat-biostimulators-pt-pt","8":"product_cat-dermal-fillers-pt-pt","9":"product_tag-medical-devices-pt-pt","11":"first","12":"instock","13":"taxable","14":"shipping-taxable","15":"purchasable","16":"product-type-simple","17":"add-to-wishlist-before_image"},"acf":[],"yoast_head":"<!-- This site is optimized with the Yoast SEO plugin v27.3 - https:\/\/yoast.com\/product\/yoast-seo-wordpress\/ -->\n<title>Compre Radiesse Plus 1,5 ml com lidoca\u00edna online<\/title>\n<meta name=\"description\" content=\"Compre Radiesse Plus 1,5 ml com lidoca\u00edna online para aumentar eficazmente o volume facial e suavizar rugas moderadas a graves.\" \/>\n<meta name=\"robots\" content=\"index, follow, max-snippet:-1, max-image-preview:large, max-video-preview:-1\" \/>\n<link rel=\"canonical\" href=\"https:\/\/kinamihealth.com\/pt-pt\/wp-json\/wp\/v2\/product\/122617\" \/>\n<meta property=\"og:locale\" content=\"pt_PT\" \/>\n<meta property=\"og:type\" content=\"article\" \/>\n<meta property=\"og:title\" content=\"Compre Radiesse Plus 1,5 ml com lidoca\u00edna online\" \/>\n<meta property=\"og:description\" content=\"Compre Radiesse Plus 1,5 ml com lidoca\u00edna online para aumentar eficazmente o volume facial e suavizar rugas moderadas a graves.\" \/>\n<meta property=\"og:url\" content=\"https:\/\/kinamihealth.com\/pt-pt\/produto\/radiesse-1-5ml-with-lidocaine\/\" \/>\n<meta property=\"og:site_name\" content=\"Kinami Health\" \/>\n<meta property=\"article:modified_time\" content=\"2026-04-02T14:26:38+00:00\" \/>\n<meta property=\"og:image\" content=\"https:\/\/kinamihealth.com\/wp-content\/uploads\/2025\/02\/MERZ-RADIESSE-LIDO-1.5-01.jpg\" \/>\n\t<meta property=\"og:image:width\" content=\"800\" \/>\n\t<meta property=\"og:image:height\" content=\"800\" \/>\n\t<meta property=\"og:image:type\" content=\"image\/jpeg\" \/>\n<meta name=\"twitter:card\" content=\"summary_large_image\" \/>\n<meta name=\"twitter:label1\" content=\"Tempo estimado de leitura\" \/>\n\t<meta name=\"twitter:data1\" content=\"1 minuto\" \/>\n<!-- \/ Yoast SEO plugin. -->","yoast_head_json":{"title":"Compre Radiesse Plus 1,5 ml com lidoca\u00edna online","description":"Compre Radiesse Plus 1,5 ml com lidoca\u00edna online para aumentar eficazmente o volume facial e suavizar rugas moderadas a graves.","robots":{"index":"index","follow":"follow","max-snippet":"max-snippet:-1","max-image-preview":"max-image-preview:large","max-video-preview":"max-video-preview:-1"},"canonical":"https:\/\/kinamihealth.com\/pt-pt\/wp-json\/wp\/v2\/product\/122617","og_locale":"pt_PT","og_type":"article","og_title":"Compre Radiesse Plus 1,5 ml com lidoca\u00edna online","og_description":"Compre Radiesse Plus 1,5 ml com lidoca\u00edna online para aumentar eficazmente o volume facial e suavizar rugas moderadas a graves.","og_url":"https:\/\/kinamihealth.com\/pt-pt\/produto\/radiesse-1-5ml-with-lidocaine\/","og_site_name":"Kinami Health","article_modified_time":"2026-04-02T14:26:38+00:00","og_image":[{"width":800,"height":800,"url":"https:\/\/kinamihealth.com\/wp-content\/uploads\/2025\/02\/MERZ-RADIESSE-LIDO-1.5-01.jpg","type":"image\/jpeg"}],"twitter_card":"summary_large_image","twitter_misc":{"Tempo estimado de leitura":"1 minuto"},"schema":{"@context":"https:\/\/schema.org","@graph":[{"@type":"WebPage","@id":"https:\/\/kinamihealth.com\/pt-pt\/produto\/radiesse-1-5ml-with-lidocaine\/","url":"https:\/\/kinamihealth.com\/pt-pt\/produto\/radiesse-1-5ml-with-lidocaine\/","name":"Compre Radiesse Plus 1,5 ml com lidoca\u00edna online","isPartOf":{"@id":"https:\/\/kinamihealth.com\/#website"},"primaryImageOfPage":{"@id":"https:\/\/kinamihealth.com\/pt-pt\/produto\/radiesse-1-5ml-with-lidocaine\/#primaryimage"},"image":{"@id":"https:\/\/kinamihealth.com\/pt-pt\/produto\/radiesse-1-5ml-with-lidocaine\/#primaryimage"},"thumbnailUrl":"https:\/\/kinamihealth.com\/wp-content\/uploads\/2025\/02\/MERZ-RADIESSE-LIDO-1.5-01.jpg","datePublished":"2025-02-15T16:56:51+00:00","dateModified":"2026-04-02T14:26:38+00:00","description":"Compre Radiesse Plus 1,5 ml com lidoca\u00edna online para aumentar eficazmente o volume facial e suavizar rugas moderadas a graves.","breadcrumb":{"@id":"https:\/\/kinamihealth.com\/pt-pt\/produto\/radiesse-1-5ml-with-lidocaine\/#breadcrumb"},"inLanguage":"pt-PT","potentialAction":[{"@type":"ReadAction","target":["https:\/\/kinamihealth.com\/pt-pt\/produto\/radiesse-1-5ml-with-lidocaine\/"]}]},{"@type":"ImageObject","inLanguage":"pt-PT","@id":"https:\/\/kinamihealth.com\/pt-pt\/produto\/radiesse-1-5ml-with-lidocaine\/#primaryimage","url":"https:\/\/kinamihealth.com\/wp-content\/uploads\/2025\/02\/MERZ-RADIESSE-LIDO-1.5-01.jpg","contentUrl":"https:\/\/kinamihealth.com\/wp-content\/uploads\/2025\/02\/MERZ-RADIESSE-LIDO-1.5-01.jpg","width":800,"height":800},{"@type":"BreadcrumbList","@id":"https:\/\/kinamihealth.com\/pt-pt\/produto\/radiesse-1-5ml-with-lidocaine\/#breadcrumb","itemListElement":[{"@type":"ListItem","position":1,"name":"In\u00edcio","item":"https:\/\/kinamihealth.com\/"},{"@type":"ListItem","position":2,"name":"Loja","item":"https:\/\/kinamihealth.com\/shop\/"},{"@type":"ListItem","position":3,"name":"RADIESSE\u00ae (+) 1.5ml with Lidocaine"}]},{"@type":"WebSite","@id":"https:\/\/kinamihealth.com\/#website","url":"https:\/\/kinamihealth.com\/","name":"Kinami Health","description":"","publisher":{"@id":"https:\/\/kinamihealth.com\/#organization"},"potentialAction":[{"@type":"SearchAction","target":{"@type":"EntryPoint","urlTemplate":"https:\/\/kinamihealth.com\/?s={search_term_string}"},"query-input":{"@type":"PropertyValueSpecification","valueRequired":true,"valueName":"search_term_string"}}],"inLanguage":"pt-PT"},{"@type":"Organization","@id":"https:\/\/kinamihealth.com\/#organization","name":"Kinami Health","url":"https:\/\/kinamihealth.com\/","logo":{"@type":"ImageObject","inLanguage":"pt-PT","@id":"https:\/\/kinamihealth.com\/#\/schema\/logo\/image\/","url":"https:\/\/kinamihealth.com\/wp-content\/uploads\/2025\/01\/KH_logo_black_2-1.png","contentUrl":"https:\/\/kinamihealth.com\/wp-content\/uploads\/2025\/01\/KH_logo_black_2-1.png","width":339,"height":34,"caption":"Kinami Health"},"image":{"@id":"https:\/\/kinamihealth.com\/#\/schema\/logo\/image\/"}}]}},"_links":{"self":[{"href":"https:\/\/kinamihealth.com\/pt-pt\/wp-json\/wp\/v2\/product\/122617","targetHints":{"allow":["GET"]}}],"collection":[{"href":"https:\/\/kinamihealth.com\/pt-pt\/wp-json\/wp\/v2\/product"}],"about":[{"href":"https:\/\/kinamihealth.com\/pt-pt\/wp-json\/wp\/v2\/types\/product"}],"replies":[{"embeddable":true,"href":"https:\/\/kinamihealth.com\/pt-pt\/wp-json\/wp\/v2\/comments?post=122617"}],"version-history":[{"count":1,"href":"https:\/\/kinamihealth.com\/pt-pt\/wp-json\/wp\/v2\/product\/122617\/revisions"}],"predecessor-version":[{"id":134382,"href":"https:\/\/kinamihealth.com\/pt-pt\/wp-json\/wp\/v2\/product\/122617\/revisions\/134382"}],"wp:featuredmedia":[{"embeddable":true,"href":"https:\/\/kinamihealth.com\/pt-pt\/wp-json\/wp\/v2\/media\/122621"}],"wp:attachment":[{"href":"https:\/\/kinamihealth.com\/pt-pt\/wp-json\/wp\/v2\/media?parent=122617"}],"wp:term":[{"taxonomy":"product_brand","embeddable":true,"href":"https:\/\/kinamihealth.com\/pt-pt\/wp-json\/wp\/v2\/product_brand?post=122617"},{"taxonomy":"product_cat","embeddable":true,"href":"https:\/\/kinamihealth.com\/pt-pt\/wp-json\/wp\/v2\/product_cat?post=122617"},{"taxonomy":"product_tag","embeddable":true,"href":"https:\/\/kinamihealth.com\/pt-pt\/wp-json\/wp\/v2\/product_tag?post=122617"}],"curies":[{"name":"wp","href":"https:\/\/api.w.org\/{rel}","templated":true}]}}