{"id":122576,"date":"2025-02-15T16:57:22","date_gmt":"2025-02-15T16:57:22","guid":{"rendered":"https:\/\/kinamihealth.com\/product\/revofil-aquashine-ptx\/"},"modified":"2025-11-23T21:39:23","modified_gmt":"2025-11-23T21:39:23","slug":"revofil-aquashine-ptx","status":"publish","type":"product","link":"https:\/\/kinamihealth.com\/pt-pt\/produto\/revofil-aquashine-ptx\/","title":{"rendered":"REVOFIL AQUASHINE PTX"},"content":{"rendered":"<p><span style=\"font-weight: 400;\">Revofil Aquashine PTX \u00e9 a <\/span><b>solu\u00e7\u00e3o definitiva para profissionais m\u00e9dicos<\/b><span style=\"font-weight: 400;\"> que procuram oferecer <\/span><b>tratamentos antienvelhecimento e de rejuvenescimento da pele<\/b><span style=\"font-weight: 400;\"> superiores. Este <\/span><b>preenchimento d\u00e9rmico e inje\u00e7\u00e3o de mesoterapia<\/b><span style=\"font-weight: 400;\"> de \u00faltima gera\u00e7\u00e3o aproveita o poder do <\/span><b>\u00e1cido hialur\u00f3nico e dos pept\u00eddeos biomim\u00e9ticos<\/b><span style=\"font-weight: 400;\"> para hidratar profundamente, firmar e suavizar a pele.<\/span><\/p>\n","protected":false},"excerpt":{"rendered":"<p>Revofil Aquashine PTX \u00e9 a solu\u00e7\u00e3o definitiva para profissionais m\u00e9dicos que procuram oferecer tratamentos antienvelhecimento e de rejuvenescimento da pele superiores. Este preenchimento d\u00e9rmico e inje\u00e7\u00e3o de mesoterapia de \u00faltima gera\u00e7\u00e3o aproveita o poder do \u00e1cido hialur\u00f3nico e dos pept\u00eddeos biomim\u00e9ticos para hidratar profundamente, firmar e suavizar a pele.<\/p>\n","protected":false},"featured_media":122577,"comment_status":"closed","ping_status":"closed","template":"","meta":{"_acf_changed":false,"inline_featured_image":false},"product_brand":[3990],"product_cat":[4082,4083],"product_tag":[4084],"class_list":{"0":"post-122576","1":"product","2":"type-product","3":"status-publish","4":"has-post-thumbnail","6":"product_brand-revofil","7":"product_cat-dermal-fillers-pt-pt","8":"product_cat-ha-dermal-fillers-pt-pt","9":"product_tag-medical-devices-pt-pt","11":"first","12":"instock","13":"taxable","14":"shipping-taxable","15":"purchasable","16":"product-type-simple","17":"add-to-wishlist-before_image"},"acf":[],"yoast_head":"<!-- This site is optimized with the Yoast SEO plugin v27.3 - https:\/\/yoast.com\/product\/yoast-seo-wordpress\/ -->\n<title>Compre Revofil Aquashine PTX online - Levante, hidrate e suavize a pele<\/title>\n<meta name=\"description\" content=\"Compre Revofil Aquashine PTX online para um rejuvenescimento avan\u00e7ado da pele que restaura o volume, firma a pele e reduz as rugas. Encomende agora na Kinami Health!\" \/>\n<meta name=\"robots\" content=\"index, follow, max-snippet:-1, max-image-preview:large, max-video-preview:-1\" \/>\n<link rel=\"canonical\" href=\"https:\/\/kinamihealth.com\/pt-pt\/wp-json\/wp\/v2\/product\/122576\" \/>\n<meta property=\"og:locale\" content=\"pt_PT\" \/>\n<meta property=\"og:type\" content=\"article\" \/>\n<meta property=\"og:title\" content=\"Compre Revofil Aquashine PTX online - Levante, hidrate e suavize a pele\" \/>\n<meta property=\"og:description\" content=\"Compre Revofil Aquashine PTX online para um rejuvenescimento avan\u00e7ado da pele que restaura o volume, firma a pele e reduz as rugas. Encomende agora na Kinami Health!\" \/>\n<meta property=\"og:url\" content=\"https:\/\/kinamihealth.com\/pt-pt\/produto\/revofil-aquashine-ptx\/\" \/>\n<meta property=\"og:site_name\" content=\"Kinami Health\" \/>\n<meta property=\"article:modified_time\" content=\"2025-11-23T21:39:23+00:00\" \/>\n<meta property=\"og:image\" content=\"https:\/\/kinamihealth.com\/wp-content\/uploads\/2025\/02\/REVOFIL-AQUASHINE-BTX_PTX-01.jpg\" \/>\n\t<meta property=\"og:image:width\" content=\"800\" \/>\n\t<meta property=\"og:image:height\" content=\"800\" \/>\n\t<meta property=\"og:image:type\" content=\"image\/jpeg\" \/>\n<meta name=\"twitter:card\" content=\"summary_large_image\" \/>\n<meta name=\"twitter:label1\" content=\"Tempo estimado de leitura\" \/>\n\t<meta name=\"twitter:data1\" content=\"1 minuto\" \/>\n<!-- \/ Yoast SEO plugin. -->","yoast_head_json":{"title":"Compre Revofil Aquashine PTX online - Levante, hidrate e suavize a pele","description":"Compre Revofil Aquashine PTX online para um rejuvenescimento avan\u00e7ado da pele que restaura o volume, firma a pele e reduz as rugas. Encomende agora na Kinami Health!","robots":{"index":"index","follow":"follow","max-snippet":"max-snippet:-1","max-image-preview":"max-image-preview:large","max-video-preview":"max-video-preview:-1"},"canonical":"https:\/\/kinamihealth.com\/pt-pt\/wp-json\/wp\/v2\/product\/122576","og_locale":"pt_PT","og_type":"article","og_title":"Compre Revofil Aquashine PTX online - Levante, hidrate e suavize a pele","og_description":"Compre Revofil Aquashine PTX online para um rejuvenescimento avan\u00e7ado da pele que restaura o volume, firma a pele e reduz as rugas. Encomende agora na Kinami Health!","og_url":"https:\/\/kinamihealth.com\/pt-pt\/produto\/revofil-aquashine-ptx\/","og_site_name":"Kinami Health","article_modified_time":"2025-11-23T21:39:23+00:00","og_image":[{"width":800,"height":800,"url":"https:\/\/kinamihealth.com\/wp-content\/uploads\/2025\/02\/REVOFIL-AQUASHINE-BTX_PTX-01.jpg","type":"image\/jpeg"}],"twitter_card":"summary_large_image","twitter_misc":{"Tempo estimado de leitura":"1 minuto"},"schema":{"@context":"https:\/\/schema.org","@graph":[{"@type":"WebPage","@id":"https:\/\/kinamihealth.com\/pt-pt\/produto\/revofil-aquashine-ptx\/","url":"https:\/\/kinamihealth.com\/pt-pt\/produto\/revofil-aquashine-ptx\/","name":"Compre Revofil Aquashine PTX online - Levante, hidrate e suavize a pele","isPartOf":{"@id":"https:\/\/kinamihealth.com\/#website"},"primaryImageOfPage":{"@id":"https:\/\/kinamihealth.com\/pt-pt\/produto\/revofil-aquashine-ptx\/#primaryimage"},"image":{"@id":"https:\/\/kinamihealth.com\/pt-pt\/produto\/revofil-aquashine-ptx\/#primaryimage"},"thumbnailUrl":"https:\/\/kinamihealth.com\/wp-content\/uploads\/2025\/02\/REVOFIL-AQUASHINE-BTX_PTX-01.jpg","datePublished":"2025-02-15T16:57:22+00:00","dateModified":"2025-11-23T21:39:23+00:00","description":"Compre Revofil Aquashine PTX online para um rejuvenescimento avan\u00e7ado da pele que restaura o volume, firma a pele e reduz as rugas. Encomende agora na Kinami Health!","breadcrumb":{"@id":"https:\/\/kinamihealth.com\/pt-pt\/produto\/revofil-aquashine-ptx\/#breadcrumb"},"inLanguage":"pt-PT","potentialAction":[{"@type":"ReadAction","target":["https:\/\/kinamihealth.com\/pt-pt\/produto\/revofil-aquashine-ptx\/"]}]},{"@type":"ImageObject","inLanguage":"pt-PT","@id":"https:\/\/kinamihealth.com\/pt-pt\/produto\/revofil-aquashine-ptx\/#primaryimage","url":"https:\/\/kinamihealth.com\/wp-content\/uploads\/2025\/02\/REVOFIL-AQUASHINE-BTX_PTX-01.jpg","contentUrl":"https:\/\/kinamihealth.com\/wp-content\/uploads\/2025\/02\/REVOFIL-AQUASHINE-BTX_PTX-01.jpg","width":800,"height":800},{"@type":"BreadcrumbList","@id":"https:\/\/kinamihealth.com\/pt-pt\/produto\/revofil-aquashine-ptx\/#breadcrumb","itemListElement":[{"@type":"ListItem","position":1,"name":"In\u00edcio","item":"https:\/\/kinamihealth.com\/"},{"@type":"ListItem","position":2,"name":"Loja","item":"https:\/\/kinamihealth.com\/shop\/"},{"@type":"ListItem","position":3,"name":"REVOFIL AQUASHINE PTX"}]},{"@type":"WebSite","@id":"https:\/\/kinamihealth.com\/#website","url":"https:\/\/kinamihealth.com\/","name":"Kinami Health","description":"","publisher":{"@id":"https:\/\/kinamihealth.com\/#organization"},"potentialAction":[{"@type":"SearchAction","target":{"@type":"EntryPoint","urlTemplate":"https:\/\/kinamihealth.com\/?s={search_term_string}"},"query-input":{"@type":"PropertyValueSpecification","valueRequired":true,"valueName":"search_term_string"}}],"inLanguage":"pt-PT"},{"@type":"Organization","@id":"https:\/\/kinamihealth.com\/#organization","name":"Kinami Health","url":"https:\/\/kinamihealth.com\/","logo":{"@type":"ImageObject","inLanguage":"pt-PT","@id":"https:\/\/kinamihealth.com\/#\/schema\/logo\/image\/","url":"https:\/\/kinamihealth.com\/wp-content\/uploads\/2025\/01\/KH_logo_black_2-1.png","contentUrl":"https:\/\/kinamihealth.com\/wp-content\/uploads\/2025\/01\/KH_logo_black_2-1.png","width":339,"height":34,"caption":"Kinami Health"},"image":{"@id":"https:\/\/kinamihealth.com\/#\/schema\/logo\/image\/"}}]}},"_links":{"self":[{"href":"https:\/\/kinamihealth.com\/pt-pt\/wp-json\/wp\/v2\/product\/122576","targetHints":{"allow":["GET"]}}],"collection":[{"href":"https:\/\/kinamihealth.com\/pt-pt\/wp-json\/wp\/v2\/product"}],"about":[{"href":"https:\/\/kinamihealth.com\/pt-pt\/wp-json\/wp\/v2\/types\/product"}],"replies":[{"embeddable":true,"href":"https:\/\/kinamihealth.com\/pt-pt\/wp-json\/wp\/v2\/comments?post=122576"}],"version-history":[{"count":0,"href":"https:\/\/kinamihealth.com\/pt-pt\/wp-json\/wp\/v2\/product\/122576\/revisions"}],"wp:featuredmedia":[{"embeddable":true,"href":"https:\/\/kinamihealth.com\/pt-pt\/wp-json\/wp\/v2\/media\/122577"}],"wp:attachment":[{"href":"https:\/\/kinamihealth.com\/pt-pt\/wp-json\/wp\/v2\/media?parent=122576"}],"wp:term":[{"taxonomy":"product_brand","embeddable":true,"href":"https:\/\/kinamihealth.com\/pt-pt\/wp-json\/wp\/v2\/product_brand?post=122576"},{"taxonomy":"product_cat","embeddable":true,"href":"https:\/\/kinamihealth.com\/pt-pt\/wp-json\/wp\/v2\/product_cat?post=122576"},{"taxonomy":"product_tag","embeddable":true,"href":"https:\/\/kinamihealth.com\/pt-pt\/wp-json\/wp\/v2\/product_tag?post=122576"}],"curies":[{"name":"wp","href":"https:\/\/api.w.org\/{rel}","templated":true}]}}