{"id":122535,"date":"2025-02-15T16:56:43","date_gmt":"2025-02-15T16:56:43","guid":{"rendered":"https:\/\/kinamihealth.com\/product\/phosphatidylcholine\/"},"modified":"2025-12-31T13:50:32","modified_gmt":"2025-12-31T13:50:32","slug":"phosphatidylcholine","status":"publish","type":"product","link":"https:\/\/kinamihealth.com\/pt-pt\/produto\/phosphatidylcholine\/","title":{"rendered":"PHOSPHATIDYLCHOLINE"},"content":{"rendered":"<p><b>BCN Fosfatidilcolina<\/b><span style=\"font-weight: 400;\"> \u00e9 uma <\/span><b>solu\u00e7\u00e3o lipol\u00edtica<\/b><span style=\"font-weight: 400;\"> avan\u00e7ada desenvolvida para tratamentos est\u00e9ticos profissionais. Esta f\u00f3rmula especializada utiliza fosfatidilcolina natural para atacar e dissolver dep\u00f3sitos de gordura teimosos que resistem aos m\u00e9todos tradicionais de dieta e exerc\u00edcio.<\/span><\/p>\n","protected":false},"excerpt":{"rendered":"<p>BCN Fosfatidilcolina \u00e9 uma solu\u00e7\u00e3o lipol\u00edtica avan\u00e7ada desenvolvida para tratamentos est\u00e9ticos profissionais. Esta f\u00f3rmula especializada utiliza fosfatidilcolina natural para atacar e dissolver dep\u00f3sitos de gordura teimosos que resistem aos m\u00e9todos tradicionais de dieta e exerc\u00edcio.<\/p>\n","protected":false},"featured_media":122536,"comment_status":"closed","ping_status":"closed","template":"","meta":{"_acf_changed":false,"inline_featured_image":false},"product_brand":[3190],"product_cat":[4096],"product_tag":[4084],"class_list":{"0":"post-122535","1":"product","2":"type-product","3":"status-publish","4":"has-post-thumbnail","6":"product_brand-bcn","7":"product_cat-fat-removal-pt-pt","8":"product_tag-medical-devices-pt-pt","10":"first","11":"instock","12":"taxable","13":"shipping-taxable","14":"purchasable","15":"product-type-simple","16":"add-to-wishlist-before_image"},"acf":[],"yoast_head":"<!-- This site is optimized with the Yoast SEO plugin v27.3 - https:\/\/yoast.com\/product\/yoast-seo-wordpress\/ -->\n<title>Comprar BCN Fosfatidilcolina Online - Remova a gordura teimosa<\/title>\n<meta name=\"description\" content=\"Compre BCN Fosfatidilcolina para atingir e eliminar eficazmente os dep\u00f3sitos de gordura localizados no rosto e no corpo atrav\u00e9s de tratamentos est\u00e9ticos profissionais.\" \/>\n<meta name=\"robots\" content=\"index, follow, max-snippet:-1, max-image-preview:large, max-video-preview:-1\" \/>\n<link rel=\"canonical\" href=\"https:\/\/kinamihealth.com\/pt-pt\/wp-json\/wp\/v2\/product\/122535\" \/>\n<meta property=\"og:locale\" content=\"pt_PT\" \/>\n<meta property=\"og:type\" content=\"article\" \/>\n<meta property=\"og:title\" content=\"Comprar BCN Fosfatidilcolina Online - Remova a gordura teimosa\" \/>\n<meta property=\"og:description\" content=\"Compre BCN Fosfatidilcolina para atingir e eliminar eficazmente os dep\u00f3sitos de gordura localizados no rosto e no corpo atrav\u00e9s de tratamentos est\u00e9ticos profissionais.\" \/>\n<meta property=\"og:url\" content=\"https:\/\/kinamihealth.com\/pt-pt\/produto\/phosphatidylcholine\/\" \/>\n<meta property=\"og:site_name\" content=\"Kinami Health\" \/>\n<meta property=\"article:modified_time\" content=\"2025-12-31T13:50:32+00:00\" \/>\n<meta property=\"og:image\" content=\"https:\/\/kinamihealth.com\/wp-content\/uploads\/2025\/02\/BCN-PHOSPHATIDYCHOLINE-01.jpg\" \/>\n\t<meta property=\"og:image:width\" content=\"800\" \/>\n\t<meta property=\"og:image:height\" content=\"800\" \/>\n\t<meta property=\"og:image:type\" content=\"image\/jpeg\" \/>\n<meta name=\"twitter:card\" content=\"summary_large_image\" \/>\n<meta name=\"twitter:label1\" content=\"Tempo estimado de leitura\" \/>\n\t<meta name=\"twitter:data1\" content=\"1 minuto\" \/>\n<!-- \/ Yoast SEO plugin. -->","yoast_head_json":{"title":"Comprar BCN Fosfatidilcolina Online - Remova a gordura teimosa","description":"Compre BCN Fosfatidilcolina para atingir e eliminar eficazmente os dep\u00f3sitos de gordura localizados no rosto e no corpo atrav\u00e9s de tratamentos est\u00e9ticos profissionais.","robots":{"index":"index","follow":"follow","max-snippet":"max-snippet:-1","max-image-preview":"max-image-preview:large","max-video-preview":"max-video-preview:-1"},"canonical":"https:\/\/kinamihealth.com\/pt-pt\/wp-json\/wp\/v2\/product\/122535","og_locale":"pt_PT","og_type":"article","og_title":"Comprar BCN Fosfatidilcolina Online - Remova a gordura teimosa","og_description":"Compre BCN Fosfatidilcolina para atingir e eliminar eficazmente os dep\u00f3sitos de gordura localizados no rosto e no corpo atrav\u00e9s de tratamentos est\u00e9ticos profissionais.","og_url":"https:\/\/kinamihealth.com\/pt-pt\/produto\/phosphatidylcholine\/","og_site_name":"Kinami Health","article_modified_time":"2025-12-31T13:50:32+00:00","og_image":[{"width":800,"height":800,"url":"https:\/\/kinamihealth.com\/wp-content\/uploads\/2025\/02\/BCN-PHOSPHATIDYCHOLINE-01.jpg","type":"image\/jpeg"}],"twitter_card":"summary_large_image","twitter_misc":{"Tempo estimado de leitura":"1 minuto"},"schema":{"@context":"https:\/\/schema.org","@graph":[{"@type":"WebPage","@id":"https:\/\/kinamihealth.com\/pt-pt\/produto\/phosphatidylcholine\/","url":"https:\/\/kinamihealth.com\/pt-pt\/produto\/phosphatidylcholine\/","name":"Comprar BCN Fosfatidilcolina Online - Remova a gordura teimosa","isPartOf":{"@id":"https:\/\/kinamihealth.com\/#website"},"primaryImageOfPage":{"@id":"https:\/\/kinamihealth.com\/pt-pt\/produto\/phosphatidylcholine\/#primaryimage"},"image":{"@id":"https:\/\/kinamihealth.com\/pt-pt\/produto\/phosphatidylcholine\/#primaryimage"},"thumbnailUrl":"https:\/\/kinamihealth.com\/wp-content\/uploads\/2025\/02\/BCN-PHOSPHATIDYCHOLINE-01.jpg","datePublished":"2025-02-15T16:56:43+00:00","dateModified":"2025-12-31T13:50:32+00:00","description":"Compre BCN Fosfatidilcolina para atingir e eliminar eficazmente os dep\u00f3sitos de gordura localizados no rosto e no corpo atrav\u00e9s de tratamentos est\u00e9ticos profissionais.","breadcrumb":{"@id":"https:\/\/kinamihealth.com\/pt-pt\/produto\/phosphatidylcholine\/#breadcrumb"},"inLanguage":"pt-PT","potentialAction":[{"@type":"ReadAction","target":["https:\/\/kinamihealth.com\/pt-pt\/produto\/phosphatidylcholine\/"]}]},{"@type":"ImageObject","inLanguage":"pt-PT","@id":"https:\/\/kinamihealth.com\/pt-pt\/produto\/phosphatidylcholine\/#primaryimage","url":"https:\/\/kinamihealth.com\/wp-content\/uploads\/2025\/02\/BCN-PHOSPHATIDYCHOLINE-01.jpg","contentUrl":"https:\/\/kinamihealth.com\/wp-content\/uploads\/2025\/02\/BCN-PHOSPHATIDYCHOLINE-01.jpg","width":800,"height":800},{"@type":"BreadcrumbList","@id":"https:\/\/kinamihealth.com\/pt-pt\/produto\/phosphatidylcholine\/#breadcrumb","itemListElement":[{"@type":"ListItem","position":1,"name":"In\u00edcio","item":"https:\/\/kinamihealth.com\/"},{"@type":"ListItem","position":2,"name":"Loja","item":"https:\/\/kinamihealth.com\/shop\/"},{"@type":"ListItem","position":3,"name":"PHOSPHATIDYLCHOLINE"}]},{"@type":"WebSite","@id":"https:\/\/kinamihealth.com\/#website","url":"https:\/\/kinamihealth.com\/","name":"Kinami Health","description":"","publisher":{"@id":"https:\/\/kinamihealth.com\/#organization"},"potentialAction":[{"@type":"SearchAction","target":{"@type":"EntryPoint","urlTemplate":"https:\/\/kinamihealth.com\/?s={search_term_string}"},"query-input":{"@type":"PropertyValueSpecification","valueRequired":true,"valueName":"search_term_string"}}],"inLanguage":"pt-PT"},{"@type":"Organization","@id":"https:\/\/kinamihealth.com\/#organization","name":"Kinami Health","url":"https:\/\/kinamihealth.com\/","logo":{"@type":"ImageObject","inLanguage":"pt-PT","@id":"https:\/\/kinamihealth.com\/#\/schema\/logo\/image\/","url":"https:\/\/kinamihealth.com\/wp-content\/uploads\/2025\/01\/KH_logo_black_2-1.png","contentUrl":"https:\/\/kinamihealth.com\/wp-content\/uploads\/2025\/01\/KH_logo_black_2-1.png","width":339,"height":34,"caption":"Kinami Health"},"image":{"@id":"https:\/\/kinamihealth.com\/#\/schema\/logo\/image\/"}}]}},"_links":{"self":[{"href":"https:\/\/kinamihealth.com\/pt-pt\/wp-json\/wp\/v2\/product\/122535","targetHints":{"allow":["GET"]}}],"collection":[{"href":"https:\/\/kinamihealth.com\/pt-pt\/wp-json\/wp\/v2\/product"}],"about":[{"href":"https:\/\/kinamihealth.com\/pt-pt\/wp-json\/wp\/v2\/types\/product"}],"replies":[{"embeddable":true,"href":"https:\/\/kinamihealth.com\/pt-pt\/wp-json\/wp\/v2\/comments?post=122535"}],"version-history":[{"count":0,"href":"https:\/\/kinamihealth.com\/pt-pt\/wp-json\/wp\/v2\/product\/122535\/revisions"}],"wp:featuredmedia":[{"embeddable":true,"href":"https:\/\/kinamihealth.com\/pt-pt\/wp-json\/wp\/v2\/media\/122536"}],"wp:attachment":[{"href":"https:\/\/kinamihealth.com\/pt-pt\/wp-json\/wp\/v2\/media?parent=122535"}],"wp:term":[{"taxonomy":"product_brand","embeddable":true,"href":"https:\/\/kinamihealth.com\/pt-pt\/wp-json\/wp\/v2\/product_brand?post=122535"},{"taxonomy":"product_cat","embeddable":true,"href":"https:\/\/kinamihealth.com\/pt-pt\/wp-json\/wp\/v2\/product_cat?post=122535"},{"taxonomy":"product_tag","embeddable":true,"href":"https:\/\/kinamihealth.com\/pt-pt\/wp-json\/wp\/v2\/product_tag?post=122535"}],"curies":[{"name":"wp","href":"https:\/\/api.w.org\/{rel}","templated":true}]}}