{"id":122521,"date":"2025-02-15T16:56:48","date_gmt":"2025-02-15T16:56:48","guid":{"rendered":"https:\/\/kinamihealth.com\/product\/profhilo-body-kit\/"},"modified":"2026-01-07T11:16:30","modified_gmt":"2026-01-07T11:16:30","slug":"profhilo-body-kit","status":"publish","type":"product","link":"https:\/\/kinamihealth.com\/pt-pt\/produto\/profhilo-body-kit\/","title":{"rendered":"PROFHILO\u00ae BODY KIT"},"content":{"rendered":"<p><span style=\"font-weight: 400;\">Experimente o <\/span><b>rejuvenescimento avan\u00e7ado da pele<\/b><span style=\"font-weight: 400;\"> com o <\/span><b>Kit Profhilo Body<\/b><span style=\"font-weight: 400;\">. Este pacote de tratamento completo cont\u00e9m <\/span><b>injet\u00e1veis de \u00e1cido hialur\u00f3nico de n\u00edvel profissional, adesivos nutritivos para a pele e creme<\/b><span style=\"font-weight: 400;\">. Perfeito para melhorar a <\/span><b>firmeza, hidrata\u00e7\u00e3o e textura da pele<\/b><span style=\"font-weight: 400;\"> em todas as \u00e1reas do corpo, este sistema inovador oferece resultados not\u00e1veis atrav\u00e9s da sua combina\u00e7\u00e3o \u00fanica de produtos. Os profissionais m\u00e9dicos podem <\/span><b>comprar o Kit Profhilo Body<\/b><span style=\"font-weight: 400;\"> na <\/span><b>Kinami Health<\/b><span style=\"font-weight: 400;\">, onde encontrar\u00e3o as melhores ofertas em produtos de rejuvenescimento premium.<\/span><\/p>\n","protected":false},"excerpt":{"rendered":"<p>Experimente o rejuvenescimento avan\u00e7ado da pele com o Kit Profhilo Body. Este pacote de tratamento completo cont\u00e9m injet\u00e1veis de \u00e1cido hialur\u00f3nico de n\u00edvel profissional, adesivos nutritivos para a pele e creme. Perfeito para melhorar a firmeza, hidrata\u00e7\u00e3o e textura da pele em todas as \u00e1reas do corpo, este sistema inovador oferece resultados not\u00e1veis atrav\u00e9s da [&hellip;]<\/p>\n","protected":false},"featured_media":122525,"comment_status":"closed","ping_status":"closed","template":"","meta":{"_acf_changed":false,"inline_featured_image":false},"product_brand":[3964],"product_cat":[4230],"product_tag":[4084],"class_list":{"0":"post-122521","1":"product","2":"type-product","3":"status-publish","4":"has-post-thumbnail","6":"product_brand-profhilo","7":"product_cat-body-sculpting-pt-pt","8":"product_tag-medical-devices-pt-pt","10":"first","11":"instock","12":"taxable","13":"shipping-taxable","14":"purchasable","15":"product-type-simple","16":"add-to-wishlist-before_image"},"acf":[],"yoast_head":"<!-- This site is optimized with the Yoast SEO plugin v27.3 - https:\/\/yoast.com\/product\/yoast-seo-wordpress\/ -->\n<title>Compre o Kit Profhilo Body | Produto premium para contorno corporal<\/title>\n<meta name=\"description\" content=\"Compre o Profhilo\u00ae Body Kit online e transforme a pele envelhecida com o melhor sistema de tratamento.\" \/>\n<meta name=\"robots\" content=\"index, follow, max-snippet:-1, max-image-preview:large, max-video-preview:-1\" \/>\n<link rel=\"canonical\" href=\"https:\/\/kinamihealth.com\/pt-pt\/wp-json\/wp\/v2\/product\/122521\" \/>\n<meta property=\"og:locale\" content=\"pt_PT\" \/>\n<meta property=\"og:type\" content=\"article\" \/>\n<meta property=\"og:title\" content=\"Compre o Kit Profhilo Body | Produto premium para contorno corporal\" \/>\n<meta property=\"og:description\" content=\"Compre o Profhilo\u00ae Body Kit online e transforme a pele envelhecida com o melhor sistema de tratamento.\" \/>\n<meta property=\"og:url\" content=\"https:\/\/kinamihealth.com\/pt-pt\/produto\/profhilo-body-kit\/\" \/>\n<meta property=\"og:site_name\" content=\"Kinami Health\" \/>\n<meta property=\"article:modified_time\" content=\"2026-01-07T11:16:30+00:00\" \/>\n<meta property=\"og:image\" content=\"https:\/\/kinamihealth.com\/wp-content\/uploads\/2025\/02\/IBSA-PROFHILO-BODYKIT-01.jpg\" \/>\n\t<meta property=\"og:image:width\" content=\"800\" \/>\n\t<meta property=\"og:image:height\" content=\"800\" \/>\n\t<meta property=\"og:image:type\" content=\"image\/jpeg\" \/>\n<meta name=\"twitter:card\" content=\"summary_large_image\" \/>\n<meta name=\"twitter:label1\" content=\"Tempo estimado de leitura\" \/>\n\t<meta name=\"twitter:data1\" content=\"1 minuto\" \/>\n<!-- \/ Yoast SEO plugin. -->","yoast_head_json":{"title":"Compre o Kit Profhilo Body | Produto premium para contorno corporal","description":"Compre o Profhilo\u00ae Body Kit online e transforme a pele envelhecida com o melhor sistema de tratamento.","robots":{"index":"index","follow":"follow","max-snippet":"max-snippet:-1","max-image-preview":"max-image-preview:large","max-video-preview":"max-video-preview:-1"},"canonical":"https:\/\/kinamihealth.com\/pt-pt\/wp-json\/wp\/v2\/product\/122521","og_locale":"pt_PT","og_type":"article","og_title":"Compre o Kit Profhilo Body | Produto premium para contorno corporal","og_description":"Compre o Profhilo\u00ae Body Kit online e transforme a pele envelhecida com o melhor sistema de tratamento.","og_url":"https:\/\/kinamihealth.com\/pt-pt\/produto\/profhilo-body-kit\/","og_site_name":"Kinami Health","article_modified_time":"2026-01-07T11:16:30+00:00","og_image":[{"width":800,"height":800,"url":"https:\/\/kinamihealth.com\/wp-content\/uploads\/2025\/02\/IBSA-PROFHILO-BODYKIT-01.jpg","type":"image\/jpeg"}],"twitter_card":"summary_large_image","twitter_misc":{"Tempo estimado de leitura":"1 minuto"},"schema":{"@context":"https:\/\/schema.org","@graph":[{"@type":"WebPage","@id":"https:\/\/kinamihealth.com\/pt-pt\/produto\/profhilo-body-kit\/","url":"https:\/\/kinamihealth.com\/pt-pt\/produto\/profhilo-body-kit\/","name":"Compre o Kit Profhilo Body | Produto premium para contorno corporal","isPartOf":{"@id":"https:\/\/kinamihealth.com\/#website"},"primaryImageOfPage":{"@id":"https:\/\/kinamihealth.com\/pt-pt\/produto\/profhilo-body-kit\/#primaryimage"},"image":{"@id":"https:\/\/kinamihealth.com\/pt-pt\/produto\/profhilo-body-kit\/#primaryimage"},"thumbnailUrl":"https:\/\/kinamihealth.com\/wp-content\/uploads\/2025\/02\/IBSA-PROFHILO-BODYKIT-01.jpg","datePublished":"2025-02-15T16:56:48+00:00","dateModified":"2026-01-07T11:16:30+00:00","description":"Compre o Profhilo\u00ae Body Kit online e transforme a pele envelhecida com o melhor sistema de tratamento.","breadcrumb":{"@id":"https:\/\/kinamihealth.com\/pt-pt\/produto\/profhilo-body-kit\/#breadcrumb"},"inLanguage":"pt-PT","potentialAction":[{"@type":"ReadAction","target":["https:\/\/kinamihealth.com\/pt-pt\/produto\/profhilo-body-kit\/"]}]},{"@type":"ImageObject","inLanguage":"pt-PT","@id":"https:\/\/kinamihealth.com\/pt-pt\/produto\/profhilo-body-kit\/#primaryimage","url":"https:\/\/kinamihealth.com\/wp-content\/uploads\/2025\/02\/IBSA-PROFHILO-BODYKIT-01.jpg","contentUrl":"https:\/\/kinamihealth.com\/wp-content\/uploads\/2025\/02\/IBSA-PROFHILO-BODYKIT-01.jpg","width":800,"height":800},{"@type":"BreadcrumbList","@id":"https:\/\/kinamihealth.com\/pt-pt\/produto\/profhilo-body-kit\/#breadcrumb","itemListElement":[{"@type":"ListItem","position":1,"name":"In\u00edcio","item":"https:\/\/kinamihealth.com\/"},{"@type":"ListItem","position":2,"name":"Loja","item":"https:\/\/kinamihealth.com\/shop\/"},{"@type":"ListItem","position":3,"name":"PROFHILO\u00ae BODY KIT"}]},{"@type":"WebSite","@id":"https:\/\/kinamihealth.com\/#website","url":"https:\/\/kinamihealth.com\/","name":"Kinami Health","description":"","publisher":{"@id":"https:\/\/kinamihealth.com\/#organization"},"potentialAction":[{"@type":"SearchAction","target":{"@type":"EntryPoint","urlTemplate":"https:\/\/kinamihealth.com\/?s={search_term_string}"},"query-input":{"@type":"PropertyValueSpecification","valueRequired":true,"valueName":"search_term_string"}}],"inLanguage":"pt-PT"},{"@type":"Organization","@id":"https:\/\/kinamihealth.com\/#organization","name":"Kinami Health","url":"https:\/\/kinamihealth.com\/","logo":{"@type":"ImageObject","inLanguage":"pt-PT","@id":"https:\/\/kinamihealth.com\/#\/schema\/logo\/image\/","url":"https:\/\/kinamihealth.com\/wp-content\/uploads\/2025\/01\/KH_logo_black_2-1.png","contentUrl":"https:\/\/kinamihealth.com\/wp-content\/uploads\/2025\/01\/KH_logo_black_2-1.png","width":339,"height":34,"caption":"Kinami Health"},"image":{"@id":"https:\/\/kinamihealth.com\/#\/schema\/logo\/image\/"}}]}},"_links":{"self":[{"href":"https:\/\/kinamihealth.com\/pt-pt\/wp-json\/wp\/v2\/product\/122521","targetHints":{"allow":["GET"]}}],"collection":[{"href":"https:\/\/kinamihealth.com\/pt-pt\/wp-json\/wp\/v2\/product"}],"about":[{"href":"https:\/\/kinamihealth.com\/pt-pt\/wp-json\/wp\/v2\/types\/product"}],"replies":[{"embeddable":true,"href":"https:\/\/kinamihealth.com\/pt-pt\/wp-json\/wp\/v2\/comments?post=122521"}],"version-history":[{"count":0,"href":"https:\/\/kinamihealth.com\/pt-pt\/wp-json\/wp\/v2\/product\/122521\/revisions"}],"wp:featuredmedia":[{"embeddable":true,"href":"https:\/\/kinamihealth.com\/pt-pt\/wp-json\/wp\/v2\/media\/122525"}],"wp:attachment":[{"href":"https:\/\/kinamihealth.com\/pt-pt\/wp-json\/wp\/v2\/media?parent=122521"}],"wp:term":[{"taxonomy":"product_brand","embeddable":true,"href":"https:\/\/kinamihealth.com\/pt-pt\/wp-json\/wp\/v2\/product_brand?post=122521"},{"taxonomy":"product_cat","embeddable":true,"href":"https:\/\/kinamihealth.com\/pt-pt\/wp-json\/wp\/v2\/product_cat?post=122521"},{"taxonomy":"product_tag","embeddable":true,"href":"https:\/\/kinamihealth.com\/pt-pt\/wp-json\/wp\/v2\/product_tag?post=122521"}],"curies":[{"name":"wp","href":"https:\/\/api.w.org\/{rel}","templated":true}]}}