{"id":122511,"date":"2025-02-15T16:56:38","date_gmt":"2025-02-15T16:56:38","guid":{"rendered":"https:\/\/kinamihealth.com\/product\/rainbow-pcla-screw-29g38-50mm\/"},"modified":"2025-11-23T20:45:13","modified_gmt":"2025-11-23T20:45:13","slug":"rainbow-pcla-screw-29g38-50mm","status":"publish","type":"product","link":"https:\/\/kinamihealth.com\/pt-pt\/produto\/rainbow-pcla-screw-29g38-50mm\/","title":{"rendered":"RAINBOW PCLA SCREW 29G38-50mm"},"content":{"rendered":"<p><b>O Parafuso Rainbow PCLA 29G38-50mm<\/b><span style=\"font-weight: 400;\"> \u00e9 uma solu\u00e7\u00e3o est\u00e9tica inovadora que combina a tecnologia PCLA <\/span><b>(Poli L-Lactida-co-\u03b5-Caprolactona)<\/b><span style=\"font-weight: 400;\"> para um melhor <\/span><b>rejuvenescimento da pele.<\/b><span style=\"font-weight: 400;\"> Estes fios especializados apresentam uma agulha de calibre 29 e 50 mm de comprimento, especificamente concebidos para uma integra\u00e7\u00e3o ideal nos tecidos e efeitos de lifting. O design exclusivo em <\/span><b>parafuso maximiza o contacto com o tecido conjuntivo<\/b><span style=\"font-weight: 400;\">, estimulando eficazmente a <\/span><b>produ\u00e7\u00e3o natural de colag\u00e9nio e elastina<\/b><span style=\"font-weight: 400;\">. Este tratamento abrangente proporciona melhorias imediatas e benef\u00edcios a longo prazo, com resultados que podem durar at\u00e9 <\/span><b>18 a 24 meses,<\/b><span style=\"font-weight: 400;\"> tornando-o a escolha ideal para o <\/span><b>rejuvenescimento facial n\u00e3o cir\u00fargico.<\/b><\/p>\n","protected":false},"excerpt":{"rendered":"<p>O Parafuso Rainbow PCLA 29G38-50mm \u00e9 uma solu\u00e7\u00e3o est\u00e9tica inovadora que combina a tecnologia PCLA (Poli L-Lactida-co-\u03b5-Caprolactona) para um melhor rejuvenescimento da pele. Estes fios especializados apresentam uma agulha de calibre 29 e 50 mm de comprimento, especificamente concebidos para uma integra\u00e7\u00e3o ideal nos tecidos e efeitos de lifting. O design exclusivo em parafuso maximiza [&hellip;]<\/p>\n","protected":false},"featured_media":122512,"comment_status":"closed","ping_status":"closed","template":"","meta":{"_acf_changed":false,"inline_featured_image":false},"product_brand":[3986],"product_cat":[4257,4418],"product_tag":[4084],"class_list":{"0":"post-122511","1":"product","2":"type-product","3":"status-publish","4":"has-post-thumbnail","6":"product_brand-rainbow","7":"product_cat-threads-pt-pt","8":"product_cat-pcla-threads-pt-pt","9":"product_tag-medical-devices-pt-pt","11":"first","12":"instock","13":"taxable","14":"shipping-taxable","15":"purchasable","16":"product-type-simple","17":"add-to-wishlist-before_image"},"acf":[],"yoast_head":"<!-- This site is optimized with the Yoast SEO plugin v27.3 - https:\/\/yoast.com\/product\/yoast-seo-wordpress\/ -->\n<title>Compre Rainbow PCLA Screw 29G38-50mm para um lifting avan\u00e7ado da pele<\/title>\n<meta name=\"description\" content=\"Compre Rainbow PCLA Screw 29G38-50mm online e experimente um lifting e rejuvenescimento excepcionais com este fio biocompat\u00edvel premium.\" \/>\n<meta name=\"robots\" content=\"index, follow, max-snippet:-1, max-image-preview:large, max-video-preview:-1\" \/>\n<link rel=\"canonical\" href=\"https:\/\/kinamihealth.com\/pt-pt\/wp-json\/wp\/v2\/product\/122511\" \/>\n<meta property=\"og:locale\" content=\"pt_PT\" \/>\n<meta property=\"og:type\" content=\"article\" \/>\n<meta property=\"og:title\" content=\"Compre Rainbow PCLA Screw 29G38-50mm para um lifting avan\u00e7ado da pele\" \/>\n<meta property=\"og:description\" content=\"Compre Rainbow PCLA Screw 29G38-50mm online e experimente um lifting e rejuvenescimento excepcionais com este fio biocompat\u00edvel premium.\" \/>\n<meta property=\"og:url\" content=\"https:\/\/kinamihealth.com\/pt-pt\/produto\/rainbow-pcla-screw-29g38-50mm\/\" \/>\n<meta property=\"og:site_name\" content=\"Kinami Health\" \/>\n<meta property=\"article:modified_time\" content=\"2025-11-23T20:45:13+00:00\" \/>\n<meta property=\"og:image\" content=\"https:\/\/kinamihealth.com\/wp-content\/uploads\/2025\/02\/RAINBOW-PCLA-SCREW-29G3850MM-01.jpg\" \/>\n\t<meta property=\"og:image:width\" content=\"800\" \/>\n\t<meta property=\"og:image:height\" content=\"800\" \/>\n\t<meta property=\"og:image:type\" content=\"image\/jpeg\" \/>\n<meta name=\"twitter:card\" content=\"summary_large_image\" \/>\n<meta name=\"twitter:label1\" content=\"Tempo estimado de leitura\" \/>\n\t<meta name=\"twitter:data1\" content=\"1 minuto\" \/>\n<!-- \/ Yoast SEO plugin. -->","yoast_head_json":{"title":"Compre Rainbow PCLA Screw 29G38-50mm para um lifting avan\u00e7ado da pele","description":"Compre Rainbow PCLA Screw 29G38-50mm online e experimente um lifting e rejuvenescimento excepcionais com este fio biocompat\u00edvel premium.","robots":{"index":"index","follow":"follow","max-snippet":"max-snippet:-1","max-image-preview":"max-image-preview:large","max-video-preview":"max-video-preview:-1"},"canonical":"https:\/\/kinamihealth.com\/pt-pt\/wp-json\/wp\/v2\/product\/122511","og_locale":"pt_PT","og_type":"article","og_title":"Compre Rainbow PCLA Screw 29G38-50mm para um lifting avan\u00e7ado da pele","og_description":"Compre Rainbow PCLA Screw 29G38-50mm online e experimente um lifting e rejuvenescimento excepcionais com este fio biocompat\u00edvel premium.","og_url":"https:\/\/kinamihealth.com\/pt-pt\/produto\/rainbow-pcla-screw-29g38-50mm\/","og_site_name":"Kinami Health","article_modified_time":"2025-11-23T20:45:13+00:00","og_image":[{"width":800,"height":800,"url":"https:\/\/kinamihealth.com\/wp-content\/uploads\/2025\/02\/RAINBOW-PCLA-SCREW-29G3850MM-01.jpg","type":"image\/jpeg"}],"twitter_card":"summary_large_image","twitter_misc":{"Tempo estimado de leitura":"1 minuto"},"schema":{"@context":"https:\/\/schema.org","@graph":[{"@type":"WebPage","@id":"https:\/\/kinamihealth.com\/pt-pt\/produto\/rainbow-pcla-screw-29g38-50mm\/","url":"https:\/\/kinamihealth.com\/pt-pt\/produto\/rainbow-pcla-screw-29g38-50mm\/","name":"Compre Rainbow PCLA Screw 29G38-50mm para um lifting avan\u00e7ado da pele","isPartOf":{"@id":"https:\/\/kinamihealth.com\/#website"},"primaryImageOfPage":{"@id":"https:\/\/kinamihealth.com\/pt-pt\/produto\/rainbow-pcla-screw-29g38-50mm\/#primaryimage"},"image":{"@id":"https:\/\/kinamihealth.com\/pt-pt\/produto\/rainbow-pcla-screw-29g38-50mm\/#primaryimage"},"thumbnailUrl":"https:\/\/kinamihealth.com\/wp-content\/uploads\/2025\/02\/RAINBOW-PCLA-SCREW-29G3850MM-01.jpg","datePublished":"2025-02-15T16:56:38+00:00","dateModified":"2025-11-23T20:45:13+00:00","description":"Compre Rainbow PCLA Screw 29G38-50mm online e experimente um lifting e rejuvenescimento excepcionais com este fio biocompat\u00edvel premium.","breadcrumb":{"@id":"https:\/\/kinamihealth.com\/pt-pt\/produto\/rainbow-pcla-screw-29g38-50mm\/#breadcrumb"},"inLanguage":"pt-PT","potentialAction":[{"@type":"ReadAction","target":["https:\/\/kinamihealth.com\/pt-pt\/produto\/rainbow-pcla-screw-29g38-50mm\/"]}]},{"@type":"ImageObject","inLanguage":"pt-PT","@id":"https:\/\/kinamihealth.com\/pt-pt\/produto\/rainbow-pcla-screw-29g38-50mm\/#primaryimage","url":"https:\/\/kinamihealth.com\/wp-content\/uploads\/2025\/02\/RAINBOW-PCLA-SCREW-29G3850MM-01.jpg","contentUrl":"https:\/\/kinamihealth.com\/wp-content\/uploads\/2025\/02\/RAINBOW-PCLA-SCREW-29G3850MM-01.jpg","width":800,"height":800},{"@type":"BreadcrumbList","@id":"https:\/\/kinamihealth.com\/pt-pt\/produto\/rainbow-pcla-screw-29g38-50mm\/#breadcrumb","itemListElement":[{"@type":"ListItem","position":1,"name":"In\u00edcio","item":"https:\/\/kinamihealth.com\/"},{"@type":"ListItem","position":2,"name":"Loja","item":"https:\/\/kinamihealth.com\/shop\/"},{"@type":"ListItem","position":3,"name":"RAINBOW PCLA SCREW 29G38-50mm"}]},{"@type":"WebSite","@id":"https:\/\/kinamihealth.com\/#website","url":"https:\/\/kinamihealth.com\/","name":"Kinami Health","description":"","publisher":{"@id":"https:\/\/kinamihealth.com\/#organization"},"potentialAction":[{"@type":"SearchAction","target":{"@type":"EntryPoint","urlTemplate":"https:\/\/kinamihealth.com\/?s={search_term_string}"},"query-input":{"@type":"PropertyValueSpecification","valueRequired":true,"valueName":"search_term_string"}}],"inLanguage":"pt-PT"},{"@type":"Organization","@id":"https:\/\/kinamihealth.com\/#organization","name":"Kinami Health","url":"https:\/\/kinamihealth.com\/","logo":{"@type":"ImageObject","inLanguage":"pt-PT","@id":"https:\/\/kinamihealth.com\/#\/schema\/logo\/image\/","url":"https:\/\/kinamihealth.com\/wp-content\/uploads\/2025\/01\/KH_logo_black_2-1.png","contentUrl":"https:\/\/kinamihealth.com\/wp-content\/uploads\/2025\/01\/KH_logo_black_2-1.png","width":339,"height":34,"caption":"Kinami Health"},"image":{"@id":"https:\/\/kinamihealth.com\/#\/schema\/logo\/image\/"}}]}},"_links":{"self":[{"href":"https:\/\/kinamihealth.com\/pt-pt\/wp-json\/wp\/v2\/product\/122511","targetHints":{"allow":["GET"]}}],"collection":[{"href":"https:\/\/kinamihealth.com\/pt-pt\/wp-json\/wp\/v2\/product"}],"about":[{"href":"https:\/\/kinamihealth.com\/pt-pt\/wp-json\/wp\/v2\/types\/product"}],"replies":[{"embeddable":true,"href":"https:\/\/kinamihealth.com\/pt-pt\/wp-json\/wp\/v2\/comments?post=122511"}],"version-history":[{"count":0,"href":"https:\/\/kinamihealth.com\/pt-pt\/wp-json\/wp\/v2\/product\/122511\/revisions"}],"wp:featuredmedia":[{"embeddable":true,"href":"https:\/\/kinamihealth.com\/pt-pt\/wp-json\/wp\/v2\/media\/122512"}],"wp:attachment":[{"href":"https:\/\/kinamihealth.com\/pt-pt\/wp-json\/wp\/v2\/media?parent=122511"}],"wp:term":[{"taxonomy":"product_brand","embeddable":true,"href":"https:\/\/kinamihealth.com\/pt-pt\/wp-json\/wp\/v2\/product_brand?post=122511"},{"taxonomy":"product_cat","embeddable":true,"href":"https:\/\/kinamihealth.com\/pt-pt\/wp-json\/wp\/v2\/product_cat?post=122511"},{"taxonomy":"product_tag","embeddable":true,"href":"https:\/\/kinamihealth.com\/pt-pt\/wp-json\/wp\/v2\/product_tag?post=122511"}],"curies":[{"name":"wp","href":"https:\/\/api.w.org\/{rel}","templated":true}]}}