{"id":122504,"date":"2025-02-15T16:57:00","date_gmt":"2025-02-15T16:57:00","guid":{"rendered":"https:\/\/kinamihealth.com\/product\/refine-ultra-soft\/"},"modified":"2025-11-23T20:52:32","modified_gmt":"2025-11-23T20:52:32","slug":"refine-ultra-soft","status":"publish","type":"product","link":"https:\/\/kinamihealth.com\/pt-pt\/produto\/refine-ultra-soft\/","title":{"rendered":"REFINE + ULTRA SOFT"},"content":{"rendered":"<p><span style=\"font-weight: 400;\">Compre Refine+ Ultra Soft &#8211; um preenchimento d\u00e9rmico avan\u00e7ado formulado com \u00e1cido hialur\u00f3nico reticulado para restaurar o volume facial e corrigir linhas finas e rugas. Este poderoso estimulador da pele proporciona resultados suaves e naturais tanto para tratamentos faciais como corporais. Profissionais m\u00e9dicos certificados podem <\/span><i><span style=\"font-weight: 400;\">encomendar preenchimentos Refine<\/span><\/i><span style=\"font-weight: 400;\"> como o Refine+ Ultra Soft na Kinami Health e ajudar os seus pacientes a obter uma apar\u00eancia jovem e rejuvenescida com m\u00ednimo desconforto.<\/span><\/p>\n","protected":false},"excerpt":{"rendered":"<p>Compre Refine+ Ultra Soft &#8211; um preenchimento d\u00e9rmico avan\u00e7ado formulado com \u00e1cido hialur\u00f3nico reticulado para restaurar o volume facial e corrigir linhas finas e rugas. Este poderoso estimulador da pele proporciona resultados suaves e naturais tanto para tratamentos faciais como corporais. Profissionais m\u00e9dicos certificados podem encomendar preenchimentos Refine como o Refine+ Ultra Soft na Kinami [&hellip;]<\/p>\n","protected":false},"featured_media":122508,"comment_status":"closed","ping_status":"closed","template":"","meta":{"_acf_changed":false,"inline_featured_image":false},"product_brand":[3987],"product_cat":[4082,4083],"product_tag":[4084],"class_list":{"0":"post-122504","1":"product","2":"type-product","3":"status-publish","4":"has-post-thumbnail","6":"product_brand-refine-fillers","7":"product_cat-dermal-fillers-pt-pt","8":"product_cat-ha-dermal-fillers-pt-pt","9":"product_tag-medical-devices-pt-pt","11":"first","12":"instock","13":"taxable","14":"shipping-taxable","15":"purchasable","16":"product-type-simple","17":"add-to-wishlist-before_image"},"acf":[],"yoast_head":"<!-- This site is optimized with the Yoast SEO plugin v27.3 - https:\/\/yoast.com\/product\/yoast-seo-wordpress\/ -->\n<title>Compre Refine+ Ultra Soft - Preenchimento com \u00e1cido hialur\u00f3nico<\/title>\n<meta name=\"description\" content=\"Compre Refine+ Ultra Soft e recupere o volume e suavize as linhas finas. Obtenha resultados naturais. Encomende agora na Kinami Health!\" \/>\n<meta name=\"robots\" content=\"index, follow, max-snippet:-1, max-image-preview:large, max-video-preview:-1\" \/>\n<link rel=\"canonical\" href=\"https:\/\/kinamihealth.com\/pt-pt\/wp-json\/wp\/v2\/product\/122504\" \/>\n<meta property=\"og:locale\" content=\"pt_PT\" \/>\n<meta property=\"og:type\" content=\"article\" \/>\n<meta property=\"og:title\" content=\"Compre Refine+ Ultra Soft - Preenchimento com \u00e1cido hialur\u00f3nico\" \/>\n<meta property=\"og:description\" content=\"Compre Refine+ Ultra Soft e recupere o volume e suavize as linhas finas. Obtenha resultados naturais. Encomende agora na Kinami Health!\" \/>\n<meta property=\"og:url\" content=\"https:\/\/kinamihealth.com\/pt-pt\/produto\/refine-ultra-soft\/\" \/>\n<meta property=\"og:site_name\" content=\"Kinami Health\" \/>\n<meta property=\"article:modified_time\" content=\"2025-11-23T20:52:32+00:00\" \/>\n<meta property=\"og:image\" content=\"https:\/\/kinamihealth.com\/wp-content\/uploads\/2025\/02\/REFINE-PLUS-ULTRASOFT-03.jpg\" \/>\n\t<meta property=\"og:image:width\" content=\"800\" \/>\n\t<meta property=\"og:image:height\" content=\"800\" \/>\n\t<meta property=\"og:image:type\" content=\"image\/jpeg\" \/>\n<meta name=\"twitter:card\" content=\"summary_large_image\" \/>\n<meta name=\"twitter:label1\" content=\"Tempo estimado de leitura\" \/>\n\t<meta name=\"twitter:data1\" content=\"1 minuto\" \/>\n<!-- \/ Yoast SEO plugin. -->","yoast_head_json":{"title":"Compre Refine+ Ultra Soft - Preenchimento com \u00e1cido hialur\u00f3nico","description":"Compre Refine+ Ultra Soft e recupere o volume e suavize as linhas finas. Obtenha resultados naturais. Encomende agora na Kinami Health!","robots":{"index":"index","follow":"follow","max-snippet":"max-snippet:-1","max-image-preview":"max-image-preview:large","max-video-preview":"max-video-preview:-1"},"canonical":"https:\/\/kinamihealth.com\/pt-pt\/wp-json\/wp\/v2\/product\/122504","og_locale":"pt_PT","og_type":"article","og_title":"Compre Refine+ Ultra Soft - Preenchimento com \u00e1cido hialur\u00f3nico","og_description":"Compre Refine+ Ultra Soft e recupere o volume e suavize as linhas finas. Obtenha resultados naturais. Encomende agora na Kinami Health!","og_url":"https:\/\/kinamihealth.com\/pt-pt\/produto\/refine-ultra-soft\/","og_site_name":"Kinami Health","article_modified_time":"2025-11-23T20:52:32+00:00","og_image":[{"width":800,"height":800,"url":"https:\/\/kinamihealth.com\/wp-content\/uploads\/2025\/02\/REFINE-PLUS-ULTRASOFT-03.jpg","type":"image\/jpeg"}],"twitter_card":"summary_large_image","twitter_misc":{"Tempo estimado de leitura":"1 minuto"},"schema":{"@context":"https:\/\/schema.org","@graph":[{"@type":"WebPage","@id":"https:\/\/kinamihealth.com\/pt-pt\/produto\/refine-ultra-soft\/","url":"https:\/\/kinamihealth.com\/pt-pt\/produto\/refine-ultra-soft\/","name":"Compre Refine+ Ultra Soft - Preenchimento com \u00e1cido hialur\u00f3nico","isPartOf":{"@id":"https:\/\/kinamihealth.com\/#website"},"primaryImageOfPage":{"@id":"https:\/\/kinamihealth.com\/pt-pt\/produto\/refine-ultra-soft\/#primaryimage"},"image":{"@id":"https:\/\/kinamihealth.com\/pt-pt\/produto\/refine-ultra-soft\/#primaryimage"},"thumbnailUrl":"https:\/\/kinamihealth.com\/wp-content\/uploads\/2025\/02\/REFINE-PLUS-ULTRASOFT-03.jpg","datePublished":"2025-02-15T16:57:00+00:00","dateModified":"2025-11-23T20:52:32+00:00","description":"Compre Refine+ Ultra Soft e recupere o volume e suavize as linhas finas. Obtenha resultados naturais. Encomende agora na Kinami Health!","breadcrumb":{"@id":"https:\/\/kinamihealth.com\/pt-pt\/produto\/refine-ultra-soft\/#breadcrumb"},"inLanguage":"pt-PT","potentialAction":[{"@type":"ReadAction","target":["https:\/\/kinamihealth.com\/pt-pt\/produto\/refine-ultra-soft\/"]}]},{"@type":"ImageObject","inLanguage":"pt-PT","@id":"https:\/\/kinamihealth.com\/pt-pt\/produto\/refine-ultra-soft\/#primaryimage","url":"https:\/\/kinamihealth.com\/wp-content\/uploads\/2025\/02\/REFINE-PLUS-ULTRASOFT-03.jpg","contentUrl":"https:\/\/kinamihealth.com\/wp-content\/uploads\/2025\/02\/REFINE-PLUS-ULTRASOFT-03.jpg","width":800,"height":800},{"@type":"BreadcrumbList","@id":"https:\/\/kinamihealth.com\/pt-pt\/produto\/refine-ultra-soft\/#breadcrumb","itemListElement":[{"@type":"ListItem","position":1,"name":"In\u00edcio","item":"https:\/\/kinamihealth.com\/"},{"@type":"ListItem","position":2,"name":"Loja","item":"https:\/\/kinamihealth.com\/shop\/"},{"@type":"ListItem","position":3,"name":"REFINE + ULTRA SOFT"}]},{"@type":"WebSite","@id":"https:\/\/kinamihealth.com\/#website","url":"https:\/\/kinamihealth.com\/","name":"Kinami Health","description":"","publisher":{"@id":"https:\/\/kinamihealth.com\/#organization"},"potentialAction":[{"@type":"SearchAction","target":{"@type":"EntryPoint","urlTemplate":"https:\/\/kinamihealth.com\/?s={search_term_string}"},"query-input":{"@type":"PropertyValueSpecification","valueRequired":true,"valueName":"search_term_string"}}],"inLanguage":"pt-PT"},{"@type":"Organization","@id":"https:\/\/kinamihealth.com\/#organization","name":"Kinami Health","url":"https:\/\/kinamihealth.com\/","logo":{"@type":"ImageObject","inLanguage":"pt-PT","@id":"https:\/\/kinamihealth.com\/#\/schema\/logo\/image\/","url":"https:\/\/kinamihealth.com\/wp-content\/uploads\/2025\/01\/KH_logo_black_2-1.png","contentUrl":"https:\/\/kinamihealth.com\/wp-content\/uploads\/2025\/01\/KH_logo_black_2-1.png","width":339,"height":34,"caption":"Kinami Health"},"image":{"@id":"https:\/\/kinamihealth.com\/#\/schema\/logo\/image\/"}}]}},"_links":{"self":[{"href":"https:\/\/kinamihealth.com\/pt-pt\/wp-json\/wp\/v2\/product\/122504","targetHints":{"allow":["GET"]}}],"collection":[{"href":"https:\/\/kinamihealth.com\/pt-pt\/wp-json\/wp\/v2\/product"}],"about":[{"href":"https:\/\/kinamihealth.com\/pt-pt\/wp-json\/wp\/v2\/types\/product"}],"replies":[{"embeddable":true,"href":"https:\/\/kinamihealth.com\/pt-pt\/wp-json\/wp\/v2\/comments?post=122504"}],"version-history":[{"count":0,"href":"https:\/\/kinamihealth.com\/pt-pt\/wp-json\/wp\/v2\/product\/122504\/revisions"}],"wp:featuredmedia":[{"embeddable":true,"href":"https:\/\/kinamihealth.com\/pt-pt\/wp-json\/wp\/v2\/media\/122508"}],"wp:attachment":[{"href":"https:\/\/kinamihealth.com\/pt-pt\/wp-json\/wp\/v2\/media?parent=122504"}],"wp:term":[{"taxonomy":"product_brand","embeddable":true,"href":"https:\/\/kinamihealth.com\/pt-pt\/wp-json\/wp\/v2\/product_brand?post=122504"},{"taxonomy":"product_cat","embeddable":true,"href":"https:\/\/kinamihealth.com\/pt-pt\/wp-json\/wp\/v2\/product_cat?post=122504"},{"taxonomy":"product_tag","embeddable":true,"href":"https:\/\/kinamihealth.com\/pt-pt\/wp-json\/wp\/v2\/product_tag?post=122504"}],"curies":[{"name":"wp","href":"https:\/\/api.w.org\/{rel}","templated":true}]}}