{"id":122470,"date":"2025-02-15T16:57:11","date_gmt":"2025-02-15T16:57:11","guid":{"rendered":"https:\/\/kinamihealth.com\/product\/restylane-volyme-with-lidocaine\/"},"modified":"2025-11-23T21:14:30","modified_gmt":"2025-11-23T21:14:30","slug":"restylane-volyme-with-lidocaine","status":"publish","type":"product","link":"https:\/\/kinamihealth.com\/pt-pt\/produto\/restylane-volyme-with-lidocaine\/","title":{"rendered":"RESTYLANE\u00ae VOLYME with Lidocaine"},"content":{"rendered":"<p><span style=\"font-weight: 400;\">Restylane Volyme com Lidoca\u00edna \u00e9 um <\/span><b>preenchimento d\u00e9rmico premium<\/b><span style=\"font-weight: 400;\"> destinado a restaurar o volume facial e melhorar o contorno com um efeito natural. Fabricado pela Galderma, este preenchimento avan\u00e7ado \u00e9 composto por <\/span><b>\u00e1cido hialur\u00f3nico e lidoca\u00edna<\/b><span style=\"font-weight: 400;\"> reticulados, garantindo uma volumiza\u00e7\u00e3o ideal e o conforto do paciente durante o tratamento.<\/span><\/p>\n","protected":false},"excerpt":{"rendered":"<p>Restylane Volyme com Lidoca\u00edna \u00e9 um preenchimento d\u00e9rmico premium destinado a restaurar o volume facial e melhorar o contorno com um efeito natural. Fabricado pela Galderma, este preenchimento avan\u00e7ado \u00e9 composto por \u00e1cido hialur\u00f3nico e lidoca\u00edna reticulados, garantindo uma volumiza\u00e7\u00e3o ideal e o conforto do paciente durante o tratamento.<\/p>\n","protected":false},"featured_media":123331,"comment_status":"closed","ping_status":"closed","template":"","meta":{"_acf_changed":false,"inline_featured_image":false},"product_brand":[3988],"product_cat":[4082,4083],"product_tag":[4084],"class_list":{"0":"post-122470","1":"product","2":"type-product","3":"status-publish","4":"has-post-thumbnail","6":"product_brand-restylane","7":"product_cat-dermal-fillers-pt-pt","8":"product_cat-ha-dermal-fillers-pt-pt","9":"product_tag-medical-devices-pt-pt","11":"first","12":"instock","13":"taxable","14":"shipping-taxable","15":"purchasable","16":"product-type-simple","17":"add-to-wishlist-before_image"},"acf":[],"yoast_head":"<!-- This site is optimized with the Yoast SEO plugin v27.3 - https:\/\/yoast.com\/product\/yoast-seo-wordpress\/ -->\n<title>Comprar Restylane Volyme com lidoca\u00edna online na Kinami Health Shop<\/title>\n<meta name=\"description\" content=\"Compre Restylane Volyme com lidoca\u00edna online para restaurar o volume facial e obter resultados naturais com este preenchimento d\u00e9rmico avan\u00e7ado. Encomende hoje!\" \/>\n<meta name=\"robots\" content=\"index, follow, max-snippet:-1, max-image-preview:large, max-video-preview:-1\" \/>\n<link rel=\"canonical\" href=\"https:\/\/kinamihealth.com\/pt-pt\/wp-json\/wp\/v2\/product\/122470\" \/>\n<meta property=\"og:locale\" content=\"pt_PT\" \/>\n<meta property=\"og:type\" content=\"article\" \/>\n<meta property=\"og:title\" content=\"Comprar Restylane Volyme com lidoca\u00edna online na Kinami Health Shop\" \/>\n<meta property=\"og:description\" content=\"Compre Restylane Volyme com lidoca\u00edna online para restaurar o volume facial e obter resultados naturais com este preenchimento d\u00e9rmico avan\u00e7ado. Encomende hoje!\" \/>\n<meta property=\"og:url\" content=\"https:\/\/kinamihealth.com\/pt-pt\/produto\/restylane-volyme-with-lidocaine\/\" \/>\n<meta property=\"og:site_name\" content=\"Kinami Health\" \/>\n<meta property=\"article:modified_time\" content=\"2025-11-23T21:14:30+00:00\" \/>\n<meta property=\"og:image\" content=\"https:\/\/kinamihealth.com\/wp-content\/uploads\/2025\/02\/GALDERMA-RESTYLANE-VOLYME-1ML-01.jpg\" \/>\n\t<meta property=\"og:image:width\" content=\"800\" \/>\n\t<meta property=\"og:image:height\" content=\"800\" \/>\n\t<meta property=\"og:image:type\" content=\"image\/jpeg\" \/>\n<meta name=\"twitter:card\" content=\"summary_large_image\" \/>\n<meta name=\"twitter:label1\" content=\"Tempo estimado de leitura\" \/>\n\t<meta name=\"twitter:data1\" content=\"1 minuto\" \/>\n<!-- \/ Yoast SEO plugin. -->","yoast_head_json":{"title":"Comprar Restylane Volyme com lidoca\u00edna online na Kinami Health Shop","description":"Compre Restylane Volyme com lidoca\u00edna online para restaurar o volume facial e obter resultados naturais com este preenchimento d\u00e9rmico avan\u00e7ado. Encomende hoje!","robots":{"index":"index","follow":"follow","max-snippet":"max-snippet:-1","max-image-preview":"max-image-preview:large","max-video-preview":"max-video-preview:-1"},"canonical":"https:\/\/kinamihealth.com\/pt-pt\/wp-json\/wp\/v2\/product\/122470","og_locale":"pt_PT","og_type":"article","og_title":"Comprar Restylane Volyme com lidoca\u00edna online na Kinami Health Shop","og_description":"Compre Restylane Volyme com lidoca\u00edna online para restaurar o volume facial e obter resultados naturais com este preenchimento d\u00e9rmico avan\u00e7ado. Encomende hoje!","og_url":"https:\/\/kinamihealth.com\/pt-pt\/produto\/restylane-volyme-with-lidocaine\/","og_site_name":"Kinami Health","article_modified_time":"2025-11-23T21:14:30+00:00","og_image":[{"width":800,"height":800,"url":"https:\/\/kinamihealth.com\/wp-content\/uploads\/2025\/02\/GALDERMA-RESTYLANE-VOLYME-1ML-01.jpg","type":"image\/jpeg"}],"twitter_card":"summary_large_image","twitter_misc":{"Tempo estimado de leitura":"1 minuto"},"schema":{"@context":"https:\/\/schema.org","@graph":[{"@type":"WebPage","@id":"https:\/\/kinamihealth.com\/pt-pt\/produto\/restylane-volyme-with-lidocaine\/","url":"https:\/\/kinamihealth.com\/pt-pt\/produto\/restylane-volyme-with-lidocaine\/","name":"Comprar Restylane Volyme com lidoca\u00edna online na Kinami Health Shop","isPartOf":{"@id":"https:\/\/kinamihealth.com\/#website"},"primaryImageOfPage":{"@id":"https:\/\/kinamihealth.com\/pt-pt\/produto\/restylane-volyme-with-lidocaine\/#primaryimage"},"image":{"@id":"https:\/\/kinamihealth.com\/pt-pt\/produto\/restylane-volyme-with-lidocaine\/#primaryimage"},"thumbnailUrl":"https:\/\/kinamihealth.com\/wp-content\/uploads\/2025\/02\/Restylane-Volyme-with-lido.webp","datePublished":"2025-02-15T16:57:11+00:00","dateModified":"2025-11-23T21:14:30+00:00","description":"Compre Restylane Volyme com lidoca\u00edna online para restaurar o volume facial e obter resultados naturais com este preenchimento d\u00e9rmico avan\u00e7ado. Encomende hoje!","breadcrumb":{"@id":"https:\/\/kinamihealth.com\/pt-pt\/produto\/restylane-volyme-with-lidocaine\/#breadcrumb"},"inLanguage":"pt-PT","potentialAction":[{"@type":"ReadAction","target":["https:\/\/kinamihealth.com\/pt-pt\/produto\/restylane-volyme-with-lidocaine\/"]}]},{"@type":"ImageObject","inLanguage":"pt-PT","@id":"https:\/\/kinamihealth.com\/pt-pt\/produto\/restylane-volyme-with-lidocaine\/#primaryimage","url":"https:\/\/kinamihealth.com\/wp-content\/uploads\/2025\/02\/Restylane-Volyme-with-lido.webp","contentUrl":"https:\/\/kinamihealth.com\/wp-content\/uploads\/2025\/02\/Restylane-Volyme-with-lido.webp","width":1024,"height":1024},{"@type":"BreadcrumbList","@id":"https:\/\/kinamihealth.com\/pt-pt\/produto\/restylane-volyme-with-lidocaine\/#breadcrumb","itemListElement":[{"@type":"ListItem","position":1,"name":"In\u00edcio","item":"https:\/\/kinamihealth.com\/"},{"@type":"ListItem","position":2,"name":"Loja","item":"https:\/\/kinamihealth.com\/shop\/"},{"@type":"ListItem","position":3,"name":"RESTYLANE\u00ae VOLYME with Lidocaine"}]},{"@type":"WebSite","@id":"https:\/\/kinamihealth.com\/#website","url":"https:\/\/kinamihealth.com\/","name":"Kinami Health","description":"","publisher":{"@id":"https:\/\/kinamihealth.com\/#organization"},"potentialAction":[{"@type":"SearchAction","target":{"@type":"EntryPoint","urlTemplate":"https:\/\/kinamihealth.com\/?s={search_term_string}"},"query-input":{"@type":"PropertyValueSpecification","valueRequired":true,"valueName":"search_term_string"}}],"inLanguage":"pt-PT"},{"@type":"Organization","@id":"https:\/\/kinamihealth.com\/#organization","name":"Kinami Health","url":"https:\/\/kinamihealth.com\/","logo":{"@type":"ImageObject","inLanguage":"pt-PT","@id":"https:\/\/kinamihealth.com\/#\/schema\/logo\/image\/","url":"https:\/\/kinamihealth.com\/wp-content\/uploads\/2025\/01\/KH_logo_black_2-1.png","contentUrl":"https:\/\/kinamihealth.com\/wp-content\/uploads\/2025\/01\/KH_logo_black_2-1.png","width":339,"height":34,"caption":"Kinami Health"},"image":{"@id":"https:\/\/kinamihealth.com\/#\/schema\/logo\/image\/"}}]}},"_links":{"self":[{"href":"https:\/\/kinamihealth.com\/pt-pt\/wp-json\/wp\/v2\/product\/122470","targetHints":{"allow":["GET"]}}],"collection":[{"href":"https:\/\/kinamihealth.com\/pt-pt\/wp-json\/wp\/v2\/product"}],"about":[{"href":"https:\/\/kinamihealth.com\/pt-pt\/wp-json\/wp\/v2\/types\/product"}],"replies":[{"embeddable":true,"href":"https:\/\/kinamihealth.com\/pt-pt\/wp-json\/wp\/v2\/comments?post=122470"}],"version-history":[{"count":0,"href":"https:\/\/kinamihealth.com\/pt-pt\/wp-json\/wp\/v2\/product\/122470\/revisions"}],"wp:featuredmedia":[{"embeddable":true,"href":"https:\/\/kinamihealth.com\/pt-pt\/wp-json\/wp\/v2\/media\/123331"}],"wp:attachment":[{"href":"https:\/\/kinamihealth.com\/pt-pt\/wp-json\/wp\/v2\/media?parent=122470"}],"wp:term":[{"taxonomy":"product_brand","embeddable":true,"href":"https:\/\/kinamihealth.com\/pt-pt\/wp-json\/wp\/v2\/product_brand?post=122470"},{"taxonomy":"product_cat","embeddable":true,"href":"https:\/\/kinamihealth.com\/pt-pt\/wp-json\/wp\/v2\/product_cat?post=122470"},{"taxonomy":"product_tag","embeddable":true,"href":"https:\/\/kinamihealth.com\/pt-pt\/wp-json\/wp\/v2\/product_tag?post=122470"}],"curies":[{"name":"wp","href":"https:\/\/api.w.org\/{rel}","templated":true}]}}