{"id":122400,"date":"2025-02-15T16:56:43","date_gmt":"2025-02-15T16:56:43","guid":{"rendered":"https:\/\/kinamihealth.com\/product\/perfectha-subskin\/"},"modified":"2025-11-22T22:00:21","modified_gmt":"2025-11-22T22:00:21","slug":"perfectha-subskin","status":"publish","type":"product","link":"https:\/\/kinamihealth.com\/pt-pt\/produto\/perfectha-subskin\/","title":{"rendered":"PERFECTHA\u00ae SUBSKIN"},"content":{"rendered":"<p><b>Perfectha Subskin<\/b><span style=\"font-weight: 400;\"> \u00e9 um <\/span><b>preenchimento d\u00e9rmico<\/b><span style=\"font-weight: 400;\"> profissional concebido para <\/span><b>volumiza\u00e7\u00e3o profunda dos tecidos<\/b><span style=\"font-weight: 400;\">. Este tratamento injet\u00e1vel utiliza <\/span><b>\u00e1cido hialur\u00f3nico reticulado<\/b><span style=\"font-weight: 400;\"> para restaurar o volume facial e redefinir os contornos, com <\/span><b>resultados que duram at\u00e9 18 meses<\/b><span style=\"font-weight: 400;\">.<\/span><\/p>\n","protected":false},"excerpt":{"rendered":"<p>Perfectha Subskin \u00e9 um preenchimento d\u00e9rmico profissional concebido para volumiza\u00e7\u00e3o profunda dos tecidos. Este tratamento injet\u00e1vel utiliza \u00e1cido hialur\u00f3nico reticulado para restaurar o volume facial e redefinir os contornos, com resultados que duram at\u00e9 18 meses.<\/p>\n","protected":false},"featured_media":122401,"comment_status":"closed","ping_status":"closed","template":"","meta":{"_acf_changed":false,"inline_featured_image":false},"product_brand":[4401],"product_cat":[4082,4083],"product_tag":[4084],"class_list":{"0":"post-122400","1":"product","2":"type-product","3":"status-publish","4":"has-post-thumbnail","6":"product_brand-perfectha","7":"product_cat-dermal-fillers-pt-pt","8":"product_cat-ha-dermal-fillers-pt-pt","9":"product_tag-medical-devices-pt-pt","11":"first","12":"instock","13":"taxable","14":"shipping-taxable","15":"purchasable","16":"product-type-simple","17":"add-to-wishlist-before_image"},"acf":[],"yoast_head":"<!-- This site is optimized with the Yoast SEO plugin v27.1.1 - https:\/\/yoast.com\/product\/yoast-seo-wordpress\/ -->\n<title>Comprar Perfectha Subskin online - Preenchimento d\u00e9rmico premium<\/title>\n<meta name=\"description\" content=\"Compre Perfectha Subskin, um preenchimento d\u00e9rmico premium para tratamentos est\u00e9ticos profissionais.\" \/>\n<meta name=\"robots\" content=\"index, follow, max-snippet:-1, max-image-preview:large, max-video-preview:-1\" \/>\n<link rel=\"canonical\" href=\"https:\/\/kinamihealth.com\/pt-pt\/wp-json\/wp\/v2\/product\/122400\" \/>\n<meta property=\"og:locale\" content=\"pt_PT\" \/>\n<meta property=\"og:type\" content=\"article\" \/>\n<meta property=\"og:title\" content=\"Comprar Perfectha Subskin online - Preenchimento d\u00e9rmico premium\" \/>\n<meta property=\"og:description\" content=\"Compre Perfectha Subskin, um preenchimento d\u00e9rmico premium para tratamentos est\u00e9ticos profissionais.\" \/>\n<meta property=\"og:url\" content=\"https:\/\/kinamihealth.com\/pt-pt\/produto\/perfectha-subskin\/\" \/>\n<meta property=\"og:site_name\" content=\"Kinami Health\" \/>\n<meta property=\"article:modified_time\" content=\"2025-11-22T22:00:21+00:00\" \/>\n<meta property=\"og:image\" content=\"https:\/\/kinamihealth.com\/wp-content\/uploads\/2025\/02\/PERFECTHA-SUBSKIN-3X1ML-03.jpg\" \/>\n\t<meta property=\"og:image:width\" content=\"800\" \/>\n\t<meta property=\"og:image:height\" content=\"800\" \/>\n\t<meta property=\"og:image:type\" content=\"image\/jpeg\" \/>\n<meta name=\"twitter:card\" content=\"summary_large_image\" \/>\n<meta name=\"twitter:label1\" content=\"Tempo estimado de leitura\" \/>\n\t<meta name=\"twitter:data1\" content=\"1 minuto\" \/>\n<!-- \/ Yoast SEO plugin. -->","yoast_head_json":{"title":"Comprar Perfectha Subskin online - Preenchimento d\u00e9rmico premium","description":"Compre Perfectha Subskin, um preenchimento d\u00e9rmico premium para tratamentos est\u00e9ticos profissionais.","robots":{"index":"index","follow":"follow","max-snippet":"max-snippet:-1","max-image-preview":"max-image-preview:large","max-video-preview":"max-video-preview:-1"},"canonical":"https:\/\/kinamihealth.com\/pt-pt\/wp-json\/wp\/v2\/product\/122400","og_locale":"pt_PT","og_type":"article","og_title":"Comprar Perfectha Subskin online - Preenchimento d\u00e9rmico premium","og_description":"Compre Perfectha Subskin, um preenchimento d\u00e9rmico premium para tratamentos est\u00e9ticos profissionais.","og_url":"https:\/\/kinamihealth.com\/pt-pt\/produto\/perfectha-subskin\/","og_site_name":"Kinami Health","article_modified_time":"2025-11-22T22:00:21+00:00","og_image":[{"width":800,"height":800,"url":"https:\/\/kinamihealth.com\/wp-content\/uploads\/2025\/02\/PERFECTHA-SUBSKIN-3X1ML-03.jpg","type":"image\/jpeg"}],"twitter_card":"summary_large_image","twitter_misc":{"Tempo estimado de leitura":"1 minuto"},"schema":{"@context":"https:\/\/schema.org","@graph":[{"@type":"WebPage","@id":"https:\/\/kinamihealth.com\/pt-pt\/produto\/perfectha-subskin\/","url":"https:\/\/kinamihealth.com\/pt-pt\/produto\/perfectha-subskin\/","name":"Comprar Perfectha Subskin online - Preenchimento d\u00e9rmico premium","isPartOf":{"@id":"https:\/\/kinamihealth.com\/#website"},"primaryImageOfPage":{"@id":"https:\/\/kinamihealth.com\/pt-pt\/produto\/perfectha-subskin\/#primaryimage"},"image":{"@id":"https:\/\/kinamihealth.com\/pt-pt\/produto\/perfectha-subskin\/#primaryimage"},"thumbnailUrl":"https:\/\/kinamihealth.com\/wp-content\/uploads\/2025\/02\/PERFECTHA-SUBSKIN-3X1ML-03.jpg","datePublished":"2025-02-15T16:56:43+00:00","dateModified":"2025-11-22T22:00:21+00:00","description":"Compre Perfectha Subskin, um preenchimento d\u00e9rmico premium para tratamentos est\u00e9ticos profissionais.","breadcrumb":{"@id":"https:\/\/kinamihealth.com\/pt-pt\/produto\/perfectha-subskin\/#breadcrumb"},"inLanguage":"pt-PT","potentialAction":[{"@type":"ReadAction","target":["https:\/\/kinamihealth.com\/pt-pt\/produto\/perfectha-subskin\/"]}]},{"@type":"ImageObject","inLanguage":"pt-PT","@id":"https:\/\/kinamihealth.com\/pt-pt\/produto\/perfectha-subskin\/#primaryimage","url":"https:\/\/kinamihealth.com\/wp-content\/uploads\/2025\/02\/PERFECTHA-SUBSKIN-3X1ML-03.jpg","contentUrl":"https:\/\/kinamihealth.com\/wp-content\/uploads\/2025\/02\/PERFECTHA-SUBSKIN-3X1ML-03.jpg","width":800,"height":800},{"@type":"BreadcrumbList","@id":"https:\/\/kinamihealth.com\/pt-pt\/produto\/perfectha-subskin\/#breadcrumb","itemListElement":[{"@type":"ListItem","position":1,"name":"In\u00edcio","item":"https:\/\/kinamihealth.com\/"},{"@type":"ListItem","position":2,"name":"Loja","item":"https:\/\/kinamihealth.com\/shop\/"},{"@type":"ListItem","position":3,"name":"PERFECTHA\u00ae SUBSKIN"}]},{"@type":"WebSite","@id":"https:\/\/kinamihealth.com\/#website","url":"https:\/\/kinamihealth.com\/","name":"Kinami Health","description":"","publisher":{"@id":"https:\/\/kinamihealth.com\/#organization"},"potentialAction":[{"@type":"SearchAction","target":{"@type":"EntryPoint","urlTemplate":"https:\/\/kinamihealth.com\/?s={search_term_string}"},"query-input":{"@type":"PropertyValueSpecification","valueRequired":true,"valueName":"search_term_string"}}],"inLanguage":"pt-PT"},{"@type":"Organization","@id":"https:\/\/kinamihealth.com\/#organization","name":"Kinami Health","url":"https:\/\/kinamihealth.com\/","logo":{"@type":"ImageObject","inLanguage":"pt-PT","@id":"https:\/\/kinamihealth.com\/#\/schema\/logo\/image\/","url":"https:\/\/kinamihealth.com\/wp-content\/uploads\/2025\/01\/KH_logo_black_2-1.png","contentUrl":"https:\/\/kinamihealth.com\/wp-content\/uploads\/2025\/01\/KH_logo_black_2-1.png","width":339,"height":34,"caption":"Kinami Health"},"image":{"@id":"https:\/\/kinamihealth.com\/#\/schema\/logo\/image\/"}}]}},"_links":{"self":[{"href":"https:\/\/kinamihealth.com\/pt-pt\/wp-json\/wp\/v2\/product\/122400","targetHints":{"allow":["GET"]}}],"collection":[{"href":"https:\/\/kinamihealth.com\/pt-pt\/wp-json\/wp\/v2\/product"}],"about":[{"href":"https:\/\/kinamihealth.com\/pt-pt\/wp-json\/wp\/v2\/types\/product"}],"replies":[{"embeddable":true,"href":"https:\/\/kinamihealth.com\/pt-pt\/wp-json\/wp\/v2\/comments?post=122400"}],"version-history":[{"count":0,"href":"https:\/\/kinamihealth.com\/pt-pt\/wp-json\/wp\/v2\/product\/122400\/revisions"}],"wp:featuredmedia":[{"embeddable":true,"href":"https:\/\/kinamihealth.com\/pt-pt\/wp-json\/wp\/v2\/media\/122401"}],"wp:attachment":[{"href":"https:\/\/kinamihealth.com\/pt-pt\/wp-json\/wp\/v2\/media?parent=122400"}],"wp:term":[{"taxonomy":"product_brand","embeddable":true,"href":"https:\/\/kinamihealth.com\/pt-pt\/wp-json\/wp\/v2\/product_brand?post=122400"},{"taxonomy":"product_cat","embeddable":true,"href":"https:\/\/kinamihealth.com\/pt-pt\/wp-json\/wp\/v2\/product_cat?post=122400"},{"taxonomy":"product_tag","embeddable":true,"href":"https:\/\/kinamihealth.com\/pt-pt\/wp-json\/wp\/v2\/product_tag?post=122400"}],"curies":[{"name":"wp","href":"https:\/\/api.w.org\/{rel}","templated":true}]}}