{"id":122392,"date":"2025-02-15T16:56:41","date_gmt":"2025-02-15T16:56:41","guid":{"rendered":"https:\/\/kinamihealth.com\/product\/perfectha-derm\/"},"modified":"2025-12-31T12:54:19","modified_gmt":"2025-12-31T12:54:19","slug":"perfectha-derm","status":"publish","type":"product","link":"https:\/\/kinamihealth.com\/pt-pt\/produto\/perfectha-derm\/","title":{"rendered":"PERFECTHA\u00ae DERM"},"content":{"rendered":"<p><b>Perfectha Derm <\/b><span style=\"font-weight: 400;\">\u00e9 um preenchimento d\u00e9rmico avan\u00e7ado composto por <\/span><b>\u00e1cido hialur\u00f3nico reticulado, <\/b><span style=\"font-weight: 400;\">especificamente concebido para a <\/span><b>corre\u00e7\u00e3o moderada de rugas e contorno facial. <\/b><span style=\"font-weight: 400;\">Utilizando a inovadora<\/span><b> tecnologia E-brid,<\/b><span style=\"font-weight: 400;\"> este injet\u00e1vel de n\u00edvel profissional proporciona<\/span><b> resultados naturais com n\u00edveis m\u00ednimos de BDDE.<\/b><span style=\"font-weight: 400;\"> Dispon\u00edvel exclusivamente para profissionais m\u00e9dicos licenciados, Perfectha Derm oferece uma solu\u00e7\u00e3o fi\u00e1vel para pr\u00e1ticas est\u00e9ticas que procuram tratamentos eficazes de rejuvenescimento facial.<\/span><\/p>\n","protected":false},"excerpt":{"rendered":"<p>Perfectha Derm \u00e9 um preenchimento d\u00e9rmico avan\u00e7ado composto por \u00e1cido hialur\u00f3nico reticulado, especificamente concebido para a corre\u00e7\u00e3o moderada de rugas e contorno facial. Utilizando a inovadora tecnologia E-brid, este injet\u00e1vel de n\u00edvel profissional proporciona resultados naturais com n\u00edveis m\u00ednimos de BDDE. Dispon\u00edvel exclusivamente para profissionais m\u00e9dicos licenciados, Perfectha Derm oferece uma solu\u00e7\u00e3o fi\u00e1vel para pr\u00e1ticas [&hellip;]<\/p>\n","protected":false},"featured_media":122393,"comment_status":"closed","ping_status":"closed","template":"","meta":{"_acf_changed":false,"inline_featured_image":false},"product_brand":[4401],"product_cat":[4082,4083],"product_tag":[4084],"class_list":{"0":"post-122392","1":"product","2":"type-product","3":"status-publish","4":"has-post-thumbnail","6":"product_brand-perfectha","7":"product_cat-dermal-fillers-pt-pt","8":"product_cat-ha-dermal-fillers-pt-pt","9":"product_tag-medical-devices-pt-pt","11":"first","12":"instock","13":"taxable","14":"shipping-taxable","15":"purchasable","16":"product-type-simple","17":"add-to-wishlist-before_image"},"acf":[],"yoast_head":"<!-- This site is optimized with the Yoast SEO plugin v27.3 - https:\/\/yoast.com\/product\/yoast-seo-wordpress\/ -->\n<title>Compre Perfectha Derm online para tratamento profissional com preenchimento d\u00e9rmico<\/title>\n<meta name=\"description\" content=\"Descri\u00e7\u00e3o SEO: Compre Perfectha Derm, um preenchimento d\u00e9rmico profissional \u00e0 base de \u00e1cido hialur\u00f3nico, concebido para a corre\u00e7\u00e3o moderada de rugas e contorno facial.\" \/>\n<meta name=\"robots\" content=\"index, follow, max-snippet:-1, max-image-preview:large, max-video-preview:-1\" \/>\n<link rel=\"canonical\" href=\"https:\/\/kinamihealth.com\/pt-pt\/wp-json\/wp\/v2\/product\/122392\" \/>\n<meta property=\"og:locale\" content=\"pt_PT\" \/>\n<meta property=\"og:type\" content=\"article\" \/>\n<meta property=\"og:title\" content=\"Compre Perfectha Derm online para tratamento profissional com preenchimento d\u00e9rmico\" \/>\n<meta property=\"og:description\" content=\"Descri\u00e7\u00e3o SEO: Compre Perfectha Derm, um preenchimento d\u00e9rmico profissional \u00e0 base de \u00e1cido hialur\u00f3nico, concebido para a corre\u00e7\u00e3o moderada de rugas e contorno facial.\" \/>\n<meta property=\"og:url\" content=\"https:\/\/kinamihealth.com\/pt-pt\/produto\/perfectha-derm\/\" \/>\n<meta property=\"og:site_name\" content=\"Kinami Health\" \/>\n<meta property=\"article:modified_time\" content=\"2025-12-31T12:54:19+00:00\" \/>\n<meta property=\"og:image\" content=\"https:\/\/kinamihealth.com\/wp-content\/uploads\/2025\/02\/PERFECTHA-DERM-NONLIDO-02.jpg\" \/>\n\t<meta property=\"og:image:width\" content=\"800\" \/>\n\t<meta property=\"og:image:height\" content=\"800\" \/>\n\t<meta property=\"og:image:type\" content=\"image\/jpeg\" \/>\n<meta name=\"twitter:card\" content=\"summary_large_image\" \/>\n<meta name=\"twitter:label1\" content=\"Tempo estimado de leitura\" \/>\n\t<meta name=\"twitter:data1\" content=\"1 minuto\" \/>\n<!-- \/ Yoast SEO plugin. -->","yoast_head_json":{"title":"Compre Perfectha Derm online para tratamento profissional com preenchimento d\u00e9rmico","description":"Descri\u00e7\u00e3o SEO: Compre Perfectha Derm, um preenchimento d\u00e9rmico profissional \u00e0 base de \u00e1cido hialur\u00f3nico, concebido para a corre\u00e7\u00e3o moderada de rugas e contorno facial.","robots":{"index":"index","follow":"follow","max-snippet":"max-snippet:-1","max-image-preview":"max-image-preview:large","max-video-preview":"max-video-preview:-1"},"canonical":"https:\/\/kinamihealth.com\/pt-pt\/wp-json\/wp\/v2\/product\/122392","og_locale":"pt_PT","og_type":"article","og_title":"Compre Perfectha Derm online para tratamento profissional com preenchimento d\u00e9rmico","og_description":"Descri\u00e7\u00e3o SEO: Compre Perfectha Derm, um preenchimento d\u00e9rmico profissional \u00e0 base de \u00e1cido hialur\u00f3nico, concebido para a corre\u00e7\u00e3o moderada de rugas e contorno facial.","og_url":"https:\/\/kinamihealth.com\/pt-pt\/produto\/perfectha-derm\/","og_site_name":"Kinami Health","article_modified_time":"2025-12-31T12:54:19+00:00","og_image":[{"width":800,"height":800,"url":"https:\/\/kinamihealth.com\/wp-content\/uploads\/2025\/02\/PERFECTHA-DERM-NONLIDO-02.jpg","type":"image\/jpeg"}],"twitter_card":"summary_large_image","twitter_misc":{"Tempo estimado de leitura":"1 minuto"},"schema":{"@context":"https:\/\/schema.org","@graph":[{"@type":"WebPage","@id":"https:\/\/kinamihealth.com\/pt-pt\/produto\/perfectha-derm\/","url":"https:\/\/kinamihealth.com\/pt-pt\/produto\/perfectha-derm\/","name":"Compre Perfectha Derm online para tratamento profissional com preenchimento d\u00e9rmico","isPartOf":{"@id":"https:\/\/kinamihealth.com\/#website"},"primaryImageOfPage":{"@id":"https:\/\/kinamihealth.com\/pt-pt\/produto\/perfectha-derm\/#primaryimage"},"image":{"@id":"https:\/\/kinamihealth.com\/pt-pt\/produto\/perfectha-derm\/#primaryimage"},"thumbnailUrl":"https:\/\/kinamihealth.com\/wp-content\/uploads\/2025\/02\/PERFECTHA-DERM-NONLIDO-02.jpg","datePublished":"2025-02-15T16:56:41+00:00","dateModified":"2025-12-31T12:54:19+00:00","description":"Descri\u00e7\u00e3o SEO: Compre Perfectha Derm, um preenchimento d\u00e9rmico profissional \u00e0 base de \u00e1cido hialur\u00f3nico, concebido para a corre\u00e7\u00e3o moderada de rugas e contorno facial.","breadcrumb":{"@id":"https:\/\/kinamihealth.com\/pt-pt\/produto\/perfectha-derm\/#breadcrumb"},"inLanguage":"pt-PT","potentialAction":[{"@type":"ReadAction","target":["https:\/\/kinamihealth.com\/pt-pt\/produto\/perfectha-derm\/"]}]},{"@type":"ImageObject","inLanguage":"pt-PT","@id":"https:\/\/kinamihealth.com\/pt-pt\/produto\/perfectha-derm\/#primaryimage","url":"https:\/\/kinamihealth.com\/wp-content\/uploads\/2025\/02\/PERFECTHA-DERM-NONLIDO-02.jpg","contentUrl":"https:\/\/kinamihealth.com\/wp-content\/uploads\/2025\/02\/PERFECTHA-DERM-NONLIDO-02.jpg","width":800,"height":800},{"@type":"BreadcrumbList","@id":"https:\/\/kinamihealth.com\/pt-pt\/produto\/perfectha-derm\/#breadcrumb","itemListElement":[{"@type":"ListItem","position":1,"name":"In\u00edcio","item":"https:\/\/kinamihealth.com\/"},{"@type":"ListItem","position":2,"name":"Loja","item":"https:\/\/kinamihealth.com\/shop\/"},{"@type":"ListItem","position":3,"name":"PERFECTHA\u00ae DERM"}]},{"@type":"WebSite","@id":"https:\/\/kinamihealth.com\/#website","url":"https:\/\/kinamihealth.com\/","name":"Kinami Health","description":"","publisher":{"@id":"https:\/\/kinamihealth.com\/#organization"},"potentialAction":[{"@type":"SearchAction","target":{"@type":"EntryPoint","urlTemplate":"https:\/\/kinamihealth.com\/?s={search_term_string}"},"query-input":{"@type":"PropertyValueSpecification","valueRequired":true,"valueName":"search_term_string"}}],"inLanguage":"pt-PT"},{"@type":"Organization","@id":"https:\/\/kinamihealth.com\/#organization","name":"Kinami Health","url":"https:\/\/kinamihealth.com\/","logo":{"@type":"ImageObject","inLanguage":"pt-PT","@id":"https:\/\/kinamihealth.com\/#\/schema\/logo\/image\/","url":"https:\/\/kinamihealth.com\/wp-content\/uploads\/2025\/01\/KH_logo_black_2-1.png","contentUrl":"https:\/\/kinamihealth.com\/wp-content\/uploads\/2025\/01\/KH_logo_black_2-1.png","width":339,"height":34,"caption":"Kinami Health"},"image":{"@id":"https:\/\/kinamihealth.com\/#\/schema\/logo\/image\/"}}]}},"_links":{"self":[{"href":"https:\/\/kinamihealth.com\/pt-pt\/wp-json\/wp\/v2\/product\/122392","targetHints":{"allow":["GET"]}}],"collection":[{"href":"https:\/\/kinamihealth.com\/pt-pt\/wp-json\/wp\/v2\/product"}],"about":[{"href":"https:\/\/kinamihealth.com\/pt-pt\/wp-json\/wp\/v2\/types\/product"}],"replies":[{"embeddable":true,"href":"https:\/\/kinamihealth.com\/pt-pt\/wp-json\/wp\/v2\/comments?post=122392"}],"version-history":[{"count":0,"href":"https:\/\/kinamihealth.com\/pt-pt\/wp-json\/wp\/v2\/product\/122392\/revisions"}],"wp:featuredmedia":[{"embeddable":true,"href":"https:\/\/kinamihealth.com\/pt-pt\/wp-json\/wp\/v2\/media\/122393"}],"wp:attachment":[{"href":"https:\/\/kinamihealth.com\/pt-pt\/wp-json\/wp\/v2\/media?parent=122392"}],"wp:term":[{"taxonomy":"product_brand","embeddable":true,"href":"https:\/\/kinamihealth.com\/pt-pt\/wp-json\/wp\/v2\/product_brand?post=122392"},{"taxonomy":"product_cat","embeddable":true,"href":"https:\/\/kinamihealth.com\/pt-pt\/wp-json\/wp\/v2\/product_cat?post=122392"},{"taxonomy":"product_tag","embeddable":true,"href":"https:\/\/kinamihealth.com\/pt-pt\/wp-json\/wp\/v2\/product_tag?post=122392"}],"curies":[{"name":"wp","href":"https:\/\/api.w.org\/{rel}","templated":true}]}}