{"id":122378,"date":"2025-02-15T16:56:34","date_gmt":"2025-02-15T16:56:34","guid":{"rendered":"https:\/\/kinamihealth.com\/product\/organic-silica-dmae\/"},"modified":"2025-12-28T22:58:54","modified_gmt":"2025-12-28T22:58:54","slug":"organic-silica-dmae","status":"publish","type":"product","link":"https:\/\/kinamihealth.com\/pt-pt\/produto\/organic-silica-dmae\/","title":{"rendered":"ORGANIC SILICA &#038; DMAE"},"content":{"rendered":"<p><span style=\"font-weight: 400;\">Descubra os benef\u00edcios da s\u00edlica org\u00e2nica e DMAE &#8211; um s\u00e9rum rejuvenescedor concebido para firmar a pele e minimizar os sinais de envelhecimento. Este potente tratamento tem uma ampla aplica\u00e7\u00e3o no rosto e no corpo, protegendo a pele de fatores externos. Os profissionais m\u00e9dicos podem <\/span><i><span style=\"font-weight: 400;\">encomendar produtos de mesoterapia<\/span><\/i><span style=\"font-weight: 400;\">, como s\u00edlica org\u00e2nica e DMAE, na Kinami Health e proporcionar \u00e0 sua pele um tratamento n\u00e3o invasivo com resultados duradouros.<\/span><\/p>\n","protected":false},"excerpt":{"rendered":"<p>Descubra os benef\u00edcios da s\u00edlica org\u00e2nica e DMAE &#8211; um s\u00e9rum rejuvenescedor concebido para firmar a pele e minimizar os sinais de envelhecimento. Este potente tratamento tem uma ampla aplica\u00e7\u00e3o no rosto e no corpo, protegendo a pele de fatores externos. Os profissionais m\u00e9dicos podem encomendar produtos de mesoterapia, como s\u00edlica org\u00e2nica e DMAE, na [&hellip;]<\/p>\n","protected":false},"featured_media":122379,"comment_status":"closed","ping_status":"closed","template":"","meta":{"_acf_changed":false,"inline_featured_image":false},"product_brand":[3190],"product_cat":[4100],"product_tag":[4084],"class_list":{"0":"post-122378","1":"product","2":"type-product","3":"status-publish","4":"has-post-thumbnail","6":"product_brand-bcn","7":"product_cat-mesotherapy-pt-pt","8":"product_tag-medical-devices-pt-pt","10":"first","11":"instock","12":"taxable","13":"shipping-taxable","14":"purchasable","15":"product-type-simple","16":"add-to-wishlist-before_image"},"acf":[],"yoast_head":"<!-- This site is optimized with the Yoast SEO plugin v27.1.1 - https:\/\/yoast.com\/product\/yoast-seo-wordpress\/ -->\n<title>Compre Silica Org\u00e2nica e DMAE - Kinami Health<\/title>\n<meta name=\"description\" content=\"Compre Silica Org\u00e2nica e DMAE na Kinami Health - um s\u00e9rum poderoso que firma a pele, reduz rugas e melhora a elasticidade para uma apar\u00eancia jovem.\" \/>\n<meta name=\"robots\" content=\"index, follow, max-snippet:-1, max-image-preview:large, max-video-preview:-1\" \/>\n<link rel=\"canonical\" href=\"https:\/\/kinamihealth.com\/pt-pt\/wp-json\/wp\/v2\/product\/122378\" \/>\n<meta property=\"og:locale\" content=\"pt_PT\" \/>\n<meta property=\"og:type\" content=\"article\" \/>\n<meta property=\"og:title\" content=\"Compre Silica Org\u00e2nica e DMAE - Kinami Health\" \/>\n<meta property=\"og:description\" content=\"Compre Silica Org\u00e2nica e DMAE na Kinami Health - um s\u00e9rum poderoso que firma a pele, reduz rugas e melhora a elasticidade para uma apar\u00eancia jovem.\" \/>\n<meta property=\"og:url\" content=\"https:\/\/kinamihealth.com\/pt-pt\/produto\/organic-silica-dmae\/\" \/>\n<meta property=\"og:site_name\" content=\"Kinami Health\" \/>\n<meta property=\"article:modified_time\" content=\"2025-12-28T22:58:54+00:00\" \/>\n<meta property=\"og:image\" content=\"https:\/\/kinamihealth.com\/wp-content\/uploads\/2025\/02\/BCN-ORGANIC-SILICADMAE-01.jpg\" \/>\n\t<meta property=\"og:image:width\" content=\"800\" \/>\n\t<meta property=\"og:image:height\" content=\"800\" \/>\n\t<meta property=\"og:image:type\" content=\"image\/jpeg\" \/>\n<meta name=\"twitter:card\" content=\"summary_large_image\" \/>\n<meta name=\"twitter:label1\" content=\"Tempo estimado de leitura\" \/>\n\t<meta name=\"twitter:data1\" content=\"1 minuto\" \/>\n<!-- \/ Yoast SEO plugin. -->","yoast_head_json":{"title":"Compre Silica Org\u00e2nica e DMAE - Kinami Health","description":"Compre Silica Org\u00e2nica e DMAE na Kinami Health - um s\u00e9rum poderoso que firma a pele, reduz rugas e melhora a elasticidade para uma apar\u00eancia jovem.","robots":{"index":"index","follow":"follow","max-snippet":"max-snippet:-1","max-image-preview":"max-image-preview:large","max-video-preview":"max-video-preview:-1"},"canonical":"https:\/\/kinamihealth.com\/pt-pt\/wp-json\/wp\/v2\/product\/122378","og_locale":"pt_PT","og_type":"article","og_title":"Compre Silica Org\u00e2nica e DMAE - Kinami Health","og_description":"Compre Silica Org\u00e2nica e DMAE na Kinami Health - um s\u00e9rum poderoso que firma a pele, reduz rugas e melhora a elasticidade para uma apar\u00eancia jovem.","og_url":"https:\/\/kinamihealth.com\/pt-pt\/produto\/organic-silica-dmae\/","og_site_name":"Kinami Health","article_modified_time":"2025-12-28T22:58:54+00:00","og_image":[{"width":800,"height":800,"url":"https:\/\/kinamihealth.com\/wp-content\/uploads\/2025\/02\/BCN-ORGANIC-SILICADMAE-01.jpg","type":"image\/jpeg"}],"twitter_card":"summary_large_image","twitter_misc":{"Tempo estimado de leitura":"1 minuto"},"schema":{"@context":"https:\/\/schema.org","@graph":[{"@type":"WebPage","@id":"https:\/\/kinamihealth.com\/pt-pt\/produto\/organic-silica-dmae\/","url":"https:\/\/kinamihealth.com\/pt-pt\/produto\/organic-silica-dmae\/","name":"Compre Silica Org\u00e2nica e DMAE - Kinami Health","isPartOf":{"@id":"https:\/\/kinamihealth.com\/#website"},"primaryImageOfPage":{"@id":"https:\/\/kinamihealth.com\/pt-pt\/produto\/organic-silica-dmae\/#primaryimage"},"image":{"@id":"https:\/\/kinamihealth.com\/pt-pt\/produto\/organic-silica-dmae\/#primaryimage"},"thumbnailUrl":"https:\/\/kinamihealth.com\/wp-content\/uploads\/2025\/02\/BCN-ORGANIC-SILICADMAE-01.jpg","datePublished":"2025-02-15T16:56:34+00:00","dateModified":"2025-12-28T22:58:54+00:00","description":"Compre Silica Org\u00e2nica e DMAE na Kinami Health - um s\u00e9rum poderoso que firma a pele, reduz rugas e melhora a elasticidade para uma apar\u00eancia jovem.","breadcrumb":{"@id":"https:\/\/kinamihealth.com\/pt-pt\/produto\/organic-silica-dmae\/#breadcrumb"},"inLanguage":"pt-PT","potentialAction":[{"@type":"ReadAction","target":["https:\/\/kinamihealth.com\/pt-pt\/produto\/organic-silica-dmae\/"]}]},{"@type":"ImageObject","inLanguage":"pt-PT","@id":"https:\/\/kinamihealth.com\/pt-pt\/produto\/organic-silica-dmae\/#primaryimage","url":"https:\/\/kinamihealth.com\/wp-content\/uploads\/2025\/02\/BCN-ORGANIC-SILICADMAE-01.jpg","contentUrl":"https:\/\/kinamihealth.com\/wp-content\/uploads\/2025\/02\/BCN-ORGANIC-SILICADMAE-01.jpg","width":800,"height":800},{"@type":"BreadcrumbList","@id":"https:\/\/kinamihealth.com\/pt-pt\/produto\/organic-silica-dmae\/#breadcrumb","itemListElement":[{"@type":"ListItem","position":1,"name":"In\u00edcio","item":"https:\/\/kinamihealth.com\/"},{"@type":"ListItem","position":2,"name":"Loja","item":"https:\/\/kinamihealth.com\/shop\/"},{"@type":"ListItem","position":3,"name":"ORGANIC SILICA &#038; DMAE"}]},{"@type":"WebSite","@id":"https:\/\/kinamihealth.com\/#website","url":"https:\/\/kinamihealth.com\/","name":"Kinami Health","description":"","publisher":{"@id":"https:\/\/kinamihealth.com\/#organization"},"potentialAction":[{"@type":"SearchAction","target":{"@type":"EntryPoint","urlTemplate":"https:\/\/kinamihealth.com\/?s={search_term_string}"},"query-input":{"@type":"PropertyValueSpecification","valueRequired":true,"valueName":"search_term_string"}}],"inLanguage":"pt-PT"},{"@type":"Organization","@id":"https:\/\/kinamihealth.com\/#organization","name":"Kinami Health","url":"https:\/\/kinamihealth.com\/","logo":{"@type":"ImageObject","inLanguage":"pt-PT","@id":"https:\/\/kinamihealth.com\/#\/schema\/logo\/image\/","url":"https:\/\/kinamihealth.com\/wp-content\/uploads\/2025\/01\/KH_logo_black_2-1.png","contentUrl":"https:\/\/kinamihealth.com\/wp-content\/uploads\/2025\/01\/KH_logo_black_2-1.png","width":339,"height":34,"caption":"Kinami Health"},"image":{"@id":"https:\/\/kinamihealth.com\/#\/schema\/logo\/image\/"}}]}},"_links":{"self":[{"href":"https:\/\/kinamihealth.com\/pt-pt\/wp-json\/wp\/v2\/product\/122378","targetHints":{"allow":["GET"]}}],"collection":[{"href":"https:\/\/kinamihealth.com\/pt-pt\/wp-json\/wp\/v2\/product"}],"about":[{"href":"https:\/\/kinamihealth.com\/pt-pt\/wp-json\/wp\/v2\/types\/product"}],"replies":[{"embeddable":true,"href":"https:\/\/kinamihealth.com\/pt-pt\/wp-json\/wp\/v2\/comments?post=122378"}],"version-history":[{"count":0,"href":"https:\/\/kinamihealth.com\/pt-pt\/wp-json\/wp\/v2\/product\/122378\/revisions"}],"wp:featuredmedia":[{"embeddable":true,"href":"https:\/\/kinamihealth.com\/pt-pt\/wp-json\/wp\/v2\/media\/122379"}],"wp:attachment":[{"href":"https:\/\/kinamihealth.com\/pt-pt\/wp-json\/wp\/v2\/media?parent=122378"}],"wp:term":[{"taxonomy":"product_brand","embeddable":true,"href":"https:\/\/kinamihealth.com\/pt-pt\/wp-json\/wp\/v2\/product_brand?post=122378"},{"taxonomy":"product_cat","embeddable":true,"href":"https:\/\/kinamihealth.com\/pt-pt\/wp-json\/wp\/v2\/product_cat?post=122378"},{"taxonomy":"product_tag","embeddable":true,"href":"https:\/\/kinamihealth.com\/pt-pt\/wp-json\/wp\/v2\/product_tag?post=122378"}],"curies":[{"name":"wp","href":"https:\/\/api.w.org\/{rel}","templated":true}]}}