{"id":122376,"date":"2025-02-15T16:56:33","date_gmt":"2025-02-15T16:56:33","guid":{"rendered":"https:\/\/kinamihealth.com\/product\/nucleofill-strong\/"},"modified":"2025-12-28T22:17:29","modified_gmt":"2025-12-28T22:17:29","slug":"nucleofill-strong","status":"publish","type":"product","link":"https:\/\/kinamihealth.com\/pt-pt\/produto\/nucleofill-strong\/","title":{"rendered":"NUCLEOFILL\u2122 STRONG"},"content":{"rendered":"<p><span style=\"font-weight: 400;\">Encomende Nucleofill Strong &#8211; potente tratamento com preenchimento injet\u00e1vel formulado paracombater os sinais vis\u00edveis do envelhecimento e estimular a regenera\u00e7\u00e3o da pele. O produto foi concebido para hidratar a pele, melhorar a sua textura e aumentar a produ\u00e7\u00e3o de colag\u00e9nio e elastina. Os profissionais de sa\u00fade podem <\/span><i><span style=\"font-weight: 400;\">comprar preenchimentos d\u00e9rmicos<\/span><\/i><span style=\"font-weight: 400;\">, como o Nucleofill Strong, na Kinami Health e ajudar os seus pacientes a obter um brilho radiante com uma pele mais firme e uma apar\u00eancia mais jovem.<\/span><\/p>\n","protected":false},"excerpt":{"rendered":"<p>Encomende Nucleofill Strong &#8211; potente tratamento com preenchimento injet\u00e1vel formulado paracombater os sinais vis\u00edveis do envelhecimento e estimular a regenera\u00e7\u00e3o da pele. O produto foi concebido para hidratar a pele, melhorar a sua textura e aumentar a produ\u00e7\u00e3o de colag\u00e9nio e elastina. Os profissionais de sa\u00fade podem comprar preenchimentos d\u00e9rmicos, como o Nucleofill Strong, na [&hellip;]<\/p>\n","protected":false},"featured_media":122377,"comment_status":"closed","ping_status":"closed","template":"","meta":{"_acf_changed":false,"inline_featured_image":false},"product_brand":[3237],"product_cat":[4158,4082],"product_tag":[4084],"class_list":{"0":"post-122376","1":"product","2":"type-product","3":"status-publish","4":"has-post-thumbnail","6":"product_brand-nucleofill","7":"product_cat-polynucleotides-pt-pt","8":"product_cat-dermal-fillers-pt-pt","9":"product_tag-medical-devices-pt-pt","11":"first","12":"instock","13":"taxable","14":"shipping-taxable","15":"purchasable","16":"product-type-simple","17":"add-to-wishlist-before_image"},"acf":[],"yoast_head":"<!-- This site is optimized with the Yoast SEO plugin v27.3 - https:\/\/yoast.com\/product\/yoast-seo-wordpress\/ -->\n<title>Compre Nucleofill Strong - Rejuvenescimento avan\u00e7ado da pele<\/title>\n<meta name=\"description\" content=\"Compre Nucleofill Strong na Kinami Health - um potente injet\u00e1vel concebido para hidratar, suavizar rugas e aumentar o colag\u00e9nio para uma pele mais firme e jovem.\" \/>\n<meta name=\"robots\" content=\"index, follow, max-snippet:-1, max-image-preview:large, max-video-preview:-1\" \/>\n<link rel=\"canonical\" href=\"https:\/\/kinamihealth.com\/pt-pt\/wp-json\/wp\/v2\/product\/122376\" \/>\n<meta property=\"og:locale\" content=\"pt_PT\" \/>\n<meta property=\"og:type\" content=\"article\" \/>\n<meta property=\"og:title\" content=\"Compre Nucleofill Strong - Rejuvenescimento avan\u00e7ado da pele\" \/>\n<meta property=\"og:description\" content=\"Compre Nucleofill Strong na Kinami Health - um potente injet\u00e1vel concebido para hidratar, suavizar rugas e aumentar o colag\u00e9nio para uma pele mais firme e jovem.\" \/>\n<meta property=\"og:url\" content=\"https:\/\/kinamihealth.com\/pt-pt\/produto\/nucleofill-strong\/\" \/>\n<meta property=\"og:site_name\" content=\"Kinami Health\" \/>\n<meta property=\"article:modified_time\" content=\"2025-12-28T22:17:29+00:00\" \/>\n<meta property=\"og:image\" content=\"https:\/\/kinamihealth.com\/wp-content\/uploads\/2025\/02\/NUCLEOFILL-STRONG-1.5ML-01.jpg\" \/>\n\t<meta property=\"og:image:width\" content=\"800\" \/>\n\t<meta property=\"og:image:height\" content=\"800\" \/>\n\t<meta property=\"og:image:type\" content=\"image\/jpeg\" \/>\n<meta name=\"twitter:card\" content=\"summary_large_image\" \/>\n<meta name=\"twitter:label1\" content=\"Tempo estimado de leitura\" \/>\n\t<meta name=\"twitter:data1\" content=\"1 minuto\" \/>\n<!-- \/ Yoast SEO plugin. -->","yoast_head_json":{"title":"Compre Nucleofill Strong - Rejuvenescimento avan\u00e7ado da pele","description":"Compre Nucleofill Strong na Kinami Health - um potente injet\u00e1vel concebido para hidratar, suavizar rugas e aumentar o colag\u00e9nio para uma pele mais firme e jovem.","robots":{"index":"index","follow":"follow","max-snippet":"max-snippet:-1","max-image-preview":"max-image-preview:large","max-video-preview":"max-video-preview:-1"},"canonical":"https:\/\/kinamihealth.com\/pt-pt\/wp-json\/wp\/v2\/product\/122376","og_locale":"pt_PT","og_type":"article","og_title":"Compre Nucleofill Strong - Rejuvenescimento avan\u00e7ado da pele","og_description":"Compre Nucleofill Strong na Kinami Health - um potente injet\u00e1vel concebido para hidratar, suavizar rugas e aumentar o colag\u00e9nio para uma pele mais firme e jovem.","og_url":"https:\/\/kinamihealth.com\/pt-pt\/produto\/nucleofill-strong\/","og_site_name":"Kinami Health","article_modified_time":"2025-12-28T22:17:29+00:00","og_image":[{"width":800,"height":800,"url":"https:\/\/kinamihealth.com\/wp-content\/uploads\/2025\/02\/NUCLEOFILL-STRONG-1.5ML-01.jpg","type":"image\/jpeg"}],"twitter_card":"summary_large_image","twitter_misc":{"Tempo estimado de leitura":"1 minuto"},"schema":{"@context":"https:\/\/schema.org","@graph":[{"@type":"WebPage","@id":"https:\/\/kinamihealth.com\/pt-pt\/produto\/nucleofill-strong\/","url":"https:\/\/kinamihealth.com\/pt-pt\/produto\/nucleofill-strong\/","name":"Compre Nucleofill Strong - Rejuvenescimento avan\u00e7ado da pele","isPartOf":{"@id":"https:\/\/kinamihealth.com\/#website"},"primaryImageOfPage":{"@id":"https:\/\/kinamihealth.com\/pt-pt\/produto\/nucleofill-strong\/#primaryimage"},"image":{"@id":"https:\/\/kinamihealth.com\/pt-pt\/produto\/nucleofill-strong\/#primaryimage"},"thumbnailUrl":"https:\/\/kinamihealth.com\/wp-content\/uploads\/2025\/02\/NUCLEOFILL-STRONG-1.5ML-01.jpg","datePublished":"2025-02-15T16:56:33+00:00","dateModified":"2025-12-28T22:17:29+00:00","description":"Compre Nucleofill Strong na Kinami Health - um potente injet\u00e1vel concebido para hidratar, suavizar rugas e aumentar o colag\u00e9nio para uma pele mais firme e jovem.","breadcrumb":{"@id":"https:\/\/kinamihealth.com\/pt-pt\/produto\/nucleofill-strong\/#breadcrumb"},"inLanguage":"pt-PT","potentialAction":[{"@type":"ReadAction","target":["https:\/\/kinamihealth.com\/pt-pt\/produto\/nucleofill-strong\/"]}]},{"@type":"ImageObject","inLanguage":"pt-PT","@id":"https:\/\/kinamihealth.com\/pt-pt\/produto\/nucleofill-strong\/#primaryimage","url":"https:\/\/kinamihealth.com\/wp-content\/uploads\/2025\/02\/NUCLEOFILL-STRONG-1.5ML-01.jpg","contentUrl":"https:\/\/kinamihealth.com\/wp-content\/uploads\/2025\/02\/NUCLEOFILL-STRONG-1.5ML-01.jpg","width":800,"height":800},{"@type":"BreadcrumbList","@id":"https:\/\/kinamihealth.com\/pt-pt\/produto\/nucleofill-strong\/#breadcrumb","itemListElement":[{"@type":"ListItem","position":1,"name":"In\u00edcio","item":"https:\/\/kinamihealth.com\/"},{"@type":"ListItem","position":2,"name":"Loja","item":"https:\/\/kinamihealth.com\/shop\/"},{"@type":"ListItem","position":3,"name":"NUCLEOFILL\u2122 STRONG"}]},{"@type":"WebSite","@id":"https:\/\/kinamihealth.com\/#website","url":"https:\/\/kinamihealth.com\/","name":"Kinami Health","description":"","publisher":{"@id":"https:\/\/kinamihealth.com\/#organization"},"potentialAction":[{"@type":"SearchAction","target":{"@type":"EntryPoint","urlTemplate":"https:\/\/kinamihealth.com\/?s={search_term_string}"},"query-input":{"@type":"PropertyValueSpecification","valueRequired":true,"valueName":"search_term_string"}}],"inLanguage":"pt-PT"},{"@type":"Organization","@id":"https:\/\/kinamihealth.com\/#organization","name":"Kinami Health","url":"https:\/\/kinamihealth.com\/","logo":{"@type":"ImageObject","inLanguage":"pt-PT","@id":"https:\/\/kinamihealth.com\/#\/schema\/logo\/image\/","url":"https:\/\/kinamihealth.com\/wp-content\/uploads\/2025\/01\/KH_logo_black_2-1.png","contentUrl":"https:\/\/kinamihealth.com\/wp-content\/uploads\/2025\/01\/KH_logo_black_2-1.png","width":339,"height":34,"caption":"Kinami Health"},"image":{"@id":"https:\/\/kinamihealth.com\/#\/schema\/logo\/image\/"}}]}},"_links":{"self":[{"href":"https:\/\/kinamihealth.com\/pt-pt\/wp-json\/wp\/v2\/product\/122376","targetHints":{"allow":["GET"]}}],"collection":[{"href":"https:\/\/kinamihealth.com\/pt-pt\/wp-json\/wp\/v2\/product"}],"about":[{"href":"https:\/\/kinamihealth.com\/pt-pt\/wp-json\/wp\/v2\/types\/product"}],"replies":[{"embeddable":true,"href":"https:\/\/kinamihealth.com\/pt-pt\/wp-json\/wp\/v2\/comments?post=122376"}],"version-history":[{"count":0,"href":"https:\/\/kinamihealth.com\/pt-pt\/wp-json\/wp\/v2\/product\/122376\/revisions"}],"wp:featuredmedia":[{"embeddable":true,"href":"https:\/\/kinamihealth.com\/pt-pt\/wp-json\/wp\/v2\/media\/122377"}],"wp:attachment":[{"href":"https:\/\/kinamihealth.com\/pt-pt\/wp-json\/wp\/v2\/media?parent=122376"}],"wp:term":[{"taxonomy":"product_brand","embeddable":true,"href":"https:\/\/kinamihealth.com\/pt-pt\/wp-json\/wp\/v2\/product_brand?post=122376"},{"taxonomy":"product_cat","embeddable":true,"href":"https:\/\/kinamihealth.com\/pt-pt\/wp-json\/wp\/v2\/product_cat?post=122376"},{"taxonomy":"product_tag","embeddable":true,"href":"https:\/\/kinamihealth.com\/pt-pt\/wp-json\/wp\/v2\/product_tag?post=122376"}],"curies":[{"name":"wp","href":"https:\/\/api.w.org\/{rel}","templated":true}]}}