{"id":122373,"date":"2025-02-15T16:56:32","date_gmt":"2025-02-15T16:56:32","guid":{"rendered":"https:\/\/kinamihealth.com\/product\/nucleofill-soft-plus\/"},"modified":"2025-11-21T16:01:42","modified_gmt":"2025-11-21T16:01:42","slug":"nucleofill-soft-plus","status":"publish","type":"product","link":"https:\/\/kinamihealth.com\/pt-pt\/produto\/nucleofill-soft-plus\/","title":{"rendered":"NUCLEOFILL\u2122 SOFT PLUS"},"content":{"rendered":"<p><span style=\"font-weight: 400;\">Encomende Nucleofill Soft Plus e descubra os benef\u00edcios deste tratamento injet\u00e1vel avan\u00e7ado, concebido para melhorar a qualidade da pele na \u00e1rea sens\u00edvel sob os olhos. Os profissionais m\u00e9dicos podem <\/span><i><span style=\"font-weight: 400;\">comprar produtos Nucleofill<\/span><\/i><span style=\"font-weight: 400;\"> na Kinami Health e ajudar os seus pacientes a ter uma pele mais saud\u00e1vel, com menos bolsas nos olhos, linhas finas minimizadas e apar\u00eancia revitalizada. A f\u00f3rmula exclusiva do Nucleofill Soft Plus proporciona melhorias duradouras, atuando a n\u00edvel celular.<\/span><\/p>\n","protected":false},"excerpt":{"rendered":"<p>Encomende Nucleofill Soft Plus e descubra os benef\u00edcios deste tratamento injet\u00e1vel avan\u00e7ado, concebido para melhorar a qualidade da pele na \u00e1rea sens\u00edvel sob os olhos. Os profissionais m\u00e9dicos podem comprar produtos Nucleofill na Kinami Health e ajudar os seus pacientes a ter uma pele mais saud\u00e1vel, com menos bolsas nos olhos, linhas finas minimizadas e [&hellip;]<\/p>\n","protected":false},"featured_media":122374,"comment_status":"closed","ping_status":"closed","template":"","meta":{"_acf_changed":false,"inline_featured_image":false},"product_brand":[3237],"product_cat":[4158,4082],"product_tag":[4084],"class_list":{"0":"post-122373","1":"product","2":"type-product","3":"status-publish","4":"has-post-thumbnail","6":"product_brand-nucleofill","7":"product_cat-polynucleotides-pt-pt","8":"product_cat-dermal-fillers-pt-pt","9":"product_tag-medical-devices-pt-pt","11":"first","12":"instock","13":"taxable","14":"shipping-taxable","15":"purchasable","16":"product-type-simple","17":"add-to-wishlist-before_image"},"acf":[],"yoast_head":"<!-- This site is optimized with the Yoast SEO plugin v27.3 - https:\/\/yoast.com\/product\/yoast-seo-wordpress\/ -->\n<title>Compre Nucleofill Soft Plus - Kinami Health<\/title>\n<meta name=\"description\" content=\"Compre Nucleofill Soft Plus para refrescar a \u00e1rea sob os olhos, reduzir linhas finas e aumentar a hidrata\u00e7\u00e3o. Dispon\u00edvel para profissionais m\u00e9dicos na Kinami Health.\" \/>\n<meta name=\"robots\" content=\"index, follow, max-snippet:-1, max-image-preview:large, max-video-preview:-1\" \/>\n<link rel=\"canonical\" href=\"https:\/\/kinamihealth.com\/pt-pt\/wp-json\/wp\/v2\/product\/122373\" \/>\n<meta property=\"og:locale\" content=\"pt_PT\" \/>\n<meta property=\"og:type\" content=\"article\" \/>\n<meta property=\"og:title\" content=\"Compre Nucleofill Soft Plus - Kinami Health\" \/>\n<meta property=\"og:description\" content=\"Compre Nucleofill Soft Plus para refrescar a \u00e1rea sob os olhos, reduzir linhas finas e aumentar a hidrata\u00e7\u00e3o. Dispon\u00edvel para profissionais m\u00e9dicos na Kinami Health.\" \/>\n<meta property=\"og:url\" content=\"https:\/\/kinamihealth.com\/pt-pt\/produto\/nucleofill-soft-plus\/\" \/>\n<meta property=\"og:site_name\" content=\"Kinami Health\" \/>\n<meta property=\"article:modified_time\" content=\"2025-11-21T16:01:42+00:00\" \/>\n<meta property=\"og:image\" content=\"https:\/\/kinamihealth.com\/wp-content\/uploads\/2025\/02\/NUCLEOFILL-SOFTPLUS-01.jpg\" \/>\n\t<meta property=\"og:image:width\" content=\"800\" \/>\n\t<meta property=\"og:image:height\" content=\"800\" \/>\n\t<meta property=\"og:image:type\" content=\"image\/jpeg\" \/>\n<meta name=\"twitter:card\" content=\"summary_large_image\" \/>\n<meta name=\"twitter:label1\" content=\"Tempo estimado de leitura\" \/>\n\t<meta name=\"twitter:data1\" content=\"1 minuto\" \/>\n<!-- \/ Yoast SEO plugin. -->","yoast_head_json":{"title":"Compre Nucleofill Soft Plus - Kinami Health","description":"Compre Nucleofill Soft Plus para refrescar a \u00e1rea sob os olhos, reduzir linhas finas e aumentar a hidrata\u00e7\u00e3o. Dispon\u00edvel para profissionais m\u00e9dicos na Kinami Health.","robots":{"index":"index","follow":"follow","max-snippet":"max-snippet:-1","max-image-preview":"max-image-preview:large","max-video-preview":"max-video-preview:-1"},"canonical":"https:\/\/kinamihealth.com\/pt-pt\/wp-json\/wp\/v2\/product\/122373","og_locale":"pt_PT","og_type":"article","og_title":"Compre Nucleofill Soft Plus - Kinami Health","og_description":"Compre Nucleofill Soft Plus para refrescar a \u00e1rea sob os olhos, reduzir linhas finas e aumentar a hidrata\u00e7\u00e3o. Dispon\u00edvel para profissionais m\u00e9dicos na Kinami Health.","og_url":"https:\/\/kinamihealth.com\/pt-pt\/produto\/nucleofill-soft-plus\/","og_site_name":"Kinami Health","article_modified_time":"2025-11-21T16:01:42+00:00","og_image":[{"width":800,"height":800,"url":"https:\/\/kinamihealth.com\/wp-content\/uploads\/2025\/02\/NUCLEOFILL-SOFTPLUS-01.jpg","type":"image\/jpeg"}],"twitter_card":"summary_large_image","twitter_misc":{"Tempo estimado de leitura":"1 minuto"},"schema":{"@context":"https:\/\/schema.org","@graph":[{"@type":"WebPage","@id":"https:\/\/kinamihealth.com\/pt-pt\/produto\/nucleofill-soft-plus\/","url":"https:\/\/kinamihealth.com\/pt-pt\/produto\/nucleofill-soft-plus\/","name":"Compre Nucleofill Soft Plus - Kinami Health","isPartOf":{"@id":"https:\/\/kinamihealth.com\/#website"},"primaryImageOfPage":{"@id":"https:\/\/kinamihealth.com\/pt-pt\/produto\/nucleofill-soft-plus\/#primaryimage"},"image":{"@id":"https:\/\/kinamihealth.com\/pt-pt\/produto\/nucleofill-soft-plus\/#primaryimage"},"thumbnailUrl":"https:\/\/kinamihealth.com\/wp-content\/uploads\/2025\/02\/NUCLEOFILL-SOFTPLUS-01.jpg","datePublished":"2025-02-15T16:56:32+00:00","dateModified":"2025-11-21T16:01:42+00:00","description":"Compre Nucleofill Soft Plus para refrescar a \u00e1rea sob os olhos, reduzir linhas finas e aumentar a hidrata\u00e7\u00e3o. Dispon\u00edvel para profissionais m\u00e9dicos na Kinami Health.","breadcrumb":{"@id":"https:\/\/kinamihealth.com\/pt-pt\/produto\/nucleofill-soft-plus\/#breadcrumb"},"inLanguage":"pt-PT","potentialAction":[{"@type":"ReadAction","target":["https:\/\/kinamihealth.com\/pt-pt\/produto\/nucleofill-soft-plus\/"]}]},{"@type":"ImageObject","inLanguage":"pt-PT","@id":"https:\/\/kinamihealth.com\/pt-pt\/produto\/nucleofill-soft-plus\/#primaryimage","url":"https:\/\/kinamihealth.com\/wp-content\/uploads\/2025\/02\/NUCLEOFILL-SOFTPLUS-01.jpg","contentUrl":"https:\/\/kinamihealth.com\/wp-content\/uploads\/2025\/02\/NUCLEOFILL-SOFTPLUS-01.jpg","width":800,"height":800},{"@type":"BreadcrumbList","@id":"https:\/\/kinamihealth.com\/pt-pt\/produto\/nucleofill-soft-plus\/#breadcrumb","itemListElement":[{"@type":"ListItem","position":1,"name":"In\u00edcio","item":"https:\/\/kinamihealth.com\/"},{"@type":"ListItem","position":2,"name":"Loja","item":"https:\/\/kinamihealth.com\/shop\/"},{"@type":"ListItem","position":3,"name":"NUCLEOFILL\u2122 SOFT PLUS"}]},{"@type":"WebSite","@id":"https:\/\/kinamihealth.com\/#website","url":"https:\/\/kinamihealth.com\/","name":"Kinami Health","description":"","publisher":{"@id":"https:\/\/kinamihealth.com\/#organization"},"potentialAction":[{"@type":"SearchAction","target":{"@type":"EntryPoint","urlTemplate":"https:\/\/kinamihealth.com\/?s={search_term_string}"},"query-input":{"@type":"PropertyValueSpecification","valueRequired":true,"valueName":"search_term_string"}}],"inLanguage":"pt-PT"},{"@type":"Organization","@id":"https:\/\/kinamihealth.com\/#organization","name":"Kinami Health","url":"https:\/\/kinamihealth.com\/","logo":{"@type":"ImageObject","inLanguage":"pt-PT","@id":"https:\/\/kinamihealth.com\/#\/schema\/logo\/image\/","url":"https:\/\/kinamihealth.com\/wp-content\/uploads\/2025\/01\/KH_logo_black_2-1.png","contentUrl":"https:\/\/kinamihealth.com\/wp-content\/uploads\/2025\/01\/KH_logo_black_2-1.png","width":339,"height":34,"caption":"Kinami Health"},"image":{"@id":"https:\/\/kinamihealth.com\/#\/schema\/logo\/image\/"}}]}},"_links":{"self":[{"href":"https:\/\/kinamihealth.com\/pt-pt\/wp-json\/wp\/v2\/product\/122373","targetHints":{"allow":["GET"]}}],"collection":[{"href":"https:\/\/kinamihealth.com\/pt-pt\/wp-json\/wp\/v2\/product"}],"about":[{"href":"https:\/\/kinamihealth.com\/pt-pt\/wp-json\/wp\/v2\/types\/product"}],"replies":[{"embeddable":true,"href":"https:\/\/kinamihealth.com\/pt-pt\/wp-json\/wp\/v2\/comments?post=122373"}],"version-history":[{"count":0,"href":"https:\/\/kinamihealth.com\/pt-pt\/wp-json\/wp\/v2\/product\/122373\/revisions"}],"wp:featuredmedia":[{"embeddable":true,"href":"https:\/\/kinamihealth.com\/pt-pt\/wp-json\/wp\/v2\/media\/122374"}],"wp:attachment":[{"href":"https:\/\/kinamihealth.com\/pt-pt\/wp-json\/wp\/v2\/media?parent=122373"}],"wp:term":[{"taxonomy":"product_brand","embeddable":true,"href":"https:\/\/kinamihealth.com\/pt-pt\/wp-json\/wp\/v2\/product_brand?post=122373"},{"taxonomy":"product_cat","embeddable":true,"href":"https:\/\/kinamihealth.com\/pt-pt\/wp-json\/wp\/v2\/product_cat?post=122373"},{"taxonomy":"product_tag","embeddable":true,"href":"https:\/\/kinamihealth.com\/pt-pt\/wp-json\/wp\/v2\/product_tag?post=122373"}],"curies":[{"name":"wp","href":"https:\/\/api.w.org\/{rel}","templated":true}]}}