{"id":122370,"date":"2025-02-15T16:56:31","date_gmt":"2025-02-15T16:56:31","guid":{"rendered":"https:\/\/kinamihealth.com\/product\/nucleofill-medium\/"},"modified":"2025-11-21T15:48:44","modified_gmt":"2025-11-21T15:48:44","slug":"nucleofill-medium","status":"publish","type":"product","link":"https:\/\/kinamihealth.com\/pt-pt\/produto\/nucleofill-medium\/","title":{"rendered":"NUCLEOFILL\u2122 MEDIUM"},"content":{"rendered":"<p>Encomende Nucleofil Medium e descubra um tratamento avan\u00e7ado com preenchimento antienvelhecimento com efeitos duradouros. O produto foi concebido para estimular a produ\u00e7\u00e3o de colag\u00e9nio e melhorar a elasticidade e firmeza da pele. Os profissionais m\u00e9dicos podem<i> comprar preenchimentos d\u00e9rmicos<\/i>, como o Nucleofill Medium, na loja online Kinami Health e permitir que os seus pacientes desfrutem de uma pele hidratada com menos rugas.<\/p>\n","protected":false},"excerpt":{"rendered":"<p>Encomende Nucleofil Medium e descubra um tratamento avan\u00e7ado com preenchimento antienvelhecimento com efeitos duradouros. O produto foi concebido para estimular a produ\u00e7\u00e3o de colag\u00e9nio e melhorar a elasticidade e firmeza da pele. Os profissionais m\u00e9dicos podem comprar preenchimentos d\u00e9rmicos, como o Nucleofill Medium, na loja online Kinami Health e permitir que os seus pacientes desfrutem [&hellip;]<\/p>\n","protected":false},"featured_media":122371,"comment_status":"closed","ping_status":"closed","template":"","meta":{"_acf_changed":false,"inline_featured_image":false},"product_brand":[3237],"product_cat":[4158,4082],"product_tag":[4084],"class_list":{"0":"post-122370","1":"product","2":"type-product","3":"status-publish","4":"has-post-thumbnail","6":"product_brand-nucleofill","7":"product_cat-polynucleotides-pt-pt","8":"product_cat-dermal-fillers-pt-pt","9":"product_tag-medical-devices-pt-pt","11":"first","12":"instock","13":"taxable","14":"shipping-taxable","15":"purchasable","16":"product-type-simple","17":"add-to-wishlist-before_image"},"acf":[],"yoast_head":"<!-- This site is optimized with the Yoast SEO plugin v27.3 - https:\/\/yoast.com\/product\/yoast-seo-wordpress\/ -->\n<title>Compre Nucleofill Medium - Rejuvenescimento avan\u00e7ado da pele<\/title>\n<meta name=\"description\" content=\"Compre Nucleofill Medium para hidratar, levantar e restaurar a pele. Este preenchimento \u00e0 base de polinucle\u00f3tidos reduz as rugas e aumenta a produ\u00e7\u00e3o de colag\u00e9nio.\" \/>\n<meta name=\"robots\" content=\"index, follow, max-snippet:-1, max-image-preview:large, max-video-preview:-1\" \/>\n<link rel=\"canonical\" href=\"https:\/\/kinamihealth.com\/pt-pt\/wp-json\/wp\/v2\/product\/122370\" \/>\n<meta property=\"og:locale\" content=\"pt_PT\" \/>\n<meta property=\"og:type\" content=\"article\" \/>\n<meta property=\"og:title\" content=\"Compre Nucleofill Medium - Rejuvenescimento avan\u00e7ado da pele\" \/>\n<meta property=\"og:description\" content=\"Compre Nucleofill Medium para hidratar, levantar e restaurar a pele. Este preenchimento \u00e0 base de polinucle\u00f3tidos reduz as rugas e aumenta a produ\u00e7\u00e3o de colag\u00e9nio.\" \/>\n<meta property=\"og:url\" content=\"https:\/\/kinamihealth.com\/pt-pt\/produto\/nucleofill-medium\/\" \/>\n<meta property=\"og:site_name\" content=\"Kinami Health\" \/>\n<meta property=\"article:modified_time\" content=\"2025-11-21T15:48:44+00:00\" \/>\n<meta property=\"og:image\" content=\"https:\/\/kinamihealth.com\/wp-content\/uploads\/2025\/02\/NUCLEOFILL-MEDIUM-01.jpg\" \/>\n\t<meta property=\"og:image:width\" content=\"800\" \/>\n\t<meta property=\"og:image:height\" content=\"800\" \/>\n\t<meta property=\"og:image:type\" content=\"image\/jpeg\" \/>\n<meta name=\"twitter:card\" content=\"summary_large_image\" \/>\n<meta name=\"twitter:label1\" content=\"Tempo estimado de leitura\" \/>\n\t<meta name=\"twitter:data1\" content=\"1 minuto\" \/>\n<!-- \/ Yoast SEO plugin. -->","yoast_head_json":{"title":"Compre Nucleofill Medium - Rejuvenescimento avan\u00e7ado da pele","description":"Compre Nucleofill Medium para hidratar, levantar e restaurar a pele. Este preenchimento \u00e0 base de polinucle\u00f3tidos reduz as rugas e aumenta a produ\u00e7\u00e3o de colag\u00e9nio.","robots":{"index":"index","follow":"follow","max-snippet":"max-snippet:-1","max-image-preview":"max-image-preview:large","max-video-preview":"max-video-preview:-1"},"canonical":"https:\/\/kinamihealth.com\/pt-pt\/wp-json\/wp\/v2\/product\/122370","og_locale":"pt_PT","og_type":"article","og_title":"Compre Nucleofill Medium - Rejuvenescimento avan\u00e7ado da pele","og_description":"Compre Nucleofill Medium para hidratar, levantar e restaurar a pele. Este preenchimento \u00e0 base de polinucle\u00f3tidos reduz as rugas e aumenta a produ\u00e7\u00e3o de colag\u00e9nio.","og_url":"https:\/\/kinamihealth.com\/pt-pt\/produto\/nucleofill-medium\/","og_site_name":"Kinami Health","article_modified_time":"2025-11-21T15:48:44+00:00","og_image":[{"width":800,"height":800,"url":"https:\/\/kinamihealth.com\/wp-content\/uploads\/2025\/02\/NUCLEOFILL-MEDIUM-01.jpg","type":"image\/jpeg"}],"twitter_card":"summary_large_image","twitter_misc":{"Tempo estimado de leitura":"1 minuto"},"schema":{"@context":"https:\/\/schema.org","@graph":[{"@type":"WebPage","@id":"https:\/\/kinamihealth.com\/pt-pt\/produto\/nucleofill-medium\/","url":"https:\/\/kinamihealth.com\/pt-pt\/produto\/nucleofill-medium\/","name":"Compre Nucleofill Medium - Rejuvenescimento avan\u00e7ado da pele","isPartOf":{"@id":"https:\/\/kinamihealth.com\/#website"},"primaryImageOfPage":{"@id":"https:\/\/kinamihealth.com\/pt-pt\/produto\/nucleofill-medium\/#primaryimage"},"image":{"@id":"https:\/\/kinamihealth.com\/pt-pt\/produto\/nucleofill-medium\/#primaryimage"},"thumbnailUrl":"https:\/\/kinamihealth.com\/wp-content\/uploads\/2025\/02\/NUCLEOFILL-MEDIUM-01.jpg","datePublished":"2025-02-15T16:56:31+00:00","dateModified":"2025-11-21T15:48:44+00:00","description":"Compre Nucleofill Medium para hidratar, levantar e restaurar a pele. Este preenchimento \u00e0 base de polinucle\u00f3tidos reduz as rugas e aumenta a produ\u00e7\u00e3o de colag\u00e9nio.","breadcrumb":{"@id":"https:\/\/kinamihealth.com\/pt-pt\/produto\/nucleofill-medium\/#breadcrumb"},"inLanguage":"pt-PT","potentialAction":[{"@type":"ReadAction","target":["https:\/\/kinamihealth.com\/pt-pt\/produto\/nucleofill-medium\/"]}]},{"@type":"ImageObject","inLanguage":"pt-PT","@id":"https:\/\/kinamihealth.com\/pt-pt\/produto\/nucleofill-medium\/#primaryimage","url":"https:\/\/kinamihealth.com\/wp-content\/uploads\/2025\/02\/NUCLEOFILL-MEDIUM-01.jpg","contentUrl":"https:\/\/kinamihealth.com\/wp-content\/uploads\/2025\/02\/NUCLEOFILL-MEDIUM-01.jpg","width":800,"height":800},{"@type":"BreadcrumbList","@id":"https:\/\/kinamihealth.com\/pt-pt\/produto\/nucleofill-medium\/#breadcrumb","itemListElement":[{"@type":"ListItem","position":1,"name":"In\u00edcio","item":"https:\/\/kinamihealth.com\/"},{"@type":"ListItem","position":2,"name":"Loja","item":"https:\/\/kinamihealth.com\/shop\/"},{"@type":"ListItem","position":3,"name":"NUCLEOFILL\u2122 MEDIUM"}]},{"@type":"WebSite","@id":"https:\/\/kinamihealth.com\/#website","url":"https:\/\/kinamihealth.com\/","name":"Kinami Health","description":"","publisher":{"@id":"https:\/\/kinamihealth.com\/#organization"},"potentialAction":[{"@type":"SearchAction","target":{"@type":"EntryPoint","urlTemplate":"https:\/\/kinamihealth.com\/?s={search_term_string}"},"query-input":{"@type":"PropertyValueSpecification","valueRequired":true,"valueName":"search_term_string"}}],"inLanguage":"pt-PT"},{"@type":"Organization","@id":"https:\/\/kinamihealth.com\/#organization","name":"Kinami Health","url":"https:\/\/kinamihealth.com\/","logo":{"@type":"ImageObject","inLanguage":"pt-PT","@id":"https:\/\/kinamihealth.com\/#\/schema\/logo\/image\/","url":"https:\/\/kinamihealth.com\/wp-content\/uploads\/2025\/01\/KH_logo_black_2-1.png","contentUrl":"https:\/\/kinamihealth.com\/wp-content\/uploads\/2025\/01\/KH_logo_black_2-1.png","width":339,"height":34,"caption":"Kinami Health"},"image":{"@id":"https:\/\/kinamihealth.com\/#\/schema\/logo\/image\/"}}]}},"_links":{"self":[{"href":"https:\/\/kinamihealth.com\/pt-pt\/wp-json\/wp\/v2\/product\/122370","targetHints":{"allow":["GET"]}}],"collection":[{"href":"https:\/\/kinamihealth.com\/pt-pt\/wp-json\/wp\/v2\/product"}],"about":[{"href":"https:\/\/kinamihealth.com\/pt-pt\/wp-json\/wp\/v2\/types\/product"}],"replies":[{"embeddable":true,"href":"https:\/\/kinamihealth.com\/pt-pt\/wp-json\/wp\/v2\/comments?post=122370"}],"version-history":[{"count":0,"href":"https:\/\/kinamihealth.com\/pt-pt\/wp-json\/wp\/v2\/product\/122370\/revisions"}],"wp:featuredmedia":[{"embeddable":true,"href":"https:\/\/kinamihealth.com\/pt-pt\/wp-json\/wp\/v2\/media\/122371"}],"wp:attachment":[{"href":"https:\/\/kinamihealth.com\/pt-pt\/wp-json\/wp\/v2\/media?parent=122370"}],"wp:term":[{"taxonomy":"product_brand","embeddable":true,"href":"https:\/\/kinamihealth.com\/pt-pt\/wp-json\/wp\/v2\/product_brand?post=122370"},{"taxonomy":"product_cat","embeddable":true,"href":"https:\/\/kinamihealth.com\/pt-pt\/wp-json\/wp\/v2\/product_cat?post=122370"},{"taxonomy":"product_tag","embeddable":true,"href":"https:\/\/kinamihealth.com\/pt-pt\/wp-json\/wp\/v2\/product_tag?post=122370"}],"curies":[{"name":"wp","href":"https:\/\/api.w.org\/{rel}","templated":true}]}}