{"id":122361,"date":"2025-02-15T16:56:30","date_gmt":"2025-02-15T16:56:30","guid":{"rendered":"https:\/\/kinamihealth.com\/product\/nithya-stimulate\/"},"modified":"2025-12-27T19:15:15","modified_gmt":"2025-12-27T19:15:15","slug":"nithya-stimulate","status":"publish","type":"product","link":"https:\/\/kinamihealth.com\/pt-pt\/produto\/nithya-stimulate\/","title":{"rendered":"NITHYA STIMULATE"},"content":{"rendered":"<p><span style=\"font-weight: 400;\">Compre Nithya Stimulate para restaurar a firmeza e elasticidade naturais da pele, combatendo os sinais vis\u00edveis do envelhecimento. Ele atua para melhorar a textura geral da pele, reduzir a apar\u00eancia de rugas, estrias e cicatrizes e aumentar a hidrata\u00e7\u00e3o da pele para uma apar\u00eancia mais jovem e uniforme. Este tratamento injet\u00e1vel aproveita uma poderosa combina\u00e7\u00e3o de ingredientes para combater o envelhecimento em sua ess\u00eancia, tornando-o adequado para tratamentos preventivos e corretivos.<\/span><\/p>\n","protected":false},"excerpt":{"rendered":"<p>Compre Nithya Stimulate para restaurar a firmeza e elasticidade naturais da pele, combatendo os sinais vis\u00edveis do envelhecimento. Ele atua para melhorar a textura geral da pele, reduzir a apar\u00eancia de rugas, estrias e cicatrizes e aumentar a hidrata\u00e7\u00e3o da pele para uma apar\u00eancia mais jovem e uniforme. Este tratamento injet\u00e1vel aproveita uma poderosa combina\u00e7\u00e3o [&hellip;]<\/p>\n","protected":false},"featured_media":122364,"comment_status":"closed","ping_status":"closed","template":"","meta":{"_acf_changed":false,"inline_featured_image":false},"product_brand":[3236],"product_cat":[4082],"product_tag":[4084],"class_list":{"0":"post-122361","1":"product","2":"type-product","3":"status-publish","4":"has-post-thumbnail","6":"product_brand-nithya","7":"product_cat-dermal-fillers-pt-pt","8":"product_tag-medical-devices-pt-pt","10":"first","11":"instock","12":"taxable","13":"shipping-taxable","14":"purchasable","15":"product-type-simple","16":"add-to-wishlist-before_image"},"acf":[],"yoast_head":"<!-- This site is optimized with the Yoast SEO plugin v27.1.1 - https:\/\/yoast.com\/product\/yoast-seo-wordpress\/ -->\n<title>Compre Nithya Stimulate online para restaurar e regenerar a pele<\/title>\n<meta name=\"description\" content=\"Compre Nithya Stimulate online para restaurar a firmeza, elasticidade e hidrata\u00e7\u00e3o com este tratamento que estimula o colag\u00e9nio - ideal para combater todos os sinais de envelhecimento.\" \/>\n<meta name=\"robots\" content=\"index, follow, max-snippet:-1, max-image-preview:large, max-video-preview:-1\" \/>\n<link rel=\"canonical\" href=\"https:\/\/kinamihealth.com\/pt-pt\/wp-json\/wp\/v2\/product\/122361\" \/>\n<meta property=\"og:locale\" content=\"pt_PT\" \/>\n<meta property=\"og:type\" content=\"article\" \/>\n<meta property=\"og:title\" content=\"Compre Nithya Stimulate online para restaurar e regenerar a pele\" \/>\n<meta property=\"og:description\" content=\"Compre Nithya Stimulate online para restaurar a firmeza, elasticidade e hidrata\u00e7\u00e3o com este tratamento que estimula o colag\u00e9nio - ideal para combater todos os sinais de envelhecimento.\" \/>\n<meta property=\"og:url\" content=\"https:\/\/kinamihealth.com\/pt-pt\/produto\/nithya-stimulate\/\" \/>\n<meta property=\"og:site_name\" content=\"Kinami Health\" \/>\n<meta property=\"article:modified_time\" content=\"2025-12-27T19:15:15+00:00\" \/>\n<meta property=\"og:image\" content=\"https:\/\/kinamihealth.com\/wp-content\/uploads\/2025\/02\/Nuthia_Stimulate_Front-.webp\" \/>\n\t<meta property=\"og:image:width\" content=\"1500\" \/>\n\t<meta property=\"og:image:height\" content=\"1500\" \/>\n\t<meta property=\"og:image:type\" content=\"image\/webp\" \/>\n<meta name=\"twitter:card\" content=\"summary_large_image\" \/>\n<meta name=\"twitter:label1\" content=\"Tempo estimado de leitura\" \/>\n\t<meta name=\"twitter:data1\" content=\"1 minuto\" \/>\n<!-- \/ Yoast SEO plugin. -->","yoast_head_json":{"title":"Compre Nithya Stimulate online para restaurar e regenerar a pele","description":"Compre Nithya Stimulate online para restaurar a firmeza, elasticidade e hidrata\u00e7\u00e3o com este tratamento que estimula o colag\u00e9nio - ideal para combater todos os sinais de envelhecimento.","robots":{"index":"index","follow":"follow","max-snippet":"max-snippet:-1","max-image-preview":"max-image-preview:large","max-video-preview":"max-video-preview:-1"},"canonical":"https:\/\/kinamihealth.com\/pt-pt\/wp-json\/wp\/v2\/product\/122361","og_locale":"pt_PT","og_type":"article","og_title":"Compre Nithya Stimulate online para restaurar e regenerar a pele","og_description":"Compre Nithya Stimulate online para restaurar a firmeza, elasticidade e hidrata\u00e7\u00e3o com este tratamento que estimula o colag\u00e9nio - ideal para combater todos os sinais de envelhecimento.","og_url":"https:\/\/kinamihealth.com\/pt-pt\/produto\/nithya-stimulate\/","og_site_name":"Kinami Health","article_modified_time":"2025-12-27T19:15:15+00:00","og_image":[{"width":1500,"height":1500,"url":"https:\/\/kinamihealth.com\/wp-content\/uploads\/2025\/02\/Nuthia_Stimulate_Front-.webp","type":"image\/webp"}],"twitter_card":"summary_large_image","twitter_misc":{"Tempo estimado de leitura":"1 minuto"},"schema":{"@context":"https:\/\/schema.org","@graph":[{"@type":"WebPage","@id":"https:\/\/kinamihealth.com\/pt-pt\/produto\/nithya-stimulate\/","url":"https:\/\/kinamihealth.com\/pt-pt\/produto\/nithya-stimulate\/","name":"Compre Nithya Stimulate online para restaurar e regenerar a pele","isPartOf":{"@id":"https:\/\/kinamihealth.com\/#website"},"primaryImageOfPage":{"@id":"https:\/\/kinamihealth.com\/pt-pt\/produto\/nithya-stimulate\/#primaryimage"},"image":{"@id":"https:\/\/kinamihealth.com\/pt-pt\/produto\/nithya-stimulate\/#primaryimage"},"thumbnailUrl":"https:\/\/kinamihealth.com\/wp-content\/uploads\/2025\/02\/Nuthia_Stimulate_Front-.webp","datePublished":"2025-02-15T16:56:30+00:00","dateModified":"2025-12-27T19:15:15+00:00","description":"Compre Nithya Stimulate online para restaurar a firmeza, elasticidade e hidrata\u00e7\u00e3o com este tratamento que estimula o colag\u00e9nio - ideal para combater todos os sinais de envelhecimento.","breadcrumb":{"@id":"https:\/\/kinamihealth.com\/pt-pt\/produto\/nithya-stimulate\/#breadcrumb"},"inLanguage":"pt-PT","potentialAction":[{"@type":"ReadAction","target":["https:\/\/kinamihealth.com\/pt-pt\/produto\/nithya-stimulate\/"]}]},{"@type":"ImageObject","inLanguage":"pt-PT","@id":"https:\/\/kinamihealth.com\/pt-pt\/produto\/nithya-stimulate\/#primaryimage","url":"https:\/\/kinamihealth.com\/wp-content\/uploads\/2025\/02\/Nuthia_Stimulate_Front-.webp","contentUrl":"https:\/\/kinamihealth.com\/wp-content\/uploads\/2025\/02\/Nuthia_Stimulate_Front-.webp","width":1500,"height":1500},{"@type":"BreadcrumbList","@id":"https:\/\/kinamihealth.com\/pt-pt\/produto\/nithya-stimulate\/#breadcrumb","itemListElement":[{"@type":"ListItem","position":1,"name":"In\u00edcio","item":"https:\/\/kinamihealth.com\/"},{"@type":"ListItem","position":2,"name":"Loja","item":"https:\/\/kinamihealth.com\/shop\/"},{"@type":"ListItem","position":3,"name":"NITHYA STIMULATE"}]},{"@type":"WebSite","@id":"https:\/\/kinamihealth.com\/#website","url":"https:\/\/kinamihealth.com\/","name":"Kinami Health","description":"","publisher":{"@id":"https:\/\/kinamihealth.com\/#organization"},"potentialAction":[{"@type":"SearchAction","target":{"@type":"EntryPoint","urlTemplate":"https:\/\/kinamihealth.com\/?s={search_term_string}"},"query-input":{"@type":"PropertyValueSpecification","valueRequired":true,"valueName":"search_term_string"}}],"inLanguage":"pt-PT"},{"@type":"Organization","@id":"https:\/\/kinamihealth.com\/#organization","name":"Kinami Health","url":"https:\/\/kinamihealth.com\/","logo":{"@type":"ImageObject","inLanguage":"pt-PT","@id":"https:\/\/kinamihealth.com\/#\/schema\/logo\/image\/","url":"https:\/\/kinamihealth.com\/wp-content\/uploads\/2025\/01\/KH_logo_black_2-1.png","contentUrl":"https:\/\/kinamihealth.com\/wp-content\/uploads\/2025\/01\/KH_logo_black_2-1.png","width":339,"height":34,"caption":"Kinami Health"},"image":{"@id":"https:\/\/kinamihealth.com\/#\/schema\/logo\/image\/"}}]}},"_links":{"self":[{"href":"https:\/\/kinamihealth.com\/pt-pt\/wp-json\/wp\/v2\/product\/122361","targetHints":{"allow":["GET"]}}],"collection":[{"href":"https:\/\/kinamihealth.com\/pt-pt\/wp-json\/wp\/v2\/product"}],"about":[{"href":"https:\/\/kinamihealth.com\/pt-pt\/wp-json\/wp\/v2\/types\/product"}],"replies":[{"embeddable":true,"href":"https:\/\/kinamihealth.com\/pt-pt\/wp-json\/wp\/v2\/comments?post=122361"}],"version-history":[{"count":0,"href":"https:\/\/kinamihealth.com\/pt-pt\/wp-json\/wp\/v2\/product\/122361\/revisions"}],"wp:featuredmedia":[{"embeddable":true,"href":"https:\/\/kinamihealth.com\/pt-pt\/wp-json\/wp\/v2\/media\/122364"}],"wp:attachment":[{"href":"https:\/\/kinamihealth.com\/pt-pt\/wp-json\/wp\/v2\/media?parent=122361"}],"wp:term":[{"taxonomy":"product_brand","embeddable":true,"href":"https:\/\/kinamihealth.com\/pt-pt\/wp-json\/wp\/v2\/product_brand?post=122361"},{"taxonomy":"product_cat","embeddable":true,"href":"https:\/\/kinamihealth.com\/pt-pt\/wp-json\/wp\/v2\/product_cat?post=122361"},{"taxonomy":"product_tag","embeddable":true,"href":"https:\/\/kinamihealth.com\/pt-pt\/wp-json\/wp\/v2\/product_tag?post=122361"}],"curies":[{"name":"wp","href":"https:\/\/api.w.org\/{rel}","templated":true}]}}