{"id":122357,"date":"2025-02-15T16:56:30","date_gmt":"2025-02-15T16:56:30","guid":{"rendered":"https:\/\/kinamihealth.com\/product\/nithya-shield\/"},"modified":"2025-12-27T19:05:37","modified_gmt":"2025-12-27T19:05:37","slug":"nithya-shield","status":"publish","type":"product","link":"https:\/\/kinamihealth.com\/pt-pt\/produto\/nithya-shield\/","title":{"rendered":"NITHYA SHIELD"},"content":{"rendered":"<p><span style=\"font-weight: 400;\">Compre Nithya Shield, um injet\u00e1vel bio-revitalizante avan\u00e7ado formulado para fornecer prote\u00e7\u00e3o natural \u00e0 pele, promovendo rejuvenescimento e vitalidade. Este produto atua combatendo o stress oxidativo &#8211; um dos principais contribuintes para o envelhecimento da pele &#8211; e acelerando a renova\u00e7\u00e3o celular. Ele hidrata profundamente a pele, melhorando significativamente o tom e a textura da pele para uma apar\u00eancia visivelmente mais jovem.<\/span><\/p>\n","protected":false},"excerpt":{"rendered":"<p>Compre Nithya Shield, um injet\u00e1vel bio-revitalizante avan\u00e7ado formulado para fornecer prote\u00e7\u00e3o natural \u00e0 pele, promovendo rejuvenescimento e vitalidade. Este produto atua combatendo o stress oxidativo &#8211; um dos principais contribuintes para o envelhecimento da pele &#8211; e acelerando a renova\u00e7\u00e3o celular. Ele hidrata profundamente a pele, melhorando significativamente o tom e a textura da pele [&hellip;]<\/p>\n","protected":false},"featured_media":122360,"comment_status":"closed","ping_status":"closed","template":"","meta":{"_acf_changed":false,"inline_featured_image":false},"product_brand":[3236],"product_cat":[4082],"product_tag":[4084],"class_list":{"0":"post-122357","1":"product","2":"type-product","3":"status-publish","4":"has-post-thumbnail","6":"product_brand-nithya","7":"product_cat-dermal-fillers-pt-pt","8":"product_tag-medical-devices-pt-pt","10":"first","11":"instock","12":"taxable","13":"shipping-taxable","14":"purchasable","15":"product-type-simple","16":"add-to-wishlist-before_image"},"acf":[],"yoast_head":"<!-- This site is optimized with the Yoast SEO plugin v27.1.1 - https:\/\/yoast.com\/product\/yoast-seo-wordpress\/ -->\n<title>Compre Nithya Shield online para restaurar e proteger a pele<\/title>\n<meta name=\"description\" content=\"Compre Nithya Shield online para um rejuvenescimento avan\u00e7ado da pele. Este injet\u00e1vel \u00e0 base de colag\u00e9nio aumenta a elasticidade, a hidrata\u00e7\u00e3o e melhora a textura e o tom da pele.\" \/>\n<meta name=\"robots\" content=\"index, follow, max-snippet:-1, max-image-preview:large, max-video-preview:-1\" \/>\n<link rel=\"canonical\" href=\"https:\/\/kinamihealth.com\/pt-pt\/wp-json\/wp\/v2\/product\/122357\" \/>\n<meta property=\"og:locale\" content=\"pt_PT\" \/>\n<meta property=\"og:type\" content=\"article\" \/>\n<meta property=\"og:title\" content=\"Compre Nithya Shield online para restaurar e proteger a pele\" \/>\n<meta property=\"og:description\" content=\"Compre Nithya Shield online para um rejuvenescimento avan\u00e7ado da pele. Este injet\u00e1vel \u00e0 base de colag\u00e9nio aumenta a elasticidade, a hidrata\u00e7\u00e3o e melhora a textura e o tom da pele.\" \/>\n<meta property=\"og:url\" content=\"https:\/\/kinamihealth.com\/pt-pt\/produto\/nithya-shield\/\" \/>\n<meta property=\"og:site_name\" content=\"Kinami Health\" \/>\n<meta property=\"article:modified_time\" content=\"2025-12-27T19:05:37+00:00\" \/>\n<meta property=\"og:image\" content=\"https:\/\/kinamihealth.com\/wp-content\/uploads\/2025\/02\/Nythia_Shield_FrontL-.webp\" \/>\n\t<meta property=\"og:image:width\" content=\"1500\" \/>\n\t<meta property=\"og:image:height\" content=\"1500\" \/>\n\t<meta property=\"og:image:type\" content=\"image\/webp\" \/>\n<meta name=\"twitter:card\" content=\"summary_large_image\" \/>\n<meta name=\"twitter:label1\" content=\"Tempo estimado de leitura\" \/>\n\t<meta name=\"twitter:data1\" content=\"1 minuto\" \/>\n<!-- \/ Yoast SEO plugin. -->","yoast_head_json":{"title":"Compre Nithya Shield online para restaurar e proteger a pele","description":"Compre Nithya Shield online para um rejuvenescimento avan\u00e7ado da pele. Este injet\u00e1vel \u00e0 base de colag\u00e9nio aumenta a elasticidade, a hidrata\u00e7\u00e3o e melhora a textura e o tom da pele.","robots":{"index":"index","follow":"follow","max-snippet":"max-snippet:-1","max-image-preview":"max-image-preview:large","max-video-preview":"max-video-preview:-1"},"canonical":"https:\/\/kinamihealth.com\/pt-pt\/wp-json\/wp\/v2\/product\/122357","og_locale":"pt_PT","og_type":"article","og_title":"Compre Nithya Shield online para restaurar e proteger a pele","og_description":"Compre Nithya Shield online para um rejuvenescimento avan\u00e7ado da pele. Este injet\u00e1vel \u00e0 base de colag\u00e9nio aumenta a elasticidade, a hidrata\u00e7\u00e3o e melhora a textura e o tom da pele.","og_url":"https:\/\/kinamihealth.com\/pt-pt\/produto\/nithya-shield\/","og_site_name":"Kinami Health","article_modified_time":"2025-12-27T19:05:37+00:00","og_image":[{"width":1500,"height":1500,"url":"https:\/\/kinamihealth.com\/wp-content\/uploads\/2025\/02\/Nythia_Shield_FrontL-.webp","type":"image\/webp"}],"twitter_card":"summary_large_image","twitter_misc":{"Tempo estimado de leitura":"1 minuto"},"schema":{"@context":"https:\/\/schema.org","@graph":[{"@type":"WebPage","@id":"https:\/\/kinamihealth.com\/pt-pt\/produto\/nithya-shield\/","url":"https:\/\/kinamihealth.com\/pt-pt\/produto\/nithya-shield\/","name":"Compre Nithya Shield online para restaurar e proteger a pele","isPartOf":{"@id":"https:\/\/kinamihealth.com\/#website"},"primaryImageOfPage":{"@id":"https:\/\/kinamihealth.com\/pt-pt\/produto\/nithya-shield\/#primaryimage"},"image":{"@id":"https:\/\/kinamihealth.com\/pt-pt\/produto\/nithya-shield\/#primaryimage"},"thumbnailUrl":"https:\/\/kinamihealth.com\/wp-content\/uploads\/2025\/02\/Nythia_Shield_FrontL-.webp","datePublished":"2025-02-15T16:56:30+00:00","dateModified":"2025-12-27T19:05:37+00:00","description":"Compre Nithya Shield online para um rejuvenescimento avan\u00e7ado da pele. Este injet\u00e1vel \u00e0 base de colag\u00e9nio aumenta a elasticidade, a hidrata\u00e7\u00e3o e melhora a textura e o tom da pele.","breadcrumb":{"@id":"https:\/\/kinamihealth.com\/pt-pt\/produto\/nithya-shield\/#breadcrumb"},"inLanguage":"pt-PT","potentialAction":[{"@type":"ReadAction","target":["https:\/\/kinamihealth.com\/pt-pt\/produto\/nithya-shield\/"]}]},{"@type":"ImageObject","inLanguage":"pt-PT","@id":"https:\/\/kinamihealth.com\/pt-pt\/produto\/nithya-shield\/#primaryimage","url":"https:\/\/kinamihealth.com\/wp-content\/uploads\/2025\/02\/Nythia_Shield_FrontL-.webp","contentUrl":"https:\/\/kinamihealth.com\/wp-content\/uploads\/2025\/02\/Nythia_Shield_FrontL-.webp","width":1500,"height":1500},{"@type":"BreadcrumbList","@id":"https:\/\/kinamihealth.com\/pt-pt\/produto\/nithya-shield\/#breadcrumb","itemListElement":[{"@type":"ListItem","position":1,"name":"In\u00edcio","item":"https:\/\/kinamihealth.com\/"},{"@type":"ListItem","position":2,"name":"Loja","item":"https:\/\/kinamihealth.com\/shop\/"},{"@type":"ListItem","position":3,"name":"NITHYA SHIELD"}]},{"@type":"WebSite","@id":"https:\/\/kinamihealth.com\/#website","url":"https:\/\/kinamihealth.com\/","name":"Kinami Health","description":"","publisher":{"@id":"https:\/\/kinamihealth.com\/#organization"},"potentialAction":[{"@type":"SearchAction","target":{"@type":"EntryPoint","urlTemplate":"https:\/\/kinamihealth.com\/?s={search_term_string}"},"query-input":{"@type":"PropertyValueSpecification","valueRequired":true,"valueName":"search_term_string"}}],"inLanguage":"pt-PT"},{"@type":"Organization","@id":"https:\/\/kinamihealth.com\/#organization","name":"Kinami Health","url":"https:\/\/kinamihealth.com\/","logo":{"@type":"ImageObject","inLanguage":"pt-PT","@id":"https:\/\/kinamihealth.com\/#\/schema\/logo\/image\/","url":"https:\/\/kinamihealth.com\/wp-content\/uploads\/2025\/01\/KH_logo_black_2-1.png","contentUrl":"https:\/\/kinamihealth.com\/wp-content\/uploads\/2025\/01\/KH_logo_black_2-1.png","width":339,"height":34,"caption":"Kinami Health"},"image":{"@id":"https:\/\/kinamihealth.com\/#\/schema\/logo\/image\/"}}]}},"_links":{"self":[{"href":"https:\/\/kinamihealth.com\/pt-pt\/wp-json\/wp\/v2\/product\/122357","targetHints":{"allow":["GET"]}}],"collection":[{"href":"https:\/\/kinamihealth.com\/pt-pt\/wp-json\/wp\/v2\/product"}],"about":[{"href":"https:\/\/kinamihealth.com\/pt-pt\/wp-json\/wp\/v2\/types\/product"}],"replies":[{"embeddable":true,"href":"https:\/\/kinamihealth.com\/pt-pt\/wp-json\/wp\/v2\/comments?post=122357"}],"version-history":[{"count":0,"href":"https:\/\/kinamihealth.com\/pt-pt\/wp-json\/wp\/v2\/product\/122357\/revisions"}],"wp:featuredmedia":[{"embeddable":true,"href":"https:\/\/kinamihealth.com\/pt-pt\/wp-json\/wp\/v2\/media\/122360"}],"wp:attachment":[{"href":"https:\/\/kinamihealth.com\/pt-pt\/wp-json\/wp\/v2\/media?parent=122357"}],"wp:term":[{"taxonomy":"product_brand","embeddable":true,"href":"https:\/\/kinamihealth.com\/pt-pt\/wp-json\/wp\/v2\/product_brand?post=122357"},{"taxonomy":"product_cat","embeddable":true,"href":"https:\/\/kinamihealth.com\/pt-pt\/wp-json\/wp\/v2\/product_cat?post=122357"},{"taxonomy":"product_tag","embeddable":true,"href":"https:\/\/kinamihealth.com\/pt-pt\/wp-json\/wp\/v2\/product_tag?post=122357"}],"curies":[{"name":"wp","href":"https:\/\/api.w.org\/{rel}","templated":true}]}}