{"id":122234,"date":"2025-02-15T16:56:13","date_gmt":"2025-02-15T16:56:13","guid":{"rendered":"https:\/\/kinamihealth.com\/product\/neauvia-organic-hydro-deluxe\/"},"modified":"2025-11-20T15:21:27","modified_gmt":"2025-11-20T15:21:27","slug":"neauvia-organic-hydro-deluxe","status":"publish","type":"product","link":"https:\/\/kinamihealth.com\/pt-pt\/produto\/neauvia-organic-hydro-deluxe\/","title":{"rendered":"NEAUVIA\u2122 ORGANIC HYDRO DELUXE"},"content":{"rendered":"<p><b>Neauvia Organic Hydro Deluxe<\/b><span style=\"font-weight: 400;\"> \u00e9 um <\/span><b>preenchimento d\u00e9rmico super eficaz<\/b><span style=\"font-weight: 400;\"> destinado a eliminar os primeiros sinais de envelhecimento, ao mesmo tempo que <\/span><b>restaura a frescura da pele<\/b><span style=\"font-weight: 400;\">, <\/span><b>levanta a pele<\/b><span style=\"font-weight: 400;\"> e proporciona <\/span><b>um brilho natural e duradouro<\/b><span style=\"font-weight: 400;\">. O produto tem uma grande tend\u00eancia para <\/span><b>promover o rejuvenescimento da pele<\/b><span style=\"font-weight: 400;\"> e <\/span><b>melhorar os n\u00edveis de densidade da pele<\/b><span style=\"font-weight: 400;\">, para alcan\u00e7ar <\/span><b>uma pele jovem e com apar\u00eancia saud\u00e1vel<\/b><span style=\"font-weight: 400;\">.<\/span><\/p>\n","protected":false},"excerpt":{"rendered":"<p>Neauvia Organic Hydro Deluxe \u00e9 um preenchimento d\u00e9rmico super eficaz destinado a eliminar os primeiros sinais de envelhecimento, ao mesmo tempo que restaura a frescura da pele, levanta a pele e proporciona um brilho natural e duradouro. O produto tem uma grande tend\u00eancia para promover o rejuvenescimento da pele e melhorar os n\u00edveis de densidade [&hellip;]<\/p>\n","protected":false},"featured_media":122235,"comment_status":"closed","ping_status":"closed","template":"","meta":{"_acf_changed":false,"inline_featured_image":false},"product_brand":[3235],"product_cat":[4082,4083],"product_tag":[4084],"class_list":{"0":"post-122234","1":"product","2":"type-product","3":"status-publish","4":"has-post-thumbnail","6":"product_brand-neauvia","7":"product_cat-dermal-fillers-pt-pt","8":"product_cat-ha-dermal-fillers-pt-pt","9":"product_tag-medical-devices-pt-pt","11":"first","12":"instock","13":"taxable","14":"shipping-taxable","15":"purchasable","16":"product-type-simple","17":"add-to-wishlist-before_image"},"acf":[],"yoast_head":"<!-- This site is optimized with the Yoast SEO plugin v27.3 - https:\/\/yoast.com\/product\/yoast-seo-wordpress\/ -->\n<title>Comprar Neauvia Organic Hydro Deluxe online<\/title>\n<meta name=\"description\" content=\"Comprar Neauvia Organic Hydro Deluxe online, um preenchimento d\u00e9rmico extremamente eficaz que maximiza a hidrata\u00e7\u00e3o da pele e elimina os sinais de envelhecimento.\" \/>\n<meta name=\"robots\" content=\"index, follow, max-snippet:-1, max-image-preview:large, max-video-preview:-1\" \/>\n<link rel=\"canonical\" href=\"https:\/\/kinamihealth.com\/pt-pt\/wp-json\/wp\/v2\/product\/122234\" \/>\n<meta property=\"og:locale\" content=\"pt_PT\" \/>\n<meta property=\"og:type\" content=\"article\" \/>\n<meta property=\"og:title\" content=\"Comprar Neauvia Organic Hydro Deluxe online\" \/>\n<meta property=\"og:description\" content=\"Comprar Neauvia Organic Hydro Deluxe online, um preenchimento d\u00e9rmico extremamente eficaz que maximiza a hidrata\u00e7\u00e3o da pele e elimina os sinais de envelhecimento.\" \/>\n<meta property=\"og:url\" content=\"https:\/\/kinamihealth.com\/pt-pt\/produto\/neauvia-organic-hydro-deluxe\/\" \/>\n<meta property=\"og:site_name\" content=\"Kinami Health\" \/>\n<meta property=\"article:modified_time\" content=\"2025-11-20T15:21:27+00:00\" \/>\n<meta property=\"og:image\" content=\"https:\/\/kinamihealth.com\/wp-content\/uploads\/2025\/02\/NEAUVIA-HYDRODELUXE-2X1-01.jpg\" \/>\n\t<meta property=\"og:image:width\" content=\"800\" \/>\n\t<meta property=\"og:image:height\" content=\"800\" \/>\n\t<meta property=\"og:image:type\" content=\"image\/jpeg\" \/>\n<meta name=\"twitter:card\" content=\"summary_large_image\" \/>\n<meta name=\"twitter:label1\" content=\"Tempo estimado de leitura\" \/>\n\t<meta name=\"twitter:data1\" content=\"1 minuto\" \/>\n<!-- \/ Yoast SEO plugin. -->","yoast_head_json":{"title":"Comprar Neauvia Organic Hydro Deluxe online","description":"Comprar Neauvia Organic Hydro Deluxe online, um preenchimento d\u00e9rmico extremamente eficaz que maximiza a hidrata\u00e7\u00e3o da pele e elimina os sinais de envelhecimento.","robots":{"index":"index","follow":"follow","max-snippet":"max-snippet:-1","max-image-preview":"max-image-preview:large","max-video-preview":"max-video-preview:-1"},"canonical":"https:\/\/kinamihealth.com\/pt-pt\/wp-json\/wp\/v2\/product\/122234","og_locale":"pt_PT","og_type":"article","og_title":"Comprar Neauvia Organic Hydro Deluxe online","og_description":"Comprar Neauvia Organic Hydro Deluxe online, um preenchimento d\u00e9rmico extremamente eficaz que maximiza a hidrata\u00e7\u00e3o da pele e elimina os sinais de envelhecimento.","og_url":"https:\/\/kinamihealth.com\/pt-pt\/produto\/neauvia-organic-hydro-deluxe\/","og_site_name":"Kinami Health","article_modified_time":"2025-11-20T15:21:27+00:00","og_image":[{"width":800,"height":800,"url":"https:\/\/kinamihealth.com\/wp-content\/uploads\/2025\/02\/NEAUVIA-HYDRODELUXE-2X1-01.jpg","type":"image\/jpeg"}],"twitter_card":"summary_large_image","twitter_misc":{"Tempo estimado de leitura":"1 minuto"},"schema":{"@context":"https:\/\/schema.org","@graph":[{"@type":"WebPage","@id":"https:\/\/kinamihealth.com\/pt-pt\/produto\/neauvia-organic-hydro-deluxe\/","url":"https:\/\/kinamihealth.com\/pt-pt\/produto\/neauvia-organic-hydro-deluxe\/","name":"Comprar Neauvia Organic Hydro Deluxe online","isPartOf":{"@id":"https:\/\/kinamihealth.com\/#website"},"primaryImageOfPage":{"@id":"https:\/\/kinamihealth.com\/pt-pt\/produto\/neauvia-organic-hydro-deluxe\/#primaryimage"},"image":{"@id":"https:\/\/kinamihealth.com\/pt-pt\/produto\/neauvia-organic-hydro-deluxe\/#primaryimage"},"thumbnailUrl":"https:\/\/kinamihealth.com\/wp-content\/uploads\/2025\/02\/NEAUVIA-HYDRODELUXE-2X1-01.jpg","datePublished":"2025-02-15T16:56:13+00:00","dateModified":"2025-11-20T15:21:27+00:00","description":"Comprar Neauvia Organic Hydro Deluxe online, um preenchimento d\u00e9rmico extremamente eficaz que maximiza a hidrata\u00e7\u00e3o da pele e elimina os sinais de envelhecimento.","breadcrumb":{"@id":"https:\/\/kinamihealth.com\/pt-pt\/produto\/neauvia-organic-hydro-deluxe\/#breadcrumb"},"inLanguage":"pt-PT","potentialAction":[{"@type":"ReadAction","target":["https:\/\/kinamihealth.com\/pt-pt\/produto\/neauvia-organic-hydro-deluxe\/"]}]},{"@type":"ImageObject","inLanguage":"pt-PT","@id":"https:\/\/kinamihealth.com\/pt-pt\/produto\/neauvia-organic-hydro-deluxe\/#primaryimage","url":"https:\/\/kinamihealth.com\/wp-content\/uploads\/2025\/02\/NEAUVIA-HYDRODELUXE-2X1-01.jpg","contentUrl":"https:\/\/kinamihealth.com\/wp-content\/uploads\/2025\/02\/NEAUVIA-HYDRODELUXE-2X1-01.jpg","width":800,"height":800},{"@type":"BreadcrumbList","@id":"https:\/\/kinamihealth.com\/pt-pt\/produto\/neauvia-organic-hydro-deluxe\/#breadcrumb","itemListElement":[{"@type":"ListItem","position":1,"name":"In\u00edcio","item":"https:\/\/kinamihealth.com\/"},{"@type":"ListItem","position":2,"name":"Loja","item":"https:\/\/kinamihealth.com\/shop\/"},{"@type":"ListItem","position":3,"name":"NEAUVIA\u2122 ORGANIC HYDRO DELUXE"}]},{"@type":"WebSite","@id":"https:\/\/kinamihealth.com\/#website","url":"https:\/\/kinamihealth.com\/","name":"Kinami Health","description":"","publisher":{"@id":"https:\/\/kinamihealth.com\/#organization"},"potentialAction":[{"@type":"SearchAction","target":{"@type":"EntryPoint","urlTemplate":"https:\/\/kinamihealth.com\/?s={search_term_string}"},"query-input":{"@type":"PropertyValueSpecification","valueRequired":true,"valueName":"search_term_string"}}],"inLanguage":"pt-PT"},{"@type":"Organization","@id":"https:\/\/kinamihealth.com\/#organization","name":"Kinami Health","url":"https:\/\/kinamihealth.com\/","logo":{"@type":"ImageObject","inLanguage":"pt-PT","@id":"https:\/\/kinamihealth.com\/#\/schema\/logo\/image\/","url":"https:\/\/kinamihealth.com\/wp-content\/uploads\/2025\/01\/KH_logo_black_2-1.png","contentUrl":"https:\/\/kinamihealth.com\/wp-content\/uploads\/2025\/01\/KH_logo_black_2-1.png","width":339,"height":34,"caption":"Kinami Health"},"image":{"@id":"https:\/\/kinamihealth.com\/#\/schema\/logo\/image\/"}}]}},"_links":{"self":[{"href":"https:\/\/kinamihealth.com\/pt-pt\/wp-json\/wp\/v2\/product\/122234","targetHints":{"allow":["GET"]}}],"collection":[{"href":"https:\/\/kinamihealth.com\/pt-pt\/wp-json\/wp\/v2\/product"}],"about":[{"href":"https:\/\/kinamihealth.com\/pt-pt\/wp-json\/wp\/v2\/types\/product"}],"replies":[{"embeddable":true,"href":"https:\/\/kinamihealth.com\/pt-pt\/wp-json\/wp\/v2\/comments?post=122234"}],"version-history":[{"count":0,"href":"https:\/\/kinamihealth.com\/pt-pt\/wp-json\/wp\/v2\/product\/122234\/revisions"}],"wp:featuredmedia":[{"embeddable":true,"href":"https:\/\/kinamihealth.com\/pt-pt\/wp-json\/wp\/v2\/media\/122235"}],"wp:attachment":[{"href":"https:\/\/kinamihealth.com\/pt-pt\/wp-json\/wp\/v2\/media?parent=122234"}],"wp:term":[{"taxonomy":"product_brand","embeddable":true,"href":"https:\/\/kinamihealth.com\/pt-pt\/wp-json\/wp\/v2\/product_brand?post=122234"},{"taxonomy":"product_cat","embeddable":true,"href":"https:\/\/kinamihealth.com\/pt-pt\/wp-json\/wp\/v2\/product_cat?post=122234"},{"taxonomy":"product_tag","embeddable":true,"href":"https:\/\/kinamihealth.com\/pt-pt\/wp-json\/wp\/v2\/product_tag?post=122234"}],"curies":[{"name":"wp","href":"https:\/\/api.w.org\/{rel}","templated":true}]}}