{"id":122217,"date":"2025-02-15T16:56:20","date_gmt":"2025-02-15T16:56:20","guid":{"rendered":"https:\/\/kinamihealth.com\/product\/neauvia-organic-intense-lips\/"},"modified":"2025-11-21T14:14:22","modified_gmt":"2025-11-21T14:14:22","slug":"neauvia-organic-intense-lips","status":"publish","type":"product","link":"https:\/\/kinamihealth.com\/pt-pt\/produto\/neauvia-organic-intense-lips\/","title":{"rendered":"NEAUVIA\u2122 ORGANIC INTENSE LIPS"},"content":{"rendered":"<p><b>Neauvia Organic Intense Lips<\/b><span style=\"font-weight: 400;\"> \u00e9 um <\/span><b>incr\u00edvel preenchimento d\u00e9rmico<\/b><span style=\"font-weight: 400;\"> desenvolvido com as mais recentes tecnologias, com o objetivo de tratar e <\/span><b>aumentar a capacidade de volumiza\u00e7\u00e3o dos l\u00e1bios<\/b><span style=\"font-weight: 400;\">. O produto cont\u00e9m os <\/span><b>ingredientes de maior qualidade<\/b><span style=\"font-weight: 400;\">, com o objetivo de proporcionar <\/span><b>l\u00e1bios mais cheios<\/b><span style=\"font-weight: 400;\">, <\/span><b>com apar\u00eancia natural<\/b><span style=\"font-weight: 400;\"> e <\/span><b>saud\u00e1veis<\/b><span style=\"font-weight: 400;\">.<\/span><\/p>\n","protected":false},"excerpt":{"rendered":"<p>Neauvia Organic Intense Lips \u00e9 um incr\u00edvel preenchimento d\u00e9rmico desenvolvido com as mais recentes tecnologias, com o objetivo de tratar e aumentar a capacidade de volumiza\u00e7\u00e3o dos l\u00e1bios. O produto cont\u00e9m os ingredientes de maior qualidade, com o objetivo de proporcionar l\u00e1bios mais cheios, com apar\u00eancia natural e saud\u00e1veis.<\/p>\n","protected":false},"featured_media":122221,"comment_status":"closed","ping_status":"closed","template":"","meta":{"_acf_changed":false,"inline_featured_image":false},"product_brand":[3235],"product_cat":[4082,4083],"product_tag":[4084],"class_list":{"0":"post-122217","1":"product","2":"type-product","3":"status-publish","4":"has-post-thumbnail","6":"product_brand-neauvia","7":"product_cat-dermal-fillers-pt-pt","8":"product_cat-ha-dermal-fillers-pt-pt","9":"product_tag-medical-devices-pt-pt","11":"first","12":"instock","13":"taxable","14":"shipping-taxable","15":"purchasable","16":"product-type-simple","17":"add-to-wishlist-before_image"},"acf":[],"yoast_head":"<!-- This site is optimized with the Yoast SEO plugin v27.4 - https:\/\/yoast.com\/product\/yoast-seo-wordpress\/ -->\n<title>Comprar Neauvia Organic Intense Lips online<\/title>\n<meta name=\"description\" content=\"Compre Neauvia Organic Intense Lips online e utilize este novo e fascinante preenchimento d\u00e9rmico para aumentar o volume, a hidrata\u00e7\u00e3o, a elasticidade e a intensidade dos l\u00e1bios.\" \/>\n<meta name=\"robots\" content=\"index, follow, max-snippet:-1, max-image-preview:large, max-video-preview:-1\" \/>\n<link rel=\"canonical\" href=\"https:\/\/kinamihealth.com\/pt-pt\/wp-json\/wp\/v2\/product\/122217\" \/>\n<meta property=\"og:locale\" content=\"pt_PT\" \/>\n<meta property=\"og:type\" content=\"article\" \/>\n<meta property=\"og:title\" content=\"Comprar Neauvia Organic Intense Lips online\" \/>\n<meta property=\"og:description\" content=\"Compre Neauvia Organic Intense Lips online e utilize este novo e fascinante preenchimento d\u00e9rmico para aumentar o volume, a hidrata\u00e7\u00e3o, a elasticidade e a intensidade dos l\u00e1bios.\" \/>\n<meta property=\"og:url\" content=\"https:\/\/kinamihealth.com\/pt-pt\/produto\/neauvia-organic-intense-lips\/\" \/>\n<meta property=\"og:site_name\" content=\"Kinami Health\" \/>\n<meta property=\"article:modified_time\" content=\"2025-11-21T14:14:22+00:00\" \/>\n<meta property=\"og:image\" content=\"https:\/\/kinamihealth.com\/wp-content\/uploads\/2025\/02\/NEAUVIA-INTENSE-LIPS-03.jpg\" \/>\n\t<meta property=\"og:image:width\" content=\"800\" \/>\n\t<meta property=\"og:image:height\" content=\"800\" \/>\n\t<meta property=\"og:image:type\" content=\"image\/jpeg\" \/>\n<meta name=\"twitter:card\" content=\"summary_large_image\" \/>\n<meta name=\"twitter:label1\" content=\"Tempo estimado de leitura\" \/>\n\t<meta name=\"twitter:data1\" content=\"1 minuto\" \/>\n<!-- \/ Yoast SEO plugin. -->","yoast_head_json":{"title":"Comprar Neauvia Organic Intense Lips online","description":"Compre Neauvia Organic Intense Lips online e utilize este novo e fascinante preenchimento d\u00e9rmico para aumentar o volume, a hidrata\u00e7\u00e3o, a elasticidade e a intensidade dos l\u00e1bios.","robots":{"index":"index","follow":"follow","max-snippet":"max-snippet:-1","max-image-preview":"max-image-preview:large","max-video-preview":"max-video-preview:-1"},"canonical":"https:\/\/kinamihealth.com\/pt-pt\/wp-json\/wp\/v2\/product\/122217","og_locale":"pt_PT","og_type":"article","og_title":"Comprar Neauvia Organic Intense Lips online","og_description":"Compre Neauvia Organic Intense Lips online e utilize este novo e fascinante preenchimento d\u00e9rmico para aumentar o volume, a hidrata\u00e7\u00e3o, a elasticidade e a intensidade dos l\u00e1bios.","og_url":"https:\/\/kinamihealth.com\/pt-pt\/produto\/neauvia-organic-intense-lips\/","og_site_name":"Kinami Health","article_modified_time":"2025-11-21T14:14:22+00:00","og_image":[{"width":800,"height":800,"url":"https:\/\/kinamihealth.com\/wp-content\/uploads\/2025\/02\/NEAUVIA-INTENSE-LIPS-03.jpg","type":"image\/jpeg"}],"twitter_card":"summary_large_image","twitter_misc":{"Tempo estimado de leitura":"1 minuto"},"schema":{"@context":"https:\/\/schema.org","@graph":[{"@type":"WebPage","@id":"https:\/\/kinamihealth.com\/pt-pt\/produto\/neauvia-organic-intense-lips\/","url":"https:\/\/kinamihealth.com\/pt-pt\/produto\/neauvia-organic-intense-lips\/","name":"Comprar Neauvia Organic Intense Lips online","isPartOf":{"@id":"https:\/\/kinamihealth.com\/#website"},"primaryImageOfPage":{"@id":"https:\/\/kinamihealth.com\/pt-pt\/produto\/neauvia-organic-intense-lips\/#primaryimage"},"image":{"@id":"https:\/\/kinamihealth.com\/pt-pt\/produto\/neauvia-organic-intense-lips\/#primaryimage"},"thumbnailUrl":"https:\/\/kinamihealth.com\/wp-content\/uploads\/2025\/02\/NEAUVIA-INTENSE-LIPS-03.jpg","datePublished":"2025-02-15T16:56:20+00:00","dateModified":"2025-11-21T14:14:22+00:00","description":"Compre Neauvia Organic Intense Lips online e utilize este novo e fascinante preenchimento d\u00e9rmico para aumentar o volume, a hidrata\u00e7\u00e3o, a elasticidade e a intensidade dos l\u00e1bios.","breadcrumb":{"@id":"https:\/\/kinamihealth.com\/pt-pt\/produto\/neauvia-organic-intense-lips\/#breadcrumb"},"inLanguage":"pt-PT","potentialAction":[{"@type":"ReadAction","target":["https:\/\/kinamihealth.com\/pt-pt\/produto\/neauvia-organic-intense-lips\/"]}]},{"@type":"ImageObject","inLanguage":"pt-PT","@id":"https:\/\/kinamihealth.com\/pt-pt\/produto\/neauvia-organic-intense-lips\/#primaryimage","url":"https:\/\/kinamihealth.com\/wp-content\/uploads\/2025\/02\/NEAUVIA-INTENSE-LIPS-03.jpg","contentUrl":"https:\/\/kinamihealth.com\/wp-content\/uploads\/2025\/02\/NEAUVIA-INTENSE-LIPS-03.jpg","width":800,"height":800},{"@type":"BreadcrumbList","@id":"https:\/\/kinamihealth.com\/pt-pt\/produto\/neauvia-organic-intense-lips\/#breadcrumb","itemListElement":[{"@type":"ListItem","position":1,"name":"In\u00edcio","item":"https:\/\/kinamihealth.com\/"},{"@type":"ListItem","position":2,"name":"Loja","item":"https:\/\/kinamihealth.com\/shop\/"},{"@type":"ListItem","position":3,"name":"NEAUVIA\u2122 ORGANIC INTENSE LIPS"}]},{"@type":"WebSite","@id":"https:\/\/kinamihealth.com\/#website","url":"https:\/\/kinamihealth.com\/","name":"Kinami Health","description":"","publisher":{"@id":"https:\/\/kinamihealth.com\/#organization"},"potentialAction":[{"@type":"SearchAction","target":{"@type":"EntryPoint","urlTemplate":"https:\/\/kinamihealth.com\/?s={search_term_string}"},"query-input":{"@type":"PropertyValueSpecification","valueRequired":true,"valueName":"search_term_string"}}],"inLanguage":"pt-PT"},{"@type":"Organization","@id":"https:\/\/kinamihealth.com\/#organization","name":"Kinami Health","url":"https:\/\/kinamihealth.com\/","logo":{"@type":"ImageObject","inLanguage":"pt-PT","@id":"https:\/\/kinamihealth.com\/#\/schema\/logo\/image\/","url":"https:\/\/kinamihealth.com\/wp-content\/uploads\/2025\/01\/KH_logo_black_2-1.png","contentUrl":"https:\/\/kinamihealth.com\/wp-content\/uploads\/2025\/01\/KH_logo_black_2-1.png","width":339,"height":34,"caption":"Kinami Health"},"image":{"@id":"https:\/\/kinamihealth.com\/#\/schema\/logo\/image\/"}}]}},"_links":{"self":[{"href":"https:\/\/kinamihealth.com\/pt-pt\/wp-json\/wp\/v2\/product\/122217","targetHints":{"allow":["GET"]}}],"collection":[{"href":"https:\/\/kinamihealth.com\/pt-pt\/wp-json\/wp\/v2\/product"}],"about":[{"href":"https:\/\/kinamihealth.com\/pt-pt\/wp-json\/wp\/v2\/types\/product"}],"replies":[{"embeddable":true,"href":"https:\/\/kinamihealth.com\/pt-pt\/wp-json\/wp\/v2\/comments?post=122217"}],"version-history":[{"count":0,"href":"https:\/\/kinamihealth.com\/pt-pt\/wp-json\/wp\/v2\/product\/122217\/revisions"}],"wp:featuredmedia":[{"embeddable":true,"href":"https:\/\/kinamihealth.com\/pt-pt\/wp-json\/wp\/v2\/media\/122221"}],"wp:attachment":[{"href":"https:\/\/kinamihealth.com\/pt-pt\/wp-json\/wp\/v2\/media?parent=122217"}],"wp:term":[{"taxonomy":"product_brand","embeddable":true,"href":"https:\/\/kinamihealth.com\/pt-pt\/wp-json\/wp\/v2\/product_brand?post=122217"},{"taxonomy":"product_cat","embeddable":true,"href":"https:\/\/kinamihealth.com\/pt-pt\/wp-json\/wp\/v2\/product_cat?post=122217"},{"taxonomy":"product_tag","embeddable":true,"href":"https:\/\/kinamihealth.com\/pt-pt\/wp-json\/wp\/v2\/product_tag?post=122217"}],"curies":[{"name":"wp","href":"https:\/\/api.w.org\/{rel}","templated":true}]}}