{"id":122201,"date":"2025-02-15T16:56:24","date_gmt":"2025-02-15T16:56:24","guid":{"rendered":"https:\/\/kinamihealth.com\/product\/neauvia-organic-stimulate-man\/"},"modified":"2025-12-27T18:29:36","modified_gmt":"2025-12-27T18:29:36","slug":"neauvia-organic-stimulate-man","status":"publish","type":"product","link":"https:\/\/kinamihealth.com\/pt-pt\/produto\/neauvia-organic-stimulate-man\/","title":{"rendered":"NEAUVIA\u2122 ORGANIC STIMULATE MAN"},"content":{"rendered":"<p><b>Neauvia Organic Stimulate Man <\/b><span style=\"font-weight: 400;\">\u00e9 um tratamento est\u00e9tico eficaz, concebido para <\/span><b>atender \u00e0s necessidades espec\u00edficas da pele masculina<\/b><span style=\"font-weight: 400;\">. A pele dos homens tende a ser mais espessa, densa e oleosa, necessitando de um preenchimento d\u00e9rmico avan\u00e7ado que seja robusto e eficaz. Neauvia Organic Stimulate Man <\/span><b>promove a estimula\u00e7\u00e3o do colag\u00e9nio<\/b><span style=\"font-weight: 400;\">, <\/span><b>restaura o volume<\/b><span style=\"font-weight: 400;\"> e <\/span><b>corrige as rugas<\/b><span style=\"font-weight: 400;\">.<\/span><\/p>\n","protected":false},"excerpt":{"rendered":"<p>Neauvia Organic Stimulate Man \u00e9 um tratamento est\u00e9tico eficaz, concebido para atender \u00e0s necessidades espec\u00edficas da pele masculina. A pele dos homens tende a ser mais espessa, densa e oleosa, necessitando de um preenchimento d\u00e9rmico avan\u00e7ado que seja robusto e eficaz. Neauvia Organic Stimulate Man promove a estimula\u00e7\u00e3o do colag\u00e9nio, restaura o volume e corrige [&hellip;]<\/p>\n","protected":false},"featured_media":122203,"comment_status":"closed","ping_status":"closed","template":"","meta":{"_acf_changed":false,"inline_featured_image":false},"product_brand":[3235],"product_cat":[4082,4083],"product_tag":[4084],"class_list":{"0":"post-122201","1":"product","2":"type-product","3":"status-publish","4":"has-post-thumbnail","6":"product_brand-neauvia","7":"product_cat-dermal-fillers-pt-pt","8":"product_cat-ha-dermal-fillers-pt-pt","9":"product_tag-medical-devices-pt-pt","11":"first","12":"instock","13":"taxable","14":"shipping-taxable","15":"purchasable","16":"product-type-simple","17":"add-to-wishlist-before_image"},"acf":[],"yoast_head":"<!-- This site is optimized with the Yoast SEO plugin v27.3 - https:\/\/yoast.com\/product\/yoast-seo-wordpress\/ -->\n<title>Compre NEAUVIA Organic STIMULATE Man online<\/title>\n<meta name=\"description\" content=\"Compre NEAUVIA Organic STIMULATE Man online para revitalizar a pele. Este preenchimento exclusivo aumenta o volume da pele, reduz as rugas e estimula eficazmente o colag\u00e9nio.\" \/>\n<meta name=\"robots\" content=\"index, follow, max-snippet:-1, max-image-preview:large, max-video-preview:-1\" \/>\n<link rel=\"canonical\" href=\"https:\/\/kinamihealth.com\/pt-pt\/wp-json\/wp\/v2\/product\/122201\" \/>\n<meta property=\"og:locale\" content=\"pt_PT\" \/>\n<meta property=\"og:type\" content=\"article\" \/>\n<meta property=\"og:title\" content=\"Compre NEAUVIA Organic STIMULATE Man online\" \/>\n<meta property=\"og:description\" content=\"Compre NEAUVIA Organic STIMULATE Man online para revitalizar a pele. Este preenchimento exclusivo aumenta o volume da pele, reduz as rugas e estimula eficazmente o colag\u00e9nio.\" \/>\n<meta property=\"og:url\" content=\"https:\/\/kinamihealth.com\/pt-pt\/produto\/neauvia-organic-stimulate-man\/\" \/>\n<meta property=\"og:site_name\" content=\"Kinami Health\" \/>\n<meta property=\"article:modified_time\" content=\"2025-12-27T18:29:36+00:00\" \/>\n<meta property=\"og:image\" content=\"https:\/\/kinamihealth.com\/wp-content\/uploads\/2025\/02\/Neauvia-Stimulate-Man_Front.webp\" \/>\n\t<meta property=\"og:image:width\" content=\"1500\" \/>\n\t<meta property=\"og:image:height\" content=\"1500\" \/>\n\t<meta property=\"og:image:type\" content=\"image\/webp\" \/>\n<meta name=\"twitter:card\" content=\"summary_large_image\" \/>\n<meta name=\"twitter:label1\" content=\"Tempo estimado de leitura\" \/>\n\t<meta name=\"twitter:data1\" content=\"1 minuto\" \/>\n<!-- \/ Yoast SEO plugin. -->","yoast_head_json":{"title":"Compre NEAUVIA Organic STIMULATE Man online","description":"Compre NEAUVIA Organic STIMULATE Man online para revitalizar a pele. Este preenchimento exclusivo aumenta o volume da pele, reduz as rugas e estimula eficazmente o colag\u00e9nio.","robots":{"index":"index","follow":"follow","max-snippet":"max-snippet:-1","max-image-preview":"max-image-preview:large","max-video-preview":"max-video-preview:-1"},"canonical":"https:\/\/kinamihealth.com\/pt-pt\/wp-json\/wp\/v2\/product\/122201","og_locale":"pt_PT","og_type":"article","og_title":"Compre NEAUVIA Organic STIMULATE Man online","og_description":"Compre NEAUVIA Organic STIMULATE Man online para revitalizar a pele. Este preenchimento exclusivo aumenta o volume da pele, reduz as rugas e estimula eficazmente o colag\u00e9nio.","og_url":"https:\/\/kinamihealth.com\/pt-pt\/produto\/neauvia-organic-stimulate-man\/","og_site_name":"Kinami Health","article_modified_time":"2025-12-27T18:29:36+00:00","og_image":[{"width":1500,"height":1500,"url":"https:\/\/kinamihealth.com\/wp-content\/uploads\/2025\/02\/Neauvia-Stimulate-Man_Front.webp","type":"image\/webp"}],"twitter_card":"summary_large_image","twitter_misc":{"Tempo estimado de leitura":"1 minuto"},"schema":{"@context":"https:\/\/schema.org","@graph":[{"@type":"WebPage","@id":"https:\/\/kinamihealth.com\/pt-pt\/produto\/neauvia-organic-stimulate-man\/","url":"https:\/\/kinamihealth.com\/pt-pt\/produto\/neauvia-organic-stimulate-man\/","name":"Compre NEAUVIA Organic STIMULATE Man online","isPartOf":{"@id":"https:\/\/kinamihealth.com\/#website"},"primaryImageOfPage":{"@id":"https:\/\/kinamihealth.com\/pt-pt\/produto\/neauvia-organic-stimulate-man\/#primaryimage"},"image":{"@id":"https:\/\/kinamihealth.com\/pt-pt\/produto\/neauvia-organic-stimulate-man\/#primaryimage"},"thumbnailUrl":"https:\/\/kinamihealth.com\/wp-content\/uploads\/2025\/02\/Neauvia-Stimulate-Man_Front.webp","datePublished":"2025-02-15T16:56:24+00:00","dateModified":"2025-12-27T18:29:36+00:00","description":"Compre NEAUVIA Organic STIMULATE Man online para revitalizar a pele. Este preenchimento exclusivo aumenta o volume da pele, reduz as rugas e estimula eficazmente o colag\u00e9nio.","breadcrumb":{"@id":"https:\/\/kinamihealth.com\/pt-pt\/produto\/neauvia-organic-stimulate-man\/#breadcrumb"},"inLanguage":"pt-PT","potentialAction":[{"@type":"ReadAction","target":["https:\/\/kinamihealth.com\/pt-pt\/produto\/neauvia-organic-stimulate-man\/"]}]},{"@type":"ImageObject","inLanguage":"pt-PT","@id":"https:\/\/kinamihealth.com\/pt-pt\/produto\/neauvia-organic-stimulate-man\/#primaryimage","url":"https:\/\/kinamihealth.com\/wp-content\/uploads\/2025\/02\/Neauvia-Stimulate-Man_Front.webp","contentUrl":"https:\/\/kinamihealth.com\/wp-content\/uploads\/2025\/02\/Neauvia-Stimulate-Man_Front.webp","width":1500,"height":1500},{"@type":"BreadcrumbList","@id":"https:\/\/kinamihealth.com\/pt-pt\/produto\/neauvia-organic-stimulate-man\/#breadcrumb","itemListElement":[{"@type":"ListItem","position":1,"name":"In\u00edcio","item":"https:\/\/kinamihealth.com\/"},{"@type":"ListItem","position":2,"name":"Loja","item":"https:\/\/kinamihealth.com\/shop\/"},{"@type":"ListItem","position":3,"name":"NEAUVIA\u2122 ORGANIC STIMULATE MAN"}]},{"@type":"WebSite","@id":"https:\/\/kinamihealth.com\/#website","url":"https:\/\/kinamihealth.com\/","name":"Kinami Health","description":"","publisher":{"@id":"https:\/\/kinamihealth.com\/#organization"},"potentialAction":[{"@type":"SearchAction","target":{"@type":"EntryPoint","urlTemplate":"https:\/\/kinamihealth.com\/?s={search_term_string}"},"query-input":{"@type":"PropertyValueSpecification","valueRequired":true,"valueName":"search_term_string"}}],"inLanguage":"pt-PT"},{"@type":"Organization","@id":"https:\/\/kinamihealth.com\/#organization","name":"Kinami Health","url":"https:\/\/kinamihealth.com\/","logo":{"@type":"ImageObject","inLanguage":"pt-PT","@id":"https:\/\/kinamihealth.com\/#\/schema\/logo\/image\/","url":"https:\/\/kinamihealth.com\/wp-content\/uploads\/2025\/01\/KH_logo_black_2-1.png","contentUrl":"https:\/\/kinamihealth.com\/wp-content\/uploads\/2025\/01\/KH_logo_black_2-1.png","width":339,"height":34,"caption":"Kinami Health"},"image":{"@id":"https:\/\/kinamihealth.com\/#\/schema\/logo\/image\/"}}]}},"_links":{"self":[{"href":"https:\/\/kinamihealth.com\/pt-pt\/wp-json\/wp\/v2\/product\/122201","targetHints":{"allow":["GET"]}}],"collection":[{"href":"https:\/\/kinamihealth.com\/pt-pt\/wp-json\/wp\/v2\/product"}],"about":[{"href":"https:\/\/kinamihealth.com\/pt-pt\/wp-json\/wp\/v2\/types\/product"}],"replies":[{"embeddable":true,"href":"https:\/\/kinamihealth.com\/pt-pt\/wp-json\/wp\/v2\/comments?post=122201"}],"version-history":[{"count":0,"href":"https:\/\/kinamihealth.com\/pt-pt\/wp-json\/wp\/v2\/product\/122201\/revisions"}],"wp:featuredmedia":[{"embeddable":true,"href":"https:\/\/kinamihealth.com\/pt-pt\/wp-json\/wp\/v2\/media\/122203"}],"wp:attachment":[{"href":"https:\/\/kinamihealth.com\/pt-pt\/wp-json\/wp\/v2\/media?parent=122201"}],"wp:term":[{"taxonomy":"product_brand","embeddable":true,"href":"https:\/\/kinamihealth.com\/pt-pt\/wp-json\/wp\/v2\/product_brand?post=122201"},{"taxonomy":"product_cat","embeddable":true,"href":"https:\/\/kinamihealth.com\/pt-pt\/wp-json\/wp\/v2\/product_cat?post=122201"},{"taxonomy":"product_tag","embeddable":true,"href":"https:\/\/kinamihealth.com\/pt-pt\/wp-json\/wp\/v2\/product_tag?post=122201"}],"curies":[{"name":"wp","href":"https:\/\/api.w.org\/{rel}","templated":true}]}}