{"id":122191,"date":"2025-03-11T18:14:47","date_gmt":"2025-03-11T18:14:47","guid":{"rendered":"https:\/\/kinamihealth.com\/product\/monovisc\/"},"modified":"2026-04-02T14:13:30","modified_gmt":"2026-04-02T14:13:30","slug":"monovisc","status":"publish","type":"product","link":"https:\/\/kinamihealth.com\/pt-pt\/produto\/monovisc\/","title":{"rendered":"MONOVISC\u00ae"},"content":{"rendered":"<p><span style=\"font-weight: 400;\">Monovisc \u00e9 um tratamento <\/span><b>de alta qualidade com \u00e1cido hialur\u00f3nico (AH) de inje\u00e7\u00e3o \u00fanica<\/b><span style=\"font-weight: 400;\">, concebido para pacientes com <\/span><b>osteoartrite (OA)<\/b><span style=\"font-weight: 400;\">. Esta solu\u00e7\u00e3o viscoel\u00e1stica injet\u00e1vel ajuda a restaurar a lubrifica\u00e7\u00e3o das articula\u00e7\u00f5es, proporcionando <\/span><b>al\u00edvio da dor e melhorando a mobilidade<\/b><span style=\"font-weight: 400;\">.<\/span><\/p>\n","protected":false},"excerpt":{"rendered":"<p>Monovisc \u00e9 um tratamento de alta qualidade com \u00e1cido hialur\u00f3nico (AH) de inje\u00e7\u00e3o \u00fanica, concebido para pacientes com osteoartrite (OA). Esta solu\u00e7\u00e3o viscoel\u00e1stica injet\u00e1vel ajuda a restaurar a lubrifica\u00e7\u00e3o das articula\u00e7\u00f5es, proporcionando al\u00edvio da dor e melhorando a mobilidade.<\/p>\n","protected":false},"featured_media":122195,"comment_status":"closed","ping_status":"closed","template":"","meta":{"_acf_changed":false,"inline_featured_image":false},"product_brand":[3234],"product_cat":[4137],"product_tag":[4084],"class_list":{"0":"post-122191","1":"product","2":"type-product","3":"status-publish","4":"has-post-thumbnail","6":"product_brand-monovisc","7":"product_cat-orthopedic-injections-pt-pt","8":"product_tag-medical-devices-pt-pt","10":"first","11":"instock","12":"taxable","13":"shipping-taxable","14":"purchasable","15":"product-type-simple","16":"add-to-wishlist-before_image"},"acf":[],"yoast_head":"<!-- This site is optimized with the Yoast SEO plugin v27.1.1 - https:\/\/yoast.com\/product\/yoast-seo-wordpress\/ -->\n<title>Compre inje\u00e7\u00f5es de Monovisc online - Al\u00edvio duradouro da osteoartrite<\/title>\n<meta name=\"description\" content=\"Compre inje\u00e7\u00f5es de Monovisc online para um al\u00edvio eficaz da dor da osteoartrite. Tratamento com HA em dose \u00fanica para lubrifica\u00e7\u00e3o e mobilidade das articula\u00e7\u00f5es. Encomende na Kinami Health.\" \/>\n<meta name=\"robots\" content=\"index, follow, max-snippet:-1, max-image-preview:large, max-video-preview:-1\" \/>\n<link rel=\"canonical\" href=\"https:\/\/kinamihealth.com\/pt-pt\/wp-json\/wp\/v2\/product\/122191\" \/>\n<meta property=\"og:locale\" content=\"pt_PT\" \/>\n<meta property=\"og:type\" content=\"article\" \/>\n<meta property=\"og:title\" content=\"Compre inje\u00e7\u00f5es de Monovisc online - Al\u00edvio duradouro da osteoartrite\" \/>\n<meta property=\"og:description\" content=\"Compre inje\u00e7\u00f5es de Monovisc online para um al\u00edvio eficaz da dor da osteoartrite. Tratamento com HA em dose \u00fanica para lubrifica\u00e7\u00e3o e mobilidade das articula\u00e7\u00f5es. Encomende na Kinami Health.\" \/>\n<meta property=\"og:url\" content=\"https:\/\/kinamihealth.com\/pt-pt\/produto\/monovisc\/\" \/>\n<meta property=\"og:site_name\" content=\"Kinami Health\" \/>\n<meta property=\"article:modified_time\" content=\"2026-04-02T14:13:30+00:00\" \/>\n<meta property=\"og:image\" content=\"https:\/\/kinamihealth.com\/wp-content\/uploads\/2025\/03\/MONOVISC-4ML-04.webp\" \/>\n\t<meta property=\"og:image:width\" content=\"800\" \/>\n\t<meta property=\"og:image:height\" content=\"800\" \/>\n\t<meta property=\"og:image:type\" content=\"image\/webp\" \/>\n<meta name=\"twitter:card\" content=\"summary_large_image\" \/>\n<meta name=\"twitter:label1\" content=\"Tempo estimado de leitura\" \/>\n\t<meta name=\"twitter:data1\" content=\"1 minuto\" \/>\n<!-- \/ Yoast SEO plugin. -->","yoast_head_json":{"title":"Compre inje\u00e7\u00f5es de Monovisc online - Al\u00edvio duradouro da osteoartrite","description":"Compre inje\u00e7\u00f5es de Monovisc online para um al\u00edvio eficaz da dor da osteoartrite. Tratamento com HA em dose \u00fanica para lubrifica\u00e7\u00e3o e mobilidade das articula\u00e7\u00f5es. Encomende na Kinami Health.","robots":{"index":"index","follow":"follow","max-snippet":"max-snippet:-1","max-image-preview":"max-image-preview:large","max-video-preview":"max-video-preview:-1"},"canonical":"https:\/\/kinamihealth.com\/pt-pt\/wp-json\/wp\/v2\/product\/122191","og_locale":"pt_PT","og_type":"article","og_title":"Compre inje\u00e7\u00f5es de Monovisc online - Al\u00edvio duradouro da osteoartrite","og_description":"Compre inje\u00e7\u00f5es de Monovisc online para um al\u00edvio eficaz da dor da osteoartrite. Tratamento com HA em dose \u00fanica para lubrifica\u00e7\u00e3o e mobilidade das articula\u00e7\u00f5es. Encomende na Kinami Health.","og_url":"https:\/\/kinamihealth.com\/pt-pt\/produto\/monovisc\/","og_site_name":"Kinami Health","article_modified_time":"2026-04-02T14:13:30+00:00","og_image":[{"width":800,"height":800,"url":"https:\/\/kinamihealth.com\/wp-content\/uploads\/2025\/03\/MONOVISC-4ML-04.webp","type":"image\/webp"}],"twitter_card":"summary_large_image","twitter_misc":{"Tempo estimado de leitura":"1 minuto"},"schema":{"@context":"https:\/\/schema.org","@graph":[{"@type":"WebPage","@id":"https:\/\/kinamihealth.com\/pt-pt\/produto\/monovisc\/","url":"https:\/\/kinamihealth.com\/pt-pt\/produto\/monovisc\/","name":"Compre inje\u00e7\u00f5es de Monovisc online - Al\u00edvio duradouro da osteoartrite","isPartOf":{"@id":"https:\/\/kinamihealth.com\/#website"},"primaryImageOfPage":{"@id":"https:\/\/kinamihealth.com\/pt-pt\/produto\/monovisc\/#primaryimage"},"image":{"@id":"https:\/\/kinamihealth.com\/pt-pt\/produto\/monovisc\/#primaryimage"},"thumbnailUrl":"https:\/\/kinamihealth.com\/wp-content\/uploads\/2025\/03\/MONOVISC-4ML-04.webp","datePublished":"2025-03-11T18:14:47+00:00","dateModified":"2026-04-02T14:13:30+00:00","description":"Compre inje\u00e7\u00f5es de Monovisc online para um al\u00edvio eficaz da dor da osteoartrite. Tratamento com HA em dose \u00fanica para lubrifica\u00e7\u00e3o e mobilidade das articula\u00e7\u00f5es. Encomende na Kinami Health.","breadcrumb":{"@id":"https:\/\/kinamihealth.com\/pt-pt\/produto\/monovisc\/#breadcrumb"},"inLanguage":"pt-PT","potentialAction":[{"@type":"ReadAction","target":["https:\/\/kinamihealth.com\/pt-pt\/produto\/monovisc\/"]}]},{"@type":"ImageObject","inLanguage":"pt-PT","@id":"https:\/\/kinamihealth.com\/pt-pt\/produto\/monovisc\/#primaryimage","url":"https:\/\/kinamihealth.com\/wp-content\/uploads\/2025\/03\/MONOVISC-4ML-04.webp","contentUrl":"https:\/\/kinamihealth.com\/wp-content\/uploads\/2025\/03\/MONOVISC-4ML-04.webp","width":800,"height":800},{"@type":"BreadcrumbList","@id":"https:\/\/kinamihealth.com\/pt-pt\/produto\/monovisc\/#breadcrumb","itemListElement":[{"@type":"ListItem","position":1,"name":"In\u00edcio","item":"https:\/\/kinamihealth.com\/"},{"@type":"ListItem","position":2,"name":"Loja","item":"https:\/\/kinamihealth.com\/shop\/"},{"@type":"ListItem","position":3,"name":"MONOVISC\u00ae"}]},{"@type":"WebSite","@id":"https:\/\/kinamihealth.com\/#website","url":"https:\/\/kinamihealth.com\/","name":"Kinami Health","description":"","publisher":{"@id":"https:\/\/kinamihealth.com\/#organization"},"potentialAction":[{"@type":"SearchAction","target":{"@type":"EntryPoint","urlTemplate":"https:\/\/kinamihealth.com\/?s={search_term_string}"},"query-input":{"@type":"PropertyValueSpecification","valueRequired":true,"valueName":"search_term_string"}}],"inLanguage":"pt-PT"},{"@type":"Organization","@id":"https:\/\/kinamihealth.com\/#organization","name":"Kinami Health","url":"https:\/\/kinamihealth.com\/","logo":{"@type":"ImageObject","inLanguage":"pt-PT","@id":"https:\/\/kinamihealth.com\/#\/schema\/logo\/image\/","url":"https:\/\/kinamihealth.com\/wp-content\/uploads\/2025\/01\/KH_logo_black_2-1.png","contentUrl":"https:\/\/kinamihealth.com\/wp-content\/uploads\/2025\/01\/KH_logo_black_2-1.png","width":339,"height":34,"caption":"Kinami Health"},"image":{"@id":"https:\/\/kinamihealth.com\/#\/schema\/logo\/image\/"}}]}},"_links":{"self":[{"href":"https:\/\/kinamihealth.com\/pt-pt\/wp-json\/wp\/v2\/product\/122191","targetHints":{"allow":["GET"]}}],"collection":[{"href":"https:\/\/kinamihealth.com\/pt-pt\/wp-json\/wp\/v2\/product"}],"about":[{"href":"https:\/\/kinamihealth.com\/pt-pt\/wp-json\/wp\/v2\/types\/product"}],"replies":[{"embeddable":true,"href":"https:\/\/kinamihealth.com\/pt-pt\/wp-json\/wp\/v2\/comments?post=122191"}],"version-history":[{"count":1,"href":"https:\/\/kinamihealth.com\/pt-pt\/wp-json\/wp\/v2\/product\/122191\/revisions"}],"predecessor-version":[{"id":134350,"href":"https:\/\/kinamihealth.com\/pt-pt\/wp-json\/wp\/v2\/product\/122191\/revisions\/134350"}],"wp:featuredmedia":[{"embeddable":true,"href":"https:\/\/kinamihealth.com\/pt-pt\/wp-json\/wp\/v2\/media\/122195"}],"wp:attachment":[{"href":"https:\/\/kinamihealth.com\/pt-pt\/wp-json\/wp\/v2\/media?parent=122191"}],"wp:term":[{"taxonomy":"product_brand","embeddable":true,"href":"https:\/\/kinamihealth.com\/pt-pt\/wp-json\/wp\/v2\/product_brand?post=122191"},{"taxonomy":"product_cat","embeddable":true,"href":"https:\/\/kinamihealth.com\/pt-pt\/wp-json\/wp\/v2\/product_cat?post=122191"},{"taxonomy":"product_tag","embeddable":true,"href":"https:\/\/kinamihealth.com\/pt-pt\/wp-json\/wp\/v2\/product_tag?post=122191"}],"curies":[{"name":"wp","href":"https:\/\/api.w.org\/{rel}","templated":true}]}}