{"id":121913,"date":"2025-02-15T16:57:48","date_gmt":"2025-02-15T16:57:48","guid":{"rendered":"https:\/\/kinamihealth.com\/product\/mediderma-sens-age-md-ultra-corrector-3a-renewer\/"},"modified":"2025-11-20T08:43:12","modified_gmt":"2025-11-20T08:43:12","slug":"mediderma-sens-age-md-ultra-corrector-3a-renewer","status":"publish","type":"product","link":"https:\/\/kinamihealth.com\/pt-pt\/produto\/mediderma-sens-age-md-ultra-corrector-3a-renewer\/","title":{"rendered":"MEDIDERMA\u00ae SENS-AGE MD ULTRA CORRECTOR 3A RENEWER"},"content":{"rendered":"<p><span style=\"font-weight: 400;\">O Sens-Age MD Ultra Corrector 3A Renewer Facial Cream 50ml \u00e9 um creme anti-idade clinicamente formulado para uso profissional. Desenvolvido para reduzir linhas finas, rugas e uniformizar o tom da pele, restaura a apar\u00eancia jovem do rosto. Enriquecido com retinoides avan\u00e7ados, pept\u00eddeos e antioxidantes, esta f\u00f3rmula potente rejuvenesce a pele a n\u00edvel celular.<\/span><\/p>\n","protected":false},"excerpt":{"rendered":"<p>O Sens-Age MD Ultra Corrector 3A Renewer Facial Cream 50ml \u00e9 um creme anti-idade clinicamente formulado para uso profissional. Desenvolvido para reduzir linhas finas, rugas e uniformizar o tom da pele, restaura a apar\u00eancia jovem do rosto. Enriquecido com retinoides avan\u00e7ados, pept\u00eddeos e antioxidantes, esta f\u00f3rmula potente rejuvenesce a pele a n\u00edvel celular.<\/p>\n","protected":false},"featured_media":121914,"comment_status":"closed","ping_status":"closed","template":"","meta":{"_acf_changed":false,"inline_featured_image":false},"product_brand":[3232],"product_cat":[4299],"product_tag":[4084],"class_list":{"0":"post-121913","1":"product","2":"type-product","3":"status-publish","4":"has-post-thumbnail","6":"product_brand-mediderma","7":"product_cat-skincare-pt-pt","8":"product_tag-medical-devices-pt-pt","10":"first","11":"instock","12":"taxable","13":"shipping-taxable","14":"purchasable","15":"product-type-simple","16":"add-to-wishlist-before_image"},"acf":[],"yoast_head":"<!-- This site is optimized with the Yoast SEO plugin v27.3 - https:\/\/yoast.com\/product\/yoast-seo-wordpress\/ -->\n<title>Compre Sens-Age MD Ultra Corrector 3A Renewer Creme Facial 50 ml Online | Kinami Health<\/title>\n<meta name=\"description\" content=\"Compre Sens-Age MD Ultra Corrector 3A Renewer Facial Cream 50 ml - uma f\u00f3rmula antienvelhecimento de n\u00edvel profissional com retin\u00f3ides, pept\u00eddeos e antioxidantes!\" \/>\n<meta name=\"robots\" content=\"index, follow, max-snippet:-1, max-image-preview:large, max-video-preview:-1\" \/>\n<link rel=\"canonical\" href=\"https:\/\/kinamihealth.com\/pt-pt\/wp-json\/wp\/v2\/product\/121913\" \/>\n<meta property=\"og:locale\" content=\"pt_PT\" \/>\n<meta property=\"og:type\" content=\"article\" \/>\n<meta property=\"og:title\" content=\"Compre Sens-Age MD Ultra Corrector 3A Renewer Creme Facial 50 ml Online | Kinami Health\" \/>\n<meta property=\"og:description\" content=\"Compre Sens-Age MD Ultra Corrector 3A Renewer Facial Cream 50 ml - uma f\u00f3rmula antienvelhecimento de n\u00edvel profissional com retin\u00f3ides, pept\u00eddeos e antioxidantes!\" \/>\n<meta property=\"og:url\" content=\"https:\/\/kinamihealth.com\/pt-pt\/produto\/mediderma-sens-age-md-ultra-corrector-3a-renewer\/\" \/>\n<meta property=\"og:site_name\" content=\"Kinami Health\" \/>\n<meta property=\"article:modified_time\" content=\"2025-11-20T08:43:12+00:00\" \/>\n<meta property=\"og:image\" content=\"https:\/\/kinamihealth.com\/wp-content\/uploads\/2025\/02\/MEDIDERMA-SENS-AGE-MD-ULTRA-CORRECTOR-3A-RENEWER-01-1.jpg\" \/>\n\t<meta property=\"og:image:width\" content=\"800\" \/>\n\t<meta property=\"og:image:height\" content=\"800\" \/>\n\t<meta property=\"og:image:type\" content=\"image\/jpeg\" \/>\n<meta name=\"twitter:card\" content=\"summary_large_image\" \/>\n<meta name=\"twitter:label1\" content=\"Tempo estimado de leitura\" \/>\n\t<meta name=\"twitter:data1\" content=\"1 minuto\" \/>\n<!-- \/ Yoast SEO plugin. -->","yoast_head_json":{"title":"Compre Sens-Age MD Ultra Corrector 3A Renewer Creme Facial 50 ml Online | Kinami Health","description":"Compre Sens-Age MD Ultra Corrector 3A Renewer Facial Cream 50 ml - uma f\u00f3rmula antienvelhecimento de n\u00edvel profissional com retin\u00f3ides, pept\u00eddeos e antioxidantes!","robots":{"index":"index","follow":"follow","max-snippet":"max-snippet:-1","max-image-preview":"max-image-preview:large","max-video-preview":"max-video-preview:-1"},"canonical":"https:\/\/kinamihealth.com\/pt-pt\/wp-json\/wp\/v2\/product\/121913","og_locale":"pt_PT","og_type":"article","og_title":"Compre Sens-Age MD Ultra Corrector 3A Renewer Creme Facial 50 ml Online | Kinami Health","og_description":"Compre Sens-Age MD Ultra Corrector 3A Renewer Facial Cream 50 ml - uma f\u00f3rmula antienvelhecimento de n\u00edvel profissional com retin\u00f3ides, pept\u00eddeos e antioxidantes!","og_url":"https:\/\/kinamihealth.com\/pt-pt\/produto\/mediderma-sens-age-md-ultra-corrector-3a-renewer\/","og_site_name":"Kinami Health","article_modified_time":"2025-11-20T08:43:12+00:00","og_image":[{"width":800,"height":800,"url":"https:\/\/kinamihealth.com\/wp-content\/uploads\/2025\/02\/MEDIDERMA-SENS-AGE-MD-ULTRA-CORRECTOR-3A-RENEWER-01-1.jpg","type":"image\/jpeg"}],"twitter_card":"summary_large_image","twitter_misc":{"Tempo estimado de leitura":"1 minuto"},"schema":{"@context":"https:\/\/schema.org","@graph":[{"@type":"WebPage","@id":"https:\/\/kinamihealth.com\/pt-pt\/produto\/mediderma-sens-age-md-ultra-corrector-3a-renewer\/","url":"https:\/\/kinamihealth.com\/pt-pt\/produto\/mediderma-sens-age-md-ultra-corrector-3a-renewer\/","name":"Compre Sens-Age MD Ultra Corrector 3A Renewer Creme Facial 50 ml Online | Kinami Health","isPartOf":{"@id":"https:\/\/kinamihealth.com\/#website"},"primaryImageOfPage":{"@id":"https:\/\/kinamihealth.com\/pt-pt\/produto\/mediderma-sens-age-md-ultra-corrector-3a-renewer\/#primaryimage"},"image":{"@id":"https:\/\/kinamihealth.com\/pt-pt\/produto\/mediderma-sens-age-md-ultra-corrector-3a-renewer\/#primaryimage"},"thumbnailUrl":"https:\/\/kinamihealth.com\/wp-content\/uploads\/2025\/02\/MEDIDERMA-SENS-AGE-MD-ULTRA-CORRECTOR-3A-RENEWER-01-1.jpg","datePublished":"2025-02-15T16:57:48+00:00","dateModified":"2025-11-20T08:43:12+00:00","description":"Compre Sens-Age MD Ultra Corrector 3A Renewer Facial Cream 50 ml - uma f\u00f3rmula antienvelhecimento de n\u00edvel profissional com retin\u00f3ides, pept\u00eddeos e antioxidantes!","breadcrumb":{"@id":"https:\/\/kinamihealth.com\/pt-pt\/produto\/mediderma-sens-age-md-ultra-corrector-3a-renewer\/#breadcrumb"},"inLanguage":"pt-PT","potentialAction":[{"@type":"ReadAction","target":["https:\/\/kinamihealth.com\/pt-pt\/produto\/mediderma-sens-age-md-ultra-corrector-3a-renewer\/"]}]},{"@type":"ImageObject","inLanguage":"pt-PT","@id":"https:\/\/kinamihealth.com\/pt-pt\/produto\/mediderma-sens-age-md-ultra-corrector-3a-renewer\/#primaryimage","url":"https:\/\/kinamihealth.com\/wp-content\/uploads\/2025\/02\/MEDIDERMA-SENS-AGE-MD-ULTRA-CORRECTOR-3A-RENEWER-01-1.jpg","contentUrl":"https:\/\/kinamihealth.com\/wp-content\/uploads\/2025\/02\/MEDIDERMA-SENS-AGE-MD-ULTRA-CORRECTOR-3A-RENEWER-01-1.jpg","width":800,"height":800},{"@type":"BreadcrumbList","@id":"https:\/\/kinamihealth.com\/pt-pt\/produto\/mediderma-sens-age-md-ultra-corrector-3a-renewer\/#breadcrumb","itemListElement":[{"@type":"ListItem","position":1,"name":"In\u00edcio","item":"https:\/\/kinamihealth.com\/"},{"@type":"ListItem","position":2,"name":"Loja","item":"https:\/\/kinamihealth.com\/shop\/"},{"@type":"ListItem","position":3,"name":"MEDIDERMA\u00ae SENS-AGE MD ULTRA CORRECTOR 3A RENEWER"}]},{"@type":"WebSite","@id":"https:\/\/kinamihealth.com\/#website","url":"https:\/\/kinamihealth.com\/","name":"Kinami Health","description":"","publisher":{"@id":"https:\/\/kinamihealth.com\/#organization"},"potentialAction":[{"@type":"SearchAction","target":{"@type":"EntryPoint","urlTemplate":"https:\/\/kinamihealth.com\/?s={search_term_string}"},"query-input":{"@type":"PropertyValueSpecification","valueRequired":true,"valueName":"search_term_string"}}],"inLanguage":"pt-PT"},{"@type":"Organization","@id":"https:\/\/kinamihealth.com\/#organization","name":"Kinami Health","url":"https:\/\/kinamihealth.com\/","logo":{"@type":"ImageObject","inLanguage":"pt-PT","@id":"https:\/\/kinamihealth.com\/#\/schema\/logo\/image\/","url":"https:\/\/kinamihealth.com\/wp-content\/uploads\/2025\/01\/KH_logo_black_2-1.png","contentUrl":"https:\/\/kinamihealth.com\/wp-content\/uploads\/2025\/01\/KH_logo_black_2-1.png","width":339,"height":34,"caption":"Kinami Health"},"image":{"@id":"https:\/\/kinamihealth.com\/#\/schema\/logo\/image\/"}}]}},"_links":{"self":[{"href":"https:\/\/kinamihealth.com\/pt-pt\/wp-json\/wp\/v2\/product\/121913","targetHints":{"allow":["GET"]}}],"collection":[{"href":"https:\/\/kinamihealth.com\/pt-pt\/wp-json\/wp\/v2\/product"}],"about":[{"href":"https:\/\/kinamihealth.com\/pt-pt\/wp-json\/wp\/v2\/types\/product"}],"replies":[{"embeddable":true,"href":"https:\/\/kinamihealth.com\/pt-pt\/wp-json\/wp\/v2\/comments?post=121913"}],"version-history":[{"count":0,"href":"https:\/\/kinamihealth.com\/pt-pt\/wp-json\/wp\/v2\/product\/121913\/revisions"}],"wp:featuredmedia":[{"embeddable":true,"href":"https:\/\/kinamihealth.com\/pt-pt\/wp-json\/wp\/v2\/media\/121914"}],"wp:attachment":[{"href":"https:\/\/kinamihealth.com\/pt-pt\/wp-json\/wp\/v2\/media?parent=121913"}],"wp:term":[{"taxonomy":"product_brand","embeddable":true,"href":"https:\/\/kinamihealth.com\/pt-pt\/wp-json\/wp\/v2\/product_brand?post=121913"},{"taxonomy":"product_cat","embeddable":true,"href":"https:\/\/kinamihealth.com\/pt-pt\/wp-json\/wp\/v2\/product_cat?post=121913"},{"taxonomy":"product_tag","embeddable":true,"href":"https:\/\/kinamihealth.com\/pt-pt\/wp-json\/wp\/v2\/product_tag?post=121913"}],"curies":[{"name":"wp","href":"https:\/\/api.w.org\/{rel}","templated":true}]}}