{"id":121906,"date":"2025-02-15T16:57:38","date_gmt":"2025-02-15T16:57:38","guid":{"rendered":"https:\/\/kinamihealth.com\/product\/mediderma-salipeel-ds\/"},"modified":"2025-12-26T15:49:34","modified_gmt":"2025-12-26T15:49:34","slug":"mediderma-salipeel-ds","status":"publish","type":"product","link":"https:\/\/kinamihealth.com\/pt-pt\/produto\/mediderma-salipeel-ds\/","title":{"rendered":"MEDIDERMA\u00ae SALIPEEL DS"},"content":{"rendered":"<p><span style=\"font-weight: 400;\">O Salipeel DS 60ml \u00e9 um peeling qu\u00edmico formulado com 30% de \u00e1cido salic\u00edlico, projetado para peles oleosas e propensas \u00e0 acne. \u00c9 uma solu\u00e7\u00e3o altamente eficaz para esfoliar a pele e reduzir sintomas de acne, incluindo p\u00e1pulas, p\u00fastulas e comed\u00f5es. <\/span><\/p>\n","protected":false},"excerpt":{"rendered":"<p>O Salipeel DS 60ml \u00e9 um peeling qu\u00edmico formulado com 30% de \u00e1cido salic\u00edlico, projetado para peles oleosas e propensas \u00e0 acne. \u00c9 uma solu\u00e7\u00e3o altamente eficaz para esfoliar a pele e reduzir sintomas de acne, incluindo p\u00e1pulas, p\u00fastulas e comed\u00f5es.<\/p>\n","protected":false},"featured_media":121907,"comment_status":"closed","ping_status":"closed","template":"","meta":{"_acf_changed":false,"inline_featured_image":false},"product_brand":[3232],"product_cat":[4132],"product_tag":[4084],"class_list":{"0":"post-121906","1":"product","2":"type-product","3":"status-publish","4":"has-post-thumbnail","6":"product_brand-mediderma","7":"product_cat-peels-and-masks-pt-pt","8":"product_tag-medical-devices-pt-pt","10":"first","11":"instock","12":"taxable","13":"shipping-taxable","14":"purchasable","15":"product-type-simple","16":"add-to-wishlist-before_image"},"acf":[],"yoast_head":"<!-- This site is optimized with the Yoast SEO plugin v27.3 - https:\/\/yoast.com\/product\/yoast-seo-wordpress\/ -->\n<title>Compre Salipeel DS 60 ml online na Kinami Health<\/title>\n<meta name=\"description\" content=\"Compre Salipeel DS 60 ml online \u2013 um poderoso peeling qu\u00edmico com \u00e1cido salic\u00edlico a 30%, concebido para tratar a acne, reduzir as erup\u00e7\u00f5es cut\u00e2neas e melhorar a textura da pele, adequado para todos os tipos de pele, mesmo as mais sens\u00edveis.\" \/>\n<meta name=\"robots\" content=\"index, follow, max-snippet:-1, max-image-preview:large, max-video-preview:-1\" \/>\n<link rel=\"canonical\" href=\"https:\/\/kinamihealth.com\/pt-pt\/wp-json\/wp\/v2\/product\/121906\" \/>\n<meta property=\"og:locale\" content=\"pt_PT\" \/>\n<meta property=\"og:type\" content=\"article\" \/>\n<meta property=\"og:title\" content=\"Compre Salipeel DS 60 ml online na Kinami Health\" \/>\n<meta property=\"og:description\" content=\"Compre Salipeel DS 60 ml online \u2013 um poderoso peeling qu\u00edmico com \u00e1cido salic\u00edlico a 30%, concebido para tratar a acne, reduzir as erup\u00e7\u00f5es cut\u00e2neas e melhorar a textura da pele, adequado para todos os tipos de pele, mesmo as mais sens\u00edveis.\" \/>\n<meta property=\"og:url\" content=\"https:\/\/kinamihealth.com\/pt-pt\/produto\/mediderma-salipeel-ds\/\" \/>\n<meta property=\"og:site_name\" content=\"Kinami Health\" \/>\n<meta property=\"article:modified_time\" content=\"2025-12-26T15:49:34+00:00\" \/>\n<meta property=\"og:image\" content=\"https:\/\/kinamihealth.com\/wp-content\/uploads\/2025\/02\/MEDIDERMA-SALIPEEL-DS-01.jpg\" \/>\n\t<meta property=\"og:image:width\" content=\"800\" \/>\n\t<meta property=\"og:image:height\" content=\"800\" \/>\n\t<meta property=\"og:image:type\" content=\"image\/jpeg\" \/>\n<meta name=\"twitter:card\" content=\"summary_large_image\" \/>\n<meta name=\"twitter:label1\" content=\"Tempo estimado de leitura\" \/>\n\t<meta name=\"twitter:data1\" content=\"1 minuto\" \/>\n<!-- \/ Yoast SEO plugin. -->","yoast_head_json":{"title":"Compre Salipeel DS 60 ml online na Kinami Health","description":"Compre Salipeel DS 60 ml online \u2013 um poderoso peeling qu\u00edmico com \u00e1cido salic\u00edlico a 30%, concebido para tratar a acne, reduzir as erup\u00e7\u00f5es cut\u00e2neas e melhorar a textura da pele, adequado para todos os tipos de pele, mesmo as mais sens\u00edveis.","robots":{"index":"index","follow":"follow","max-snippet":"max-snippet:-1","max-image-preview":"max-image-preview:large","max-video-preview":"max-video-preview:-1"},"canonical":"https:\/\/kinamihealth.com\/pt-pt\/wp-json\/wp\/v2\/product\/121906","og_locale":"pt_PT","og_type":"article","og_title":"Compre Salipeel DS 60 ml online na Kinami Health","og_description":"Compre Salipeel DS 60 ml online \u2013 um poderoso peeling qu\u00edmico com \u00e1cido salic\u00edlico a 30%, concebido para tratar a acne, reduzir as erup\u00e7\u00f5es cut\u00e2neas e melhorar a textura da pele, adequado para todos os tipos de pele, mesmo as mais sens\u00edveis.","og_url":"https:\/\/kinamihealth.com\/pt-pt\/produto\/mediderma-salipeel-ds\/","og_site_name":"Kinami Health","article_modified_time":"2025-12-26T15:49:34+00:00","og_image":[{"width":800,"height":800,"url":"https:\/\/kinamihealth.com\/wp-content\/uploads\/2025\/02\/MEDIDERMA-SALIPEEL-DS-01.jpg","type":"image\/jpeg"}],"twitter_card":"summary_large_image","twitter_misc":{"Tempo estimado de leitura":"1 minuto"},"schema":{"@context":"https:\/\/schema.org","@graph":[{"@type":"WebPage","@id":"https:\/\/kinamihealth.com\/pt-pt\/produto\/mediderma-salipeel-ds\/","url":"https:\/\/kinamihealth.com\/pt-pt\/produto\/mediderma-salipeel-ds\/","name":"Compre Salipeel DS 60 ml online na Kinami Health","isPartOf":{"@id":"https:\/\/kinamihealth.com\/#website"},"primaryImageOfPage":{"@id":"https:\/\/kinamihealth.com\/pt-pt\/produto\/mediderma-salipeel-ds\/#primaryimage"},"image":{"@id":"https:\/\/kinamihealth.com\/pt-pt\/produto\/mediderma-salipeel-ds\/#primaryimage"},"thumbnailUrl":"https:\/\/kinamihealth.com\/wp-content\/uploads\/2025\/02\/MEDIDERMA-SALIPEEL-DS-01.jpg","datePublished":"2025-02-15T16:57:38+00:00","dateModified":"2025-12-26T15:49:34+00:00","description":"Compre Salipeel DS 60 ml online \u2013 um poderoso peeling qu\u00edmico com \u00e1cido salic\u00edlico a 30%, concebido para tratar a acne, reduzir as erup\u00e7\u00f5es cut\u00e2neas e melhorar a textura da pele, adequado para todos os tipos de pele, mesmo as mais sens\u00edveis.","breadcrumb":{"@id":"https:\/\/kinamihealth.com\/pt-pt\/produto\/mediderma-salipeel-ds\/#breadcrumb"},"inLanguage":"pt-PT","potentialAction":[{"@type":"ReadAction","target":["https:\/\/kinamihealth.com\/pt-pt\/produto\/mediderma-salipeel-ds\/"]}]},{"@type":"ImageObject","inLanguage":"pt-PT","@id":"https:\/\/kinamihealth.com\/pt-pt\/produto\/mediderma-salipeel-ds\/#primaryimage","url":"https:\/\/kinamihealth.com\/wp-content\/uploads\/2025\/02\/MEDIDERMA-SALIPEEL-DS-01.jpg","contentUrl":"https:\/\/kinamihealth.com\/wp-content\/uploads\/2025\/02\/MEDIDERMA-SALIPEEL-DS-01.jpg","width":800,"height":800},{"@type":"BreadcrumbList","@id":"https:\/\/kinamihealth.com\/pt-pt\/produto\/mediderma-salipeel-ds\/#breadcrumb","itemListElement":[{"@type":"ListItem","position":1,"name":"In\u00edcio","item":"https:\/\/kinamihealth.com\/"},{"@type":"ListItem","position":2,"name":"Loja","item":"https:\/\/kinamihealth.com\/shop\/"},{"@type":"ListItem","position":3,"name":"MEDIDERMA\u00ae SALIPEEL DS"}]},{"@type":"WebSite","@id":"https:\/\/kinamihealth.com\/#website","url":"https:\/\/kinamihealth.com\/","name":"Kinami Health","description":"","publisher":{"@id":"https:\/\/kinamihealth.com\/#organization"},"potentialAction":[{"@type":"SearchAction","target":{"@type":"EntryPoint","urlTemplate":"https:\/\/kinamihealth.com\/?s={search_term_string}"},"query-input":{"@type":"PropertyValueSpecification","valueRequired":true,"valueName":"search_term_string"}}],"inLanguage":"pt-PT"},{"@type":"Organization","@id":"https:\/\/kinamihealth.com\/#organization","name":"Kinami Health","url":"https:\/\/kinamihealth.com\/","logo":{"@type":"ImageObject","inLanguage":"pt-PT","@id":"https:\/\/kinamihealth.com\/#\/schema\/logo\/image\/","url":"https:\/\/kinamihealth.com\/wp-content\/uploads\/2025\/01\/KH_logo_black_2-1.png","contentUrl":"https:\/\/kinamihealth.com\/wp-content\/uploads\/2025\/01\/KH_logo_black_2-1.png","width":339,"height":34,"caption":"Kinami Health"},"image":{"@id":"https:\/\/kinamihealth.com\/#\/schema\/logo\/image\/"}}]}},"_links":{"self":[{"href":"https:\/\/kinamihealth.com\/pt-pt\/wp-json\/wp\/v2\/product\/121906","targetHints":{"allow":["GET"]}}],"collection":[{"href":"https:\/\/kinamihealth.com\/pt-pt\/wp-json\/wp\/v2\/product"}],"about":[{"href":"https:\/\/kinamihealth.com\/pt-pt\/wp-json\/wp\/v2\/types\/product"}],"replies":[{"embeddable":true,"href":"https:\/\/kinamihealth.com\/pt-pt\/wp-json\/wp\/v2\/comments?post=121906"}],"version-history":[{"count":0,"href":"https:\/\/kinamihealth.com\/pt-pt\/wp-json\/wp\/v2\/product\/121906\/revisions"}],"wp:featuredmedia":[{"embeddable":true,"href":"https:\/\/kinamihealth.com\/pt-pt\/wp-json\/wp\/v2\/media\/121907"}],"wp:attachment":[{"href":"https:\/\/kinamihealth.com\/pt-pt\/wp-json\/wp\/v2\/media?parent=121906"}],"wp:term":[{"taxonomy":"product_brand","embeddable":true,"href":"https:\/\/kinamihealth.com\/pt-pt\/wp-json\/wp\/v2\/product_brand?post=121906"},{"taxonomy":"product_cat","embeddable":true,"href":"https:\/\/kinamihealth.com\/pt-pt\/wp-json\/wp\/v2\/product_cat?post=121906"},{"taxonomy":"product_tag","embeddable":true,"href":"https:\/\/kinamihealth.com\/pt-pt\/wp-json\/wp\/v2\/product_tag?post=121906"}],"curies":[{"name":"wp","href":"https:\/\/api.w.org\/{rel}","templated":true}]}}