{"id":121898,"date":"2025-02-15T16:56:51","date_gmt":"2025-02-15T16:56:51","guid":{"rendered":"https:\/\/kinamihealth.com\/product\/mediderma-purifying-control-as-cleanser-mousse\/"},"modified":"2025-11-20T13:57:58","modified_gmt":"2025-11-20T13:57:58","slug":"mediderma-purifying-control-as-cleanser-mousse","status":"publish","type":"product","link":"https:\/\/kinamihealth.com\/pt-pt\/produto\/mediderma-purifying-control-as-cleanser-mousse\/","title":{"rendered":"MEDIDERMA\u00ae PURIFYING CONTROL AS CLEANSER MOUSSE"},"content":{"rendered":"<p><span style=\"font-weight: 400;\">O <\/span><i><span style=\"font-weight: 400;\">Purifying Control AS Cleanser Mousse Daily Care<\/span><\/i><span style=\"font-weight: 400;\"> \u00e9 uma mousse de limpeza facial suave e <\/span><b>sem sab\u00e3o<\/b><span style=\"font-weight: 400;\"> da <\/span><b>Mediderma<\/b><span style=\"font-weight: 400;\">.A sua f\u00f3rmula inovadora em espuma combina \u00e1cido <\/span><b>salic\u00edlico<\/b><span style=\"font-weight: 400;\">, <\/span><i><span style=\"font-weight: 400;\">aloe vera<\/span><\/i><span style=\"font-weight: 400;\"> e extratos <\/span><b>bot\u00e2nicos<\/b><span style=\"font-weight: 400;\"> para limpar profundamente a pele enquanto <\/span><b>mant\u00e9m<\/b><span style=\"font-weight: 400;\"> a sua barreira natural. <\/span><b>Concebido<\/b><span style=\"font-weight: 400;\"> para a <\/span><b>utiliza\u00e7\u00e3o<\/b><span style=\"font-weight: 400;\"> di\u00e1ria, ajuda a controlar o excesso de oleosidade, reduz as <\/span><b>bact\u00e9rias<\/b><span style=\"font-weight: 400;\"> e acalma a inflama\u00e7\u00e3o, tornando-o perfeito para pele sens\u00edvel ou propensa a acne. A <\/span><b>utiliza\u00e7\u00e3o<\/b><span style=\"font-weight: 400;\"> regular <\/span><b>promove<\/b><span style=\"font-weight: 400;\"> a renova\u00e7\u00e3o natural da pele, deixando a <\/span><b>tez<\/b><span style=\"font-weight: 400;\"> revigorada e equilibrada.<\/span><\/p>\n","protected":false},"excerpt":{"rendered":"<p>O Purifying Control AS Cleanser Mousse Daily Care \u00e9 uma mousse de limpeza facial suave e sem sab\u00e3o da Mediderma.A sua f\u00f3rmula inovadora em espuma combina \u00e1cido salic\u00edlico, aloe vera e extratos bot\u00e2nicos para limpar profundamente a pele enquanto mant\u00e9m a sua barreira natural. Concebido para a utiliza\u00e7\u00e3o di\u00e1ria, ajuda a controlar o excesso de [&hellip;]<\/p>\n","protected":false},"featured_media":121899,"comment_status":"closed","ping_status":"closed","template":"","meta":{"_acf_changed":false,"inline_featured_image":false},"product_brand":[3232],"product_cat":[4299],"product_tag":[4084],"class_list":{"0":"post-121898","1":"product","2":"type-product","3":"status-publish","4":"has-post-thumbnail","6":"product_brand-mediderma","7":"product_cat-skincare-pt-pt","8":"product_tag-medical-devices-pt-pt","10":"first","11":"instock","12":"taxable","13":"shipping-taxable","14":"purchasable","15":"product-type-simple","16":"add-to-wishlist-before_image"},"acf":[],"yoast_head":"<!-- This site is optimized with the Yoast SEO plugin v27.3 - https:\/\/yoast.com\/product\/yoast-seo-wordpress\/ -->\n<title>Compre Purifying Control AS Cleanser Mousse Daily Care 200ml<\/title>\n<meta name=\"description\" content=\"Compre Purifying Control AS Cleanser Mousse Daily Care, a mousse de limpeza antibacteriana avan\u00e7ada para a utiliza\u00e7\u00e3o di\u00e1ria no cuidado facial.\" \/>\n<meta name=\"robots\" content=\"index, follow, max-snippet:-1, max-image-preview:large, max-video-preview:-1\" \/>\n<link rel=\"canonical\" href=\"https:\/\/kinamihealth.com\/pt-pt\/wp-json\/wp\/v2\/product\/121898\" \/>\n<meta property=\"og:locale\" content=\"pt_PT\" \/>\n<meta property=\"og:type\" content=\"article\" \/>\n<meta property=\"og:title\" content=\"Compre Purifying Control AS Cleanser Mousse Daily Care 200ml\" \/>\n<meta property=\"og:description\" content=\"Compre Purifying Control AS Cleanser Mousse Daily Care, a mousse de limpeza antibacteriana avan\u00e7ada para a utiliza\u00e7\u00e3o di\u00e1ria no cuidado facial.\" \/>\n<meta property=\"og:url\" content=\"https:\/\/kinamihealth.com\/pt-pt\/produto\/mediderma-purifying-control-as-cleanser-mousse\/\" \/>\n<meta property=\"og:site_name\" content=\"Kinami Health\" \/>\n<meta property=\"article:modified_time\" content=\"2025-11-20T13:57:58+00:00\" \/>\n<meta property=\"og:image\" content=\"https:\/\/kinamihealth.com\/wp-content\/uploads\/2025\/02\/MEDIDERMA-PURIFYING-CONTROL-AS-CLEANSER-MOUSSE-DAILY-CARE-01.jpg\" \/>\n\t<meta property=\"og:image:width\" content=\"800\" \/>\n\t<meta property=\"og:image:height\" content=\"800\" \/>\n\t<meta property=\"og:image:type\" content=\"image\/jpeg\" \/>\n<meta name=\"twitter:card\" content=\"summary_large_image\" \/>\n<meta name=\"twitter:label1\" content=\"Tempo estimado de leitura\" \/>\n\t<meta name=\"twitter:data1\" content=\"1 minuto\" \/>\n<!-- \/ Yoast SEO plugin. -->","yoast_head_json":{"title":"Compre Purifying Control AS Cleanser Mousse Daily Care 200ml","description":"Compre Purifying Control AS Cleanser Mousse Daily Care, a mousse de limpeza antibacteriana avan\u00e7ada para a utiliza\u00e7\u00e3o di\u00e1ria no cuidado facial.","robots":{"index":"index","follow":"follow","max-snippet":"max-snippet:-1","max-image-preview":"max-image-preview:large","max-video-preview":"max-video-preview:-1"},"canonical":"https:\/\/kinamihealth.com\/pt-pt\/wp-json\/wp\/v2\/product\/121898","og_locale":"pt_PT","og_type":"article","og_title":"Compre Purifying Control AS Cleanser Mousse Daily Care 200ml","og_description":"Compre Purifying Control AS Cleanser Mousse Daily Care, a mousse de limpeza antibacteriana avan\u00e7ada para a utiliza\u00e7\u00e3o di\u00e1ria no cuidado facial.","og_url":"https:\/\/kinamihealth.com\/pt-pt\/produto\/mediderma-purifying-control-as-cleanser-mousse\/","og_site_name":"Kinami Health","article_modified_time":"2025-11-20T13:57:58+00:00","og_image":[{"width":800,"height":800,"url":"https:\/\/kinamihealth.com\/wp-content\/uploads\/2025\/02\/MEDIDERMA-PURIFYING-CONTROL-AS-CLEANSER-MOUSSE-DAILY-CARE-01.jpg","type":"image\/jpeg"}],"twitter_card":"summary_large_image","twitter_misc":{"Tempo estimado de leitura":"1 minuto"},"schema":{"@context":"https:\/\/schema.org","@graph":[{"@type":"WebPage","@id":"https:\/\/kinamihealth.com\/pt-pt\/produto\/mediderma-purifying-control-as-cleanser-mousse\/","url":"https:\/\/kinamihealth.com\/pt-pt\/produto\/mediderma-purifying-control-as-cleanser-mousse\/","name":"Compre Purifying Control AS Cleanser Mousse Daily Care 200ml","isPartOf":{"@id":"https:\/\/kinamihealth.com\/#website"},"primaryImageOfPage":{"@id":"https:\/\/kinamihealth.com\/pt-pt\/produto\/mediderma-purifying-control-as-cleanser-mousse\/#primaryimage"},"image":{"@id":"https:\/\/kinamihealth.com\/pt-pt\/produto\/mediderma-purifying-control-as-cleanser-mousse\/#primaryimage"},"thumbnailUrl":"https:\/\/kinamihealth.com\/wp-content\/uploads\/2025\/02\/MEDIDERMA-PURIFYING-CONTROL-AS-CLEANSER-MOUSSE-DAILY-CARE-01.jpg","datePublished":"2025-02-15T16:56:51+00:00","dateModified":"2025-11-20T13:57:58+00:00","description":"Compre Purifying Control AS Cleanser Mousse Daily Care, a mousse de limpeza antibacteriana avan\u00e7ada para a utiliza\u00e7\u00e3o di\u00e1ria no cuidado facial.","breadcrumb":{"@id":"https:\/\/kinamihealth.com\/pt-pt\/produto\/mediderma-purifying-control-as-cleanser-mousse\/#breadcrumb"},"inLanguage":"pt-PT","potentialAction":[{"@type":"ReadAction","target":["https:\/\/kinamihealth.com\/pt-pt\/produto\/mediderma-purifying-control-as-cleanser-mousse\/"]}]},{"@type":"ImageObject","inLanguage":"pt-PT","@id":"https:\/\/kinamihealth.com\/pt-pt\/produto\/mediderma-purifying-control-as-cleanser-mousse\/#primaryimage","url":"https:\/\/kinamihealth.com\/wp-content\/uploads\/2025\/02\/MEDIDERMA-PURIFYING-CONTROL-AS-CLEANSER-MOUSSE-DAILY-CARE-01.jpg","contentUrl":"https:\/\/kinamihealth.com\/wp-content\/uploads\/2025\/02\/MEDIDERMA-PURIFYING-CONTROL-AS-CLEANSER-MOUSSE-DAILY-CARE-01.jpg","width":800,"height":800},{"@type":"BreadcrumbList","@id":"https:\/\/kinamihealth.com\/pt-pt\/produto\/mediderma-purifying-control-as-cleanser-mousse\/#breadcrumb","itemListElement":[{"@type":"ListItem","position":1,"name":"In\u00edcio","item":"https:\/\/kinamihealth.com\/"},{"@type":"ListItem","position":2,"name":"Loja","item":"https:\/\/kinamihealth.com\/shop\/"},{"@type":"ListItem","position":3,"name":"MEDIDERMA\u00ae PURIFYING CONTROL AS CLEANSER MOUSSE"}]},{"@type":"WebSite","@id":"https:\/\/kinamihealth.com\/#website","url":"https:\/\/kinamihealth.com\/","name":"Kinami Health","description":"","publisher":{"@id":"https:\/\/kinamihealth.com\/#organization"},"potentialAction":[{"@type":"SearchAction","target":{"@type":"EntryPoint","urlTemplate":"https:\/\/kinamihealth.com\/?s={search_term_string}"},"query-input":{"@type":"PropertyValueSpecification","valueRequired":true,"valueName":"search_term_string"}}],"inLanguage":"pt-PT"},{"@type":"Organization","@id":"https:\/\/kinamihealth.com\/#organization","name":"Kinami Health","url":"https:\/\/kinamihealth.com\/","logo":{"@type":"ImageObject","inLanguage":"pt-PT","@id":"https:\/\/kinamihealth.com\/#\/schema\/logo\/image\/","url":"https:\/\/kinamihealth.com\/wp-content\/uploads\/2025\/01\/KH_logo_black_2-1.png","contentUrl":"https:\/\/kinamihealth.com\/wp-content\/uploads\/2025\/01\/KH_logo_black_2-1.png","width":339,"height":34,"caption":"Kinami Health"},"image":{"@id":"https:\/\/kinamihealth.com\/#\/schema\/logo\/image\/"}}]}},"_links":{"self":[{"href":"https:\/\/kinamihealth.com\/pt-pt\/wp-json\/wp\/v2\/product\/121898","targetHints":{"allow":["GET"]}}],"collection":[{"href":"https:\/\/kinamihealth.com\/pt-pt\/wp-json\/wp\/v2\/product"}],"about":[{"href":"https:\/\/kinamihealth.com\/pt-pt\/wp-json\/wp\/v2\/types\/product"}],"replies":[{"embeddable":true,"href":"https:\/\/kinamihealth.com\/pt-pt\/wp-json\/wp\/v2\/comments?post=121898"}],"version-history":[{"count":0,"href":"https:\/\/kinamihealth.com\/pt-pt\/wp-json\/wp\/v2\/product\/121898\/revisions"}],"wp:featuredmedia":[{"embeddable":true,"href":"https:\/\/kinamihealth.com\/pt-pt\/wp-json\/wp\/v2\/media\/121899"}],"wp:attachment":[{"href":"https:\/\/kinamihealth.com\/pt-pt\/wp-json\/wp\/v2\/media?parent=121898"}],"wp:term":[{"taxonomy":"product_brand","embeddable":true,"href":"https:\/\/kinamihealth.com\/pt-pt\/wp-json\/wp\/v2\/product_brand?post=121898"},{"taxonomy":"product_cat","embeddable":true,"href":"https:\/\/kinamihealth.com\/pt-pt\/wp-json\/wp\/v2\/product_cat?post=121898"},{"taxonomy":"product_tag","embeddable":true,"href":"https:\/\/kinamihealth.com\/pt-pt\/wp-json\/wp\/v2\/product_tag?post=121898"}],"curies":[{"name":"wp","href":"https:\/\/api.w.org\/{rel}","templated":true}]}}