{"id":121890,"date":"2025-02-15T16:55:24","date_gmt":"2025-02-15T16:55:24","guid":{"rendered":"https:\/\/kinamihealth.com\/product\/mediderma-hylanses-md-ha-advance-hydration-gel-cream\/"},"modified":"2025-12-26T19:20:09","modified_gmt":"2025-12-26T19:20:09","slug":"mediderma-hylanses-md-ha-advance-hydration-gel-cream","status":"publish","type":"product","link":"https:\/\/kinamihealth.com\/pt-pt\/produto\/mediderma-hylanses-md-ha-advance-hydration-gel-cream\/","title":{"rendered":"MEDIDERMA\u00ae HYLANSES MD HA ADVANCE (Hydration Gel Cream)"},"content":{"rendered":"<p><span style=\"font-weight: 400;\">HYLANSES MD HA ADVANCE HYDRATION GEL CREAM 50ml \u00e9 um gel hidratante avan\u00e7ado que utiliza tr\u00eas tipos de \u00e1cido hialur\u00f4nico (AH) para alcan\u00e7ar uma hidrata\u00e7\u00e3o completa de todas as camadas da pele do rosto e pesco\u00e7o.<\/span><\/p>\n","protected":false},"excerpt":{"rendered":"<p>HYLANSES MD HA ADVANCE HYDRATION GEL CREAM 50ml \u00e9 um gel hidratante avan\u00e7ado que utiliza tr\u00eas tipos de \u00e1cido hialur\u00f4nico (AH) para alcan\u00e7ar uma hidrata\u00e7\u00e3o completa de todas as camadas da pele do rosto e pesco\u00e7o.<\/p>\n","protected":false},"featured_media":121891,"comment_status":"closed","ping_status":"closed","template":"","meta":{"_acf_changed":false,"inline_featured_image":false},"product_brand":[3232],"product_cat":[4299],"product_tag":[4084],"class_list":{"0":"post-121890","1":"product","2":"type-product","3":"status-publish","4":"has-post-thumbnail","6":"product_brand-mediderma","7":"product_cat-skincare-pt-pt","8":"product_tag-medical-devices-pt-pt","10":"first","11":"instock","12":"taxable","13":"shipping-taxable","14":"purchasable","15":"product-type-simple","16":"add-to-wishlist-before_image"},"acf":[],"yoast_head":"<!-- This site is optimized with the Yoast SEO plugin v27.3 - https:\/\/yoast.com\/product\/yoast-seo-wordpress\/ -->\n<title>Comprar HYLANSES MD HA ADVANCE HYDRATION GEL CREAM<\/title>\n<meta name=\"description\" content=\"Compre HYLANSES MD HA ADVANCE HYDRATION GEL CREAM online e utilize \u00e1cido hialur\u00f4nico para hidratar as diferentes camadas da pele seca.\" \/>\n<meta name=\"robots\" content=\"index, follow, max-snippet:-1, max-image-preview:large, max-video-preview:-1\" \/>\n<link rel=\"canonical\" href=\"https:\/\/kinamihealth.com\/pt-pt\/wp-json\/wp\/v2\/product\/121890\" \/>\n<meta property=\"og:locale\" content=\"pt_PT\" \/>\n<meta property=\"og:type\" content=\"article\" \/>\n<meta property=\"og:title\" content=\"Comprar HYLANSES MD HA ADVANCE HYDRATION GEL CREAM\" \/>\n<meta property=\"og:description\" content=\"Compre HYLANSES MD HA ADVANCE HYDRATION GEL CREAM online e utilize \u00e1cido hialur\u00f4nico para hidratar as diferentes camadas da pele seca.\" \/>\n<meta property=\"og:url\" content=\"https:\/\/kinamihealth.com\/pt-pt\/produto\/mediderma-hylanses-md-ha-advance-hydration-gel-cream\/\" \/>\n<meta property=\"og:site_name\" content=\"Kinami Health\" \/>\n<meta property=\"article:modified_time\" content=\"2025-12-26T19:20:09+00:00\" \/>\n<meta property=\"og:image\" content=\"https:\/\/kinamihealth.com\/wp-content\/uploads\/2025\/02\/MEDIDERMA-HYLANSES-HA-ADVANCE-01.jpg\" \/>\n\t<meta property=\"og:image:width\" content=\"800\" \/>\n\t<meta property=\"og:image:height\" content=\"800\" \/>\n\t<meta property=\"og:image:type\" content=\"image\/jpeg\" \/>\n<meta name=\"twitter:card\" content=\"summary_large_image\" \/>\n<meta name=\"twitter:label1\" content=\"Tempo estimado de leitura\" \/>\n\t<meta name=\"twitter:data1\" content=\"1 minuto\" \/>\n<!-- \/ Yoast SEO plugin. -->","yoast_head_json":{"title":"Comprar HYLANSES MD HA ADVANCE HYDRATION GEL CREAM","description":"Compre HYLANSES MD HA ADVANCE HYDRATION GEL CREAM online e utilize \u00e1cido hialur\u00f4nico para hidratar as diferentes camadas da pele seca.","robots":{"index":"index","follow":"follow","max-snippet":"max-snippet:-1","max-image-preview":"max-image-preview:large","max-video-preview":"max-video-preview:-1"},"canonical":"https:\/\/kinamihealth.com\/pt-pt\/wp-json\/wp\/v2\/product\/121890","og_locale":"pt_PT","og_type":"article","og_title":"Comprar HYLANSES MD HA ADVANCE HYDRATION GEL CREAM","og_description":"Compre HYLANSES MD HA ADVANCE HYDRATION GEL CREAM online e utilize \u00e1cido hialur\u00f4nico para hidratar as diferentes camadas da pele seca.","og_url":"https:\/\/kinamihealth.com\/pt-pt\/produto\/mediderma-hylanses-md-ha-advance-hydration-gel-cream\/","og_site_name":"Kinami Health","article_modified_time":"2025-12-26T19:20:09+00:00","og_image":[{"width":800,"height":800,"url":"https:\/\/kinamihealth.com\/wp-content\/uploads\/2025\/02\/MEDIDERMA-HYLANSES-HA-ADVANCE-01.jpg","type":"image\/jpeg"}],"twitter_card":"summary_large_image","twitter_misc":{"Tempo estimado de leitura":"1 minuto"},"schema":{"@context":"https:\/\/schema.org","@graph":[{"@type":"WebPage","@id":"https:\/\/kinamihealth.com\/pt-pt\/produto\/mediderma-hylanses-md-ha-advance-hydration-gel-cream\/","url":"https:\/\/kinamihealth.com\/pt-pt\/produto\/mediderma-hylanses-md-ha-advance-hydration-gel-cream\/","name":"Comprar HYLANSES MD HA ADVANCE HYDRATION GEL CREAM","isPartOf":{"@id":"https:\/\/kinamihealth.com\/#website"},"primaryImageOfPage":{"@id":"https:\/\/kinamihealth.com\/pt-pt\/produto\/mediderma-hylanses-md-ha-advance-hydration-gel-cream\/#primaryimage"},"image":{"@id":"https:\/\/kinamihealth.com\/pt-pt\/produto\/mediderma-hylanses-md-ha-advance-hydration-gel-cream\/#primaryimage"},"thumbnailUrl":"https:\/\/kinamihealth.com\/wp-content\/uploads\/2025\/02\/MEDIDERMA-HYLANSES-HA-ADVANCE-01.jpg","datePublished":"2025-02-15T16:55:24+00:00","dateModified":"2025-12-26T19:20:09+00:00","description":"Compre HYLANSES MD HA ADVANCE HYDRATION GEL CREAM online e utilize \u00e1cido hialur\u00f4nico para hidratar as diferentes camadas da pele seca.","breadcrumb":{"@id":"https:\/\/kinamihealth.com\/pt-pt\/produto\/mediderma-hylanses-md-ha-advance-hydration-gel-cream\/#breadcrumb"},"inLanguage":"pt-PT","potentialAction":[{"@type":"ReadAction","target":["https:\/\/kinamihealth.com\/pt-pt\/produto\/mediderma-hylanses-md-ha-advance-hydration-gel-cream\/"]}]},{"@type":"ImageObject","inLanguage":"pt-PT","@id":"https:\/\/kinamihealth.com\/pt-pt\/produto\/mediderma-hylanses-md-ha-advance-hydration-gel-cream\/#primaryimage","url":"https:\/\/kinamihealth.com\/wp-content\/uploads\/2025\/02\/MEDIDERMA-HYLANSES-HA-ADVANCE-01.jpg","contentUrl":"https:\/\/kinamihealth.com\/wp-content\/uploads\/2025\/02\/MEDIDERMA-HYLANSES-HA-ADVANCE-01.jpg","width":800,"height":800},{"@type":"BreadcrumbList","@id":"https:\/\/kinamihealth.com\/pt-pt\/produto\/mediderma-hylanses-md-ha-advance-hydration-gel-cream\/#breadcrumb","itemListElement":[{"@type":"ListItem","position":1,"name":"In\u00edcio","item":"https:\/\/kinamihealth.com\/"},{"@type":"ListItem","position":2,"name":"Loja","item":"https:\/\/kinamihealth.com\/shop\/"},{"@type":"ListItem","position":3,"name":"MEDIDERMA\u00ae HYLANSES MD HA ADVANCE (Hydration Gel Cream)"}]},{"@type":"WebSite","@id":"https:\/\/kinamihealth.com\/#website","url":"https:\/\/kinamihealth.com\/","name":"Kinami Health","description":"","publisher":{"@id":"https:\/\/kinamihealth.com\/#organization"},"potentialAction":[{"@type":"SearchAction","target":{"@type":"EntryPoint","urlTemplate":"https:\/\/kinamihealth.com\/?s={search_term_string}"},"query-input":{"@type":"PropertyValueSpecification","valueRequired":true,"valueName":"search_term_string"}}],"inLanguage":"pt-PT"},{"@type":"Organization","@id":"https:\/\/kinamihealth.com\/#organization","name":"Kinami Health","url":"https:\/\/kinamihealth.com\/","logo":{"@type":"ImageObject","inLanguage":"pt-PT","@id":"https:\/\/kinamihealth.com\/#\/schema\/logo\/image\/","url":"https:\/\/kinamihealth.com\/wp-content\/uploads\/2025\/01\/KH_logo_black_2-1.png","contentUrl":"https:\/\/kinamihealth.com\/wp-content\/uploads\/2025\/01\/KH_logo_black_2-1.png","width":339,"height":34,"caption":"Kinami Health"},"image":{"@id":"https:\/\/kinamihealth.com\/#\/schema\/logo\/image\/"}}]}},"_links":{"self":[{"href":"https:\/\/kinamihealth.com\/pt-pt\/wp-json\/wp\/v2\/product\/121890","targetHints":{"allow":["GET"]}}],"collection":[{"href":"https:\/\/kinamihealth.com\/pt-pt\/wp-json\/wp\/v2\/product"}],"about":[{"href":"https:\/\/kinamihealth.com\/pt-pt\/wp-json\/wp\/v2\/types\/product"}],"replies":[{"embeddable":true,"href":"https:\/\/kinamihealth.com\/pt-pt\/wp-json\/wp\/v2\/comments?post=121890"}],"version-history":[{"count":0,"href":"https:\/\/kinamihealth.com\/pt-pt\/wp-json\/wp\/v2\/product\/121890\/revisions"}],"wp:featuredmedia":[{"embeddable":true,"href":"https:\/\/kinamihealth.com\/pt-pt\/wp-json\/wp\/v2\/media\/121891"}],"wp:attachment":[{"href":"https:\/\/kinamihealth.com\/pt-pt\/wp-json\/wp\/v2\/media?parent=121890"}],"wp:term":[{"taxonomy":"product_brand","embeddable":true,"href":"https:\/\/kinamihealth.com\/pt-pt\/wp-json\/wp\/v2\/product_brand?post=121890"},{"taxonomy":"product_cat","embeddable":true,"href":"https:\/\/kinamihealth.com\/pt-pt\/wp-json\/wp\/v2\/product_cat?post=121890"},{"taxonomy":"product_tag","embeddable":true,"href":"https:\/\/kinamihealth.com\/pt-pt\/wp-json\/wp\/v2\/product_tag?post=121890"}],"curies":[{"name":"wp","href":"https:\/\/api.w.org\/{rel}","templated":true}]}}