{"id":121870,"date":"2025-02-15T16:53:52","date_gmt":"2025-02-15T16:53:52","guid":{"rendered":"https:\/\/kinamihealth.com\/product\/mediderma-azelac-ru\/"},"modified":"2025-11-20T08:15:39","modified_gmt":"2025-11-20T08:15:39","slug":"mediderma-azelac-ru","status":"publish","type":"product","link":"https:\/\/kinamihealth.com\/pt-pt\/produto\/mediderma-azelac-ru\/","title":{"rendered":"MEDIDERMA\u00ae AZELAC\u00ae RU"},"content":{"rendered":"<p><span style=\"font-weight: 400;\">Azelac RU 60 ml \u00e9 um peeling qu\u00edmico de alto desempenho especialmente concebido para tratar problemas de hiperpigmenta\u00e7\u00e3o. Com uma mistura \u00fanica de componentes ativos, esta f\u00f3rmula atua na produ\u00e7\u00e3o de melanina para tratar condi\u00e7\u00f5es como melasma, manchas escuras e descolora\u00e7\u00e3o da pele.<\/span><\/p>\n","protected":false},"excerpt":{"rendered":"<p>Azelac RU 60 ml \u00e9 um peeling qu\u00edmico de alto desempenho especialmente concebido para tratar problemas de hiperpigmenta\u00e7\u00e3o. Com uma mistura \u00fanica de componentes ativos, esta f\u00f3rmula atua na produ\u00e7\u00e3o de melanina para tratar condi\u00e7\u00f5es como melasma, manchas escuras e descolora\u00e7\u00e3o da pele.<\/p>\n","protected":false},"featured_media":121871,"comment_status":"closed","ping_status":"closed","template":"","meta":{"_acf_changed":false,"inline_featured_image":false},"product_brand":[3232],"product_cat":[4132],"product_tag":[4084],"class_list":{"0":"post-121870","1":"product","2":"type-product","3":"status-publish","4":"has-post-thumbnail","6":"product_brand-mediderma","7":"product_cat-peels-and-masks-pt-pt","8":"product_tag-medical-devices-pt-pt","10":"first","11":"instock","12":"taxable","13":"shipping-taxable","14":"purchasable","15":"product-type-simple","16":"add-to-wishlist-before_image"},"acf":[],"yoast_head":"<!-- This site is optimized with the Yoast SEO plugin v27.3 - https:\/\/yoast.com\/product\/yoast-seo-wordpress\/ -->\n<title>Comprar Azelac RU 60 ml online - Solu\u00e7\u00e3o eficaz para problemas de pigmenta\u00e7\u00e3o<\/title>\n<meta name=\"description\" content=\"Compre Azelac RU 60 ml online para corre\u00e7\u00e3o profissional da pigmenta\u00e7\u00e3o. Trate manchas escuras, melasma e tom de pele irregular com este peeling qu\u00edmico avan\u00e7ado.\" \/>\n<meta name=\"robots\" content=\"index, follow, max-snippet:-1, max-image-preview:large, max-video-preview:-1\" \/>\n<link rel=\"canonical\" href=\"https:\/\/kinamihealth.com\/pt-pt\/wp-json\/wp\/v2\/product\/121870\" \/>\n<meta property=\"og:locale\" content=\"pt_PT\" \/>\n<meta property=\"og:type\" content=\"article\" \/>\n<meta property=\"og:title\" content=\"Comprar Azelac RU 60 ml online - Solu\u00e7\u00e3o eficaz para problemas de pigmenta\u00e7\u00e3o\" \/>\n<meta property=\"og:description\" content=\"Compre Azelac RU 60 ml online para corre\u00e7\u00e3o profissional da pigmenta\u00e7\u00e3o. Trate manchas escuras, melasma e tom de pele irregular com este peeling qu\u00edmico avan\u00e7ado.\" \/>\n<meta property=\"og:url\" content=\"https:\/\/kinamihealth.com\/pt-pt\/produto\/mediderma-azelac-ru\/\" \/>\n<meta property=\"og:site_name\" content=\"Kinami Health\" \/>\n<meta property=\"article:modified_time\" content=\"2025-11-20T08:15:39+00:00\" \/>\n<meta property=\"og:image\" content=\"https:\/\/kinamihealth.com\/wp-content\/uploads\/2025\/02\/MEDIDERMA-AZELAC-RU-60ML-01.webp\" \/>\n\t<meta property=\"og:image:width\" content=\"800\" \/>\n\t<meta property=\"og:image:height\" content=\"800\" \/>\n\t<meta property=\"og:image:type\" content=\"image\/webp\" \/>\n<meta name=\"twitter:card\" content=\"summary_large_image\" \/>\n<meta name=\"twitter:label1\" content=\"Tempo estimado de leitura\" \/>\n\t<meta name=\"twitter:data1\" content=\"1 minuto\" \/>\n<!-- \/ Yoast SEO plugin. -->","yoast_head_json":{"title":"Comprar Azelac RU 60 ml online - Solu\u00e7\u00e3o eficaz para problemas de pigmenta\u00e7\u00e3o","description":"Compre Azelac RU 60 ml online para corre\u00e7\u00e3o profissional da pigmenta\u00e7\u00e3o. Trate manchas escuras, melasma e tom de pele irregular com este peeling qu\u00edmico avan\u00e7ado.","robots":{"index":"index","follow":"follow","max-snippet":"max-snippet:-1","max-image-preview":"max-image-preview:large","max-video-preview":"max-video-preview:-1"},"canonical":"https:\/\/kinamihealth.com\/pt-pt\/wp-json\/wp\/v2\/product\/121870","og_locale":"pt_PT","og_type":"article","og_title":"Comprar Azelac RU 60 ml online - Solu\u00e7\u00e3o eficaz para problemas de pigmenta\u00e7\u00e3o","og_description":"Compre Azelac RU 60 ml online para corre\u00e7\u00e3o profissional da pigmenta\u00e7\u00e3o. Trate manchas escuras, melasma e tom de pele irregular com este peeling qu\u00edmico avan\u00e7ado.","og_url":"https:\/\/kinamihealth.com\/pt-pt\/produto\/mediderma-azelac-ru\/","og_site_name":"Kinami Health","article_modified_time":"2025-11-20T08:15:39+00:00","og_image":[{"width":800,"height":800,"url":"https:\/\/kinamihealth.com\/wp-content\/uploads\/2025\/02\/MEDIDERMA-AZELAC-RU-60ML-01.webp","type":"image\/webp"}],"twitter_card":"summary_large_image","twitter_misc":{"Tempo estimado de leitura":"1 minuto"},"schema":{"@context":"https:\/\/schema.org","@graph":[{"@type":"WebPage","@id":"https:\/\/kinamihealth.com\/pt-pt\/produto\/mediderma-azelac-ru\/","url":"https:\/\/kinamihealth.com\/pt-pt\/produto\/mediderma-azelac-ru\/","name":"Comprar Azelac RU 60 ml online - Solu\u00e7\u00e3o eficaz para problemas de pigmenta\u00e7\u00e3o","isPartOf":{"@id":"https:\/\/kinamihealth.com\/#website"},"primaryImageOfPage":{"@id":"https:\/\/kinamihealth.com\/pt-pt\/produto\/mediderma-azelac-ru\/#primaryimage"},"image":{"@id":"https:\/\/kinamihealth.com\/pt-pt\/produto\/mediderma-azelac-ru\/#primaryimage"},"thumbnailUrl":"https:\/\/kinamihealth.com\/wp-content\/uploads\/2025\/02\/MEDIDERMA-AZELAC-RU-60ML-01.webp","datePublished":"2025-02-15T16:53:52+00:00","dateModified":"2025-11-20T08:15:39+00:00","description":"Compre Azelac RU 60 ml online para corre\u00e7\u00e3o profissional da pigmenta\u00e7\u00e3o. Trate manchas escuras, melasma e tom de pele irregular com este peeling qu\u00edmico avan\u00e7ado.","breadcrumb":{"@id":"https:\/\/kinamihealth.com\/pt-pt\/produto\/mediderma-azelac-ru\/#breadcrumb"},"inLanguage":"pt-PT","potentialAction":[{"@type":"ReadAction","target":["https:\/\/kinamihealth.com\/pt-pt\/produto\/mediderma-azelac-ru\/"]}]},{"@type":"ImageObject","inLanguage":"pt-PT","@id":"https:\/\/kinamihealth.com\/pt-pt\/produto\/mediderma-azelac-ru\/#primaryimage","url":"https:\/\/kinamihealth.com\/wp-content\/uploads\/2025\/02\/MEDIDERMA-AZELAC-RU-60ML-01.webp","contentUrl":"https:\/\/kinamihealth.com\/wp-content\/uploads\/2025\/02\/MEDIDERMA-AZELAC-RU-60ML-01.webp","width":800,"height":800},{"@type":"BreadcrumbList","@id":"https:\/\/kinamihealth.com\/pt-pt\/produto\/mediderma-azelac-ru\/#breadcrumb","itemListElement":[{"@type":"ListItem","position":1,"name":"In\u00edcio","item":"https:\/\/kinamihealth.com\/"},{"@type":"ListItem","position":2,"name":"Loja","item":"https:\/\/kinamihealth.com\/shop\/"},{"@type":"ListItem","position":3,"name":"MEDIDERMA\u00ae AZELAC\u00ae RU"}]},{"@type":"WebSite","@id":"https:\/\/kinamihealth.com\/#website","url":"https:\/\/kinamihealth.com\/","name":"Kinami Health","description":"","publisher":{"@id":"https:\/\/kinamihealth.com\/#organization"},"potentialAction":[{"@type":"SearchAction","target":{"@type":"EntryPoint","urlTemplate":"https:\/\/kinamihealth.com\/?s={search_term_string}"},"query-input":{"@type":"PropertyValueSpecification","valueRequired":true,"valueName":"search_term_string"}}],"inLanguage":"pt-PT"},{"@type":"Organization","@id":"https:\/\/kinamihealth.com\/#organization","name":"Kinami Health","url":"https:\/\/kinamihealth.com\/","logo":{"@type":"ImageObject","inLanguage":"pt-PT","@id":"https:\/\/kinamihealth.com\/#\/schema\/logo\/image\/","url":"https:\/\/kinamihealth.com\/wp-content\/uploads\/2025\/01\/KH_logo_black_2-1.png","contentUrl":"https:\/\/kinamihealth.com\/wp-content\/uploads\/2025\/01\/KH_logo_black_2-1.png","width":339,"height":34,"caption":"Kinami Health"},"image":{"@id":"https:\/\/kinamihealth.com\/#\/schema\/logo\/image\/"}}]}},"_links":{"self":[{"href":"https:\/\/kinamihealth.com\/pt-pt\/wp-json\/wp\/v2\/product\/121870","targetHints":{"allow":["GET"]}}],"collection":[{"href":"https:\/\/kinamihealth.com\/pt-pt\/wp-json\/wp\/v2\/product"}],"about":[{"href":"https:\/\/kinamihealth.com\/pt-pt\/wp-json\/wp\/v2\/types\/product"}],"replies":[{"embeddable":true,"href":"https:\/\/kinamihealth.com\/pt-pt\/wp-json\/wp\/v2\/comments?post=121870"}],"version-history":[{"count":0,"href":"https:\/\/kinamihealth.com\/pt-pt\/wp-json\/wp\/v2\/product\/121870\/revisions"}],"wp:featuredmedia":[{"embeddable":true,"href":"https:\/\/kinamihealth.com\/pt-pt\/wp-json\/wp\/v2\/media\/121871"}],"wp:attachment":[{"href":"https:\/\/kinamihealth.com\/pt-pt\/wp-json\/wp\/v2\/media?parent=121870"}],"wp:term":[{"taxonomy":"product_brand","embeddable":true,"href":"https:\/\/kinamihealth.com\/pt-pt\/wp-json\/wp\/v2\/product_brand?post=121870"},{"taxonomy":"product_cat","embeddable":true,"href":"https:\/\/kinamihealth.com\/pt-pt\/wp-json\/wp\/v2\/product_cat?post=121870"},{"taxonomy":"product_tag","embeddable":true,"href":"https:\/\/kinamihealth.com\/pt-pt\/wp-json\/wp\/v2\/product_tag?post=121870"}],"curies":[{"name":"wp","href":"https:\/\/api.w.org\/{rel}","templated":true}]}}