{"id":121673,"date":"2025-02-15T16:56:00","date_gmt":"2025-02-15T16:56:00","guid":{"rendered":"https:\/\/kinamihealth.com\/product\/karisma-rh-collagen-softfiller-biorestitutivo-face\/"},"modified":"2025-12-22T15:08:48","modified_gmt":"2025-12-22T15:08:48","slug":"karisma-rh-collagen-softfiller-biorestitutivo-face","status":"publish","type":"product","link":"https:\/\/kinamihealth.com\/pt-pt\/produto\/karisma-rh-collagen-softfiller-biorestitutivo-face\/","title":{"rendered":"KARISMA RH COLLAGEN SOFTFILLER BIORESTITUTIVO FACE"},"content":{"rendered":"<p><span style=\"font-weight: 400;\">Karisma Face Rh Collagen \u00e9 um filler bio-restitutivo inovador, desenvolvido para restaurar firmeza e elasticidade da pele. Com col\u00e1geno humano recombinante (Rh Collagen), \u00e1cido hialur\u00f4nico de alto peso molecular e carboximetilcelulose, promove a produ\u00e7\u00e3o de col\u00e1geno tipo I pelos fibroblastos, melhorando sinais de envelhecimento. Profissionais podem comprar the filler Karisma Face Rh Collagen na Kinami Health para tratamentos est\u00e9ticos seguros e eficazes.<\/span><\/p>\n","protected":false},"excerpt":{"rendered":"<p>Karisma Face Rh Collagen \u00e9 um filler bio-restitutivo inovador, desenvolvido para restaurar firmeza e elasticidade da pele. Com col\u00e1geno humano recombinante (Rh Collagen), \u00e1cido hialur\u00f4nico de alto peso molecular e carboximetilcelulose, promove a produ\u00e7\u00e3o de col\u00e1geno tipo I pelos fibroblastos, melhorando sinais de envelhecimento. Profissionais podem comprar the filler Karisma Face Rh Collagen na Kinami [&hellip;]<\/p>\n","protected":false},"featured_media":121674,"comment_status":"closed","ping_status":"closed","template":"","meta":{"_acf_changed":false,"inline_featured_image":false},"product_brand":[3229],"product_cat":[4191,4082],"product_tag":[4084],"class_list":{"0":"post-121673","1":"product","2":"type-product","3":"status-publish","4":"has-post-thumbnail","6":"product_brand-karisma","7":"product_cat-biostimulators-pt-pt","8":"product_cat-dermal-fillers-pt-pt","9":"product_tag-medical-devices-pt-pt","11":"first","12":"instock","13":"taxable","14":"shipping-taxable","15":"purchasable","16":"product-type-simple","17":"add-to-wishlist-before_image"},"acf":[],"yoast_head":"<!-- This site is optimized with the Yoast SEO plugin v27.3 - https:\/\/yoast.com\/product\/yoast-seo-wordpress\/ -->\n<title>Compre Karisma Face Rh Collagen online | Kinami Health<\/title>\n<meta name=\"description\" content=\"Compre Karisma Face Rh Collagen online - um preenchimento suave bio-restitutivo concebido para restaurar a elasticidade e firmeza da pele. Encomende agora na loja Kinami Health!\" \/>\n<meta name=\"robots\" content=\"index, follow, max-snippet:-1, max-image-preview:large, max-video-preview:-1\" \/>\n<link rel=\"canonical\" href=\"https:\/\/kinamihealth.com\/pt-pt\/wp-json\/wp\/v2\/product\/121673\" \/>\n<meta property=\"og:locale\" content=\"pt_PT\" \/>\n<meta property=\"og:type\" content=\"article\" \/>\n<meta property=\"og:title\" content=\"Compre Karisma Face Rh Collagen online | Kinami Health\" \/>\n<meta property=\"og:description\" content=\"Compre Karisma Face Rh Collagen online - um preenchimento suave bio-restitutivo concebido para restaurar a elasticidade e firmeza da pele. Encomende agora na loja Kinami Health!\" \/>\n<meta property=\"og:url\" content=\"https:\/\/kinamihealth.com\/pt-pt\/produto\/karisma-rh-collagen-softfiller-biorestitutivo-face\/\" \/>\n<meta property=\"og:site_name\" content=\"Kinami Health\" \/>\n<meta property=\"article:modified_time\" content=\"2025-12-22T15:08:48+00:00\" \/>\n<meta property=\"og:image\" content=\"https:\/\/kinamihealth.com\/wp-content\/uploads\/2025\/02\/KARISMA-SOFTFILLER-FACE-04.jpg\" \/>\n\t<meta property=\"og:image:width\" content=\"800\" \/>\n\t<meta property=\"og:image:height\" content=\"800\" \/>\n\t<meta property=\"og:image:type\" content=\"image\/jpeg\" \/>\n<meta name=\"twitter:card\" content=\"summary_large_image\" \/>\n<meta name=\"twitter:label1\" content=\"Tempo estimado de leitura\" \/>\n\t<meta name=\"twitter:data1\" content=\"1 minuto\" \/>\n<!-- \/ Yoast SEO plugin. -->","yoast_head_json":{"title":"Compre Karisma Face Rh Collagen online | Kinami Health","description":"Compre Karisma Face Rh Collagen online - um preenchimento suave bio-restitutivo concebido para restaurar a elasticidade e firmeza da pele. Encomende agora na loja Kinami Health!","robots":{"index":"index","follow":"follow","max-snippet":"max-snippet:-1","max-image-preview":"max-image-preview:large","max-video-preview":"max-video-preview:-1"},"canonical":"https:\/\/kinamihealth.com\/pt-pt\/wp-json\/wp\/v2\/product\/121673","og_locale":"pt_PT","og_type":"article","og_title":"Compre Karisma Face Rh Collagen online | Kinami Health","og_description":"Compre Karisma Face Rh Collagen online - um preenchimento suave bio-restitutivo concebido para restaurar a elasticidade e firmeza da pele. Encomende agora na loja Kinami Health!","og_url":"https:\/\/kinamihealth.com\/pt-pt\/produto\/karisma-rh-collagen-softfiller-biorestitutivo-face\/","og_site_name":"Kinami Health","article_modified_time":"2025-12-22T15:08:48+00:00","og_image":[{"width":800,"height":800,"url":"https:\/\/kinamihealth.com\/wp-content\/uploads\/2025\/02\/KARISMA-SOFTFILLER-FACE-04.jpg","type":"image\/jpeg"}],"twitter_card":"summary_large_image","twitter_misc":{"Tempo estimado de leitura":"1 minuto"},"schema":{"@context":"https:\/\/schema.org","@graph":[{"@type":"WebPage","@id":"https:\/\/kinamihealth.com\/pt-pt\/produto\/karisma-rh-collagen-softfiller-biorestitutivo-face\/","url":"https:\/\/kinamihealth.com\/pt-pt\/produto\/karisma-rh-collagen-softfiller-biorestitutivo-face\/","name":"Compre Karisma Face Rh Collagen online | Kinami Health","isPartOf":{"@id":"https:\/\/kinamihealth.com\/#website"},"primaryImageOfPage":{"@id":"https:\/\/kinamihealth.com\/pt-pt\/produto\/karisma-rh-collagen-softfiller-biorestitutivo-face\/#primaryimage"},"image":{"@id":"https:\/\/kinamihealth.com\/pt-pt\/produto\/karisma-rh-collagen-softfiller-biorestitutivo-face\/#primaryimage"},"thumbnailUrl":"https:\/\/kinamihealth.com\/wp-content\/uploads\/2025\/02\/KARISMA-SOFTFILLER-FACE-04.jpg","datePublished":"2025-02-15T16:56:00+00:00","dateModified":"2025-12-22T15:08:48+00:00","description":"Compre Karisma Face Rh Collagen online - um preenchimento suave bio-restitutivo concebido para restaurar a elasticidade e firmeza da pele. Encomende agora na loja Kinami Health!","breadcrumb":{"@id":"https:\/\/kinamihealth.com\/pt-pt\/produto\/karisma-rh-collagen-softfiller-biorestitutivo-face\/#breadcrumb"},"inLanguage":"pt-PT","potentialAction":[{"@type":"ReadAction","target":["https:\/\/kinamihealth.com\/pt-pt\/produto\/karisma-rh-collagen-softfiller-biorestitutivo-face\/"]}]},{"@type":"ImageObject","inLanguage":"pt-PT","@id":"https:\/\/kinamihealth.com\/pt-pt\/produto\/karisma-rh-collagen-softfiller-biorestitutivo-face\/#primaryimage","url":"https:\/\/kinamihealth.com\/wp-content\/uploads\/2025\/02\/KARISMA-SOFTFILLER-FACE-04.jpg","contentUrl":"https:\/\/kinamihealth.com\/wp-content\/uploads\/2025\/02\/KARISMA-SOFTFILLER-FACE-04.jpg","width":800,"height":800},{"@type":"BreadcrumbList","@id":"https:\/\/kinamihealth.com\/pt-pt\/produto\/karisma-rh-collagen-softfiller-biorestitutivo-face\/#breadcrumb","itemListElement":[{"@type":"ListItem","position":1,"name":"In\u00edcio","item":"https:\/\/kinamihealth.com\/"},{"@type":"ListItem","position":2,"name":"Loja","item":"https:\/\/kinamihealth.com\/shop\/"},{"@type":"ListItem","position":3,"name":"KARISMA RH COLLAGEN SOFTFILLER BIORESTITUTIVO FACE"}]},{"@type":"WebSite","@id":"https:\/\/kinamihealth.com\/#website","url":"https:\/\/kinamihealth.com\/","name":"Kinami Health","description":"","publisher":{"@id":"https:\/\/kinamihealth.com\/#organization"},"potentialAction":[{"@type":"SearchAction","target":{"@type":"EntryPoint","urlTemplate":"https:\/\/kinamihealth.com\/?s={search_term_string}"},"query-input":{"@type":"PropertyValueSpecification","valueRequired":true,"valueName":"search_term_string"}}],"inLanguage":"pt-PT"},{"@type":"Organization","@id":"https:\/\/kinamihealth.com\/#organization","name":"Kinami Health","url":"https:\/\/kinamihealth.com\/","logo":{"@type":"ImageObject","inLanguage":"pt-PT","@id":"https:\/\/kinamihealth.com\/#\/schema\/logo\/image\/","url":"https:\/\/kinamihealth.com\/wp-content\/uploads\/2025\/01\/KH_logo_black_2-1.png","contentUrl":"https:\/\/kinamihealth.com\/wp-content\/uploads\/2025\/01\/KH_logo_black_2-1.png","width":339,"height":34,"caption":"Kinami Health"},"image":{"@id":"https:\/\/kinamihealth.com\/#\/schema\/logo\/image\/"}}]}},"_links":{"self":[{"href":"https:\/\/kinamihealth.com\/pt-pt\/wp-json\/wp\/v2\/product\/121673","targetHints":{"allow":["GET"]}}],"collection":[{"href":"https:\/\/kinamihealth.com\/pt-pt\/wp-json\/wp\/v2\/product"}],"about":[{"href":"https:\/\/kinamihealth.com\/pt-pt\/wp-json\/wp\/v2\/types\/product"}],"replies":[{"embeddable":true,"href":"https:\/\/kinamihealth.com\/pt-pt\/wp-json\/wp\/v2\/comments?post=121673"}],"version-history":[{"count":0,"href":"https:\/\/kinamihealth.com\/pt-pt\/wp-json\/wp\/v2\/product\/121673\/revisions"}],"wp:featuredmedia":[{"embeddable":true,"href":"https:\/\/kinamihealth.com\/pt-pt\/wp-json\/wp\/v2\/media\/121674"}],"wp:attachment":[{"href":"https:\/\/kinamihealth.com\/pt-pt\/wp-json\/wp\/v2\/media?parent=121673"}],"wp:term":[{"taxonomy":"product_brand","embeddable":true,"href":"https:\/\/kinamihealth.com\/pt-pt\/wp-json\/wp\/v2\/product_brand?post=121673"},{"taxonomy":"product_cat","embeddable":true,"href":"https:\/\/kinamihealth.com\/pt-pt\/wp-json\/wp\/v2\/product_cat?post=121673"},{"taxonomy":"product_tag","embeddable":true,"href":"https:\/\/kinamihealth.com\/pt-pt\/wp-json\/wp\/v2\/product_tag?post=121673"}],"curies":[{"name":"wp","href":"https:\/\/api.w.org\/{rel}","templated":true}]}}