{"id":121577,"date":"2025-02-15T16:55:43","date_gmt":"2025-02-15T16:55:43","guid":{"rendered":"https:\/\/kinamihealth.com\/product\/jalupro-2x30mg-3ml-2x100mg\/"},"modified":"2025-12-21T19:27:48","modified_gmt":"2025-12-21T19:27:48","slug":"jalupro-2x30mg-3ml-2x100mg","status":"publish","type":"product","link":"https:\/\/kinamihealth.com\/pt-pt\/produto\/jalupro-2x30mg-3ml-2x100mg\/","title":{"rendered":"JALUPRO\u00ae 2x30mg\/3ml + 2x100mg"},"content":{"rendered":"<p><span style=\"font-weight: 400;\">JALUPRO 2x30mg\/3ml + 2x100mg \u00e9 um preenchimento dermal com f\u00f3rmula especial que combina as propriedades hidratantes do \u00e1cido hialur\u00f4nico com os benef\u00edcios revitalizantes dos amino\u00e1cidos (en.amino acids). <\/span><span style=\"font-weight: 400;\">Pode ser usado sozinho ou em combina\u00e7\u00e3o com outros produtos e tratamentos complementares. Essa solu\u00e7\u00e3o injet\u00e1vel pode ser aplicada no rosto, colo, pesco\u00e7o, axilas, joelhos, abd\u00f4men e coxas.<\/span><\/p>\n","protected":false},"excerpt":{"rendered":"<p>JALUPRO 2x30mg\/3ml + 2x100mg \u00e9 um preenchimento dermal com f\u00f3rmula especial que combina as propriedades hidratantes do \u00e1cido hialur\u00f4nico com os benef\u00edcios revitalizantes dos amino\u00e1cidos (en.amino acids). Pode ser usado sozinho ou em combina\u00e7\u00e3o com outros produtos e tratamentos complementares. Essa solu\u00e7\u00e3o injet\u00e1vel pode ser aplicada no rosto, colo, pesco\u00e7o, axilas, joelhos, abd\u00f4men e coxas.<\/p>\n","protected":false},"featured_media":121578,"comment_status":"closed","ping_status":"closed","template":"","meta":{"_acf_changed":false,"inline_featured_image":false},"product_brand":[3227],"product_cat":[4082],"product_tag":[4084],"class_list":{"0":"post-121577","1":"product","2":"type-product","3":"status-publish","4":"has-post-thumbnail","6":"product_brand-jalupro","7":"product_cat-dermal-fillers-pt-pt","8":"product_tag-medical-devices-pt-pt","10":"first","11":"instock","12":"taxable","13":"shipping-taxable","14":"purchasable","15":"product-type-simple","16":"add-to-wishlist-before_image"},"acf":[],"yoast_head":"<!-- This site is optimized with the Yoast SEO plugin v27.3 - https:\/\/yoast.com\/product\/yoast-seo-wordpress\/ -->\n<title>Compre JALUPRO 2x30mg\/3ml + 2x100mg Online \u2013 Preenchimento Dermal<\/title>\n<meta name=\"description\" content=\"Compre JALUPRO\u00ae 2x30mg\/3ml + 2x100mg online e combine hialuronato de s\u00f3dio e amino\u00e1cidos para corrigir problemas de pele no rosto e no corpo.\" \/>\n<meta name=\"robots\" content=\"index, follow, max-snippet:-1, max-image-preview:large, max-video-preview:-1\" \/>\n<link rel=\"canonical\" href=\"https:\/\/kinamihealth.com\/pt-pt\/wp-json\/wp\/v2\/product\/121577\" \/>\n<meta property=\"og:locale\" content=\"pt_PT\" \/>\n<meta property=\"og:type\" content=\"article\" \/>\n<meta property=\"og:title\" content=\"Compre JALUPRO 2x30mg\/3ml + 2x100mg Online \u2013 Preenchimento Dermal\" \/>\n<meta property=\"og:description\" content=\"Compre JALUPRO\u00ae 2x30mg\/3ml + 2x100mg online e combine hialuronato de s\u00f3dio e amino\u00e1cidos para corrigir problemas de pele no rosto e no corpo.\" \/>\n<meta property=\"og:url\" content=\"https:\/\/kinamihealth.com\/pt-pt\/produto\/jalupro-2x30mg-3ml-2x100mg\/\" \/>\n<meta property=\"og:site_name\" content=\"Kinami Health\" \/>\n<meta property=\"article:modified_time\" content=\"2025-12-21T19:27:48+00:00\" \/>\n<meta property=\"og:image\" content=\"https:\/\/kinamihealth.com\/wp-content\/uploads\/2025\/02\/PRODERMA-JALUPRO-01.webp\" \/>\n\t<meta property=\"og:image:width\" content=\"800\" \/>\n\t<meta property=\"og:image:height\" content=\"800\" \/>\n\t<meta property=\"og:image:type\" content=\"image\/webp\" \/>\n<meta name=\"twitter:card\" content=\"summary_large_image\" \/>\n<meta name=\"twitter:label1\" content=\"Tempo estimado de leitura\" \/>\n\t<meta name=\"twitter:data1\" content=\"1 minuto\" \/>\n<!-- \/ Yoast SEO plugin. -->","yoast_head_json":{"title":"Compre JALUPRO 2x30mg\/3ml + 2x100mg Online \u2013 Preenchimento Dermal","description":"Compre JALUPRO\u00ae 2x30mg\/3ml + 2x100mg online e combine hialuronato de s\u00f3dio e amino\u00e1cidos para corrigir problemas de pele no rosto e no corpo.","robots":{"index":"index","follow":"follow","max-snippet":"max-snippet:-1","max-image-preview":"max-image-preview:large","max-video-preview":"max-video-preview:-1"},"canonical":"https:\/\/kinamihealth.com\/pt-pt\/wp-json\/wp\/v2\/product\/121577","og_locale":"pt_PT","og_type":"article","og_title":"Compre JALUPRO 2x30mg\/3ml + 2x100mg Online \u2013 Preenchimento Dermal","og_description":"Compre JALUPRO\u00ae 2x30mg\/3ml + 2x100mg online e combine hialuronato de s\u00f3dio e amino\u00e1cidos para corrigir problemas de pele no rosto e no corpo.","og_url":"https:\/\/kinamihealth.com\/pt-pt\/produto\/jalupro-2x30mg-3ml-2x100mg\/","og_site_name":"Kinami Health","article_modified_time":"2025-12-21T19:27:48+00:00","og_image":[{"width":800,"height":800,"url":"https:\/\/kinamihealth.com\/wp-content\/uploads\/2025\/02\/PRODERMA-JALUPRO-01.webp","type":"image\/webp"}],"twitter_card":"summary_large_image","twitter_misc":{"Tempo estimado de leitura":"1 minuto"},"schema":{"@context":"https:\/\/schema.org","@graph":[{"@type":"WebPage","@id":"https:\/\/kinamihealth.com\/pt-pt\/produto\/jalupro-2x30mg-3ml-2x100mg\/","url":"https:\/\/kinamihealth.com\/pt-pt\/produto\/jalupro-2x30mg-3ml-2x100mg\/","name":"Compre JALUPRO 2x30mg\/3ml + 2x100mg Online \u2013 Preenchimento Dermal","isPartOf":{"@id":"https:\/\/kinamihealth.com\/#website"},"primaryImageOfPage":{"@id":"https:\/\/kinamihealth.com\/pt-pt\/produto\/jalupro-2x30mg-3ml-2x100mg\/#primaryimage"},"image":{"@id":"https:\/\/kinamihealth.com\/pt-pt\/produto\/jalupro-2x30mg-3ml-2x100mg\/#primaryimage"},"thumbnailUrl":"https:\/\/kinamihealth.com\/wp-content\/uploads\/2025\/02\/PRODERMA-JALUPRO-01.webp","datePublished":"2025-02-15T16:55:43+00:00","dateModified":"2025-12-21T19:27:48+00:00","description":"Compre JALUPRO\u00ae 2x30mg\/3ml + 2x100mg online e combine hialuronato de s\u00f3dio e amino\u00e1cidos para corrigir problemas de pele no rosto e no corpo.","breadcrumb":{"@id":"https:\/\/kinamihealth.com\/pt-pt\/produto\/jalupro-2x30mg-3ml-2x100mg\/#breadcrumb"},"inLanguage":"pt-PT","potentialAction":[{"@type":"ReadAction","target":["https:\/\/kinamihealth.com\/pt-pt\/produto\/jalupro-2x30mg-3ml-2x100mg\/"]}]},{"@type":"ImageObject","inLanguage":"pt-PT","@id":"https:\/\/kinamihealth.com\/pt-pt\/produto\/jalupro-2x30mg-3ml-2x100mg\/#primaryimage","url":"https:\/\/kinamihealth.com\/wp-content\/uploads\/2025\/02\/PRODERMA-JALUPRO-01.webp","contentUrl":"https:\/\/kinamihealth.com\/wp-content\/uploads\/2025\/02\/PRODERMA-JALUPRO-01.webp","width":800,"height":800},{"@type":"BreadcrumbList","@id":"https:\/\/kinamihealth.com\/pt-pt\/produto\/jalupro-2x30mg-3ml-2x100mg\/#breadcrumb","itemListElement":[{"@type":"ListItem","position":1,"name":"In\u00edcio","item":"https:\/\/kinamihealth.com\/"},{"@type":"ListItem","position":2,"name":"Loja","item":"https:\/\/kinamihealth.com\/shop\/"},{"@type":"ListItem","position":3,"name":"JALUPRO\u00ae 2x30mg\/3ml + 2x100mg"}]},{"@type":"WebSite","@id":"https:\/\/kinamihealth.com\/#website","url":"https:\/\/kinamihealth.com\/","name":"Kinami Health","description":"","publisher":{"@id":"https:\/\/kinamihealth.com\/#organization"},"potentialAction":[{"@type":"SearchAction","target":{"@type":"EntryPoint","urlTemplate":"https:\/\/kinamihealth.com\/?s={search_term_string}"},"query-input":{"@type":"PropertyValueSpecification","valueRequired":true,"valueName":"search_term_string"}}],"inLanguage":"pt-PT"},{"@type":"Organization","@id":"https:\/\/kinamihealth.com\/#organization","name":"Kinami Health","url":"https:\/\/kinamihealth.com\/","logo":{"@type":"ImageObject","inLanguage":"pt-PT","@id":"https:\/\/kinamihealth.com\/#\/schema\/logo\/image\/","url":"https:\/\/kinamihealth.com\/wp-content\/uploads\/2025\/01\/KH_logo_black_2-1.png","contentUrl":"https:\/\/kinamihealth.com\/wp-content\/uploads\/2025\/01\/KH_logo_black_2-1.png","width":339,"height":34,"caption":"Kinami Health"},"image":{"@id":"https:\/\/kinamihealth.com\/#\/schema\/logo\/image\/"}}]}},"_links":{"self":[{"href":"https:\/\/kinamihealth.com\/pt-pt\/wp-json\/wp\/v2\/product\/121577","targetHints":{"allow":["GET"]}}],"collection":[{"href":"https:\/\/kinamihealth.com\/pt-pt\/wp-json\/wp\/v2\/product"}],"about":[{"href":"https:\/\/kinamihealth.com\/pt-pt\/wp-json\/wp\/v2\/types\/product"}],"replies":[{"embeddable":true,"href":"https:\/\/kinamihealth.com\/pt-pt\/wp-json\/wp\/v2\/comments?post=121577"}],"version-history":[{"count":0,"href":"https:\/\/kinamihealth.com\/pt-pt\/wp-json\/wp\/v2\/product\/121577\/revisions"}],"wp:featuredmedia":[{"embeddable":true,"href":"https:\/\/kinamihealth.com\/pt-pt\/wp-json\/wp\/v2\/media\/121578"}],"wp:attachment":[{"href":"https:\/\/kinamihealth.com\/pt-pt\/wp-json\/wp\/v2\/media?parent=121577"}],"wp:term":[{"taxonomy":"product_brand","embeddable":true,"href":"https:\/\/kinamihealth.com\/pt-pt\/wp-json\/wp\/v2\/product_brand?post=121577"},{"taxonomy":"product_cat","embeddable":true,"href":"https:\/\/kinamihealth.com\/pt-pt\/wp-json\/wp\/v2\/product_cat?post=121577"},{"taxonomy":"product_tag","embeddable":true,"href":"https:\/\/kinamihealth.com\/pt-pt\/wp-json\/wp\/v2\/product_tag?post=121577"}],"curies":[{"name":"wp","href":"https:\/\/api.w.org\/{rel}","templated":true}]}}