{"id":121558,"date":"2025-02-15T16:55:34","date_gmt":"2025-02-15T16:55:34","guid":{"rendered":"https:\/\/kinamihealth.com\/product\/intraline-pdo-threads-cog-dimension-360-b2190-c-21g-90mm-150mm\/"},"modified":"2026-04-03T11:51:44","modified_gmt":"2026-04-03T11:51:44","slug":"intraline-pdo-threads-cog-dimension-360-b2190-c-21g-90mm-150mm","status":"publish","type":"product","link":"https:\/\/kinamihealth.com\/pt-pt\/produto\/intraline-pdo-threads-cog-dimension-360-b2190-c-21g-90mm-150mm\/","title":{"rendered":"INTRALINE\u00ae PDO THREADS B2190-C &#8211; COG DIMENSION 360 21G 90\/150MM (10 pack)"},"content":{"rendered":"<p><span style=\"font-weight: 400;\">Os <\/span><b>INTRALINE\u00ae FIOS PDO Cog Dimension 360 B2190-C-21G<\/b><span style=\"font-weight: 400;\"> s\u00e3o fios est\u00e9ticos avan\u00e7ados, desenvolvidos pela Intraline para lifting e contorno facial superiores. <\/span><span style=\"font-weight: 400;\">Estes fios PDO apresentam uma configura\u00e7\u00e3o inovadora de ganchos em 360 graus, garantindo \u00f3tima fixa\u00e7\u00e3o e ader\u00eancia tecidual. <\/span><span style=\"font-weight: 400;\">Fabricados com polidioxanona (PDO) de grau m\u00e9dico \u2014 um material totalmente biodegrad\u00e1vel \u2014 estimulam a produ\u00e7\u00e3o natural de colag\u00e9nio, promovendo melhorias duradouras na firmeza e qualidade da pele.<\/span><\/p>\n","protected":false},"excerpt":{"rendered":"<p>Os INTRALINE\u00ae FIOS PDO Cog Dimension 360 B2190-C-21G s\u00e3o fios est\u00e9ticos avan\u00e7ados, desenvolvidos pela Intraline para lifting e contorno facial superiores. Estes fios PDO apresentam uma configura\u00e7\u00e3o inovadora de ganchos em 360 graus, garantindo \u00f3tima fixa\u00e7\u00e3o e ader\u00eancia tecidual. Fabricados com polidioxanona (PDO) de grau m\u00e9dico \u2014 um material totalmente biodegrad\u00e1vel \u2014 estimulam a produ\u00e7\u00e3o [&hellip;]<\/p>\n","protected":false},"featured_media":121559,"comment_status":"closed","ping_status":"closed","template":"","meta":{"_acf_changed":false,"inline_featured_image":false},"product_brand":[3226],"product_cat":[4258,4257],"product_tag":[4084],"class_list":{"0":"post-121558","1":"product","2":"type-product","3":"status-publish","4":"has-post-thumbnail","6":"product_brand-intraline","7":"product_cat-pdo-threads-pt-pt","8":"product_cat-threads-pt-pt","9":"product_tag-medical-devices-pt-pt","11":"first","12":"instock","13":"taxable","14":"shipping-taxable","15":"purchasable","16":"product-type-simple","17":"add-to-wishlist-before_image"},"acf":[],"yoast_head":"<!-- This site is optimized with the Yoast SEO plugin v27.3 - https:\/\/yoast.com\/product\/yoast-seo-wordpress\/ -->\n<title>Encomendar INTRALINE\u00ae FIOS PDO Cog Dimension 360 B2190-C-21G | Kinami Health<\/title>\n<meta name=\"description\" content=\"Encomende os INTRALINE\u00ae FIOS PDO Cog Dimension 360 B2190-C-21G para levantar e redefinir os tecidos faciais com ganchos de 360 graus e forte poder de fixa\u00e7\u00e3o.\" \/>\n<meta name=\"robots\" content=\"index, follow, max-snippet:-1, max-image-preview:large, max-video-preview:-1\" \/>\n<link rel=\"canonical\" href=\"https:\/\/kinamihealth.com\/pt-pt\/wp-json\/wp\/v2\/product\/121558\" \/>\n<meta property=\"og:locale\" content=\"pt_PT\" \/>\n<meta property=\"og:type\" content=\"article\" \/>\n<meta property=\"og:title\" content=\"Encomendar INTRALINE\u00ae FIOS PDO Cog Dimension 360 B2190-C-21G | Kinami Health\" \/>\n<meta property=\"og:description\" content=\"Encomende os INTRALINE\u00ae FIOS PDO Cog Dimension 360 B2190-C-21G para levantar e redefinir os tecidos faciais com ganchos de 360 graus e forte poder de fixa\u00e7\u00e3o.\" \/>\n<meta property=\"og:url\" content=\"https:\/\/kinamihealth.com\/pt-pt\/produto\/intraline-pdo-threads-cog-dimension-360-b2190-c-21g-90mm-150mm\/\" \/>\n<meta property=\"og:site_name\" content=\"Kinami Health\" \/>\n<meta property=\"article:modified_time\" content=\"2026-04-03T11:51:44+00:00\" \/>\n<meta property=\"og:image\" content=\"https:\/\/kinamihealth.com\/wp-content\/uploads\/2025\/02\/INTRALINE-PDODIMENSION360-B2190C-21G90MM150MM-01.jpg\" \/>\n\t<meta property=\"og:image:width\" content=\"800\" \/>\n\t<meta property=\"og:image:height\" content=\"800\" \/>\n\t<meta property=\"og:image:type\" content=\"image\/jpeg\" \/>\n<meta name=\"twitter:card\" content=\"summary_large_image\" \/>\n<meta name=\"twitter:label1\" content=\"Tempo estimado de leitura\" \/>\n\t<meta name=\"twitter:data1\" content=\"1 minuto\" \/>\n<!-- \/ Yoast SEO plugin. -->","yoast_head_json":{"title":"Encomendar INTRALINE\u00ae FIOS PDO Cog Dimension 360 B2190-C-21G | Kinami Health","description":"Encomende os INTRALINE\u00ae FIOS PDO Cog Dimension 360 B2190-C-21G para levantar e redefinir os tecidos faciais com ganchos de 360 graus e forte poder de fixa\u00e7\u00e3o.","robots":{"index":"index","follow":"follow","max-snippet":"max-snippet:-1","max-image-preview":"max-image-preview:large","max-video-preview":"max-video-preview:-1"},"canonical":"https:\/\/kinamihealth.com\/pt-pt\/wp-json\/wp\/v2\/product\/121558","og_locale":"pt_PT","og_type":"article","og_title":"Encomendar INTRALINE\u00ae FIOS PDO Cog Dimension 360 B2190-C-21G | Kinami Health","og_description":"Encomende os INTRALINE\u00ae FIOS PDO Cog Dimension 360 B2190-C-21G para levantar e redefinir os tecidos faciais com ganchos de 360 graus e forte poder de fixa\u00e7\u00e3o.","og_url":"https:\/\/kinamihealth.com\/pt-pt\/produto\/intraline-pdo-threads-cog-dimension-360-b2190-c-21g-90mm-150mm\/","og_site_name":"Kinami Health","article_modified_time":"2026-04-03T11:51:44+00:00","og_image":[{"width":800,"height":800,"url":"https:\/\/kinamihealth.com\/wp-content\/uploads\/2025\/02\/INTRALINE-PDODIMENSION360-B2190C-21G90MM150MM-01.jpg","type":"image\/jpeg"}],"twitter_card":"summary_large_image","twitter_misc":{"Tempo estimado de leitura":"1 minuto"},"schema":{"@context":"https:\/\/schema.org","@graph":[{"@type":"WebPage","@id":"https:\/\/kinamihealth.com\/pt-pt\/produto\/intraline-pdo-threads-cog-dimension-360-b2190-c-21g-90mm-150mm\/","url":"https:\/\/kinamihealth.com\/pt-pt\/produto\/intraline-pdo-threads-cog-dimension-360-b2190-c-21g-90mm-150mm\/","name":"Encomendar INTRALINE\u00ae FIOS PDO Cog Dimension 360 B2190-C-21G | Kinami Health","isPartOf":{"@id":"https:\/\/kinamihealth.com\/#website"},"primaryImageOfPage":{"@id":"https:\/\/kinamihealth.com\/pt-pt\/produto\/intraline-pdo-threads-cog-dimension-360-b2190-c-21g-90mm-150mm\/#primaryimage"},"image":{"@id":"https:\/\/kinamihealth.com\/pt-pt\/produto\/intraline-pdo-threads-cog-dimension-360-b2190-c-21g-90mm-150mm\/#primaryimage"},"thumbnailUrl":"https:\/\/kinamihealth.com\/wp-content\/uploads\/2025\/02\/INTRALINE-PDODIMENSION360-B2190C-21G90MM150MM-01.jpg","datePublished":"2025-02-15T16:55:34+00:00","dateModified":"2026-04-03T11:51:44+00:00","description":"Encomende os INTRALINE\u00ae FIOS PDO Cog Dimension 360 B2190-C-21G para levantar e redefinir os tecidos faciais com ganchos de 360 graus e forte poder de fixa\u00e7\u00e3o.","breadcrumb":{"@id":"https:\/\/kinamihealth.com\/pt-pt\/produto\/intraline-pdo-threads-cog-dimension-360-b2190-c-21g-90mm-150mm\/#breadcrumb"},"inLanguage":"pt-PT","potentialAction":[{"@type":"ReadAction","target":["https:\/\/kinamihealth.com\/pt-pt\/produto\/intraline-pdo-threads-cog-dimension-360-b2190-c-21g-90mm-150mm\/"]}]},{"@type":"ImageObject","inLanguage":"pt-PT","@id":"https:\/\/kinamihealth.com\/pt-pt\/produto\/intraline-pdo-threads-cog-dimension-360-b2190-c-21g-90mm-150mm\/#primaryimage","url":"https:\/\/kinamihealth.com\/wp-content\/uploads\/2025\/02\/INTRALINE-PDODIMENSION360-B2190C-21G90MM150MM-01.jpg","contentUrl":"https:\/\/kinamihealth.com\/wp-content\/uploads\/2025\/02\/INTRALINE-PDODIMENSION360-B2190C-21G90MM150MM-01.jpg","width":800,"height":800},{"@type":"BreadcrumbList","@id":"https:\/\/kinamihealth.com\/pt-pt\/produto\/intraline-pdo-threads-cog-dimension-360-b2190-c-21g-90mm-150mm\/#breadcrumb","itemListElement":[{"@type":"ListItem","position":1,"name":"In\u00edcio","item":"https:\/\/kinamihealth.com\/"},{"@type":"ListItem","position":2,"name":"Loja","item":"https:\/\/kinamihealth.com\/shop\/"},{"@type":"ListItem","position":3,"name":"INTRALINE\u00ae PDO THREADS B2190-C &#8211; COG DIMENSION 360 21G 90\/150MM (10 pack)"}]},{"@type":"WebSite","@id":"https:\/\/kinamihealth.com\/#website","url":"https:\/\/kinamihealth.com\/","name":"Kinami Health","description":"","publisher":{"@id":"https:\/\/kinamihealth.com\/#organization"},"potentialAction":[{"@type":"SearchAction","target":{"@type":"EntryPoint","urlTemplate":"https:\/\/kinamihealth.com\/?s={search_term_string}"},"query-input":{"@type":"PropertyValueSpecification","valueRequired":true,"valueName":"search_term_string"}}],"inLanguage":"pt-PT"},{"@type":"Organization","@id":"https:\/\/kinamihealth.com\/#organization","name":"Kinami Health","url":"https:\/\/kinamihealth.com\/","logo":{"@type":"ImageObject","inLanguage":"pt-PT","@id":"https:\/\/kinamihealth.com\/#\/schema\/logo\/image\/","url":"https:\/\/kinamihealth.com\/wp-content\/uploads\/2025\/01\/KH_logo_black_2-1.png","contentUrl":"https:\/\/kinamihealth.com\/wp-content\/uploads\/2025\/01\/KH_logo_black_2-1.png","width":339,"height":34,"caption":"Kinami Health"},"image":{"@id":"https:\/\/kinamihealth.com\/#\/schema\/logo\/image\/"}}]}},"_links":{"self":[{"href":"https:\/\/kinamihealth.com\/pt-pt\/wp-json\/wp\/v2\/product\/121558","targetHints":{"allow":["GET"]}}],"collection":[{"href":"https:\/\/kinamihealth.com\/pt-pt\/wp-json\/wp\/v2\/product"}],"about":[{"href":"https:\/\/kinamihealth.com\/pt-pt\/wp-json\/wp\/v2\/types\/product"}],"replies":[{"embeddable":true,"href":"https:\/\/kinamihealth.com\/pt-pt\/wp-json\/wp\/v2\/comments?post=121558"}],"version-history":[{"count":1,"href":"https:\/\/kinamihealth.com\/pt-pt\/wp-json\/wp\/v2\/product\/121558\/revisions"}],"predecessor-version":[{"id":134612,"href":"https:\/\/kinamihealth.com\/pt-pt\/wp-json\/wp\/v2\/product\/121558\/revisions\/134612"}],"wp:featuredmedia":[{"embeddable":true,"href":"https:\/\/kinamihealth.com\/pt-pt\/wp-json\/wp\/v2\/media\/121559"}],"wp:attachment":[{"href":"https:\/\/kinamihealth.com\/pt-pt\/wp-json\/wp\/v2\/media?parent=121558"}],"wp:term":[{"taxonomy":"product_brand","embeddable":true,"href":"https:\/\/kinamihealth.com\/pt-pt\/wp-json\/wp\/v2\/product_brand?post=121558"},{"taxonomy":"product_cat","embeddable":true,"href":"https:\/\/kinamihealth.com\/pt-pt\/wp-json\/wp\/v2\/product_cat?post=121558"},{"taxonomy":"product_tag","embeddable":true,"href":"https:\/\/kinamihealth.com\/pt-pt\/wp-json\/wp\/v2\/product_tag?post=121558"}],"curies":[{"name":"wp","href":"https:\/\/api.w.org\/{rel}","templated":true}]}}