{"id":121556,"date":"2025-02-15T16:55:35","date_gmt":"2025-02-15T16:55:35","guid":{"rendered":"https:\/\/kinamihealth.com\/product\/intraline-pdo-threads-cog-dimension-360-c19100m-c-19g-100mm-150mm\/"},"modified":"2026-04-03T11:29:11","modified_gmt":"2026-04-03T11:29:11","slug":"intraline-pdo-threads-cog-dimension-360-c19100m-c-19g-100mm-150mm","status":"publish","type":"product","link":"https:\/\/kinamihealth.com\/pt-pt\/produto\/intraline-pdo-threads-cog-dimension-360-c19100m-c-19g-100mm-150mm\/","title":{"rendered":"INTRALINE\u00ae PDO THREADS C19100M-C &#8211; COG DIMENSION 360 19G 100\/150MM (10 pack)"},"content":{"rendered":"<p><b>INTRALINE\u00ae PDO THREADS Cog Dimension 360 B2190-C-21G<\/b><span style=\"font-weight: 400;\"> s\u00e3o <\/span><b>fios<\/b><span style=\"font-weight: 400;\"> est\u00e9ticos avan\u00e7ados, especificamente concebidos pela <\/span><b>Intraline<\/b><span style=\"font-weight: 400;\"> para um lifting facial e contorno superiores. Estes <\/span><b>fios PDO<\/b><span style=\"font-weight: 400;\"> apresentam uma configura\u00e7\u00e3o inovadora de engrenagem de 360 graus, garantindo um envolvimento ideal do tecido e uma forte fixa\u00e7\u00e3o.<\/span><\/p>\n","protected":false},"excerpt":{"rendered":"<p>INTRALINE\u00ae PDO THREADS Cog Dimension 360 B2190-C-21G s\u00e3o fios est\u00e9ticos avan\u00e7ados, especificamente concebidos pela Intraline para um lifting facial e contorno superiores. Estes fios PDO apresentam uma configura\u00e7\u00e3o inovadora de engrenagem de 360 graus, garantindo um envolvimento ideal do tecido e uma forte fixa\u00e7\u00e3o.<\/p>\n","protected":false},"featured_media":121557,"comment_status":"closed","ping_status":"closed","template":"","meta":{"_acf_changed":false,"inline_featured_image":false},"product_brand":[3226],"product_cat":[4258,4257],"product_tag":[4084],"class_list":{"0":"post-121556","1":"product","2":"type-product","3":"status-publish","4":"has-post-thumbnail","6":"product_brand-intraline","7":"product_cat-pdo-threads-pt-pt","8":"product_cat-threads-pt-pt","9":"product_tag-medical-devices-pt-pt","11":"first","12":"instock","13":"taxable","14":"shipping-taxable","15":"purchasable","16":"product-type-simple","17":"add-to-wishlist-before_image"},"acf":[],"yoast_head":"<!-- This site is optimized with the Yoast SEO plugin v27.3 - https:\/\/yoast.com\/product\/yoast-seo-wordpress\/ -->\n<title>Encomende INTRALINE\u00ae PDO THREADS Cog Dimension 360 B2190-C-21G | Kinami Health<\/title>\n<meta name=\"description\" content=\"Encomende INTRALINE\u00ae PDO THREADS Cog Dimension 360 B2190-C-21G para levantar e contornar o tecido facial usando engrenagens de 360 graus com forte poder de fixa\u00e7\u00e3o.\" \/>\n<meta name=\"robots\" content=\"index, follow, max-snippet:-1, max-image-preview:large, max-video-preview:-1\" \/>\n<link rel=\"canonical\" href=\"https:\/\/kinamihealth.com\/pt-pt\/wp-json\/wp\/v2\/product\/121556\" \/>\n<meta property=\"og:locale\" content=\"pt_PT\" \/>\n<meta property=\"og:type\" content=\"article\" \/>\n<meta property=\"og:title\" content=\"Encomende INTRALINE\u00ae PDO THREADS Cog Dimension 360 B2190-C-21G | Kinami Health\" \/>\n<meta property=\"og:description\" content=\"Encomende INTRALINE\u00ae PDO THREADS Cog Dimension 360 B2190-C-21G para levantar e contornar o tecido facial usando engrenagens de 360 graus com forte poder de fixa\u00e7\u00e3o.\" \/>\n<meta property=\"og:url\" content=\"https:\/\/kinamihealth.com\/pt-pt\/produto\/intraline-pdo-threads-cog-dimension-360-c19100m-c-19g-100mm-150mm\/\" \/>\n<meta property=\"og:site_name\" content=\"Kinami Health\" \/>\n<meta property=\"article:modified_time\" content=\"2026-04-03T11:29:11+00:00\" \/>\n<meta property=\"og:image\" content=\"https:\/\/kinamihealth.com\/wp-content\/uploads\/2025\/02\/INTRALINE-PDOCOG360-C191000M-100-01.jpg\" \/>\n\t<meta property=\"og:image:width\" content=\"800\" \/>\n\t<meta property=\"og:image:height\" content=\"800\" \/>\n\t<meta property=\"og:image:type\" content=\"image\/jpeg\" \/>\n<meta name=\"twitter:card\" content=\"summary_large_image\" \/>\n<meta name=\"twitter:label1\" content=\"Tempo estimado de leitura\" \/>\n\t<meta name=\"twitter:data1\" content=\"1 minuto\" \/>\n<!-- \/ Yoast SEO plugin. -->","yoast_head_json":{"title":"Encomende INTRALINE\u00ae PDO THREADS Cog Dimension 360 B2190-C-21G | Kinami Health","description":"Encomende INTRALINE\u00ae PDO THREADS Cog Dimension 360 B2190-C-21G para levantar e contornar o tecido facial usando engrenagens de 360 graus com forte poder de fixa\u00e7\u00e3o.","robots":{"index":"index","follow":"follow","max-snippet":"max-snippet:-1","max-image-preview":"max-image-preview:large","max-video-preview":"max-video-preview:-1"},"canonical":"https:\/\/kinamihealth.com\/pt-pt\/wp-json\/wp\/v2\/product\/121556","og_locale":"pt_PT","og_type":"article","og_title":"Encomende INTRALINE\u00ae PDO THREADS Cog Dimension 360 B2190-C-21G | Kinami Health","og_description":"Encomende INTRALINE\u00ae PDO THREADS Cog Dimension 360 B2190-C-21G para levantar e contornar o tecido facial usando engrenagens de 360 graus com forte poder de fixa\u00e7\u00e3o.","og_url":"https:\/\/kinamihealth.com\/pt-pt\/produto\/intraline-pdo-threads-cog-dimension-360-c19100m-c-19g-100mm-150mm\/","og_site_name":"Kinami Health","article_modified_time":"2026-04-03T11:29:11+00:00","og_image":[{"width":800,"height":800,"url":"https:\/\/kinamihealth.com\/wp-content\/uploads\/2025\/02\/INTRALINE-PDOCOG360-C191000M-100-01.jpg","type":"image\/jpeg"}],"twitter_card":"summary_large_image","twitter_misc":{"Tempo estimado de leitura":"1 minuto"},"schema":{"@context":"https:\/\/schema.org","@graph":[{"@type":"WebPage","@id":"https:\/\/kinamihealth.com\/pt-pt\/produto\/intraline-pdo-threads-cog-dimension-360-c19100m-c-19g-100mm-150mm\/","url":"https:\/\/kinamihealth.com\/pt-pt\/produto\/intraline-pdo-threads-cog-dimension-360-c19100m-c-19g-100mm-150mm\/","name":"Encomende INTRALINE\u00ae PDO THREADS Cog Dimension 360 B2190-C-21G | Kinami Health","isPartOf":{"@id":"https:\/\/kinamihealth.com\/#website"},"primaryImageOfPage":{"@id":"https:\/\/kinamihealth.com\/pt-pt\/produto\/intraline-pdo-threads-cog-dimension-360-c19100m-c-19g-100mm-150mm\/#primaryimage"},"image":{"@id":"https:\/\/kinamihealth.com\/pt-pt\/produto\/intraline-pdo-threads-cog-dimension-360-c19100m-c-19g-100mm-150mm\/#primaryimage"},"thumbnailUrl":"https:\/\/kinamihealth.com\/wp-content\/uploads\/2025\/02\/INTRALINE-PDOCOG360-C191000M-100-01.jpg","datePublished":"2025-02-15T16:55:35+00:00","dateModified":"2026-04-03T11:29:11+00:00","description":"Encomende INTRALINE\u00ae PDO THREADS Cog Dimension 360 B2190-C-21G para levantar e contornar o tecido facial usando engrenagens de 360 graus com forte poder de fixa\u00e7\u00e3o.","breadcrumb":{"@id":"https:\/\/kinamihealth.com\/pt-pt\/produto\/intraline-pdo-threads-cog-dimension-360-c19100m-c-19g-100mm-150mm\/#breadcrumb"},"inLanguage":"pt-PT","potentialAction":[{"@type":"ReadAction","target":["https:\/\/kinamihealth.com\/pt-pt\/produto\/intraline-pdo-threads-cog-dimension-360-c19100m-c-19g-100mm-150mm\/"]}]},{"@type":"ImageObject","inLanguage":"pt-PT","@id":"https:\/\/kinamihealth.com\/pt-pt\/produto\/intraline-pdo-threads-cog-dimension-360-c19100m-c-19g-100mm-150mm\/#primaryimage","url":"https:\/\/kinamihealth.com\/wp-content\/uploads\/2025\/02\/INTRALINE-PDOCOG360-C191000M-100-01.jpg","contentUrl":"https:\/\/kinamihealth.com\/wp-content\/uploads\/2025\/02\/INTRALINE-PDOCOG360-C191000M-100-01.jpg","width":800,"height":800},{"@type":"BreadcrumbList","@id":"https:\/\/kinamihealth.com\/pt-pt\/produto\/intraline-pdo-threads-cog-dimension-360-c19100m-c-19g-100mm-150mm\/#breadcrumb","itemListElement":[{"@type":"ListItem","position":1,"name":"In\u00edcio","item":"https:\/\/kinamihealth.com\/"},{"@type":"ListItem","position":2,"name":"Loja","item":"https:\/\/kinamihealth.com\/shop\/"},{"@type":"ListItem","position":3,"name":"INTRALINE\u00ae PDO THREADS C19100M-C &#8211; COG DIMENSION 360 19G 100\/150MM (10 pack)"}]},{"@type":"WebSite","@id":"https:\/\/kinamihealth.com\/#website","url":"https:\/\/kinamihealth.com\/","name":"Kinami Health","description":"","publisher":{"@id":"https:\/\/kinamihealth.com\/#organization"},"potentialAction":[{"@type":"SearchAction","target":{"@type":"EntryPoint","urlTemplate":"https:\/\/kinamihealth.com\/?s={search_term_string}"},"query-input":{"@type":"PropertyValueSpecification","valueRequired":true,"valueName":"search_term_string"}}],"inLanguage":"pt-PT"},{"@type":"Organization","@id":"https:\/\/kinamihealth.com\/#organization","name":"Kinami Health","url":"https:\/\/kinamihealth.com\/","logo":{"@type":"ImageObject","inLanguage":"pt-PT","@id":"https:\/\/kinamihealth.com\/#\/schema\/logo\/image\/","url":"https:\/\/kinamihealth.com\/wp-content\/uploads\/2025\/01\/KH_logo_black_2-1.png","contentUrl":"https:\/\/kinamihealth.com\/wp-content\/uploads\/2025\/01\/KH_logo_black_2-1.png","width":339,"height":34,"caption":"Kinami Health"},"image":{"@id":"https:\/\/kinamihealth.com\/#\/schema\/logo\/image\/"}}]}},"_links":{"self":[{"href":"https:\/\/kinamihealth.com\/pt-pt\/wp-json\/wp\/v2\/product\/121556","targetHints":{"allow":["GET"]}}],"collection":[{"href":"https:\/\/kinamihealth.com\/pt-pt\/wp-json\/wp\/v2\/product"}],"about":[{"href":"https:\/\/kinamihealth.com\/pt-pt\/wp-json\/wp\/v2\/types\/product"}],"replies":[{"embeddable":true,"href":"https:\/\/kinamihealth.com\/pt-pt\/wp-json\/wp\/v2\/comments?post=121556"}],"version-history":[{"count":1,"href":"https:\/\/kinamihealth.com\/pt-pt\/wp-json\/wp\/v2\/product\/121556\/revisions"}],"predecessor-version":[{"id":134588,"href":"https:\/\/kinamihealth.com\/pt-pt\/wp-json\/wp\/v2\/product\/121556\/revisions\/134588"}],"wp:featuredmedia":[{"embeddable":true,"href":"https:\/\/kinamihealth.com\/pt-pt\/wp-json\/wp\/v2\/media\/121557"}],"wp:attachment":[{"href":"https:\/\/kinamihealth.com\/pt-pt\/wp-json\/wp\/v2\/media?parent=121556"}],"wp:term":[{"taxonomy":"product_brand","embeddable":true,"href":"https:\/\/kinamihealth.com\/pt-pt\/wp-json\/wp\/v2\/product_brand?post=121556"},{"taxonomy":"product_cat","embeddable":true,"href":"https:\/\/kinamihealth.com\/pt-pt\/wp-json\/wp\/v2\/product_cat?post=121556"},{"taxonomy":"product_tag","embeddable":true,"href":"https:\/\/kinamihealth.com\/pt-pt\/wp-json\/wp\/v2\/product_tag?post=121556"}],"curies":[{"name":"wp","href":"https:\/\/api.w.org\/{rel}","templated":true}]}}