{"id":121546,"date":"2025-02-15T16:55:33","date_gmt":"2025-02-15T16:55:33","guid":{"rendered":"https:\/\/kinamihealth.com\/product\/intraline-mono-m3038-30g-38mm-50mm\/"},"modified":"2025-12-16T20:08:49","modified_gmt":"2025-12-16T20:08:49","slug":"intraline-mono-m3038-30g-38mm-50mm","status":"publish","type":"product","link":"https:\/\/kinamihealth.com\/pt-pt\/produto\/intraline-mono-m3038-30g-38mm-50mm\/","title":{"rendered":"INTRALINE\u00ae MONO M3038 &#8211; 30G 38mm\/50mm"},"content":{"rendered":"<p><span style=\"font-weight: 400;\">Os <\/span><b>INTRALINE\u00ae MONO M3038<\/b><span style=\"font-weight: 400;\"> s\u00e3o fios PDO de alta qualidade, desenvolvidos pela Intraline para um rejuvenescimento cut\u00e2neo delicado, por\u00e9m eficaz.<\/span><span style=\"font-weight: 400;\"><br \/>\n<\/span><span style=\"font-weight: 400;\"> Estes fios mono de calibre <\/span><b>30G (38mm\u201350mm)<\/b><span style=\"font-weight: 400;\"> s\u00e3o fabricados em <\/span><b>polidioxanona (PDO)<\/b><span style=\"font-weight: 400;\"> de grau m\u00e9dico, reconhecida pela sua biocompatibilidade e elevada resist\u00eancia \u00e0 tra\u00e7\u00e3o.<\/span><span style=\"font-weight: 400;\"><br \/>\n<\/span><span style=\"font-weight: 400;\"> Ideais para melhorias subtis da pele, estes fios estimulam suavemente a produ\u00e7\u00e3o natural de colag\u00e9nio, melhorando de forma significativa o tom, a elasticidade e reduzindo as linhas finas \u2014 proporcionando aos profissionais de est\u00e9tica resultados fi\u00e1veis e previs\u00edveis.<\/span><\/p>\n","protected":false},"excerpt":{"rendered":"<p>Os INTRALINE\u00ae MONO M3038 s\u00e3o fios PDO de alta qualidade, desenvolvidos pela Intraline para um rejuvenescimento cut\u00e2neo delicado, por\u00e9m eficaz. Estes fios mono de calibre 30G (38mm\u201350mm) s\u00e3o fabricados em polidioxanona (PDO) de grau m\u00e9dico, reconhecida pela sua biocompatibilidade e elevada resist\u00eancia \u00e0 tra\u00e7\u00e3o. Ideais para melhorias subtis da pele, estes fios estimulam suavemente a [&hellip;]<\/p>\n","protected":false},"featured_media":121547,"comment_status":"closed","ping_status":"closed","template":"","meta":{"_acf_changed":false,"inline_featured_image":false},"product_brand":[3226],"product_cat":[4258,4257],"product_tag":[4084],"class_list":{"0":"post-121546","1":"product","2":"type-product","3":"status-publish","4":"has-post-thumbnail","6":"product_brand-intraline","7":"product_cat-pdo-threads-pt-pt","8":"product_cat-threads-pt-pt","9":"product_tag-medical-devices-pt-pt","11":"first","12":"instock","13":"taxable","14":"shipping-taxable","15":"purchasable","16":"product-type-simple","17":"add-to-wishlist-before_image"},"acf":[],"yoast_head":"<!-- This site is optimized with the Yoast SEO plugin v27.3 - https:\/\/yoast.com\/product\/yoast-seo-wordpress\/ -->\n<title>Encomende INTRALINE\u00ae MONO M3038 online | Loja online | Kinami Health<\/title>\n<meta name=\"description\" content=\"Encomende INTRALINE\u00ae MONO m3038 para melhorar o tom e a elasticidade da pele usando fios mono de 30 g concebidos para estimular suavemente o colag\u00e9nio e refinar as linhas finas.\" \/>\n<meta name=\"robots\" content=\"index, follow, max-snippet:-1, max-image-preview:large, max-video-preview:-1\" \/>\n<link rel=\"canonical\" href=\"https:\/\/kinamihealth.com\/pt-pt\/wp-json\/wp\/v2\/product\/121546\" \/>\n<meta property=\"og:locale\" content=\"pt_PT\" \/>\n<meta property=\"og:type\" content=\"article\" \/>\n<meta property=\"og:title\" content=\"Encomende INTRALINE\u00ae MONO M3038 online | Loja online | Kinami Health\" \/>\n<meta property=\"og:description\" content=\"Encomende INTRALINE\u00ae MONO m3038 para melhorar o tom e a elasticidade da pele usando fios mono de 30 g concebidos para estimular suavemente o colag\u00e9nio e refinar as linhas finas.\" \/>\n<meta property=\"og:url\" content=\"https:\/\/kinamihealth.com\/pt-pt\/produto\/intraline-mono-m3038-30g-38mm-50mm\/\" \/>\n<meta property=\"og:site_name\" content=\"Kinami Health\" \/>\n<meta property=\"article:modified_time\" content=\"2025-12-16T20:08:49+00:00\" \/>\n<meta property=\"og:image\" content=\"https:\/\/kinamihealth.com\/wp-content\/uploads\/2025\/02\/INTRALINE-M3038-01.jpg\" \/>\n\t<meta property=\"og:image:width\" content=\"800\" \/>\n\t<meta property=\"og:image:height\" content=\"800\" \/>\n\t<meta property=\"og:image:type\" content=\"image\/jpeg\" \/>\n<meta name=\"twitter:card\" content=\"summary_large_image\" \/>\n<meta name=\"twitter:label1\" content=\"Tempo estimado de leitura\" \/>\n\t<meta name=\"twitter:data1\" content=\"1 minuto\" \/>\n<!-- \/ Yoast SEO plugin. -->","yoast_head_json":{"title":"Encomende INTRALINE\u00ae MONO M3038 online | Loja online | Kinami Health","description":"Encomende INTRALINE\u00ae MONO m3038 para melhorar o tom e a elasticidade da pele usando fios mono de 30 g concebidos para estimular suavemente o colag\u00e9nio e refinar as linhas finas.","robots":{"index":"index","follow":"follow","max-snippet":"max-snippet:-1","max-image-preview":"max-image-preview:large","max-video-preview":"max-video-preview:-1"},"canonical":"https:\/\/kinamihealth.com\/pt-pt\/wp-json\/wp\/v2\/product\/121546","og_locale":"pt_PT","og_type":"article","og_title":"Encomende INTRALINE\u00ae MONO M3038 online | Loja online | Kinami Health","og_description":"Encomende INTRALINE\u00ae MONO m3038 para melhorar o tom e a elasticidade da pele usando fios mono de 30 g concebidos para estimular suavemente o colag\u00e9nio e refinar as linhas finas.","og_url":"https:\/\/kinamihealth.com\/pt-pt\/produto\/intraline-mono-m3038-30g-38mm-50mm\/","og_site_name":"Kinami Health","article_modified_time":"2025-12-16T20:08:49+00:00","og_image":[{"width":800,"height":800,"url":"https:\/\/kinamihealth.com\/wp-content\/uploads\/2025\/02\/INTRALINE-M3038-01.jpg","type":"image\/jpeg"}],"twitter_card":"summary_large_image","twitter_misc":{"Tempo estimado de leitura":"1 minuto"},"schema":{"@context":"https:\/\/schema.org","@graph":[{"@type":"WebPage","@id":"https:\/\/kinamihealth.com\/pt-pt\/produto\/intraline-mono-m3038-30g-38mm-50mm\/","url":"https:\/\/kinamihealth.com\/pt-pt\/produto\/intraline-mono-m3038-30g-38mm-50mm\/","name":"Encomende INTRALINE\u00ae MONO M3038 online | Loja online | Kinami Health","isPartOf":{"@id":"https:\/\/kinamihealth.com\/#website"},"primaryImageOfPage":{"@id":"https:\/\/kinamihealth.com\/pt-pt\/produto\/intraline-mono-m3038-30g-38mm-50mm\/#primaryimage"},"image":{"@id":"https:\/\/kinamihealth.com\/pt-pt\/produto\/intraline-mono-m3038-30g-38mm-50mm\/#primaryimage"},"thumbnailUrl":"https:\/\/kinamihealth.com\/wp-content\/uploads\/2025\/02\/INTRALINE-M3038-01.jpg","datePublished":"2025-02-15T16:55:33+00:00","dateModified":"2025-12-16T20:08:49+00:00","description":"Encomende INTRALINE\u00ae MONO m3038 para melhorar o tom e a elasticidade da pele usando fios mono de 30 g concebidos para estimular suavemente o colag\u00e9nio e refinar as linhas finas.","breadcrumb":{"@id":"https:\/\/kinamihealth.com\/pt-pt\/produto\/intraline-mono-m3038-30g-38mm-50mm\/#breadcrumb"},"inLanguage":"pt-PT","potentialAction":[{"@type":"ReadAction","target":["https:\/\/kinamihealth.com\/pt-pt\/produto\/intraline-mono-m3038-30g-38mm-50mm\/"]}]},{"@type":"ImageObject","inLanguage":"pt-PT","@id":"https:\/\/kinamihealth.com\/pt-pt\/produto\/intraline-mono-m3038-30g-38mm-50mm\/#primaryimage","url":"https:\/\/kinamihealth.com\/wp-content\/uploads\/2025\/02\/INTRALINE-M3038-01.jpg","contentUrl":"https:\/\/kinamihealth.com\/wp-content\/uploads\/2025\/02\/INTRALINE-M3038-01.jpg","width":800,"height":800},{"@type":"BreadcrumbList","@id":"https:\/\/kinamihealth.com\/pt-pt\/produto\/intraline-mono-m3038-30g-38mm-50mm\/#breadcrumb","itemListElement":[{"@type":"ListItem","position":1,"name":"In\u00edcio","item":"https:\/\/kinamihealth.com\/"},{"@type":"ListItem","position":2,"name":"Loja","item":"https:\/\/kinamihealth.com\/shop\/"},{"@type":"ListItem","position":3,"name":"INTRALINE\u00ae MONO M3038 &#8211; 30G 38mm\/50mm"}]},{"@type":"WebSite","@id":"https:\/\/kinamihealth.com\/#website","url":"https:\/\/kinamihealth.com\/","name":"Kinami Health","description":"","publisher":{"@id":"https:\/\/kinamihealth.com\/#organization"},"potentialAction":[{"@type":"SearchAction","target":{"@type":"EntryPoint","urlTemplate":"https:\/\/kinamihealth.com\/?s={search_term_string}"},"query-input":{"@type":"PropertyValueSpecification","valueRequired":true,"valueName":"search_term_string"}}],"inLanguage":"pt-PT"},{"@type":"Organization","@id":"https:\/\/kinamihealth.com\/#organization","name":"Kinami Health","url":"https:\/\/kinamihealth.com\/","logo":{"@type":"ImageObject","inLanguage":"pt-PT","@id":"https:\/\/kinamihealth.com\/#\/schema\/logo\/image\/","url":"https:\/\/kinamihealth.com\/wp-content\/uploads\/2025\/01\/KH_logo_black_2-1.png","contentUrl":"https:\/\/kinamihealth.com\/wp-content\/uploads\/2025\/01\/KH_logo_black_2-1.png","width":339,"height":34,"caption":"Kinami Health"},"image":{"@id":"https:\/\/kinamihealth.com\/#\/schema\/logo\/image\/"}}]}},"_links":{"self":[{"href":"https:\/\/kinamihealth.com\/pt-pt\/wp-json\/wp\/v2\/product\/121546","targetHints":{"allow":["GET"]}}],"collection":[{"href":"https:\/\/kinamihealth.com\/pt-pt\/wp-json\/wp\/v2\/product"}],"about":[{"href":"https:\/\/kinamihealth.com\/pt-pt\/wp-json\/wp\/v2\/types\/product"}],"replies":[{"embeddable":true,"href":"https:\/\/kinamihealth.com\/pt-pt\/wp-json\/wp\/v2\/comments?post=121546"}],"version-history":[{"count":0,"href":"https:\/\/kinamihealth.com\/pt-pt\/wp-json\/wp\/v2\/product\/121546\/revisions"}],"wp:featuredmedia":[{"embeddable":true,"href":"https:\/\/kinamihealth.com\/pt-pt\/wp-json\/wp\/v2\/media\/121547"}],"wp:attachment":[{"href":"https:\/\/kinamihealth.com\/pt-pt\/wp-json\/wp\/v2\/media?parent=121546"}],"wp:term":[{"taxonomy":"product_brand","embeddable":true,"href":"https:\/\/kinamihealth.com\/pt-pt\/wp-json\/wp\/v2\/product_brand?post=121546"},{"taxonomy":"product_cat","embeddable":true,"href":"https:\/\/kinamihealth.com\/pt-pt\/wp-json\/wp\/v2\/product_cat?post=121546"},{"taxonomy":"product_tag","embeddable":true,"href":"https:\/\/kinamihealth.com\/pt-pt\/wp-json\/wp\/v2\/product_tag?post=121546"}],"curies":[{"name":"wp","href":"https:\/\/api.w.org\/{rel}","templated":true}]}}