{"id":121534,"date":"2025-02-15T16:55:30","date_gmt":"2025-02-15T16:55:30","guid":{"rendered":"https:\/\/kinamihealth.com\/product\/intraline-m4-plus\/"},"modified":"2025-12-21T17:06:05","modified_gmt":"2025-12-21T17:06:05","slug":"intraline-m4-plus","status":"publish","type":"product","link":"https:\/\/kinamihealth.com\/pt-pt\/produto\/intraline-m4-plus\/","title":{"rendered":"INTRALINE\u00ae M4 PLUS"},"content":{"rendered":"<p><span style=\"font-weight: 400;\">Compre o product Intraline M4 Plus, um preenchedor d\u00e9rmico monof\u00e1sico de alta qualidade com as maiores mol\u00e9culas de \u00e1cido hialur\u00f4nico da linha. \u00c9 ideal para pacientes com perda significativa de volume facial ou que buscam corre\u00e7\u00f5es n\u00e3o invasivas do nariz.<\/span><\/p>\n","protected":false},"excerpt":{"rendered":"<p>Compre o product Intraline M4 Plus, um preenchedor d\u00e9rmico monof\u00e1sico de alta qualidade com as maiores mol\u00e9culas de \u00e1cido hialur\u00f4nico da linha. \u00c9 ideal para pacientes com perda significativa de volume facial ou que buscam corre\u00e7\u00f5es n\u00e3o invasivas do nariz.<\/p>\n","protected":false},"featured_media":121535,"comment_status":"closed","ping_status":"closed","template":"","meta":{"_acf_changed":false,"inline_featured_image":false},"product_brand":[3226],"product_cat":[4082,4083],"product_tag":[4084],"class_list":{"0":"post-121534","1":"product","2":"type-product","3":"status-publish","4":"has-post-thumbnail","6":"product_brand-intraline","7":"product_cat-dermal-fillers-pt-pt","8":"product_cat-ha-dermal-fillers-pt-pt","9":"product_tag-medical-devices-pt-pt","11":"first","12":"instock","13":"taxable","14":"shipping-taxable","15":"purchasable","16":"product-type-simple","17":"add-to-wishlist-before_image"},"acf":[],"yoast_head":"<!-- This site is optimized with the Yoast SEO plugin v27.3 - https:\/\/yoast.com\/product\/yoast-seo-wordpress\/ -->\n<title>Compre INTRALINE\u00ae M4 PLUS online - O melhor preenchimento | Kinami Health<\/title>\n<meta name=\"description\" content=\"Compre Intraline M4 Plus online - preenchimento com mol\u00e9culas grandes de HA, ideal para restaurar o volume facial e realizar melhorias est\u00e9ticas n\u00e3o invasivas.\" \/>\n<meta name=\"robots\" content=\"index, follow, max-snippet:-1, max-image-preview:large, max-video-preview:-1\" \/>\n<link rel=\"canonical\" href=\"https:\/\/kinamihealth.com\/pt-pt\/wp-json\/wp\/v2\/product\/121534\" \/>\n<meta property=\"og:locale\" content=\"pt_PT\" \/>\n<meta property=\"og:type\" content=\"article\" \/>\n<meta property=\"og:title\" content=\"Compre INTRALINE\u00ae M4 PLUS online - O melhor preenchimento | Kinami Health\" \/>\n<meta property=\"og:description\" content=\"Compre Intraline M4 Plus online - preenchimento com mol\u00e9culas grandes de HA, ideal para restaurar o volume facial e realizar melhorias est\u00e9ticas n\u00e3o invasivas.\" \/>\n<meta property=\"og:url\" content=\"https:\/\/kinamihealth.com\/pt-pt\/produto\/intraline-m4-plus\/\" \/>\n<meta property=\"og:site_name\" content=\"Kinami Health\" \/>\n<meta property=\"article:modified_time\" content=\"2025-12-21T17:06:05+00:00\" \/>\n<meta property=\"og:image\" content=\"https:\/\/kinamihealth.com\/wp-content\/uploads\/2025\/02\/INTRALINE-M4-PLUS-01.jpg\" \/>\n\t<meta property=\"og:image:width\" content=\"800\" \/>\n\t<meta property=\"og:image:height\" content=\"800\" \/>\n\t<meta property=\"og:image:type\" content=\"image\/jpeg\" \/>\n<meta name=\"twitter:card\" content=\"summary_large_image\" \/>\n<meta name=\"twitter:label1\" content=\"Tempo estimado de leitura\" \/>\n\t<meta name=\"twitter:data1\" content=\"1 minuto\" \/>\n<!-- \/ Yoast SEO plugin. -->","yoast_head_json":{"title":"Compre INTRALINE\u00ae M4 PLUS online - O melhor preenchimento | Kinami Health","description":"Compre Intraline M4 Plus online - preenchimento com mol\u00e9culas grandes de HA, ideal para restaurar o volume facial e realizar melhorias est\u00e9ticas n\u00e3o invasivas.","robots":{"index":"index","follow":"follow","max-snippet":"max-snippet:-1","max-image-preview":"max-image-preview:large","max-video-preview":"max-video-preview:-1"},"canonical":"https:\/\/kinamihealth.com\/pt-pt\/wp-json\/wp\/v2\/product\/121534","og_locale":"pt_PT","og_type":"article","og_title":"Compre INTRALINE\u00ae M4 PLUS online - O melhor preenchimento | Kinami Health","og_description":"Compre Intraline M4 Plus online - preenchimento com mol\u00e9culas grandes de HA, ideal para restaurar o volume facial e realizar melhorias est\u00e9ticas n\u00e3o invasivas.","og_url":"https:\/\/kinamihealth.com\/pt-pt\/produto\/intraline-m4-plus\/","og_site_name":"Kinami Health","article_modified_time":"2025-12-21T17:06:05+00:00","og_image":[{"width":800,"height":800,"url":"https:\/\/kinamihealth.com\/wp-content\/uploads\/2025\/02\/INTRALINE-M4-PLUS-01.jpg","type":"image\/jpeg"}],"twitter_card":"summary_large_image","twitter_misc":{"Tempo estimado de leitura":"1 minuto"},"schema":{"@context":"https:\/\/schema.org","@graph":[{"@type":"WebPage","@id":"https:\/\/kinamihealth.com\/pt-pt\/produto\/intraline-m4-plus\/","url":"https:\/\/kinamihealth.com\/pt-pt\/produto\/intraline-m4-plus\/","name":"Compre INTRALINE\u00ae M4 PLUS online - O melhor preenchimento | Kinami Health","isPartOf":{"@id":"https:\/\/kinamihealth.com\/#website"},"primaryImageOfPage":{"@id":"https:\/\/kinamihealth.com\/pt-pt\/produto\/intraline-m4-plus\/#primaryimage"},"image":{"@id":"https:\/\/kinamihealth.com\/pt-pt\/produto\/intraline-m4-plus\/#primaryimage"},"thumbnailUrl":"https:\/\/kinamihealth.com\/wp-content\/uploads\/2025\/02\/INTRALINE-M4-PLUS-01.jpg","datePublished":"2025-02-15T16:55:30+00:00","dateModified":"2025-12-21T17:06:05+00:00","description":"Compre Intraline M4 Plus online - preenchimento com mol\u00e9culas grandes de HA, ideal para restaurar o volume facial e realizar melhorias est\u00e9ticas n\u00e3o invasivas.","breadcrumb":{"@id":"https:\/\/kinamihealth.com\/pt-pt\/produto\/intraline-m4-plus\/#breadcrumb"},"inLanguage":"pt-PT","potentialAction":[{"@type":"ReadAction","target":["https:\/\/kinamihealth.com\/pt-pt\/produto\/intraline-m4-plus\/"]}]},{"@type":"ImageObject","inLanguage":"pt-PT","@id":"https:\/\/kinamihealth.com\/pt-pt\/produto\/intraline-m4-plus\/#primaryimage","url":"https:\/\/kinamihealth.com\/wp-content\/uploads\/2025\/02\/INTRALINE-M4-PLUS-01.jpg","contentUrl":"https:\/\/kinamihealth.com\/wp-content\/uploads\/2025\/02\/INTRALINE-M4-PLUS-01.jpg","width":800,"height":800},{"@type":"BreadcrumbList","@id":"https:\/\/kinamihealth.com\/pt-pt\/produto\/intraline-m4-plus\/#breadcrumb","itemListElement":[{"@type":"ListItem","position":1,"name":"In\u00edcio","item":"https:\/\/kinamihealth.com\/"},{"@type":"ListItem","position":2,"name":"Loja","item":"https:\/\/kinamihealth.com\/shop\/"},{"@type":"ListItem","position":3,"name":"INTRALINE\u00ae M4 PLUS"}]},{"@type":"WebSite","@id":"https:\/\/kinamihealth.com\/#website","url":"https:\/\/kinamihealth.com\/","name":"Kinami Health","description":"","publisher":{"@id":"https:\/\/kinamihealth.com\/#organization"},"potentialAction":[{"@type":"SearchAction","target":{"@type":"EntryPoint","urlTemplate":"https:\/\/kinamihealth.com\/?s={search_term_string}"},"query-input":{"@type":"PropertyValueSpecification","valueRequired":true,"valueName":"search_term_string"}}],"inLanguage":"pt-PT"},{"@type":"Organization","@id":"https:\/\/kinamihealth.com\/#organization","name":"Kinami Health","url":"https:\/\/kinamihealth.com\/","logo":{"@type":"ImageObject","inLanguage":"pt-PT","@id":"https:\/\/kinamihealth.com\/#\/schema\/logo\/image\/","url":"https:\/\/kinamihealth.com\/wp-content\/uploads\/2025\/01\/KH_logo_black_2-1.png","contentUrl":"https:\/\/kinamihealth.com\/wp-content\/uploads\/2025\/01\/KH_logo_black_2-1.png","width":339,"height":34,"caption":"Kinami Health"},"image":{"@id":"https:\/\/kinamihealth.com\/#\/schema\/logo\/image\/"}}]}},"_links":{"self":[{"href":"https:\/\/kinamihealth.com\/pt-pt\/wp-json\/wp\/v2\/product\/121534","targetHints":{"allow":["GET"]}}],"collection":[{"href":"https:\/\/kinamihealth.com\/pt-pt\/wp-json\/wp\/v2\/product"}],"about":[{"href":"https:\/\/kinamihealth.com\/pt-pt\/wp-json\/wp\/v2\/types\/product"}],"replies":[{"embeddable":true,"href":"https:\/\/kinamihealth.com\/pt-pt\/wp-json\/wp\/v2\/comments?post=121534"}],"version-history":[{"count":0,"href":"https:\/\/kinamihealth.com\/pt-pt\/wp-json\/wp\/v2\/product\/121534\/revisions"}],"wp:featuredmedia":[{"embeddable":true,"href":"https:\/\/kinamihealth.com\/pt-pt\/wp-json\/wp\/v2\/media\/121535"}],"wp:attachment":[{"href":"https:\/\/kinamihealth.com\/pt-pt\/wp-json\/wp\/v2\/media?parent=121534"}],"wp:term":[{"taxonomy":"product_brand","embeddable":true,"href":"https:\/\/kinamihealth.com\/pt-pt\/wp-json\/wp\/v2\/product_brand?post=121534"},{"taxonomy":"product_cat","embeddable":true,"href":"https:\/\/kinamihealth.com\/pt-pt\/wp-json\/wp\/v2\/product_cat?post=121534"},{"taxonomy":"product_tag","embeddable":true,"href":"https:\/\/kinamihealth.com\/pt-pt\/wp-json\/wp\/v2\/product_tag?post=121534"}],"curies":[{"name":"wp","href":"https:\/\/api.w.org\/{rel}","templated":true}]}}