{"id":121373,"date":"2025-02-15T16:55:16","date_gmt":"2025-02-15T16:55:16","guid":{"rendered":"https:\/\/kinamihealth.com\/product\/hyacorp-mlf1-body-contouring\/"},"modified":"2025-11-12T22:34:56","modified_gmt":"2025-11-12T22:34:56","slug":"hyacorp-mlf1-body-contouring","status":"publish","type":"product","link":"https:\/\/kinamihealth.com\/pt-pt\/produto\/hyacorp-mlf1-body-contouring\/","title":{"rendered":"HYACORP MLF1\u00ae BODY CONTOURING"},"content":{"rendered":"<p><b>HYACORP MLF1\u00ae BODY CONTOURING \u00e9 um implante cut\u00e2neo absorv\u00edvel avan\u00e7ado<\/b><span style=\"font-weight: 400;\">, concebido especificamente para aplica\u00e7\u00f5es abrangentes de contorno corporal. Este sofisticado dispositivo m\u00e9dico representa um implante de contorno de \u00faltima gera\u00e7\u00e3o \u00e0 base de \u00e1cido hialur\u00f3nico, fabricado pela BioScience, em conformidade com rigorosos padr\u00f5es farmac\u00eauticos.<\/span><\/p>\n","protected":false},"excerpt":{"rendered":"<p>HYACORP MLF1\u00ae BODY CONTOURING \u00e9 um implante cut\u00e2neo absorv\u00edvel avan\u00e7ado, concebido especificamente para aplica\u00e7\u00f5es abrangentes de contorno corporal. Este sofisticado dispositivo m\u00e9dico representa um implante de contorno de \u00faltima gera\u00e7\u00e3o \u00e0 base de \u00e1cido hialur\u00f3nico, fabricado pela BioScience, em conformidade com rigorosos padr\u00f5es farmac\u00eauticos.<\/p>\n","protected":false},"featured_media":121374,"comment_status":"closed","ping_status":"closed","template":"","meta":{"_acf_changed":false,"inline_featured_image":false},"product_brand":[3225],"product_cat":[4230],"product_tag":[4084],"class_list":{"0":"post-121373","1":"product","2":"type-product","3":"status-publish","4":"has-post-thumbnail","6":"product_brand-hyacorp","7":"product_cat-body-sculpting-pt-pt","8":"product_tag-medical-devices-pt-pt","10":"first","11":"instock","12":"taxable","13":"shipping-taxable","14":"purchasable","15":"product-type-simple","16":"add-to-wishlist-before_image"},"acf":[],"yoast_head":"<!-- This site is optimized with the Yoast SEO plugin v27.3 - https:\/\/yoast.com\/product\/yoast-seo-wordpress\/ -->\n<title>Encomende HYACORP MLF1\u00ae BODY CONTOURING online | Kinami Health<\/title>\n<meta name=\"description\" content=\"Encomende HYACORP MLF1\u00ae BODY CONTOURING para um aumento de volume preciso em zonas corporais mais pequenas, utilizando \u00e1cido hialur\u00f3nico reticulado com excelente integra\u00e7\u00e3o nos tecidos.\" \/>\n<meta name=\"robots\" content=\"index, follow, max-snippet:-1, max-image-preview:large, max-video-preview:-1\" \/>\n<link rel=\"canonical\" href=\"https:\/\/kinamihealth.com\/pt-pt\/wp-json\/wp\/v2\/product\/121373\" \/>\n<meta property=\"og:locale\" content=\"pt_PT\" \/>\n<meta property=\"og:type\" content=\"article\" \/>\n<meta property=\"og:title\" content=\"Encomende HYACORP MLF1\u00ae BODY CONTOURING online | Kinami Health\" \/>\n<meta property=\"og:description\" content=\"Encomende HYACORP MLF1\u00ae BODY CONTOURING para um aumento de volume preciso em zonas corporais mais pequenas, utilizando \u00e1cido hialur\u00f3nico reticulado com excelente integra\u00e7\u00e3o nos tecidos.\" \/>\n<meta property=\"og:url\" content=\"https:\/\/kinamihealth.com\/pt-pt\/produto\/hyacorp-mlf1-body-contouring\/\" \/>\n<meta property=\"og:site_name\" content=\"Kinami Health\" \/>\n<meta property=\"article:modified_time\" content=\"2025-11-12T22:34:56+00:00\" \/>\n<meta property=\"og:image\" content=\"https:\/\/kinamihealth.com\/wp-content\/uploads\/2025\/02\/HYACORP-BODYCONTOURING-MLF1-01.jpg\" \/>\n\t<meta property=\"og:image:width\" content=\"800\" \/>\n\t<meta property=\"og:image:height\" content=\"800\" \/>\n\t<meta property=\"og:image:type\" content=\"image\/jpeg\" \/>\n<meta name=\"twitter:card\" content=\"summary_large_image\" \/>\n<meta name=\"twitter:label1\" content=\"Tempo estimado de leitura\" \/>\n\t<meta name=\"twitter:data1\" content=\"1 minuto\" \/>\n<!-- \/ Yoast SEO plugin. -->","yoast_head_json":{"title":"Encomende HYACORP MLF1\u00ae BODY CONTOURING online | Kinami Health","description":"Encomende HYACORP MLF1\u00ae BODY CONTOURING para um aumento de volume preciso em zonas corporais mais pequenas, utilizando \u00e1cido hialur\u00f3nico reticulado com excelente integra\u00e7\u00e3o nos tecidos.","robots":{"index":"index","follow":"follow","max-snippet":"max-snippet:-1","max-image-preview":"max-image-preview:large","max-video-preview":"max-video-preview:-1"},"canonical":"https:\/\/kinamihealth.com\/pt-pt\/wp-json\/wp\/v2\/product\/121373","og_locale":"pt_PT","og_type":"article","og_title":"Encomende HYACORP MLF1\u00ae BODY CONTOURING online | Kinami Health","og_description":"Encomende HYACORP MLF1\u00ae BODY CONTOURING para um aumento de volume preciso em zonas corporais mais pequenas, utilizando \u00e1cido hialur\u00f3nico reticulado com excelente integra\u00e7\u00e3o nos tecidos.","og_url":"https:\/\/kinamihealth.com\/pt-pt\/produto\/hyacorp-mlf1-body-contouring\/","og_site_name":"Kinami Health","article_modified_time":"2025-11-12T22:34:56+00:00","og_image":[{"width":800,"height":800,"url":"https:\/\/kinamihealth.com\/wp-content\/uploads\/2025\/02\/HYACORP-BODYCONTOURING-MLF1-01.jpg","type":"image\/jpeg"}],"twitter_card":"summary_large_image","twitter_misc":{"Tempo estimado de leitura":"1 minuto"},"schema":{"@context":"https:\/\/schema.org","@graph":[{"@type":"WebPage","@id":"https:\/\/kinamihealth.com\/pt-pt\/produto\/hyacorp-mlf1-body-contouring\/","url":"https:\/\/kinamihealth.com\/pt-pt\/produto\/hyacorp-mlf1-body-contouring\/","name":"Encomende HYACORP MLF1\u00ae BODY CONTOURING online | Kinami Health","isPartOf":{"@id":"https:\/\/kinamihealth.com\/#website"},"primaryImageOfPage":{"@id":"https:\/\/kinamihealth.com\/pt-pt\/produto\/hyacorp-mlf1-body-contouring\/#primaryimage"},"image":{"@id":"https:\/\/kinamihealth.com\/pt-pt\/produto\/hyacorp-mlf1-body-contouring\/#primaryimage"},"thumbnailUrl":"https:\/\/kinamihealth.com\/wp-content\/uploads\/2025\/02\/HYACORP-BODYCONTOURING-MLF1-01.jpg","datePublished":"2025-02-15T16:55:16+00:00","dateModified":"2025-11-12T22:34:56+00:00","description":"Encomende HYACORP MLF1\u00ae BODY CONTOURING para um aumento de volume preciso em zonas corporais mais pequenas, utilizando \u00e1cido hialur\u00f3nico reticulado com excelente integra\u00e7\u00e3o nos tecidos.","breadcrumb":{"@id":"https:\/\/kinamihealth.com\/pt-pt\/produto\/hyacorp-mlf1-body-contouring\/#breadcrumb"},"inLanguage":"pt-PT","potentialAction":[{"@type":"ReadAction","target":["https:\/\/kinamihealth.com\/pt-pt\/produto\/hyacorp-mlf1-body-contouring\/"]}]},{"@type":"ImageObject","inLanguage":"pt-PT","@id":"https:\/\/kinamihealth.com\/pt-pt\/produto\/hyacorp-mlf1-body-contouring\/#primaryimage","url":"https:\/\/kinamihealth.com\/wp-content\/uploads\/2025\/02\/HYACORP-BODYCONTOURING-MLF1-01.jpg","contentUrl":"https:\/\/kinamihealth.com\/wp-content\/uploads\/2025\/02\/HYACORP-BODYCONTOURING-MLF1-01.jpg","width":800,"height":800},{"@type":"BreadcrumbList","@id":"https:\/\/kinamihealth.com\/pt-pt\/produto\/hyacorp-mlf1-body-contouring\/#breadcrumb","itemListElement":[{"@type":"ListItem","position":1,"name":"In\u00edcio","item":"https:\/\/kinamihealth.com\/"},{"@type":"ListItem","position":2,"name":"Loja","item":"https:\/\/kinamihealth.com\/shop\/"},{"@type":"ListItem","position":3,"name":"HYACORP MLF1\u00ae BODY CONTOURING"}]},{"@type":"WebSite","@id":"https:\/\/kinamihealth.com\/#website","url":"https:\/\/kinamihealth.com\/","name":"Kinami Health","description":"","publisher":{"@id":"https:\/\/kinamihealth.com\/#organization"},"potentialAction":[{"@type":"SearchAction","target":{"@type":"EntryPoint","urlTemplate":"https:\/\/kinamihealth.com\/?s={search_term_string}"},"query-input":{"@type":"PropertyValueSpecification","valueRequired":true,"valueName":"search_term_string"}}],"inLanguage":"pt-PT"},{"@type":"Organization","@id":"https:\/\/kinamihealth.com\/#organization","name":"Kinami Health","url":"https:\/\/kinamihealth.com\/","logo":{"@type":"ImageObject","inLanguage":"pt-PT","@id":"https:\/\/kinamihealth.com\/#\/schema\/logo\/image\/","url":"https:\/\/kinamihealth.com\/wp-content\/uploads\/2025\/01\/KH_logo_black_2-1.png","contentUrl":"https:\/\/kinamihealth.com\/wp-content\/uploads\/2025\/01\/KH_logo_black_2-1.png","width":339,"height":34,"caption":"Kinami Health"},"image":{"@id":"https:\/\/kinamihealth.com\/#\/schema\/logo\/image\/"}}]}},"_links":{"self":[{"href":"https:\/\/kinamihealth.com\/pt-pt\/wp-json\/wp\/v2\/product\/121373","targetHints":{"allow":["GET"]}}],"collection":[{"href":"https:\/\/kinamihealth.com\/pt-pt\/wp-json\/wp\/v2\/product"}],"about":[{"href":"https:\/\/kinamihealth.com\/pt-pt\/wp-json\/wp\/v2\/types\/product"}],"replies":[{"embeddable":true,"href":"https:\/\/kinamihealth.com\/pt-pt\/wp-json\/wp\/v2\/comments?post=121373"}],"version-history":[{"count":0,"href":"https:\/\/kinamihealth.com\/pt-pt\/wp-json\/wp\/v2\/product\/121373\/revisions"}],"wp:featuredmedia":[{"embeddable":true,"href":"https:\/\/kinamihealth.com\/pt-pt\/wp-json\/wp\/v2\/media\/121374"}],"wp:attachment":[{"href":"https:\/\/kinamihealth.com\/pt-pt\/wp-json\/wp\/v2\/media?parent=121373"}],"wp:term":[{"taxonomy":"product_brand","embeddable":true,"href":"https:\/\/kinamihealth.com\/pt-pt\/wp-json\/wp\/v2\/product_brand?post=121373"},{"taxonomy":"product_cat","embeddable":true,"href":"https:\/\/kinamihealth.com\/pt-pt\/wp-json\/wp\/v2\/product_cat?post=121373"},{"taxonomy":"product_tag","embeddable":true,"href":"https:\/\/kinamihealth.com\/pt-pt\/wp-json\/wp\/v2\/product_tag?post=121373"}],"curies":[{"name":"wp","href":"https:\/\/api.w.org\/{rel}","templated":true}]}}