{"id":121369,"date":"2025-02-15T16:55:15","date_gmt":"2025-02-15T16:55:15","guid":{"rendered":"https:\/\/kinamihealth.com\/product\/hyacorp-fine\/"},"modified":"2025-12-16T16:02:48","modified_gmt":"2025-12-16T16:02:48","slug":"hyacorp-fine","status":"publish","type":"product","link":"https:\/\/kinamihealth.com\/pt-pt\/produto\/hyacorp-fine\/","title":{"rendered":"HYACORP FINE\u00ae"},"content":{"rendered":"<p><b>HYACORP FINE\u00ae \u00e9 um preenchimento d\u00e9rmico absorv\u00edvel de alta pureza<\/b><span style=\"font-weight: 400;\">, formulado especificamente para profissionais m\u00e9dicos que procuram solu\u00e7\u00f5es eficazes para o <\/span><b>rejuvenescimento da pele<\/b><span style=\"font-weight: 400;\">.<\/span><\/p>\n","protected":false},"excerpt":{"rendered":"<p>HYACORP FINE\u00ae \u00e9 um preenchimento d\u00e9rmico absorv\u00edvel de alta pureza, formulado especificamente para profissionais m\u00e9dicos que procuram solu\u00e7\u00f5es eficazes para o rejuvenescimento da pele.<\/p>\n","protected":false},"featured_media":121372,"comment_status":"closed","ping_status":"closed","template":"","meta":{"_acf_changed":false,"inline_featured_image":false},"product_brand":[3225],"product_cat":[4082,4083],"product_tag":[4084],"class_list":{"0":"post-121369","1":"product","2":"type-product","3":"status-publish","4":"has-post-thumbnail","6":"product_brand-hyacorp","7":"product_cat-dermal-fillers-pt-pt","8":"product_cat-ha-dermal-fillers-pt-pt","9":"product_tag-medical-devices-pt-pt","11":"first","12":"instock","13":"taxable","14":"shipping-taxable","15":"purchasable","16":"product-type-simple","17":"add-to-wishlist-before_image"},"acf":[],"yoast_head":"<!-- This site is optimized with the Yoast SEO plugin v27.3 - https:\/\/yoast.com\/product\/yoast-seo-wordpress\/ -->\n<title>Encomende HYACORP FINE\u00ae online | Loja online | Kinami Health<\/title>\n<meta name=\"description\" content=\"Encomende HYACORP FINE\u00ae para tratar rugas faciais superficiais com um gel leve de \u00e1cido hialur\u00f3nico, concebido para a corre\u00e7\u00e3o de linhas finas e hidrata\u00e7\u00e3o da pele.\" \/>\n<meta name=\"robots\" content=\"index, follow, max-snippet:-1, max-image-preview:large, max-video-preview:-1\" \/>\n<link rel=\"canonical\" href=\"https:\/\/kinamihealth.com\/pt-pt\/wp-json\/wp\/v2\/product\/121369\" \/>\n<meta property=\"og:locale\" content=\"pt_PT\" \/>\n<meta property=\"og:type\" content=\"article\" \/>\n<meta property=\"og:title\" content=\"Encomende HYACORP FINE\u00ae online | Loja online | Kinami Health\" \/>\n<meta property=\"og:description\" content=\"Encomende HYACORP FINE\u00ae para tratar rugas faciais superficiais com um gel leve de \u00e1cido hialur\u00f3nico, concebido para a corre\u00e7\u00e3o de linhas finas e hidrata\u00e7\u00e3o da pele.\" \/>\n<meta property=\"og:url\" content=\"https:\/\/kinamihealth.com\/pt-pt\/produto\/hyacorp-fine\/\" \/>\n<meta property=\"og:site_name\" content=\"Kinami Health\" \/>\n<meta property=\"article:modified_time\" content=\"2025-12-16T16:02:48+00:00\" \/>\n<meta property=\"og:image\" content=\"https:\/\/kinamihealth.com\/wp-content\/uploads\/2025\/02\/hyacorp-fine-front.webp\" \/>\n\t<meta property=\"og:image:width\" content=\"1500\" \/>\n\t<meta property=\"og:image:height\" content=\"1500\" \/>\n\t<meta property=\"og:image:type\" content=\"image\/webp\" \/>\n<meta name=\"twitter:card\" content=\"summary_large_image\" \/>\n<meta name=\"twitter:label1\" content=\"Tempo estimado de leitura\" \/>\n\t<meta name=\"twitter:data1\" content=\"1 minuto\" \/>\n<!-- \/ Yoast SEO plugin. -->","yoast_head_json":{"title":"Encomende HYACORP FINE\u00ae online | Loja online | Kinami Health","description":"Encomende HYACORP FINE\u00ae para tratar rugas faciais superficiais com um gel leve de \u00e1cido hialur\u00f3nico, concebido para a corre\u00e7\u00e3o de linhas finas e hidrata\u00e7\u00e3o da pele.","robots":{"index":"index","follow":"follow","max-snippet":"max-snippet:-1","max-image-preview":"max-image-preview:large","max-video-preview":"max-video-preview:-1"},"canonical":"https:\/\/kinamihealth.com\/pt-pt\/wp-json\/wp\/v2\/product\/121369","og_locale":"pt_PT","og_type":"article","og_title":"Encomende HYACORP FINE\u00ae online | Loja online | Kinami Health","og_description":"Encomende HYACORP FINE\u00ae para tratar rugas faciais superficiais com um gel leve de \u00e1cido hialur\u00f3nico, concebido para a corre\u00e7\u00e3o de linhas finas e hidrata\u00e7\u00e3o da pele.","og_url":"https:\/\/kinamihealth.com\/pt-pt\/produto\/hyacorp-fine\/","og_site_name":"Kinami Health","article_modified_time":"2025-12-16T16:02:48+00:00","og_image":[{"width":1500,"height":1500,"url":"https:\/\/kinamihealth.com\/wp-content\/uploads\/2025\/02\/hyacorp-fine-front.webp","type":"image\/webp"}],"twitter_card":"summary_large_image","twitter_misc":{"Tempo estimado de leitura":"1 minuto"},"schema":{"@context":"https:\/\/schema.org","@graph":[{"@type":"WebPage","@id":"https:\/\/kinamihealth.com\/pt-pt\/produto\/hyacorp-fine\/","url":"https:\/\/kinamihealth.com\/pt-pt\/produto\/hyacorp-fine\/","name":"Encomende HYACORP FINE\u00ae online | Loja online | Kinami Health","isPartOf":{"@id":"https:\/\/kinamihealth.com\/#website"},"primaryImageOfPage":{"@id":"https:\/\/kinamihealth.com\/pt-pt\/produto\/hyacorp-fine\/#primaryimage"},"image":{"@id":"https:\/\/kinamihealth.com\/pt-pt\/produto\/hyacorp-fine\/#primaryimage"},"thumbnailUrl":"https:\/\/kinamihealth.com\/wp-content\/uploads\/2025\/02\/hyacorp-fine-front.webp","datePublished":"2025-02-15T16:55:15+00:00","dateModified":"2025-12-16T16:02:48+00:00","description":"Encomende HYACORP FINE\u00ae para tratar rugas faciais superficiais com um gel leve de \u00e1cido hialur\u00f3nico, concebido para a corre\u00e7\u00e3o de linhas finas e hidrata\u00e7\u00e3o da pele.","breadcrumb":{"@id":"https:\/\/kinamihealth.com\/pt-pt\/produto\/hyacorp-fine\/#breadcrumb"},"inLanguage":"pt-PT","potentialAction":[{"@type":"ReadAction","target":["https:\/\/kinamihealth.com\/pt-pt\/produto\/hyacorp-fine\/"]}]},{"@type":"ImageObject","inLanguage":"pt-PT","@id":"https:\/\/kinamihealth.com\/pt-pt\/produto\/hyacorp-fine\/#primaryimage","url":"https:\/\/kinamihealth.com\/wp-content\/uploads\/2025\/02\/hyacorp-fine-front.webp","contentUrl":"https:\/\/kinamihealth.com\/wp-content\/uploads\/2025\/02\/hyacorp-fine-front.webp","width":1500,"height":1500},{"@type":"BreadcrumbList","@id":"https:\/\/kinamihealth.com\/pt-pt\/produto\/hyacorp-fine\/#breadcrumb","itemListElement":[{"@type":"ListItem","position":1,"name":"In\u00edcio","item":"https:\/\/kinamihealth.com\/"},{"@type":"ListItem","position":2,"name":"Loja","item":"https:\/\/kinamihealth.com\/shop\/"},{"@type":"ListItem","position":3,"name":"HYACORP FINE\u00ae"}]},{"@type":"WebSite","@id":"https:\/\/kinamihealth.com\/#website","url":"https:\/\/kinamihealth.com\/","name":"Kinami Health","description":"","publisher":{"@id":"https:\/\/kinamihealth.com\/#organization"},"potentialAction":[{"@type":"SearchAction","target":{"@type":"EntryPoint","urlTemplate":"https:\/\/kinamihealth.com\/?s={search_term_string}"},"query-input":{"@type":"PropertyValueSpecification","valueRequired":true,"valueName":"search_term_string"}}],"inLanguage":"pt-PT"},{"@type":"Organization","@id":"https:\/\/kinamihealth.com\/#organization","name":"Kinami Health","url":"https:\/\/kinamihealth.com\/","logo":{"@type":"ImageObject","inLanguage":"pt-PT","@id":"https:\/\/kinamihealth.com\/#\/schema\/logo\/image\/","url":"https:\/\/kinamihealth.com\/wp-content\/uploads\/2025\/01\/KH_logo_black_2-1.png","contentUrl":"https:\/\/kinamihealth.com\/wp-content\/uploads\/2025\/01\/KH_logo_black_2-1.png","width":339,"height":34,"caption":"Kinami Health"},"image":{"@id":"https:\/\/kinamihealth.com\/#\/schema\/logo\/image\/"}}]}},"_links":{"self":[{"href":"https:\/\/kinamihealth.com\/pt-pt\/wp-json\/wp\/v2\/product\/121369","targetHints":{"allow":["GET"]}}],"collection":[{"href":"https:\/\/kinamihealth.com\/pt-pt\/wp-json\/wp\/v2\/product"}],"about":[{"href":"https:\/\/kinamihealth.com\/pt-pt\/wp-json\/wp\/v2\/types\/product"}],"replies":[{"embeddable":true,"href":"https:\/\/kinamihealth.com\/pt-pt\/wp-json\/wp\/v2\/comments?post=121369"}],"version-history":[{"count":0,"href":"https:\/\/kinamihealth.com\/pt-pt\/wp-json\/wp\/v2\/product\/121369\/revisions"}],"wp:featuredmedia":[{"embeddable":true,"href":"https:\/\/kinamihealth.com\/pt-pt\/wp-json\/wp\/v2\/media\/121372"}],"wp:attachment":[{"href":"https:\/\/kinamihealth.com\/pt-pt\/wp-json\/wp\/v2\/media?parent=121369"}],"wp:term":[{"taxonomy":"product_brand","embeddable":true,"href":"https:\/\/kinamihealth.com\/pt-pt\/wp-json\/wp\/v2\/product_brand?post=121369"},{"taxonomy":"product_cat","embeddable":true,"href":"https:\/\/kinamihealth.com\/pt-pt\/wp-json\/wp\/v2\/product_cat?post=121369"},{"taxonomy":"product_tag","embeddable":true,"href":"https:\/\/kinamihealth.com\/pt-pt\/wp-json\/wp\/v2\/product_tag?post=121369"}],"curies":[{"name":"wp","href":"https:\/\/api.w.org\/{rel}","templated":true}]}}