{"id":121363,"date":"2025-02-15T16:55:05","date_gmt":"2025-02-15T16:55:05","guid":{"rendered":"https:\/\/kinamihealth.com\/product\/filorga-time-peel-normal-skin\/"},"modified":"2026-04-03T11:57:14","modified_gmt":"2026-04-03T11:57:14","slug":"fillmed-time-peel","status":"publish","type":"product","link":"https:\/\/kinamihealth.com\/pt-pt\/produto\/fillmed-time-peel\/","title":{"rendered":"FILLMED\u00ae TIME PEEL"},"content":{"rendered":"<p><b><span data-sheets-root=\"1\">FILLMED<\/span>\u00ae TIME PEEL<\/b><span style=\"font-weight: 400;\">\u00a0\u00e9 um <\/span><b>peeling qu\u00edmico<\/b><span style=\"font-weight: 400;\"> de n\u00edvel profissional concebido especificamente para tratamentos de esfolia\u00e7\u00e3o cl\u00ednica. Formulado com \u00e1cido glic\u00f3lico e ingredientes ativos avan\u00e7ados, esta solu\u00e7\u00e3o de peeling reduz visivelmente as linhas finas, melhora o brilho da pele e revitaliza a tez ba\u00e7a ou envelhecida.<\/span><\/p>\n","protected":false},"excerpt":{"rendered":"<p>FILLMED\u00ae TIME PEEL\u00a0\u00e9 um peeling qu\u00edmico de n\u00edvel profissional concebido especificamente para tratamentos de esfolia\u00e7\u00e3o cl\u00ednica. Formulado com \u00e1cido glic\u00f3lico e ingredientes ativos avan\u00e7ados, esta solu\u00e7\u00e3o de peeling reduz visivelmente as linhas finas, melhora o brilho da pele e revitaliza a tez ba\u00e7a ou envelhecida.<\/p>\n","protected":false},"featured_media":134124,"comment_status":"closed","ping_status":"closed","template":"","meta":{"_acf_changed":false,"inline_featured_image":false},"product_brand":[3222],"product_cat":[4132],"product_tag":[4084],"class_list":{"0":"post-121363","1":"product","2":"type-product","3":"status-publish","4":"has-post-thumbnail","6":"product_brand-fillmed","7":"product_cat-peels-and-masks-pt-pt","8":"product_tag-medical-devices-pt-pt","10":"first","11":"instock","12":"taxable","13":"shipping-taxable","14":"purchasable","15":"product-type-simple","16":"add-to-wishlist-before_image"},"acf":[],"yoast_head":"<!-- This site is optimized with the Yoast SEO plugin v27.1.1 - https:\/\/yoast.com\/product\/yoast-seo-wordpress\/ -->\n<title>Encomende FILLMED\u00ae TIME PEEL online | Kinami Health<\/title>\n<meta name=\"description\" content=\"Encomende FILLMED\u00ae TIME PEEL para reduzir as linhas finas e aumentar a luminosidade com uma solu\u00e7\u00e3o profissional de \u00e1cido glic\u00f3lico para esfolia\u00e7\u00e3o cl\u00ednica.\" \/>\n<meta name=\"robots\" content=\"index, follow, max-snippet:-1, max-image-preview:large, max-video-preview:-1\" \/>\n<link rel=\"canonical\" href=\"https:\/\/kinamihealth.com\/pt-pt\/wp-json\/wp\/v2\/product\/121363\" \/>\n<meta property=\"og:locale\" content=\"pt_PT\" \/>\n<meta property=\"og:type\" content=\"article\" \/>\n<meta property=\"og:title\" content=\"Encomende FILLMED\u00ae TIME PEEL online | Kinami Health\" \/>\n<meta property=\"og:description\" content=\"Encomende FILLMED\u00ae TIME PEEL para reduzir as linhas finas e aumentar a luminosidade com uma solu\u00e7\u00e3o profissional de \u00e1cido glic\u00f3lico para esfolia\u00e7\u00e3o cl\u00ednica.\" \/>\n<meta property=\"og:url\" content=\"https:\/\/kinamihealth.com\/pt-pt\/produto\/fillmed-time-peel\/\" \/>\n<meta property=\"og:site_name\" content=\"Kinami Health\" \/>\n<meta property=\"article:modified_time\" content=\"2026-04-03T11:57:14+00:00\" \/>\n<meta property=\"og:image\" content=\"https:\/\/kinamihealth.com\/wp-content\/uploads\/woocommerce-placeholder.png\" \/>\n\t<meta property=\"og:image:width\" content=\"1200\" \/>\n\t<meta property=\"og:image:height\" content=\"1200\" \/>\n\t<meta property=\"og:image:type\" content=\"image\/png\" \/>\n<meta name=\"twitter:card\" content=\"summary_large_image\" \/>\n<meta name=\"twitter:label1\" content=\"Tempo estimado de leitura\" \/>\n\t<meta name=\"twitter:data1\" content=\"1 minuto\" \/>\n<!-- \/ Yoast SEO plugin. -->","yoast_head_json":{"title":"Encomende FILLMED\u00ae TIME PEEL online | Kinami Health","description":"Encomende FILLMED\u00ae TIME PEEL para reduzir as linhas finas e aumentar a luminosidade com uma solu\u00e7\u00e3o profissional de \u00e1cido glic\u00f3lico para esfolia\u00e7\u00e3o cl\u00ednica.","robots":{"index":"index","follow":"follow","max-snippet":"max-snippet:-1","max-image-preview":"max-image-preview:large","max-video-preview":"max-video-preview:-1"},"canonical":"https:\/\/kinamihealth.com\/pt-pt\/wp-json\/wp\/v2\/product\/121363","og_locale":"pt_PT","og_type":"article","og_title":"Encomende FILLMED\u00ae TIME PEEL online | Kinami Health","og_description":"Encomende FILLMED\u00ae TIME PEEL para reduzir as linhas finas e aumentar a luminosidade com uma solu\u00e7\u00e3o profissional de \u00e1cido glic\u00f3lico para esfolia\u00e7\u00e3o cl\u00ednica.","og_url":"https:\/\/kinamihealth.com\/pt-pt\/produto\/fillmed-time-peel\/","og_site_name":"Kinami Health","article_modified_time":"2026-04-03T11:57:14+00:00","og_image":[{"width":1200,"height":1200,"url":"https:\/\/kinamihealth.com\/wp-content\/uploads\/woocommerce-placeholder.png","type":"image\/png"}],"twitter_card":"summary_large_image","twitter_misc":{"Tempo estimado de leitura":"1 minuto"},"schema":{"@context":"https:\/\/schema.org","@graph":[{"@type":"WebPage","@id":"https:\/\/kinamihealth.com\/pt-pt\/produto\/fillmed-time-peel\/","url":"https:\/\/kinamihealth.com\/pt-pt\/produto\/fillmed-time-peel\/","name":"Encomende FILLMED\u00ae TIME PEEL online | Kinami Health","isPartOf":{"@id":"https:\/\/kinamihealth.com\/#website"},"primaryImageOfPage":{"@id":"https:\/\/kinamihealth.com\/pt-pt\/produto\/fillmed-time-peel\/#primaryimage"},"image":{"@id":"https:\/\/kinamihealth.com\/pt-pt\/produto\/fillmed-time-peel\/#primaryimage"},"thumbnailUrl":"https:\/\/kinamihealth.com\/wp-content\/uploads\/woocommerce-placeholder.png","datePublished":"2025-02-15T16:55:05+00:00","dateModified":"2026-04-03T11:57:14+00:00","description":"Encomende FILLMED\u00ae TIME PEEL para reduzir as linhas finas e aumentar a luminosidade com uma solu\u00e7\u00e3o profissional de \u00e1cido glic\u00f3lico para esfolia\u00e7\u00e3o cl\u00ednica.","breadcrumb":{"@id":"https:\/\/kinamihealth.com\/pt-pt\/produto\/fillmed-time-peel\/#breadcrumb"},"inLanguage":"pt-PT","potentialAction":[{"@type":"ReadAction","target":["https:\/\/kinamihealth.com\/pt-pt\/produto\/fillmed-time-peel\/"]}]},{"@type":"ImageObject","inLanguage":"pt-PT","@id":"https:\/\/kinamihealth.com\/pt-pt\/produto\/fillmed-time-peel\/#primaryimage","url":"https:\/\/kinamihealth.com\/wp-content\/uploads\/woocommerce-placeholder.png","contentUrl":"https:\/\/kinamihealth.com\/wp-content\/uploads\/woocommerce-placeholder.png","width":1200,"height":1200},{"@type":"BreadcrumbList","@id":"https:\/\/kinamihealth.com\/pt-pt\/produto\/fillmed-time-peel\/#breadcrumb","itemListElement":[{"@type":"ListItem","position":1,"name":"In\u00edcio","item":"https:\/\/kinamihealth.com\/"},{"@type":"ListItem","position":2,"name":"Loja","item":"https:\/\/kinamihealth.com\/shop\/"},{"@type":"ListItem","position":3,"name":"FILLMED\u00ae TIME PEEL"}]},{"@type":"WebSite","@id":"https:\/\/kinamihealth.com\/#website","url":"https:\/\/kinamihealth.com\/","name":"Kinami Health","description":"","publisher":{"@id":"https:\/\/kinamihealth.com\/#organization"},"potentialAction":[{"@type":"SearchAction","target":{"@type":"EntryPoint","urlTemplate":"https:\/\/kinamihealth.com\/?s={search_term_string}"},"query-input":{"@type":"PropertyValueSpecification","valueRequired":true,"valueName":"search_term_string"}}],"inLanguage":"pt-PT"},{"@type":"Organization","@id":"https:\/\/kinamihealth.com\/#organization","name":"Kinami Health","url":"https:\/\/kinamihealth.com\/","logo":{"@type":"ImageObject","inLanguage":"pt-PT","@id":"https:\/\/kinamihealth.com\/#\/schema\/logo\/image\/","url":"https:\/\/kinamihealth.com\/wp-content\/uploads\/2025\/01\/KH_logo_black_2-1.png","contentUrl":"https:\/\/kinamihealth.com\/wp-content\/uploads\/2025\/01\/KH_logo_black_2-1.png","width":339,"height":34,"caption":"Kinami Health"},"image":{"@id":"https:\/\/kinamihealth.com\/#\/schema\/logo\/image\/"}}]}},"_links":{"self":[{"href":"https:\/\/kinamihealth.com\/pt-pt\/wp-json\/wp\/v2\/product\/121363","targetHints":{"allow":["GET"]}}],"collection":[{"href":"https:\/\/kinamihealth.com\/pt-pt\/wp-json\/wp\/v2\/product"}],"about":[{"href":"https:\/\/kinamihealth.com\/pt-pt\/wp-json\/wp\/v2\/types\/product"}],"replies":[{"embeddable":true,"href":"https:\/\/kinamihealth.com\/pt-pt\/wp-json\/wp\/v2\/comments?post=121363"}],"version-history":[{"count":3,"href":"https:\/\/kinamihealth.com\/pt-pt\/wp-json\/wp\/v2\/product\/121363\/revisions"}],"predecessor-version":[{"id":134626,"href":"https:\/\/kinamihealth.com\/pt-pt\/wp-json\/wp\/v2\/product\/121363\/revisions\/134626"}],"wp:featuredmedia":[{"embeddable":true,"href":"https:\/\/kinamihealth.com\/pt-pt\/wp-json\/wp\/v2\/media\/134124"}],"wp:attachment":[{"href":"https:\/\/kinamihealth.com\/pt-pt\/wp-json\/wp\/v2\/media?parent=121363"}],"wp:term":[{"taxonomy":"product_brand","embeddable":true,"href":"https:\/\/kinamihealth.com\/pt-pt\/wp-json\/wp\/v2\/product_brand?post=121363"},{"taxonomy":"product_cat","embeddable":true,"href":"https:\/\/kinamihealth.com\/pt-pt\/wp-json\/wp\/v2\/product_cat?post=121363"},{"taxonomy":"product_tag","embeddable":true,"href":"https:\/\/kinamihealth.com\/pt-pt\/wp-json\/wp\/v2\/product_tag?post=121363"}],"curies":[{"name":"wp","href":"https:\/\/api.w.org\/{rel}","templated":true}]}}