{"id":121359,"date":"2025-02-15T16:55:03","date_gmt":"2025-02-15T16:55:03","guid":{"rendered":"https:\/\/kinamihealth.com\/product\/filorga-post-peel\/"},"modified":"2026-04-03T10:30:31","modified_gmt":"2026-04-03T10:30:31","slug":"fillmed-post-peel","status":"publish","type":"product","link":"https:\/\/kinamihealth.com\/pt-pt\/produto\/fillmed-post-peel\/","title":{"rendered":"FILLMED\u00ae POST PEEL Neutralizer"},"content":{"rendered":"<p><b><span data-sheets-root=\"1\">FILLMED<\/span>\u00ae POST PEEL<\/b><span style=\"font-weight: 400;\"> \u00e9 uma solu\u00e7\u00e3o calmante e reequilibrante de n\u00edvel profissional, formulada especificamente pelos Laborat\u00f3rios <span data-sheets-root=\"1\">FILLMED <\/span>para aumentar o conforto do paciente e apoiar a recupera\u00e7\u00e3o da pele ap\u00f3s procedimentos de esfolia\u00e7\u00e3o qu\u00edmica.<\/span><\/p>\n","protected":false},"excerpt":{"rendered":"<p>FILLMED\u00ae POST PEEL \u00e9 uma solu\u00e7\u00e3o calmante e reequilibrante de n\u00edvel profissional, formulada especificamente pelos Laborat\u00f3rios FILLMED para aumentar o conforto do paciente e apoiar a recupera\u00e7\u00e3o da pele ap\u00f3s procedimentos de esfolia\u00e7\u00e3o qu\u00edmica.<\/p>\n","protected":false},"featured_media":134124,"comment_status":"closed","ping_status":"closed","template":"","meta":{"_acf_changed":false,"inline_featured_image":false},"product_brand":[3222],"product_cat":[4132],"product_tag":[4084],"class_list":{"0":"post-121359","1":"product","2":"type-product","3":"status-publish","4":"has-post-thumbnail","6":"product_brand-fillmed","7":"product_cat-peels-and-masks-pt-pt","8":"product_tag-medical-devices-pt-pt","10":"first","11":"instock","12":"taxable","13":"shipping-taxable","14":"purchasable","15":"product-type-simple","16":"add-to-wishlist-before_image"},"acf":[],"yoast_head":"<!-- This site is optimized with the Yoast SEO plugin v27.1.1 - https:\/\/yoast.com\/product\/yoast-seo-wordpress\/ -->\n<title>Encomende FILLMED\u00ae POST PEEL Neutralizer online | Loja online | Kinami Health<\/title>\n<meta name=\"description\" content=\"Encomende FILLMED\u00ae POST PEEL Neutralizer para acalmar e reequilibrar a pele ap\u00f3s a esfolia\u00e7\u00e3o qu\u00edmica, apoiando a recupera\u00e7\u00e3o ideal e reduzindo a irrita\u00e7\u00e3o superficial.\" \/>\n<meta name=\"robots\" content=\"index, follow, max-snippet:-1, max-image-preview:large, max-video-preview:-1\" \/>\n<link rel=\"canonical\" href=\"https:\/\/kinamihealth.com\/pt-pt\/wp-json\/wp\/v2\/product\/121359\" \/>\n<meta property=\"og:locale\" content=\"pt_PT\" \/>\n<meta property=\"og:type\" content=\"article\" \/>\n<meta property=\"og:title\" content=\"Encomende FILLMED\u00ae POST PEEL Neutralizer online | Loja online | Kinami Health\" \/>\n<meta property=\"og:description\" content=\"Encomende FILLMED\u00ae POST PEEL Neutralizer para acalmar e reequilibrar a pele ap\u00f3s a esfolia\u00e7\u00e3o qu\u00edmica, apoiando a recupera\u00e7\u00e3o ideal e reduzindo a irrita\u00e7\u00e3o superficial.\" \/>\n<meta property=\"og:url\" content=\"https:\/\/kinamihealth.com\/pt-pt\/produto\/fillmed-post-peel\/\" \/>\n<meta property=\"og:site_name\" content=\"Kinami Health\" \/>\n<meta property=\"article:modified_time\" content=\"2026-04-03T10:30:31+00:00\" \/>\n<meta property=\"og:image\" content=\"https:\/\/kinamihealth.com\/wp-content\/uploads\/woocommerce-placeholder.png\" \/>\n\t<meta property=\"og:image:width\" content=\"1200\" \/>\n\t<meta property=\"og:image:height\" content=\"1200\" \/>\n\t<meta property=\"og:image:type\" content=\"image\/png\" \/>\n<meta name=\"twitter:card\" content=\"summary_large_image\" \/>\n<meta name=\"twitter:label1\" content=\"Tempo estimado de leitura\" \/>\n\t<meta name=\"twitter:data1\" content=\"1 minuto\" \/>\n<!-- \/ Yoast SEO plugin. -->","yoast_head_json":{"title":"Encomende FILLMED\u00ae POST PEEL Neutralizer online | Loja online | Kinami Health","description":"Encomende FILLMED\u00ae POST PEEL Neutralizer para acalmar e reequilibrar a pele ap\u00f3s a esfolia\u00e7\u00e3o qu\u00edmica, apoiando a recupera\u00e7\u00e3o ideal e reduzindo a irrita\u00e7\u00e3o superficial.","robots":{"index":"index","follow":"follow","max-snippet":"max-snippet:-1","max-image-preview":"max-image-preview:large","max-video-preview":"max-video-preview:-1"},"canonical":"https:\/\/kinamihealth.com\/pt-pt\/wp-json\/wp\/v2\/product\/121359","og_locale":"pt_PT","og_type":"article","og_title":"Encomende FILLMED\u00ae POST PEEL Neutralizer online | Loja online | Kinami Health","og_description":"Encomende FILLMED\u00ae POST PEEL Neutralizer para acalmar e reequilibrar a pele ap\u00f3s a esfolia\u00e7\u00e3o qu\u00edmica, apoiando a recupera\u00e7\u00e3o ideal e reduzindo a irrita\u00e7\u00e3o superficial.","og_url":"https:\/\/kinamihealth.com\/pt-pt\/produto\/fillmed-post-peel\/","og_site_name":"Kinami Health","article_modified_time":"2026-04-03T10:30:31+00:00","og_image":[{"width":1200,"height":1200,"url":"https:\/\/kinamihealth.com\/wp-content\/uploads\/woocommerce-placeholder.png","type":"image\/png"}],"twitter_card":"summary_large_image","twitter_misc":{"Tempo estimado de leitura":"1 minuto"},"schema":{"@context":"https:\/\/schema.org","@graph":[{"@type":"WebPage","@id":"https:\/\/kinamihealth.com\/pt-pt\/produto\/fillmed-post-peel\/","url":"https:\/\/kinamihealth.com\/pt-pt\/produto\/fillmed-post-peel\/","name":"Encomende FILLMED\u00ae POST PEEL Neutralizer online | Loja online | Kinami Health","isPartOf":{"@id":"https:\/\/kinamihealth.com\/#website"},"primaryImageOfPage":{"@id":"https:\/\/kinamihealth.com\/pt-pt\/produto\/fillmed-post-peel\/#primaryimage"},"image":{"@id":"https:\/\/kinamihealth.com\/pt-pt\/produto\/fillmed-post-peel\/#primaryimage"},"thumbnailUrl":"https:\/\/kinamihealth.com\/wp-content\/uploads\/woocommerce-placeholder.png","datePublished":"2025-02-15T16:55:03+00:00","dateModified":"2026-04-03T10:30:31+00:00","description":"Encomende FILLMED\u00ae POST PEEL Neutralizer para acalmar e reequilibrar a pele ap\u00f3s a esfolia\u00e7\u00e3o qu\u00edmica, apoiando a recupera\u00e7\u00e3o ideal e reduzindo a irrita\u00e7\u00e3o superficial.","breadcrumb":{"@id":"https:\/\/kinamihealth.com\/pt-pt\/produto\/fillmed-post-peel\/#breadcrumb"},"inLanguage":"pt-PT","potentialAction":[{"@type":"ReadAction","target":["https:\/\/kinamihealth.com\/pt-pt\/produto\/fillmed-post-peel\/"]}]},{"@type":"ImageObject","inLanguage":"pt-PT","@id":"https:\/\/kinamihealth.com\/pt-pt\/produto\/fillmed-post-peel\/#primaryimage","url":"https:\/\/kinamihealth.com\/wp-content\/uploads\/woocommerce-placeholder.png","contentUrl":"https:\/\/kinamihealth.com\/wp-content\/uploads\/woocommerce-placeholder.png","width":1200,"height":1200},{"@type":"BreadcrumbList","@id":"https:\/\/kinamihealth.com\/pt-pt\/produto\/fillmed-post-peel\/#breadcrumb","itemListElement":[{"@type":"ListItem","position":1,"name":"In\u00edcio","item":"https:\/\/kinamihealth.com\/"},{"@type":"ListItem","position":2,"name":"Loja","item":"https:\/\/kinamihealth.com\/shop\/"},{"@type":"ListItem","position":3,"name":"FILLMED\u00ae POST PEEL Neutralizer"}]},{"@type":"WebSite","@id":"https:\/\/kinamihealth.com\/#website","url":"https:\/\/kinamihealth.com\/","name":"Kinami Health","description":"","publisher":{"@id":"https:\/\/kinamihealth.com\/#organization"},"potentialAction":[{"@type":"SearchAction","target":{"@type":"EntryPoint","urlTemplate":"https:\/\/kinamihealth.com\/?s={search_term_string}"},"query-input":{"@type":"PropertyValueSpecification","valueRequired":true,"valueName":"search_term_string"}}],"inLanguage":"pt-PT"},{"@type":"Organization","@id":"https:\/\/kinamihealth.com\/#organization","name":"Kinami Health","url":"https:\/\/kinamihealth.com\/","logo":{"@type":"ImageObject","inLanguage":"pt-PT","@id":"https:\/\/kinamihealth.com\/#\/schema\/logo\/image\/","url":"https:\/\/kinamihealth.com\/wp-content\/uploads\/2025\/01\/KH_logo_black_2-1.png","contentUrl":"https:\/\/kinamihealth.com\/wp-content\/uploads\/2025\/01\/KH_logo_black_2-1.png","width":339,"height":34,"caption":"Kinami Health"},"image":{"@id":"https:\/\/kinamihealth.com\/#\/schema\/logo\/image\/"}}]}},"_links":{"self":[{"href":"https:\/\/kinamihealth.com\/pt-pt\/wp-json\/wp\/v2\/product\/121359","targetHints":{"allow":["GET"]}}],"collection":[{"href":"https:\/\/kinamihealth.com\/pt-pt\/wp-json\/wp\/v2\/product"}],"about":[{"href":"https:\/\/kinamihealth.com\/pt-pt\/wp-json\/wp\/v2\/types\/product"}],"replies":[{"embeddable":true,"href":"https:\/\/kinamihealth.com\/pt-pt\/wp-json\/wp\/v2\/comments?post=121359"}],"version-history":[{"count":5,"href":"https:\/\/kinamihealth.com\/pt-pt\/wp-json\/wp\/v2\/product\/121359\/revisions"}],"predecessor-version":[{"id":134514,"href":"https:\/\/kinamihealth.com\/pt-pt\/wp-json\/wp\/v2\/product\/121359\/revisions\/134514"}],"wp:featuredmedia":[{"embeddable":true,"href":"https:\/\/kinamihealth.com\/pt-pt\/wp-json\/wp\/v2\/media\/134124"}],"wp:attachment":[{"href":"https:\/\/kinamihealth.com\/pt-pt\/wp-json\/wp\/v2\/media?parent=121359"}],"wp:term":[{"taxonomy":"product_brand","embeddable":true,"href":"https:\/\/kinamihealth.com\/pt-pt\/wp-json\/wp\/v2\/product_brand?post=121359"},{"taxonomy":"product_cat","embeddable":true,"href":"https:\/\/kinamihealth.com\/pt-pt\/wp-json\/wp\/v2\/product_cat?post=121359"},{"taxonomy":"product_tag","embeddable":true,"href":"https:\/\/kinamihealth.com\/pt-pt\/wp-json\/wp\/v2\/product_tag?post=121359"}],"curies":[{"name":"wp","href":"https:\/\/api.w.org\/{rel}","templated":true}]}}