{"id":121311,"date":"2025-02-15T16:54:44","date_gmt":"2025-02-15T16:54:44","guid":{"rendered":"https:\/\/kinamihealth.com\/product\/exojuv\/"},"modified":"2025-12-14T22:54:46","modified_gmt":"2025-12-14T22:54:46","slug":"exojuv","status":"publish","type":"product","link":"https:\/\/kinamihealth.com\/pt-pt\/produto\/exojuv\/","title":{"rendered":"EXOJUV"},"content":{"rendered":"<p><span style=\"font-weight: 400;\">EXOJUV representa uma solu\u00e7\u00e3o avan\u00e7ada de <\/span><b>regenera\u00e7\u00e3o baseada em exossomas contendo<\/b><span style=\"font-weight: 400;\"> 6 mil milh\u00f5es de ves\u00edculas extracelulares por dose. Esta f\u00f3rmula inovadora proporciona efeitos anti-inflamat\u00f3rios, antioxidantes e regenerativos a n\u00edvel celular.<\/span><\/p>\n","protected":false},"excerpt":{"rendered":"<p>EXOJUV representa uma solu\u00e7\u00e3o avan\u00e7ada de regenera\u00e7\u00e3o baseada em exossomas contendo 6 mil milh\u00f5es de ves\u00edculas extracelulares por dose. Esta f\u00f3rmula inovadora proporciona efeitos anti-inflamat\u00f3rios, antioxidantes e regenerativos a n\u00edvel celular.<\/p>\n","protected":false},"featured_media":121312,"comment_status":"closed","ping_status":"closed","template":"","meta":{"_acf_changed":false,"inline_featured_image":false},"product_brand":[3221],"product_cat":[4198],"product_tag":[4084],"class_list":{"0":"post-121311","1":"product","2":"type-product","3":"status-publish","4":"has-post-thumbnail","6":"product_brand-exojuv","7":"product_cat-exosomes-pt-pt","8":"product_tag-medical-devices-pt-pt","10":"first","11":"instock","12":"taxable","13":"shipping-taxable","14":"purchasable","15":"product-type-simple","16":"add-to-wishlist-before_image"},"acf":[],"yoast_head":"<!-- This site is optimized with the Yoast SEO plugin v27.3 - https:\/\/yoast.com\/product\/yoast-seo-wordpress\/ -->\n<title>Encomende EXOJUV online | Loja online | Kinami Health<\/title>\n<meta name=\"description\" content=\"Encomende EXOJUV online para obter uma solu\u00e7\u00e3o regenerativa \u00e0 base de exossomas que apoia protocolos avan\u00e7ados de rejuvenescimento da pele em ambientes cl\u00ednicos est\u00e9ticos.\" \/>\n<meta name=\"robots\" content=\"index, follow, max-snippet:-1, max-image-preview:large, max-video-preview:-1\" \/>\n<link rel=\"canonical\" href=\"https:\/\/kinamihealth.com\/pt-pt\/wp-json\/wp\/v2\/product\/121311\" \/>\n<meta property=\"og:locale\" content=\"pt_PT\" \/>\n<meta property=\"og:type\" content=\"article\" \/>\n<meta property=\"og:title\" content=\"Encomende EXOJUV online | Loja online | Kinami Health\" \/>\n<meta property=\"og:description\" content=\"Encomende EXOJUV online para obter uma solu\u00e7\u00e3o regenerativa \u00e0 base de exossomas que apoia protocolos avan\u00e7ados de rejuvenescimento da pele em ambientes cl\u00ednicos est\u00e9ticos.\" \/>\n<meta property=\"og:url\" content=\"https:\/\/kinamihealth.com\/pt-pt\/produto\/exojuv\/\" \/>\n<meta property=\"og:site_name\" content=\"Kinami Health\" \/>\n<meta property=\"article:modified_time\" content=\"2025-12-14T22:54:46+00:00\" \/>\n<meta property=\"og:image\" content=\"https:\/\/kinamihealth.com\/wp-content\/uploads\/2025\/02\/exojuv-no-background.webp\" \/>\n\t<meta property=\"og:image:width\" content=\"940\" \/>\n\t<meta property=\"og:image:height\" content=\"788\" \/>\n\t<meta property=\"og:image:type\" content=\"image\/webp\" \/>\n<meta name=\"twitter:card\" content=\"summary_large_image\" \/>\n<meta name=\"twitter:label1\" content=\"Tempo estimado de leitura\" \/>\n\t<meta name=\"twitter:data1\" content=\"1 minuto\" \/>\n<!-- \/ Yoast SEO plugin. -->","yoast_head_json":{"title":"Encomende EXOJUV online | Loja online | Kinami Health","description":"Encomende EXOJUV online para obter uma solu\u00e7\u00e3o regenerativa \u00e0 base de exossomas que apoia protocolos avan\u00e7ados de rejuvenescimento da pele em ambientes cl\u00ednicos est\u00e9ticos.","robots":{"index":"index","follow":"follow","max-snippet":"max-snippet:-1","max-image-preview":"max-image-preview:large","max-video-preview":"max-video-preview:-1"},"canonical":"https:\/\/kinamihealth.com\/pt-pt\/wp-json\/wp\/v2\/product\/121311","og_locale":"pt_PT","og_type":"article","og_title":"Encomende EXOJUV online | Loja online | Kinami Health","og_description":"Encomende EXOJUV online para obter uma solu\u00e7\u00e3o regenerativa \u00e0 base de exossomas que apoia protocolos avan\u00e7ados de rejuvenescimento da pele em ambientes cl\u00ednicos est\u00e9ticos.","og_url":"https:\/\/kinamihealth.com\/pt-pt\/produto\/exojuv\/","og_site_name":"Kinami Health","article_modified_time":"2025-12-14T22:54:46+00:00","og_image":[{"width":940,"height":788,"url":"https:\/\/kinamihealth.com\/wp-content\/uploads\/2025\/02\/exojuv-no-background.webp","type":"image\/webp"}],"twitter_card":"summary_large_image","twitter_misc":{"Tempo estimado de leitura":"1 minuto"},"schema":{"@context":"https:\/\/schema.org","@graph":[{"@type":"WebPage","@id":"https:\/\/kinamihealth.com\/pt-pt\/produto\/exojuv\/","url":"https:\/\/kinamihealth.com\/pt-pt\/produto\/exojuv\/","name":"Encomende EXOJUV online | Loja online | Kinami Health","isPartOf":{"@id":"https:\/\/kinamihealth.com\/#website"},"primaryImageOfPage":{"@id":"https:\/\/kinamihealth.com\/pt-pt\/produto\/exojuv\/#primaryimage"},"image":{"@id":"https:\/\/kinamihealth.com\/pt-pt\/produto\/exojuv\/#primaryimage"},"thumbnailUrl":"https:\/\/kinamihealth.com\/wp-content\/uploads\/2025\/02\/exojuv-no-background.webp","datePublished":"2025-02-15T16:54:44+00:00","dateModified":"2025-12-14T22:54:46+00:00","description":"Encomende EXOJUV online para obter uma solu\u00e7\u00e3o regenerativa \u00e0 base de exossomas que apoia protocolos avan\u00e7ados de rejuvenescimento da pele em ambientes cl\u00ednicos est\u00e9ticos.","breadcrumb":{"@id":"https:\/\/kinamihealth.com\/pt-pt\/produto\/exojuv\/#breadcrumb"},"inLanguage":"pt-PT","potentialAction":[{"@type":"ReadAction","target":["https:\/\/kinamihealth.com\/pt-pt\/produto\/exojuv\/"]}]},{"@type":"ImageObject","inLanguage":"pt-PT","@id":"https:\/\/kinamihealth.com\/pt-pt\/produto\/exojuv\/#primaryimage","url":"https:\/\/kinamihealth.com\/wp-content\/uploads\/2025\/02\/exojuv-no-background.webp","contentUrl":"https:\/\/kinamihealth.com\/wp-content\/uploads\/2025\/02\/exojuv-no-background.webp","width":940,"height":788},{"@type":"BreadcrumbList","@id":"https:\/\/kinamihealth.com\/pt-pt\/produto\/exojuv\/#breadcrumb","itemListElement":[{"@type":"ListItem","position":1,"name":"In\u00edcio","item":"https:\/\/kinamihealth.com\/"},{"@type":"ListItem","position":2,"name":"Loja","item":"https:\/\/kinamihealth.com\/shop\/"},{"@type":"ListItem","position":3,"name":"EXOJUV"}]},{"@type":"WebSite","@id":"https:\/\/kinamihealth.com\/#website","url":"https:\/\/kinamihealth.com\/","name":"Kinami Health","description":"","publisher":{"@id":"https:\/\/kinamihealth.com\/#organization"},"potentialAction":[{"@type":"SearchAction","target":{"@type":"EntryPoint","urlTemplate":"https:\/\/kinamihealth.com\/?s={search_term_string}"},"query-input":{"@type":"PropertyValueSpecification","valueRequired":true,"valueName":"search_term_string"}}],"inLanguage":"pt-PT"},{"@type":"Organization","@id":"https:\/\/kinamihealth.com\/#organization","name":"Kinami Health","url":"https:\/\/kinamihealth.com\/","logo":{"@type":"ImageObject","inLanguage":"pt-PT","@id":"https:\/\/kinamihealth.com\/#\/schema\/logo\/image\/","url":"https:\/\/kinamihealth.com\/wp-content\/uploads\/2025\/01\/KH_logo_black_2-1.png","contentUrl":"https:\/\/kinamihealth.com\/wp-content\/uploads\/2025\/01\/KH_logo_black_2-1.png","width":339,"height":34,"caption":"Kinami Health"},"image":{"@id":"https:\/\/kinamihealth.com\/#\/schema\/logo\/image\/"}}]}},"_links":{"self":[{"href":"https:\/\/kinamihealth.com\/pt-pt\/wp-json\/wp\/v2\/product\/121311","targetHints":{"allow":["GET"]}}],"collection":[{"href":"https:\/\/kinamihealth.com\/pt-pt\/wp-json\/wp\/v2\/product"}],"about":[{"href":"https:\/\/kinamihealth.com\/pt-pt\/wp-json\/wp\/v2\/types\/product"}],"replies":[{"embeddable":true,"href":"https:\/\/kinamihealth.com\/pt-pt\/wp-json\/wp\/v2\/comments?post=121311"}],"version-history":[{"count":0,"href":"https:\/\/kinamihealth.com\/pt-pt\/wp-json\/wp\/v2\/product\/121311\/revisions"}],"wp:featuredmedia":[{"embeddable":true,"href":"https:\/\/kinamihealth.com\/pt-pt\/wp-json\/wp\/v2\/media\/121312"}],"wp:attachment":[{"href":"https:\/\/kinamihealth.com\/pt-pt\/wp-json\/wp\/v2\/media?parent=121311"}],"wp:term":[{"taxonomy":"product_brand","embeddable":true,"href":"https:\/\/kinamihealth.com\/pt-pt\/wp-json\/wp\/v2\/product_brand?post=121311"},{"taxonomy":"product_cat","embeddable":true,"href":"https:\/\/kinamihealth.com\/pt-pt\/wp-json\/wp\/v2\/product_cat?post=121311"},{"taxonomy":"product_tag","embeddable":true,"href":"https:\/\/kinamihealth.com\/pt-pt\/wp-json\/wp\/v2\/product_tag?post=121311"}],"curies":[{"name":"wp","href":"https:\/\/api.w.org\/{rel}","templated":true}]}}