{"id":121217,"date":"2025-02-15T16:54:31","date_gmt":"2025-02-15T16:54:31","guid":{"rendered":"https:\/\/kinamihealth.com\/product\/cytocare-516\/"},"modified":"2025-11-21T15:19:25","modified_gmt":"2025-11-21T15:19:25","slug":"cytocare-516","status":"publish","type":"product","link":"https:\/\/kinamihealth.com\/pt-pt\/produto\/cytocare-516\/","title":{"rendered":"CYTOCARE 516"},"content":{"rendered":"<p>CYTOCARE 516 \u00e9 um produto de mesoterapia de n\u00edvel profissional criado para profissionais da \u00e1rea est\u00e9tica que buscam tratamentos eficazes de rejuvenescimento da pele. Este implante reabsorv\u00edvel combina \u00e1cido hialur\u00f3nico com um complexo rejuvenescedor avan\u00e7ado para tratar os primeiros sinais de envelhecimento atrav\u00e9s de microinje\u00e7\u00f5es direcionadas.<\/p>\n","protected":false},"excerpt":{"rendered":"<p>CYTOCARE 516 \u00e9 um produto de mesoterapia de n\u00edvel profissional criado para profissionais da \u00e1rea est\u00e9tica que buscam tratamentos eficazes de rejuvenescimento da pele. Este implante reabsorv\u00edvel combina \u00e1cido hialur\u00f3nico com um complexo rejuvenescedor avan\u00e7ado para tratar os primeiros sinais de envelhecimento atrav\u00e9s de microinje\u00e7\u00f5es direcionadas.<\/p>\n","protected":false},"featured_media":121221,"comment_status":"closed","ping_status":"closed","template":"","meta":{"_acf_changed":false,"inline_featured_image":false},"product_brand":[3216],"product_cat":[4082],"product_tag":[4084],"class_list":{"0":"post-121217","1":"product","2":"type-product","3":"status-publish","4":"has-post-thumbnail","6":"product_brand-cytocare","7":"product_cat-dermal-fillers-pt-pt","8":"product_tag-medical-devices-pt-pt","10":"first","11":"instock","12":"taxable","13":"shipping-taxable","14":"purchasable","15":"product-type-simple","16":"add-to-wishlist-before_image"},"acf":[],"yoast_head":"<!-- This site is optimized with the Yoast SEO plugin v27.3 - https:\/\/yoast.com\/product\/yoast-seo-wordpress\/ -->\n<title>Encomende CYTOCARE 516 online | Loja online | Kinami Health<\/title>\n<meta name=\"description\" content=\"Encomende CYTOCARE 516 online para tratamentos de mesoterapia que promovem hidrata\u00e7\u00e3o, textura suave e revitaliza\u00e7\u00e3o vis\u00edvel da pele em pacientes mais jovens.\" \/>\n<meta name=\"robots\" content=\"index, follow, max-snippet:-1, max-image-preview:large, max-video-preview:-1\" \/>\n<link rel=\"canonical\" href=\"https:\/\/kinamihealth.com\/pt-pt\/wp-json\/wp\/v2\/product\/121217\" \/>\n<meta property=\"og:locale\" content=\"pt_PT\" \/>\n<meta property=\"og:type\" content=\"article\" \/>\n<meta property=\"og:title\" content=\"Encomende CYTOCARE 516 online | Loja online | Kinami Health\" \/>\n<meta property=\"og:description\" content=\"Encomende CYTOCARE 516 online para tratamentos de mesoterapia que promovem hidrata\u00e7\u00e3o, textura suave e revitaliza\u00e7\u00e3o vis\u00edvel da pele em pacientes mais jovens.\" \/>\n<meta property=\"og:url\" content=\"https:\/\/kinamihealth.com\/pt-pt\/produto\/cytocare-516\/\" \/>\n<meta property=\"og:site_name\" content=\"Kinami Health\" \/>\n<meta property=\"article:modified_time\" content=\"2025-11-21T15:19:25+00:00\" \/>\n<meta property=\"og:image\" content=\"https:\/\/kinamihealth.com\/wp-content\/uploads\/2025\/02\/REVITACARE-CYTOCARE-516-01.jpg\" \/>\n\t<meta property=\"og:image:width\" content=\"800\" \/>\n\t<meta property=\"og:image:height\" content=\"800\" \/>\n\t<meta property=\"og:image:type\" content=\"image\/jpeg\" \/>\n<meta name=\"twitter:card\" content=\"summary_large_image\" \/>\n<meta name=\"twitter:label1\" content=\"Tempo estimado de leitura\" \/>\n\t<meta name=\"twitter:data1\" content=\"1 minuto\" \/>\n<!-- \/ Yoast SEO plugin. -->","yoast_head_json":{"title":"Encomende CYTOCARE 516 online | Loja online | Kinami Health","description":"Encomende CYTOCARE 516 online para tratamentos de mesoterapia que promovem hidrata\u00e7\u00e3o, textura suave e revitaliza\u00e7\u00e3o vis\u00edvel da pele em pacientes mais jovens.","robots":{"index":"index","follow":"follow","max-snippet":"max-snippet:-1","max-image-preview":"max-image-preview:large","max-video-preview":"max-video-preview:-1"},"canonical":"https:\/\/kinamihealth.com\/pt-pt\/wp-json\/wp\/v2\/product\/121217","og_locale":"pt_PT","og_type":"article","og_title":"Encomende CYTOCARE 516 online | Loja online | Kinami Health","og_description":"Encomende CYTOCARE 516 online para tratamentos de mesoterapia que promovem hidrata\u00e7\u00e3o, textura suave e revitaliza\u00e7\u00e3o vis\u00edvel da pele em pacientes mais jovens.","og_url":"https:\/\/kinamihealth.com\/pt-pt\/produto\/cytocare-516\/","og_site_name":"Kinami Health","article_modified_time":"2025-11-21T15:19:25+00:00","og_image":[{"width":800,"height":800,"url":"https:\/\/kinamihealth.com\/wp-content\/uploads\/2025\/02\/REVITACARE-CYTOCARE-516-01.jpg","type":"image\/jpeg"}],"twitter_card":"summary_large_image","twitter_misc":{"Tempo estimado de leitura":"1 minuto"},"schema":{"@context":"https:\/\/schema.org","@graph":[{"@type":"WebPage","@id":"https:\/\/kinamihealth.com\/pt-pt\/produto\/cytocare-516\/","url":"https:\/\/kinamihealth.com\/pt-pt\/produto\/cytocare-516\/","name":"Encomende CYTOCARE 516 online | Loja online | Kinami Health","isPartOf":{"@id":"https:\/\/kinamihealth.com\/#website"},"primaryImageOfPage":{"@id":"https:\/\/kinamihealth.com\/pt-pt\/produto\/cytocare-516\/#primaryimage"},"image":{"@id":"https:\/\/kinamihealth.com\/pt-pt\/produto\/cytocare-516\/#primaryimage"},"thumbnailUrl":"https:\/\/kinamihealth.com\/wp-content\/uploads\/2025\/02\/REVITACARE-CYTOCARE-516-01.jpg","datePublished":"2025-02-15T16:54:31+00:00","dateModified":"2025-11-21T15:19:25+00:00","description":"Encomende CYTOCARE 516 online para tratamentos de mesoterapia que promovem hidrata\u00e7\u00e3o, textura suave e revitaliza\u00e7\u00e3o vis\u00edvel da pele em pacientes mais jovens.","breadcrumb":{"@id":"https:\/\/kinamihealth.com\/pt-pt\/produto\/cytocare-516\/#breadcrumb"},"inLanguage":"pt-PT","potentialAction":[{"@type":"ReadAction","target":["https:\/\/kinamihealth.com\/pt-pt\/produto\/cytocare-516\/"]}]},{"@type":"ImageObject","inLanguage":"pt-PT","@id":"https:\/\/kinamihealth.com\/pt-pt\/produto\/cytocare-516\/#primaryimage","url":"https:\/\/kinamihealth.com\/wp-content\/uploads\/2025\/02\/REVITACARE-CYTOCARE-516-01.jpg","contentUrl":"https:\/\/kinamihealth.com\/wp-content\/uploads\/2025\/02\/REVITACARE-CYTOCARE-516-01.jpg","width":800,"height":800},{"@type":"BreadcrumbList","@id":"https:\/\/kinamihealth.com\/pt-pt\/produto\/cytocare-516\/#breadcrumb","itemListElement":[{"@type":"ListItem","position":1,"name":"In\u00edcio","item":"https:\/\/kinamihealth.com\/"},{"@type":"ListItem","position":2,"name":"Loja","item":"https:\/\/kinamihealth.com\/shop\/"},{"@type":"ListItem","position":3,"name":"CYTOCARE 516"}]},{"@type":"WebSite","@id":"https:\/\/kinamihealth.com\/#website","url":"https:\/\/kinamihealth.com\/","name":"Kinami Health","description":"","publisher":{"@id":"https:\/\/kinamihealth.com\/#organization"},"potentialAction":[{"@type":"SearchAction","target":{"@type":"EntryPoint","urlTemplate":"https:\/\/kinamihealth.com\/?s={search_term_string}"},"query-input":{"@type":"PropertyValueSpecification","valueRequired":true,"valueName":"search_term_string"}}],"inLanguage":"pt-PT"},{"@type":"Organization","@id":"https:\/\/kinamihealth.com\/#organization","name":"Kinami Health","url":"https:\/\/kinamihealth.com\/","logo":{"@type":"ImageObject","inLanguage":"pt-PT","@id":"https:\/\/kinamihealth.com\/#\/schema\/logo\/image\/","url":"https:\/\/kinamihealth.com\/wp-content\/uploads\/2025\/01\/KH_logo_black_2-1.png","contentUrl":"https:\/\/kinamihealth.com\/wp-content\/uploads\/2025\/01\/KH_logo_black_2-1.png","width":339,"height":34,"caption":"Kinami Health"},"image":{"@id":"https:\/\/kinamihealth.com\/#\/schema\/logo\/image\/"}}]}},"_links":{"self":[{"href":"https:\/\/kinamihealth.com\/pt-pt\/wp-json\/wp\/v2\/product\/121217","targetHints":{"allow":["GET"]}}],"collection":[{"href":"https:\/\/kinamihealth.com\/pt-pt\/wp-json\/wp\/v2\/product"}],"about":[{"href":"https:\/\/kinamihealth.com\/pt-pt\/wp-json\/wp\/v2\/types\/product"}],"replies":[{"embeddable":true,"href":"https:\/\/kinamihealth.com\/pt-pt\/wp-json\/wp\/v2\/comments?post=121217"}],"version-history":[{"count":0,"href":"https:\/\/kinamihealth.com\/pt-pt\/wp-json\/wp\/v2\/product\/121217\/revisions"}],"wp:featuredmedia":[{"embeddable":true,"href":"https:\/\/kinamihealth.com\/pt-pt\/wp-json\/wp\/v2\/media\/121221"}],"wp:attachment":[{"href":"https:\/\/kinamihealth.com\/pt-pt\/wp-json\/wp\/v2\/media?parent=121217"}],"wp:term":[{"taxonomy":"product_brand","embeddable":true,"href":"https:\/\/kinamihealth.com\/pt-pt\/wp-json\/wp\/v2\/product_brand?post=121217"},{"taxonomy":"product_cat","embeddable":true,"href":"https:\/\/kinamihealth.com\/pt-pt\/wp-json\/wp\/v2\/product_cat?post=121217"},{"taxonomy":"product_tag","embeddable":true,"href":"https:\/\/kinamihealth.com\/pt-pt\/wp-json\/wp\/v2\/product_tag?post=121217"}],"curies":[{"name":"wp","href":"https:\/\/api.w.org\/{rel}","templated":true}]}}