{"id":121210,"date":"2025-03-11T18:14:39","date_gmt":"2025-03-11T18:14:39","guid":{"rendered":"https:\/\/kinamihealth.com\/product\/desirial-1x1ml\/"},"modified":"2025-12-14T21:47:12","modified_gmt":"2025-12-14T21:47:12","slug":"desirial-1x1ml","status":"publish","type":"product","link":"https:\/\/kinamihealth.com\/pt-pt\/produto\/desirial-1x1ml\/","title":{"rendered":"DESIRIAL\u00ae 1x1ml"},"content":{"rendered":"<p><b>DESIRIAL\u00ae 1x1ml<\/b><span style=\"font-weight: 400;\"> \u00e9 um preenchimento d\u00e9rmico injet\u00e1vel especializado, formulado exclusivamente com \u00e1cido hialur\u00f3nico para tratar problemas de sa\u00fade \u00edntima, particularmente secura vaginal e atrofia vulvovaginal.<\/span><\/p>\n","protected":false},"excerpt":{"rendered":"<p>DESIRIAL\u00ae 1x1ml \u00e9 um preenchimento d\u00e9rmico injet\u00e1vel especializado, formulado exclusivamente com \u00e1cido hialur\u00f3nico para tratar problemas de sa\u00fade \u00edntima, particularmente secura vaginal e atrofia vulvovaginal.<\/p>\n","protected":false},"featured_media":121211,"comment_status":"closed","ping_status":"closed","template":"","meta":{"_acf_changed":false,"inline_featured_image":false},"product_brand":[3217],"product_cat":[4082],"product_tag":[4084],"class_list":{"0":"post-121210","1":"product","2":"type-product","3":"status-publish","4":"has-post-thumbnail","6":"product_brand-desirial","7":"product_cat-dermal-fillers-pt-pt","8":"product_tag-medical-devices-pt-pt","10":"first","11":"instock","12":"taxable","13":"shipping-taxable","14":"purchasable","15":"product-type-simple","16":"add-to-wishlist-before_image"},"acf":[],"yoast_head":"<!-- This site is optimized with the Yoast SEO plugin v27.3 - https:\/\/yoast.com\/product\/yoast-seo-wordpress\/ -->\n<title>Encomende DESIRIAL\u00ae 1x1ml online | Loja online | Kinami Health<\/title>\n<meta name=\"description\" content=\"Encomende DESIRIAL\u00ae 1x1ml online para apoiar a hidrata\u00e7\u00e3o \u00edntima e a regenera\u00e7\u00e3o dos tecidos em pacientes na peri-menopausa, utilizando \u00e1cido hialur\u00f3nico injet\u00e1vel.\" \/>\n<meta name=\"robots\" content=\"index, follow, max-snippet:-1, max-image-preview:large, max-video-preview:-1\" \/>\n<link rel=\"canonical\" href=\"https:\/\/kinamihealth.com\/pt-pt\/wp-json\/wp\/v2\/product\/121210\" \/>\n<meta property=\"og:locale\" content=\"pt_PT\" \/>\n<meta property=\"og:type\" content=\"article\" \/>\n<meta property=\"og:title\" content=\"Encomende DESIRIAL\u00ae 1x1ml online | Loja online | Kinami Health\" \/>\n<meta property=\"og:description\" content=\"Encomende DESIRIAL\u00ae 1x1ml online para apoiar a hidrata\u00e7\u00e3o \u00edntima e a regenera\u00e7\u00e3o dos tecidos em pacientes na peri-menopausa, utilizando \u00e1cido hialur\u00f3nico injet\u00e1vel.\" \/>\n<meta property=\"og:url\" content=\"https:\/\/kinamihealth.com\/pt-pt\/produto\/desirial-1x1ml\/\" \/>\n<meta property=\"og:site_name\" content=\"Kinami Health\" \/>\n<meta property=\"article:modified_time\" content=\"2025-12-14T21:47:12+00:00\" \/>\n<meta property=\"og:image\" content=\"https:\/\/kinamihealth.com\/wp-content\/uploads\/2025\/03\/DESIRIAL-1x1ml.webp\" \/>\n\t<meta property=\"og:image:width\" content=\"1000\" \/>\n\t<meta property=\"og:image:height\" content=\"1000\" \/>\n\t<meta property=\"og:image:type\" content=\"image\/webp\" \/>\n<meta name=\"twitter:card\" content=\"summary_large_image\" \/>\n<meta name=\"twitter:label1\" content=\"Tempo estimado de leitura\" \/>\n\t<meta name=\"twitter:data1\" content=\"1 minuto\" \/>\n<!-- \/ Yoast SEO plugin. -->","yoast_head_json":{"title":"Encomende DESIRIAL\u00ae 1x1ml online | Loja online | Kinami Health","description":"Encomende DESIRIAL\u00ae 1x1ml online para apoiar a hidrata\u00e7\u00e3o \u00edntima e a regenera\u00e7\u00e3o dos tecidos em pacientes na peri-menopausa, utilizando \u00e1cido hialur\u00f3nico injet\u00e1vel.","robots":{"index":"index","follow":"follow","max-snippet":"max-snippet:-1","max-image-preview":"max-image-preview:large","max-video-preview":"max-video-preview:-1"},"canonical":"https:\/\/kinamihealth.com\/pt-pt\/wp-json\/wp\/v2\/product\/121210","og_locale":"pt_PT","og_type":"article","og_title":"Encomende DESIRIAL\u00ae 1x1ml online | Loja online | Kinami Health","og_description":"Encomende DESIRIAL\u00ae 1x1ml online para apoiar a hidrata\u00e7\u00e3o \u00edntima e a regenera\u00e7\u00e3o dos tecidos em pacientes na peri-menopausa, utilizando \u00e1cido hialur\u00f3nico injet\u00e1vel.","og_url":"https:\/\/kinamihealth.com\/pt-pt\/produto\/desirial-1x1ml\/","og_site_name":"Kinami Health","article_modified_time":"2025-12-14T21:47:12+00:00","og_image":[{"width":1000,"height":1000,"url":"https:\/\/kinamihealth.com\/wp-content\/uploads\/2025\/03\/DESIRIAL-1x1ml.webp","type":"image\/webp"}],"twitter_card":"summary_large_image","twitter_misc":{"Tempo estimado de leitura":"1 minuto"},"schema":{"@context":"https:\/\/schema.org","@graph":[{"@type":"WebPage","@id":"https:\/\/kinamihealth.com\/pt-pt\/produto\/desirial-1x1ml\/","url":"https:\/\/kinamihealth.com\/pt-pt\/produto\/desirial-1x1ml\/","name":"Encomende DESIRIAL\u00ae 1x1ml online | Loja online | Kinami Health","isPartOf":{"@id":"https:\/\/kinamihealth.com\/#website"},"primaryImageOfPage":{"@id":"https:\/\/kinamihealth.com\/pt-pt\/produto\/desirial-1x1ml\/#primaryimage"},"image":{"@id":"https:\/\/kinamihealth.com\/pt-pt\/produto\/desirial-1x1ml\/#primaryimage"},"thumbnailUrl":"https:\/\/kinamihealth.com\/wp-content\/uploads\/2025\/03\/DESIRIAL-1x1ml.webp","datePublished":"2025-03-11T18:14:39+00:00","dateModified":"2025-12-14T21:47:12+00:00","description":"Encomende DESIRIAL\u00ae 1x1ml online para apoiar a hidrata\u00e7\u00e3o \u00edntima e a regenera\u00e7\u00e3o dos tecidos em pacientes na peri-menopausa, utilizando \u00e1cido hialur\u00f3nico injet\u00e1vel.","breadcrumb":{"@id":"https:\/\/kinamihealth.com\/pt-pt\/produto\/desirial-1x1ml\/#breadcrumb"},"inLanguage":"pt-PT","potentialAction":[{"@type":"ReadAction","target":["https:\/\/kinamihealth.com\/pt-pt\/produto\/desirial-1x1ml\/"]}]},{"@type":"ImageObject","inLanguage":"pt-PT","@id":"https:\/\/kinamihealth.com\/pt-pt\/produto\/desirial-1x1ml\/#primaryimage","url":"https:\/\/kinamihealth.com\/wp-content\/uploads\/2025\/03\/DESIRIAL-1x1ml.webp","contentUrl":"https:\/\/kinamihealth.com\/wp-content\/uploads\/2025\/03\/DESIRIAL-1x1ml.webp","width":1000,"height":1000},{"@type":"BreadcrumbList","@id":"https:\/\/kinamihealth.com\/pt-pt\/produto\/desirial-1x1ml\/#breadcrumb","itemListElement":[{"@type":"ListItem","position":1,"name":"In\u00edcio","item":"https:\/\/kinamihealth.com\/"},{"@type":"ListItem","position":2,"name":"Loja","item":"https:\/\/kinamihealth.com\/shop\/"},{"@type":"ListItem","position":3,"name":"DESIRIAL\u00ae 1x1ml"}]},{"@type":"WebSite","@id":"https:\/\/kinamihealth.com\/#website","url":"https:\/\/kinamihealth.com\/","name":"Kinami Health","description":"","publisher":{"@id":"https:\/\/kinamihealth.com\/#organization"},"potentialAction":[{"@type":"SearchAction","target":{"@type":"EntryPoint","urlTemplate":"https:\/\/kinamihealth.com\/?s={search_term_string}"},"query-input":{"@type":"PropertyValueSpecification","valueRequired":true,"valueName":"search_term_string"}}],"inLanguage":"pt-PT"},{"@type":"Organization","@id":"https:\/\/kinamihealth.com\/#organization","name":"Kinami Health","url":"https:\/\/kinamihealth.com\/","logo":{"@type":"ImageObject","inLanguage":"pt-PT","@id":"https:\/\/kinamihealth.com\/#\/schema\/logo\/image\/","url":"https:\/\/kinamihealth.com\/wp-content\/uploads\/2025\/01\/KH_logo_black_2-1.png","contentUrl":"https:\/\/kinamihealth.com\/wp-content\/uploads\/2025\/01\/KH_logo_black_2-1.png","width":339,"height":34,"caption":"Kinami Health"},"image":{"@id":"https:\/\/kinamihealth.com\/#\/schema\/logo\/image\/"}}]}},"_links":{"self":[{"href":"https:\/\/kinamihealth.com\/pt-pt\/wp-json\/wp\/v2\/product\/121210","targetHints":{"allow":["GET"]}}],"collection":[{"href":"https:\/\/kinamihealth.com\/pt-pt\/wp-json\/wp\/v2\/product"}],"about":[{"href":"https:\/\/kinamihealth.com\/pt-pt\/wp-json\/wp\/v2\/types\/product"}],"replies":[{"embeddable":true,"href":"https:\/\/kinamihealth.com\/pt-pt\/wp-json\/wp\/v2\/comments?post=121210"}],"version-history":[{"count":0,"href":"https:\/\/kinamihealth.com\/pt-pt\/wp-json\/wp\/v2\/product\/121210\/revisions"}],"wp:featuredmedia":[{"embeddable":true,"href":"https:\/\/kinamihealth.com\/pt-pt\/wp-json\/wp\/v2\/media\/121211"}],"wp:attachment":[{"href":"https:\/\/kinamihealth.com\/pt-pt\/wp-json\/wp\/v2\/media?parent=121210"}],"wp:term":[{"taxonomy":"product_brand","embeddable":true,"href":"https:\/\/kinamihealth.com\/pt-pt\/wp-json\/wp\/v2\/product_brand?post=121210"},{"taxonomy":"product_cat","embeddable":true,"href":"https:\/\/kinamihealth.com\/pt-pt\/wp-json\/wp\/v2\/product_cat?post=121210"},{"taxonomy":"product_tag","embeddable":true,"href":"https:\/\/kinamihealth.com\/pt-pt\/wp-json\/wp\/v2\/product_tag?post=121210"}],"curies":[{"name":"wp","href":"https:\/\/api.w.org\/{rel}","templated":true}]}}